{"id":8344,"date":"2017-12-29T15:18:23","date_gmt":"2017-12-29T15:18:23","guid":{"rendered":"http:\/\/www.tatanka.nl\/?post_type=product&#038;p=8344"},"modified":"2025-05-20T11:02:02","modified_gmt":"2025-05-20T10:02:02","slug":"absinthe-10x-extract","status":"publish","type":"product","link":"https:\/\/www.tatanka.nl\/it\/absinthe-10x-extract\/","title":{"rendered":"Absinthe \u2013 10x Extract"},"content":{"rendered":"<h2 data-start=\"385\" data-end=\"427\">Cosa sono le Artemisia Absinthium Extracts?<\/h2>\n<p data-start=\"429\" data-end=\"946\">L'estratto di Artemisia Absinthium \u00e8 ricavato dalle gemme della pianta Artemisia Absinthium, comunemente chiamata assenzio. Questa rara pianta \u00e8 diventata famosa soprattutto per il suo uso nella creazione dell'Assenzio, una forte bevanda alcolica che \u00e8 stata popolare tra gli artisti e i creativi per la sua rinomata capacit\u00e0 di favorire il rilassamento e di stimolare la creativit\u00e0. La natura amara della pianta e le sue propriet\u00e0 medicinali risalgono a secoli fa, con un uso originariamente incentrato sul favorire la digestione e il trattamento di problemi legati allo stomaco.<\/p>\n<p data-start=\"948\" data-end=\"1534\">L'estratto stesso \u00e8 una forma concentrata della pianta, che lo rende molto pi\u00f9 potente delle tradizionali erbe essiccate. La sua versatilit\u00e0 consente vari usi, tra cui la preparazione di t\u00e8 calmanti o l'aggiunta a bevande alcoliche. A seconda dello stato fisico e mentale dell'utilizzatore, gli effetti possono variare notevolmente, contribuendo alla sua reputazione di erba medicinale e ricreativa. Se da un lato l'estratto pu\u00f2 indurre una sensazione di calma, dall'altro \u00e8 in grado di produrre effetti pi\u00f9 intensi se combinato con l'alcol, anche se queste esperienze possono variare notevolmente da persona a persona.<\/p>\n<h2 data-start=\"1541\" data-end=\"1583\">Storia dell'estratto di Artemisia Absinthium<\/h2>\n<p data-start=\"1585\" data-end=\"2002\">La storia dell'Artemisia Absinthium risale all'antichit\u00e0, dove le sue propriet\u00e0 medicinali erano ben riconosciute da diverse culture. La pianta veniva utilizzata come rimedio per i problemi digestivi ed era un ingrediente comune nei primi trattamenti medici. Le sue applicazioni medicinali sono state prese molto sul serio da guaritori e medici nel XVIII e XIX secolo, e l'assenzio era una parte fondamentale dell'arsenale degli speziali.<\/p>\n<p data-start=\"2004\" data-end=\"2532\">La notoriet\u00e0 dell'Artemisia Absinthium \u00e8 cresciuta nel corso del XIX secolo, in particolare per il suo utilizzo nell'assenzio. Questa bevanda altamente alcolica divenne particolarmente popolare in Francia, dove era conosciuta come la \"Fata Verde\". Molti artisti, tra cui Van Gogh, furono attratti dagli effetti calmanti e creativi attribuiti all'Assenzio, utilizzandolo come musa per le loro opere. Tuttavia, le propriet\u00e0 psicoattive della pianta portarono alla sua messa al bando in diversi Paesi all'inizio del XX secolo, poich\u00e9 si temeva che potesse causare allucinazioni e dipendenza.<\/p>\n<p data-start=\"2534\" data-end=\"2819\">Nonostante il divieto, l'Artemisia Absinthium \u00e8 rimasta un argomento di interesse sia per i medici professionisti che per gli appassionati. Oggi l'estratto \u00e8 di nuovo disponibile in varie forme, anche come prodotto concentrato, e viene utilizzato sia per i suoi effetti rilassanti che come curiosit\u00e0 storica.<\/p>\n<h2 data-start=\"2826\" data-end=\"2868\">Come utilizzare l'estratto di Artemisia Absinthium<\/h2>\n<p data-start=\"2870\" data-end=\"3364\">L'estratto di Artemisia Absinthium \u00e8 una forma potente della pianta, per cui \u00e8 essenziale capire come usarla correttamente per godere dei suoi benefici. Un modo comune di utilizzare l'estratto \u00e8 la preparazione di un t\u00e8. \u00c8 sufficiente sciogliere una piccola quantit\u00e0 di estratto in acqua calda per ottenere una bevanda calmante che pu\u00f2 aiutare a lenire lo stomaco e ad alleviare i disturbi digestivi. \u00c8 importante notare che l'estratto \u00e8 altamente concentrato, quindi sono sufficienti poche gocce o una piccola porzione per una porzione.<\/p>\n<p data-start=\"3366\" data-end=\"3778\">Oltre all'uso come t\u00e8, l'estratto di Artemisia Absinthium pu\u00f2 essere aggiunto all'alcol per creare una bevanda unica e potente. Se combinato con bevande come la vodka o l'assenzio, pu\u00f2 esaltare il sapore della bevanda e potenzialmente fornire un diverso tipo di esperienza a seconda dello stato d'animo dell'utente. Tuttavia, gli utenti devono essere cauti quando mescolano l'estratto con l'alcol, poich\u00e9 gli effetti possono variare notevolmente.<\/p>\n<p data-start=\"3780\" data-end=\"3925\">Prima di utilizzare l'estratto di Artemisia Absinthium, si consiglia di capire la tolleranza del proprio corpo e di iniziare con piccole quantit\u00e0 per valutarne l'impatto.<\/p>\n<h2 data-start=\"3932\" data-end=\"3978\">Ingredienti dell'estratto di Artemisia Absinthium<\/h2>\n<p data-start=\"3980\" data-end=\"4415\">L'ingrediente principale dell'estratto di Artemisia Absinthium \u00e8, naturalmente, l'Artemisia Absinthium stessa. Questa pianta, spesso chiamata assenzio, contiene una serie di composti che contribuiscono alle sue propriet\u00e0 medicinali. Tra i pi\u00f9 importanti c'\u00e8 il tujone, un composto chimico che si ritiene sia responsabile di alcuni degli effetti psicoattivi attribuiti alla pianta, soprattutto se consumata in grandi quantit\u00e0 o mescolata all'alcol.<\/p>\n<p data-start=\"4417\" data-end=\"4816\">L'estratto contiene anche oli essenziali che si ritiene abbiano propriet\u00e0 calmanti e digestive. Questi oli sono tipicamente estratti dalle gemme o dalle foglie della pianta, che sono ricche di composti benefici. \u00c8 stato dimostrato che l'Artemisia Absinthium ha propriet\u00e0 antibatteriche, antimicotiche e antinfiammatorie, che la rendono utile non solo per i problemi digestivi ma anche come rimedio per altri disturbi.<\/p>\n<p data-start=\"4818\" data-end=\"5117\">Sebbene l'estratto sia potente, la sua composizione \u00e8 naturale e, se usato in modo responsabile, l'estratto di Artemisia Absinthium pu\u00f2 offrire una serie di benefici. \u00c8 importante notare, tuttavia, che gli effetti possono variare in base allo stato fisico e mentale dell'individuo e il dosaggio deve essere sempre considerato.<\/p>\n<p data-start=\"5124\" data-end=\"5136\"><strong data-start=\"5124\" data-end=\"5136\">Attenzione:<\/strong><\/p>\n<p data-start=\"5138\" data-end=\"5680\" data-is-last-node=\"\">Sebbene l'estratto di Artemisia Absinthium possa offrire benefici come il rilassamento e il sollievo digestivo, deve essere usato con cautela, soprattutto se associato all'alcol. La sua natura potente fa s\u00ec che i suoi effetti possano variare da persona a persona e, in grandi quantit\u00e0, pu\u00f2 causare reazioni avverse. Prima di utilizzare l'estratto di Artemisia Absinthium, consultare sempre un medico, soprattutto in caso di gravidanza, allattamento o condizioni di salute preesistenti. Usare con moderazione e tenere presente la risposta del proprio corpo all'estratto.<\/p>","protected":false},"excerpt":{"rendered":"<p>L'estratto di Artemisia Absinthium \u00e8 un potente concentrato ricavato dalla rara pianta Artemisia Absinthium, ampiamente conosciuta per il suo utilizzo nell'iconica bevanda alcolica, l'assenzio. Noto per il suo sapore amaro e per il suo storico uso medicinale, questo estratto viene spesso utilizzato per favorire il rilassamento e si ritiene che abbia diversi effetti se consumato in combinazione con l'alcol.<\/p>","protected":false},"featured_media":126165,"template":"","meta":[],"product_brand":[],"product_cat":[600,297,512,477,513,290,476],"product_tag":[],"class_list":{"0":"post-8344","1":"product","2":"type-product","3":"status-publish","4":"has-post-thumbnail","6":"product_cat-mcmystic","7":"product_cat-all-products","8":"product_cat-extracts","9":"product_cat-herbs","10":"product_cat-party","11":"product_cat-psychedelic-herbs","12":"product_cat-smartshop","14":"first","15":"instock","16":"taxable","17":"shipping-taxable","18":"purchasable","19":"product-type-variable"},"_links":{"self":[{"href":"https:\/\/www.tatanka.nl\/it\/wp-json\/wp\/v2\/product\/8344","targetHints":{"allow":["GET"]}}],"collection":[{"href":"https:\/\/www.tatanka.nl\/it\/wp-json\/wp\/v2\/product"}],"about":[{"href":"https:\/\/www.tatanka.nl\/it\/wp-json\/wp\/v2\/types\/product"}],"wp:featuredmedia":[{"embeddable":true,"href":"https:\/\/www.tatanka.nl\/it\/wp-json\/wp\/v2\/media\/126165"}],"wp:attachment":[{"href":"https:\/\/www.tatanka.nl\/it\/wp-json\/wp\/v2\/media?parent=8344"}],"wp:term":[{"taxonomy":"product_brand","embeddable":true,"href":"https:\/\/www.tatanka.nl\/it\/wp-json\/wp\/v2\/product_brand?post=8344"},{"taxonomy":"product_cat","embeddable":true,"href":"https:\/\/www.tatanka.nl\/it\/wp-json\/wp\/v2\/product_cat?post=8344"},{"taxonomy":"product_tag","embeddable":true,"href":"https:\/\/www.tatanka.nl\/it\/wp-json\/wp\/v2\/product_tag?post=8344"}],"curies":[{"name":"wp","href":"https:\/\/api.w.org\/{rel}","templated":true}]}}