{"id":8485,"date":"2017-12-30T14:07:42","date_gmt":"2017-12-30T14:07:42","guid":{"rendered":"http:\/\/www.tatanka.nl\/?post_type=product&#038;p=8485"},"modified":"2025-05-20T11:01:16","modified_gmt":"2025-05-20T10:01:16","slug":"absinthe-herbs-50-gram","status":"publish","type":"product","link":"https:\/\/www.tatanka.nl\/it\/absinthe-herbs-50-gram\/","title":{"rendered":"Assenzio Herbs"},"content":{"rendered":"<h2>Che cos'\u00e8 l'Assenzio?<\/h2>\n<p>L'assenzio, derivato dalla pianta Artemisia Absinthium, \u00e8 un'erba dal ricco significato storico e dai molteplici usi. Conosciuta per il suo caratteristico sapore amaro, quest'erba \u00e8 principalmente riconosciuta come ingrediente della famosa bevanda alcolica, l'assenzio. Tuttavia, i suoi usi vanno ben oltre questa famosa bevanda. La pianta, che pu\u00f2 raggiungere i 120 cm di altezza, ha foglie grigie e fiori gialli durante la fioritura. Storicamente, le sono stati attribuiti diversi benefici per la salute, come migliorare la digestione, stimolare l'appetito e favorire il rilassamento. L'assenzio \u00e8 stato venerato in tutte le culture per le sue propriet\u00e0 medicinali, in particolare per i problemi digestivi. \u00c8 noto anche per i suoi effetti creativi e di alterazione della mente, motivo per cui divenne popolare tra artisti come Vincent van Gogh. Oggi \u00e8 apprezzata per i suoi benefici olistici e sta tornando in auge come integratore naturale.<\/p>\n<h2>Storia dell'assenzio<\/h2>\n<p>La storia dell'Assenzio risale alle civilt\u00e0 antiche. I Greci e i Romani credevano che l'Artemisia Absinthium potesse migliorare la salute e la vitalit\u00e0. Veniva utilizzata come misura preventiva contro il dolore e le infezioni ai piedi e i viaggiatori la mettevano spesso nelle scarpe durante i lunghi viaggi. Si pensava che l'erba avesse propriet\u00e0 medicinali che aiutavano a mantenere il benessere generale. In tempi pi\u00f9 moderni, il legame dell'Assenzio con la famigerata bevanda alcolica ha cementato il suo posto nella cultura popolare, soprattutto nel XIX secolo. Artisti famosi, tra cui Pablo Picasso e Van Gogh, consumavano l'Assenzio per le sue presunte propriet\u00e0 stimolanti e allucinogene. Per un certo periodo, l'Assenzio fu vietato a causa delle preoccupazioni sulla sua presunta tossicit\u00e0, in particolare per la presenza di tujone, un composto chimico. Tuttavia, il divieto fu successivamente revocato e la pianta \u00e8 ora considerata pi\u00f9 per i suoi benefici per la salute che per la sua reputazione negativa. La lunga storia dell'erba riflette i suoi usi multidimensionali e il fascino che continua a suscitare.<\/p>\n<h2>Come usare l'assenzio<\/h2>\n<p>L'uso dell'Assenzio \u00e8 semplice ma richiede cautela. In genere, l'Assenzio viene consumato in piccole dosi, con un dosaggio consigliato di un grammo al giorno. L'erba dal sapore amaro pu\u00f2 essere preparata come t\u00e8 o consumata in altre forme, come capsule o tinture. Si consiglia di usare l'Assenzio con parsimonia, poich\u00e9 i suoi effetti possono variare a seconda dell'individuo. Quando viene consumato, l'Assenzio aiuta a stimolare la digestione, a favorire l'appetito e a fornire una sensazione calmante e rilassante. A causa della sua potenziale capacit\u00e0 di indurre effetti allucinatori, \u00e8 essenziale evitare di usare l'Assenzio insieme all'alcol o ad altre sostanze che alterano la mente, a meno che non si conoscano bene i suoi effetti. Per rilassarsi o per stimolare la creativit\u00e0, l'Assenzio pu\u00f2 essere assunto alla fine di una lunga giornata o nei momenti di stress. Tuttavia, \u00e8 fondamentale evitare un uso regolare e astenersi da attivit\u00e0 come la guida sotto l'effetto dell'Assenzio. Seguire sempre le dosi consigliate e prestare attenzione alle reazioni dell'organismo.<\/p>\n<h2>Ingredienti dell'assenzio<\/h2>\n<p>L'ingrediente principale dell'Assenzio Indian Elements' \u00e8 l'Artemisia Absinthium, comunemente nota come Alsemkruid o Assenzio. Questa pianta \u00e8 stata utilizzata per secoli grazie alle sue propriet\u00e0 medicinali. Contiene una serie di composti, tra cui sostanze amare che stimolano il sistema digestivo, promuovono l'appetito e favoriscono la salute gastrointestinale generale. Inoltre, l'Assenzio contiene tujone, un composto che un tempo si pensava fosse tossico ma che oggi si ritiene abbia un ruolo negli effetti psicoattivi dell'erba. Sebbene l'erba sia famosa soprattutto per la sua associazione con l'alcool d'Assenzio, i suoi benefici per la salute sono ampiamente riconosciuti. I composti amari dell'Assenzio sono responsabili dei suoi effetti calmanti e rilassanti e sono stati usati nella storia per trattare problemi digestivi, ansia e stress. Indian Elements' L'Assenzio \u00e8 accuratamente reperito e confezionato per preservare l'integrit\u00e0 delle propriet\u00e0 benefiche della pianta. \u00c8 100% naturale e vegano, il che lo rende un'opzione adatta a chi cerca il benessere olistico.<\/p>\n<p><strong>Avvertenze<\/strong><br \/>\nUtilizzare solo per persone di et\u00e0 superiore ai 18 anni. Tenere fuori dalla portata dei bambini.<br \/>\nNon utilizzare questo prodotto regolarmente. Evitare di guidare o di utilizzare macchinari pesanti sotto l'effetto dell'Assenzio. Le persone affette da patologie renali o cardiache, da pressione alta o bassa, da diabete o che assumono farmaci o droghe devono astenersi dall'uso di questo prodotto. Questa erba non \u00e8 un farmaco. \u00c8 un integratore alimentare e deve essere usato di conseguenza. Non acquistare se il sigillo \u00e8 rotto.<\/p>","protected":false},"excerpt":{"rendered":"<p>Indian Elements' L'erba dell'assenzio contiene un potente estratto di Artemisia Absinthium, nota anche come Alsemkruid o Assenzio. Nota per le sue propriet\u00e0 stimolanti e rilassanti, quest'erba \u00e8 stata usata per secoli per favorire la digestione, stimolare la creativit\u00e0 e persino produrre effetti allucinatori se combinata con l'alcol. Con un sapore amaro che stimola l'appetito e la digestione, l'Assenzio \u00e8 sia un rimedio naturale che uno strumento di rilassamento.<\/p>","protected":false},"featured_media":125985,"template":"","meta":[],"product_brand":[],"product_cat":[597,297,477,513,290,476],"product_tag":[],"class_list":{"0":"post-8485","1":"product","2":"type-product","3":"status-publish","4":"has-post-thumbnail","6":"product_cat-indian-elements","7":"product_cat-all-products","8":"product_cat-herbs","9":"product_cat-party","10":"product_cat-psychedelic-herbs","11":"product_cat-smartshop","13":"first","14":"instock","15":"taxable","16":"shipping-taxable","17":"purchasable","18":"product-type-variable"},"_links":{"self":[{"href":"https:\/\/www.tatanka.nl\/it\/wp-json\/wp\/v2\/product\/8485","targetHints":{"allow":["GET"]}}],"collection":[{"href":"https:\/\/www.tatanka.nl\/it\/wp-json\/wp\/v2\/product"}],"about":[{"href":"https:\/\/www.tatanka.nl\/it\/wp-json\/wp\/v2\/types\/product"}],"wp:featuredmedia":[{"embeddable":true,"href":"https:\/\/www.tatanka.nl\/it\/wp-json\/wp\/v2\/media\/125985"}],"wp:attachment":[{"href":"https:\/\/www.tatanka.nl\/it\/wp-json\/wp\/v2\/media?parent=8485"}],"wp:term":[{"taxonomy":"product_brand","embeddable":true,"href":"https:\/\/www.tatanka.nl\/it\/wp-json\/wp\/v2\/product_brand?post=8485"},{"taxonomy":"product_cat","embeddable":true,"href":"https:\/\/www.tatanka.nl\/it\/wp-json\/wp\/v2\/product_cat?post=8485"},{"taxonomy":"product_tag","embeddable":true,"href":"https:\/\/www.tatanka.nl\/it\/wp-json\/wp\/v2\/product_tag?post=8485"}],"curies":[{"name":"wp","href":"https:\/\/api.w.org\/{rel}","templated":true}]}}