{"id":8504,"date":"2017-12-30T15:34:50","date_gmt":"2017-12-30T15:34:50","guid":{"rendered":"http:\/\/www.tatanka.nl\/?post_type=product&#038;p=8504"},"modified":"2025-08-28T00:49:01","modified_gmt":"2025-08-27T23:49:01","slug":"baby-hawaiian-woodrose-seeds","status":"publish","type":"product","link":"https:\/\/www.tatanka.nl\/it\/baby-hawaiian-woodrose-seeds\/","title":{"rendered":"Bambino Hawaiian Woodrose"},"content":{"rendered":"<h2 data-start=\"537\" data-end=\"572\">Cosa sono i semi di Argyreia Nervosa?<\/h2>\n<p data-start=\"574\" data-end=\"1265\">I semi di Argyreia Nervosa, comunemente noti come Baby Hawaiian Woodrose, sono i semi di una pianta rampicante originaria dell'India. Questi semi contengono una sostanza psicoattiva nota come LSA (Lysergic Acid Amide), che pu\u00f2 indurre lievi effetti psichedelici quando viene consumata. A differenza di altri allucinogeni, gli effetti di questi semi sono generalmente lievi, senza le allucinazioni estreme tipicamente associate a sostanze come l'LSD. Gli utilizzatori spesso riferiscono di sensazioni colorate, vivide e mistiche che creano uno stato di coscienza unico e alterato. La pianta viene utilizzata in vari modi, tra cui la medicina tradizionale e a scopo ricreativo, offrendo un'intrigante miscela di propriet\u00e0 terapeutiche e psicoattive.<\/p>\n<p data-start=\"1267\" data-end=\"1746\">I semi di Argyreia Nervosa fanno parte delle pratiche medicinali da secoli in India. Tuttavia, la pianta \u00e8 diventata pi\u00f9 nota per le sue propriet\u00e0 psicoattive quando \u00e8 stata introdotta nel mondo occidentale, in particolare alle Hawaii. Oggi, i semi di Baby Hawaiian Woodrose sono utilizzati da chi cerca esperienze spirituali e ricreative. La pianta continua a essere studiata per la sua ricca storia e per i potenziali benefici che potrebbe offrire al di l\u00e0 delle sue propriet\u00e0 di alterazione della mente.<\/p>\n<h2 data-start=\"1748\" data-end=\"1784\">Storia dei semi di Argyreia Nervosa<\/h2>\n<p data-start=\"1786\" data-end=\"2198\">L'Argyreia Nervosa ha un profondo legame storico sia con la medicina tradizionale che con l'uso psicoattivo. Originaria dell'India, questa pianta \u00e8 stata venerata per le sue qualit\u00e0 medicinali per centinaia di anni. Nell'antica India veniva usata per trattare una serie di disturbi, dai problemi respiratori al diabete e all'artrite. Inoltre, era riconosciuta come afrodisiaco e alcuni sostenevano che avesse effetti stimolanti sulla libido.<\/p>\n<p data-start=\"2200\" data-end=\"2619\">La pianta si \u00e8 imposta all'attenzione internazionale quando \u00e8 stata notata dagli europei alle Hawaii. L\u00ec non veniva utilizzata solo per le sue propriet\u00e0 medicinali, ma anche come sedativo. Fu in quel periodo che vennero osservate le propriet\u00e0 psicoattive dei semi, che alla fine portarono all'associazione popolare della pianta con un'esperienza psichedelica. Il nome \"Hawaiian Woodrose\" \u00e8 stato adottato per il suo uso diffuso nella regione.<\/p>\n<p data-start=\"2621\" data-end=\"2995\">In seguito, l'LSA fu isolato dal chimico svizzero Albert Hoffman, lo stesso scienziato che scopr\u00ec l'LSD. Dopo che Hoffman sintetizz\u00f2 l'LSA, si scopr\u00ec che era naturalmente presente in alcune piante, tra cui l'Argyreia Nervosa. Tra queste piante, l'Argyreia Nervosa contiene la pi\u00f9 alta concentrazione di LSA, rendendo i suoi semi particolarmente ricercati sia per scopi ricreativi che medicinali.<\/p>\n<h2 data-start=\"2997\" data-end=\"3033\">Come utilizzare i semi di Argyreia Nervosa<\/h2>\n<p data-start=\"3035\" data-end=\"3477\">Esistono vari metodi di utilizzo dei semi di Argyreia Nervosa, ognuno dei quali offre un'esperienza leggermente diversa. Tradizionalmente, i semi vengono masticati, il che aiuta a rilasciare il composto attivo LSA. Questo metodo consente un'insorgenza graduale degli effetti, in genere entro un'ora dal consumo. Gli effetti possono durare per diverse ore e i consumatori possono provare un senso di euforia, visioni vivide e una maggiore sensibilit\u00e0 ai suoni e alla luce.<\/p>\n<p data-start=\"3479\" data-end=\"3858\">Alcuni utenti preferiscono macinare i semi in polvere e consumarli, mescolandoli al cibo o all'acqua, per mascherare l'amarezza naturale. Questo metodo pu\u00f2 alterare il tempo di insorgenza e l'intensit\u00e0 degli effetti. \u00c8 importante notare che l'esperienza pu\u00f2 variare notevolmente a seconda di diversi fattori, tra cui il metabolismo dell'utente, l'ambiente e l'assunzione di cibo precedente.<\/p>\n<p data-start=\"3860\" data-end=\"4302\">Si consiglia inoltre di affrontare l'uso dei semi di Argyreia Nervosa con cautela, soprattutto se \u00e8 la prima volta. Iniziate con una piccola quantit\u00e0 per valutare la vostra tolleranza e fate attenzione al contesto in cui li utilizzate. L'ambiente e il vostro stato mentale possono influenzare in modo significativo gli effetti dei semi. Si raccomanda sempre di usarli in un ambiente sicuro e confortevole, possibilmente con una persona fidata che guidi l'esperienza.<\/p>\n<h2 data-start=\"4792\" data-end=\"4832\">Ingredienti dei semi di Argyreia Nervosa<\/h2>\n<p data-start=\"4834\" data-end=\"5436\">Il principio attivo principale dei semi di Argyreia Nervosa \u00e8 l'LSA (Lysergic Acid Amide), un composto naturale che appartiene alla stessa famiglia chimica dell'LSD. L'LSA \u00e8 noto per i suoi lievi effetti psicoattivi, che possono alterare la percezione e indurre un senso di euforia e miglioramenti visivi. I semi contengono anche diversi altri composti, tra cui gli alcaloidi, che contribuiscono alle propriet\u00e0 medicinali della pianta. Questi componenti aggiuntivi possono avere vari effetti sull'organismo, come propriet\u00e0 antinfiammatorie, analgesiche e antispasmodiche, rendendo i semi utili nella medicina tradizionale.<\/p>\n<p data-start=\"5438\" data-end=\"5886\">Oltre all'LSA, i semi contengono una serie di altre sostanze naturali che si ritiene contribuiscano al loro potenziale terapeutico complessivo. Questa combinazione di composti psicoattivi e medicinali \u00e8 il motivo per cui i semi di Argyreia Nervosa sono stati utilizzati per secoli, sia a scopo ricreativo che per il loro potenziale nel trattamento di vari disturbi. Tuttavia, a causa della natura imprevedibile degli effetti, si raccomanda di utilizzare questi semi in modo responsabile.<\/p>\n<p data-start=\"5888\" data-end=\"6255\">In termini di struttura chimica, l'LSA \u00e8 un parente stretto dell'LSD, ma con un impatto psicoattivo meno intenso. Si ritiene che interagisca con i recettori della serotonina nel cervello, portando alle percezioni sensoriali alterate riportate dai consumatori. Sebbene gli effetti psicoattivi siano pi\u00f9 blandi, se usati con attenzione possono comunque offrire un'esperienza unica e introspettiva.<\/p>\n<p data-start=\"6272\" data-end=\"6873\" data-is-last-node=\"\"><strong data-start=\"4304\" data-end=\"4316\">Attenzione:<\/strong><br data-start=\"4316\" data-end=\"4319\" \/>\u00c8 importante essere cauti quando si utilizzano i semi di Argyreia Nervosa, poich\u00e9 contengono un composto psicoattivo, l'LSA. Gli effetti possono variare notevolmente a seconda dell'individuo e del metodo di assunzione. Un uso eccessivo o scorretto pu\u00f2 portare a esperienze spiacevoli e, in alcuni casi, a effetti negativi sulla salute. Assicuratevi sempre di essere in un ambiente sicuro e controllato quando utilizzate questi semi e iniziate con un piccolo dosaggio se non conoscete i loro effetti.<\/p>","protected":false},"excerpt":{"rendered":"<p>L'Argyreia Nervosa, nota anche come Baby Hawaiian Woodrose, \u00e8 una pianta con semi che contengono LSA, una sostanza psicoattiva. Solo sei semi possono dare una leggera esperienza psichedelica, caratterizzata da sensazioni vibranti e mistiche. Originaria dell'India, \u00e8 stata usata per secoli per scopi medicinali, come il trattamento del diabete, dei problemi respiratori e dell'artrite, oltre a essere considerata un afrodisiaco. Nelle Hawaii, questi semi sono noti per i loro effetti sedativi e fanno parte delle pratiche tradizionali.<\/p>","protected":false},"featured_media":126163,"template":"","meta":[],"product_brand":[],"product_cat":[600,297,537,513,476],"product_tag":[],"class_list":{"0":"post-8504","1":"product","2":"type-product","3":"status-publish","4":"has-post-thumbnail","6":"product_cat-mcmystic","7":"product_cat-all-products","8":"product_cat-lsa-seeds","9":"product_cat-party","10":"product_cat-smartshop","11":"product_shipping_class-not-allowed-group-3","13":"first","14":"instock","15":"taxable","16":"shipping-taxable","17":"purchasable","18":"product-type-variable"},"_links":{"self":[{"href":"https:\/\/www.tatanka.nl\/it\/wp-json\/wp\/v2\/product\/8504","targetHints":{"allow":["GET"]}}],"collection":[{"href":"https:\/\/www.tatanka.nl\/it\/wp-json\/wp\/v2\/product"}],"about":[{"href":"https:\/\/www.tatanka.nl\/it\/wp-json\/wp\/v2\/types\/product"}],"wp:featuredmedia":[{"embeddable":true,"href":"https:\/\/www.tatanka.nl\/it\/wp-json\/wp\/v2\/media\/126163"}],"wp:attachment":[{"href":"https:\/\/www.tatanka.nl\/it\/wp-json\/wp\/v2\/media?parent=8504"}],"wp:term":[{"taxonomy":"product_brand","embeddable":true,"href":"https:\/\/www.tatanka.nl\/it\/wp-json\/wp\/v2\/product_brand?post=8504"},{"taxonomy":"product_cat","embeddable":true,"href":"https:\/\/www.tatanka.nl\/it\/wp-json\/wp\/v2\/product_cat?post=8504"},{"taxonomy":"product_tag","embeddable":true,"href":"https:\/\/www.tatanka.nl\/it\/wp-json\/wp\/v2\/product_tag?post=8504"}],"curies":[{"name":"wp","href":"https:\/\/api.w.org\/{rel}","templated":true}]}}