{"id":8508,"date":"2017-12-30T15:51:38","date_gmt":"2017-12-30T15:51:38","guid":{"rendered":"http:\/\/www.tatanka.nl\/?post_type=product&#038;p=8508"},"modified":"2025-06-04T15:46:19","modified_gmt":"2025-06-04T14:46:19","slug":"morning-glory-seeds","status":"publish","type":"product","link":"https:\/\/www.tatanka.nl\/it\/morning-glory-seeds\/","title":{"rendered":"Semi di gloria mattutina"},"content":{"rendered":"<h2 data-start=\"337\" data-end=\"369\">Cosa sono i semi di gloria mattutina?<\/h2>\n<p data-start=\"371\" data-end=\"1197\">Semi di Morning Glory, in particolare dalla pianta <em data-start=\"420\" data-end=\"438\">Ipomoea Purpurea<\/em>hanno guadagnato attenzione per le loro propriet\u00e0 psicoattive. I semi contengono un composto chiamato acido lisergico (LSA), chimicamente correlato all'LSD. L'LSA \u00e8 noto per la sua capacit\u00e0 di indurre esperienze introspettive, meditative e talvolta visionarie. I semi sono stati utilizzati per secoli dalle culture indigene, soprattutto in Sud America, dove vengono preparati e consumati in vari modi per migliorare le pratiche spirituali. Questi semi non sono solo una meraviglia visiva grazie ai loro bellissimi fiori, ma anche una porta d'accesso a stati alterati di coscienza. Gli effetti psicoattivi dei semi di Morning Glory sono influenzati dall'ambiente e dallo stato mentale individuale, il che significa che l'esperienza pu\u00f2 variare notevolmente a seconda dell'ambiente e della concentrazione mentale.<\/p>\n<h2 data-start=\"1204\" data-end=\"1237\">Storia dei semi di gloria mattutina<\/h2>\n<p data-start=\"1239\" data-end=\"2119\">La storia di <em data-start=\"1254\" data-end=\"1272\">Ipomoea Purpurea<\/em> semi risale a migliaia di anni fa. Le trib\u00f9 indigene del Sud America sono state tra le prime a riconoscere e utilizzare le propriet\u00e0 psicoattive della pianta Morning Glory. Macinavano i semi e li immergevano in acqua o alcol per estrarre il composto attivo, l'LSA. Questo metodo di preparazione permetteva di consumare i semi in modo da ridurre gli effetti collaterali indesiderati, creando un'esperienza pi\u00f9 gestibile e concentrata. La conoscenza degli effetti di questi semi \u00e8 stata tramandata di generazione in generazione, spesso utilizzata in contesti spirituali e cerimoniali. La scoperta scientifica dell'LSA \u00e8 avvenuta molto pi\u00f9 tardi: negli anni '60 i ricercatori l'hanno identificata come un composto naturale strettamente correlato all'LSD. Questo legame con l'LSD ha attirato l'attenzione sui semi di Morning Glory in epoca moderna, portando sia alla ricerca scientifica che all'interesse ricreativo per i loro effetti.<\/p>\n<h2 data-start=\"2126\" data-end=\"2159\">Come utilizzare i semi di gloria mattutina<\/h2>\n<p data-start=\"2161\" data-end=\"3039\">I semi di Morning Glory devono essere usati con cautela a causa dei loro potenti effetti psicoattivi. Il metodo tradizionale di consumo prevede la macinazione dei semi in una polvere fine, che viene poi messa a bagno in acqua o, preferibilmente, in alcol. L'alcol aiuta a estrarre i composti psicoattivi in modo pi\u00f9 efficace. Dopo l'ammollo, i semi vengono tipicamente consumati a stomaco vuoto per ottenere gli effetti pi\u00f9 profondi. \u00c8 essenziale iniziare con una piccola dose e prestare attenzione all'ambiente circostante, poich\u00e9 l'esperienza pu\u00f2 essere intensa e imprevedibile. Molte persone riferiscono di aver sperimentato una maggiore introspezione, pensieri meditativi e persino stati visionari. Tuttavia, a causa dei potenziali effetti collaterali, come nausea o vertigini, si raccomanda di trovarsi in un ambiente calmo e sicuro e di evitare distrazioni. Assicuratevi sempre di essere in uno stato mentale positivo prima di consumare questi semi.<\/p>\n<h2 data-start=\"3046\" data-end=\"3083\">Ingredienti dei semi di gloria mattutina<\/h2>\n<p data-start=\"3085\" data-end=\"3882\">Il principale composto psicoattivo presente nei semi di Morning Glory \u00e8 l'ammide dell'acido lisergico (LSA). L'LSA \u00e8 chimicamente simile all'LSD, ma \u00e8 meno potente. Questo composto \u00e8 responsabile degli effetti psicoattivi associati ai semi, che possono includere percezioni alterate, maggiore introspezione ed esperienze visionarie. Oltre all'LSA, i semi di Morning Glory contengono altri composti come alcaloidi e aminoacidi, anche se l'LSA \u00e8 l'ingrediente attivo principale. Questi semi contengono anche varie fibre vegetali e nutrienti essenziali, anche se non sono al centro dei loro effetti psicoattivi. La concentrazione di LSA nei semi pu\u00f2 variare a seconda delle condizioni di coltivazione della pianta e della variet\u00e0 specifica, motivo per cui alcuni lotti possono produrre esperienze pi\u00f9 o meno forti di altri.<\/p>\n<p data-start=\"3889\" data-end=\"4489\" data-is-last-node=\"\"><strong data-start=\"3889\" data-end=\"3901\">Attenzione:<\/strong><br data-start=\"3901\" data-end=\"3904\" \/>Il consumo di semi di Morning Glory pu\u00f2 provocare intensi effetti psicoattivi. Questi effetti possono variare in base all'individuo, all'ambiente e al dosaggio. \u00c8 essenziale affrontare l'uso di questi semi con cautela e consapevolezza. I potenziali effetti collaterali possono includere nausea, vertigini e disagio psicologico. Si consiglia di utilizzare questi semi in un ambiente controllato e sicuro. Le donne incinte, le persone con problemi di salute mentale o che assumono farmaci dovrebbero evitare di usare i semi di Morning Glory. Assicurarsi sempre di essere pienamente informati sui potenziali rischi prima dell'uso.<\/p>","protected":false},"excerpt":{"rendered":"<p>L'Ipomoea Purpurea, comunemente nota come Morning Glory, \u00e8 una pianta affascinante nota per i suoi splendidi fiori blu-viola e per i suoi semi psicoattivi. Questi semi contengono l'ammide dell'acido lisergico (LSA), un composto simile all'LSD, usato da secoli dalle culture indigene per i suoi effetti di alterazione della mente. Contiene 300 semi.<\/p>","protected":false},"featured_media":126159,"template":"","meta":[],"product_brand":[],"product_cat":[600,297,537,513,476],"product_tag":[],"class_list":{"0":"post-8508","1":"product","2":"type-product","3":"status-publish","4":"has-post-thumbnail","6":"product_cat-mcmystic","7":"product_cat-all-products","8":"product_cat-lsa-seeds","9":"product_cat-party","10":"product_cat-smartshop","11":"product_shipping_class-not-allowed-group-3","13":"first","14":"instock","15":"taxable","16":"shipping-taxable","17":"purchasable","18":"product-type-variable"},"_links":{"self":[{"href":"https:\/\/www.tatanka.nl\/it\/wp-json\/wp\/v2\/product\/8508","targetHints":{"allow":["GET"]}}],"collection":[{"href":"https:\/\/www.tatanka.nl\/it\/wp-json\/wp\/v2\/product"}],"about":[{"href":"https:\/\/www.tatanka.nl\/it\/wp-json\/wp\/v2\/types\/product"}],"wp:featuredmedia":[{"embeddable":true,"href":"https:\/\/www.tatanka.nl\/it\/wp-json\/wp\/v2\/media\/126159"}],"wp:attachment":[{"href":"https:\/\/www.tatanka.nl\/it\/wp-json\/wp\/v2\/media?parent=8508"}],"wp:term":[{"taxonomy":"product_brand","embeddable":true,"href":"https:\/\/www.tatanka.nl\/it\/wp-json\/wp\/v2\/product_brand?post=8508"},{"taxonomy":"product_cat","embeddable":true,"href":"https:\/\/www.tatanka.nl\/it\/wp-json\/wp\/v2\/product_cat?post=8508"},{"taxonomy":"product_tag","embeddable":true,"href":"https:\/\/www.tatanka.nl\/it\/wp-json\/wp\/v2\/product_tag?post=8508"}],"curies":[{"name":"wp","href":"https:\/\/api.w.org\/{rel}","templated":true}]}}