{"id":8513,"date":"2017-12-30T16:22:19","date_gmt":"2017-12-30T16:22:19","guid":{"rendered":"http:\/\/www.tatanka.nl\/?post_type=product&#038;p=8513"},"modified":"2025-10-16T07:58:44","modified_gmt":"2025-10-16T06:58:44","slug":"peyote-seeds","status":"publish","type":"product","link":"https:\/\/www.tatanka.nl\/it\/peyote-seeds\/","title":{"rendered":"Semi di cactus peyote"},"content":{"rendered":"<h2 data-start=\"427\" data-end=\"476\">Che cos'\u00e8 la Lophophora Williamsii - Cactus peyote?<\/h2>\n<p data-start=\"478\" data-end=\"1364\">La Lophophora Williamsii, comunemente chiamata Peyote, \u00e8 un piccolo cactus privo di spine originario dei deserti del Messico e degli Stati Uniti sud-occidentali. Noto per i suoi effetti psicoattivi, il cactus Peyote contiene mescalina, un composto naturale che induce allucinazioni e stati alterati di coscienza. Il peyote \u00e8 stato usato per secoli nelle cerimonie spirituali e di guarigione dei nativi americani. Il cactus viene tradizionalmente consumato tagliando fette di pianta e mangiando la polpa cruda, essiccandola o facendone un t\u00e8. I suoi effetti sono profondamente introspettivi e vengono spesso descritti come colorati e capaci di espandere la mente. Il cactus Peyote occupa un posto importante nella storia botanica e spirituale e ora pu\u00f2 essere coltivato a casa propria a partire dai semi. Nonostante il suo aspetto umile, il peyote \u00e8 noto per i suoi effetti potenti e duraturi sulla mente e sul corpo.<\/p>\n<h2 data-start=\"1371\" data-end=\"1422\">Storia della Lophophora Williamsii - Cactus peyote<\/h2>\n<p data-start=\"1424\" data-end=\"2361\">La storia della Lophophora Williamsii risale a migliaia di anni fa, con il suo utilizzo da parte delle culture indigene nelle Americhe, in particolare tra le trib\u00f9 di nativi americani del Messico e degli Stati Uniti sud-occidentali. Il cactus fu incontrato per la prima volta dagli esploratori spagnoli durante le loro spedizioni nel Nuovo Mondo. Gli esploratori rimasero scioccati dagli effetti psicoattivi della pianta e spesso considerarono l'uso della pianta da parte delle popolazioni indigene come pagano o satanico. Tuttavia, con il passare del tempo, botanici, medici e farmacologi iniziarono a riconoscere i potenziali benefici medicinali e spirituali del Peyote. Si pensa che gli Aztechi siano stati tra i primi a usare il Peyote nelle cerimonie religiose, ritenendo che li collegasse alle loro divinit\u00e0 e offrisse profonde intuizioni sulla natura della vita. La pianta \u00e8 rimasta una parte centrale di varie pratiche religiose e culturali ed \u00e8 ancora ampiamente utilizzata nelle cerimonie delle chiese dei nativi americani di oggi.<\/p>\n<h2 data-start=\"2368\" data-end=\"2419\">Come utilizzare la Lophophora Williamsii - Cactus peyote<\/h2>\n<p data-start=\"2421\" data-end=\"3388\">L'uso del cactus Lophophora Williamsii - Peyote prevede la preparazione del cactus in diversi modi per sperimentare i suoi effetti psicoattivi. Il metodo pi\u00f9 comune consiste nel tagliare fette di cactus e consumare la polpa cruda, che ha un sapore amaro. \u00c8 anche possibile essiccare il cactus e utilizzarlo in varie forme, come nel cibo o come t\u00e8. Quando si ingerisce il cactus fresco, \u00e8 importante notare che gli effetti iniziali possono includere nausea e vomito a causa della sua amarezza. Tuttavia, una volta che questi effetti si attenuano dopo un'ora, gli utenti sperimentano una potente esperienza psichedelica che viene spesso descritta come un viaggio colorato e di lunga durata. Per chi si avvicina per la prima volta a questa sostanza, si consiglia di iniziare con una piccola quantit\u00e0 per valutare la tolleranza, ed \u00e8 fondamentale evitare qualsiasi attivit\u00e0 faticosa, in particolare la guida o l'utilizzo di macchinari, durante l'esperienza. Si consiglia inoltre di evitare il Peyote se si ha una storia di problemi di salute mentale, come ansia o depressione.<\/p>\n<h2 data-start=\"3395\" data-end=\"3450\">Ingredienti della Lophophora Williamsii - Cactus peyote<\/h2>\n<p data-start=\"3452\" data-end=\"4408\">Il principale composto psicoattivo presente nel cactus Lophophora Williamsii - Peyote \u00e8 la mescalina, un alcaloide naturale che ha dimostrato di indurre effetti psichedelici. La mescalina si trova principalmente nella polpa del cactus, con la massima concentrazione appena sotto la pelle. Questo composto agisce sui recettori della serotonina nel cervello, provocando alterazioni della percezione, dell'umore e della coscienza. Sebbene l'ingrediente principale sia la mescalina, il cactus contiene anche diversi altri composti, tra cui alcaloidi che contribuiscono ai suoi effetti unici. Oltre che per le sue propriet\u00e0 psicoattive, il peyote \u00e8 stato studiato per i suoi potenziali benefici medicinali, come la capacit\u00e0 di alleviare il dolore, promuovere l'intuizione spirituale e aiutare nel trattamento delle dipendenze. Sebbene l'uso del peyote sia legalmente limitato in molti Paesi, il suo significato in contesti religiosi e culturali rimane importante, in particolare tra le comunit\u00e0 di nativi americani.<\/p>\n<p data-start=\"4415\" data-end=\"4427\"><strong data-start=\"4415\" data-end=\"4427\">Attenzione:<\/strong><\/p>\n<p data-start=\"4429\" data-end=\"4970\" data-is-last-node=\"\">Il peyote pu\u00f2 causare forti effetti psicologici, tra cui intense allucinazioni. Pu\u00f2 provocare nausea, vomito e altri disagi fisici, soprattutto nei consumatori inesperti. Si raccomanda di affrontare l'uso di questo cactus con cautela. Evitare l'uso del Peyote se si ha una storia di condizioni di salute mentale come depressione, ansia o psicosi. Assicurarsi sempre di essere in un ambiente sicuro e controllato quando si consuma il Peyote e non impegnarsi in attivit\u00e0 come la guida o l'uso di macchinari mentre si \u00e8 sotto la sua influenza.<\/p>","protected":false},"excerpt":{"rendered":"<p>La Lophophora Williamsii, comunemente nota come cactus Peyote, \u00e8 una pianta unica con una ricca storia e propriet\u00e0 psicoattive. Conosciuto per il suo contenuto di mescalina, questo cactus \u00e8 stato usato per secoli nelle pratiche spirituali e medicinali. Con la sua forma arrotondata e senza aghi, il cactus Peyote \u00e8 facile da coltivare in casa utilizzando i semi e offre l'opportunit\u00e0 di sperimentare i suoi effetti psichedelici.<\/p>\n<p>Coltivate il vostro proprio! Contiene 10 semi.<span style=\"color: #000000;\"><br \/>\n<\/span><\/p>","protected":false},"featured_media":126153,"template":"","meta":[],"product_brand":[],"product_cat":[536,297,600,513,476],"product_tag":[],"class_list":{"0":"post-8513","1":"product","2":"type-product","3":"status-publish","4":"has-post-thumbnail","6":"product_cat-mescaline-cacti","7":"product_cat-all-products","8":"product_cat-mcmystic","9":"product_cat-party","10":"product_cat-smartshop","11":"product_shipping_class-creditcard-off","13":"first","14":"instock","15":"taxable","16":"shipping-taxable","17":"purchasable","18":"product-type-variable"},"_links":{"self":[{"href":"https:\/\/www.tatanka.nl\/it\/wp-json\/wp\/v2\/product\/8513","targetHints":{"allow":["GET"]}}],"collection":[{"href":"https:\/\/www.tatanka.nl\/it\/wp-json\/wp\/v2\/product"}],"about":[{"href":"https:\/\/www.tatanka.nl\/it\/wp-json\/wp\/v2\/types\/product"}],"wp:featuredmedia":[{"embeddable":true,"href":"https:\/\/www.tatanka.nl\/it\/wp-json\/wp\/v2\/media\/126153"}],"wp:attachment":[{"href":"https:\/\/www.tatanka.nl\/it\/wp-json\/wp\/v2\/media?parent=8513"}],"wp:term":[{"taxonomy":"product_brand","embeddable":true,"href":"https:\/\/www.tatanka.nl\/it\/wp-json\/wp\/v2\/product_brand?post=8513"},{"taxonomy":"product_cat","embeddable":true,"href":"https:\/\/www.tatanka.nl\/it\/wp-json\/wp\/v2\/product_cat?post=8513"},{"taxonomy":"product_tag","embeddable":true,"href":"https:\/\/www.tatanka.nl\/it\/wp-json\/wp\/v2\/product_tag?post=8513"}],"curies":[{"name":"wp","href":"https:\/\/api.w.org\/{rel}","templated":true}]}}