{"id":8529,"date":"2017-12-30T18:42:24","date_gmt":"2017-12-30T18:42:24","guid":{"rendered":"http:\/\/www.tatanka.nl\/?post_type=product&#038;p=8529"},"modified":"2025-06-04T15:46:33","modified_gmt":"2025-06-04T14:46:33","slug":"yopo-seeds","status":"publish","type":"product","link":"https:\/\/www.tatanka.nl\/it\/yopo-seeds\/","title":{"rendered":"Semi di Yopo"},"content":{"rendered":"<h2 data-start=\"515\" data-end=\"559\">Che cos'\u00e8 lo Yopo (Anadenanthera Peregrina)?<\/h2>\n<p data-start=\"561\" data-end=\"980\">Lo yopo, scientificamente noto come Anadenanthera Peregrina, \u00e8 una pianta originaria dei Caraibi e del Sud America. I suoi semi contengono composti allucinogeni naturali, tra cui la DMT, che li rende un potente strumento per gli stati alterati di coscienza. Le trib\u00f9 indigene hanno usato lo yopo per secoli nei rituali sciamanici, spesso come mezzo per ottenere intuizioni spirituali, autoconsapevolezza o persino scorci sul futuro.<\/p>\n<p data-start=\"982\" data-end=\"1337\">Gli effetti psicoattivi dei semi di Yopo sono intensi ma relativamente brevi, di solito durano circa 90 minuti. Gli utilizzatori sperimentano spesso vivide allucinazioni visive, emozioni amplificate e un senso di coscienza espansa. A causa della sua potenza, lo Yopo \u00e8 consigliato ai consumatori esperti che hanno familiarit\u00e0 con i suoi effetti e con i metodi di preparazione adeguati.<\/p>\n<p data-start=\"1339\" data-end=\"1624\">Lo yopo \u00e8 usato principalmente come tabacco da fiuto, che richiede un'attenta lavorazione dei semi. La preparazione tradizionale prevede la tostatura, la macinazione e la miscelazione dei semi con sostanze alcaline prima di inalare la polvere. Questo assicura la piena potenza delle propriet\u00e0 psicoattive della pianta.<\/p>\n<h2 data-start=\"1633\" data-end=\"1679\">Storia di Yopo (Anadenanthera Peregrina)<\/h2>\n<p data-start=\"1681\" data-end=\"2064\">L'uso dello yopo risale a migliaia di anni fa e le prove suggeriscono che sia stato utilizzato dalle antiche civilt\u00e0 per i suoi benefici psicoattivi e spirituali. I reperti archeologici indicano che le prime culture, tra cui gli Egizi, potrebbero aver sperimentato piante simili, anche se l'uso pi\u00f9 esteso \u00e8 stato fatto risalire agli Inca e ad altre trib\u00f9 indigene del Sud America.<\/p>\n<p data-start=\"2066\" data-end=\"2463\">Gli Inca, insieme ad altri gruppi nativi, consideravano lo yopo uno strumento sacro per l'esplorazione mentale ed emotiva. Gli sciamani lo usavano per entrare in stati alterati di coscienza, dove potevano acquisire saggezza, prevedere eventi futuri o comunicare con gli spiriti. Le cerimonie che coinvolgevano lo Yopo erano spesso comuni, con i partecipanti guidati attraverso l'esperienza da un guaritore esperto o da una guida spirituale.<\/p>\n<p data-start=\"2465\" data-end=\"2828\">La preparazione tradizionale dei semi di Yopo \u00e8 stata accuratamente perfezionata nel corso di generazioni. Le trib\u00f9 indigene hanno sviluppato metodi intricati di lavorazione dei semi per massimizzarne la potenza e ridurre al minimo i potenziali disagi. Ancora oggi, lo Yopo rimane una parte importante di alcuni rituali tribali, in particolare tra le culture che mantengono le loro antiche tradizioni spirituali.<\/p>\n<p data-start=\"2830\" data-end=\"3075\">Con la rinascita dell'interesse per le sostanze psicoattive naturali, lo Yopo viene ora esplorato dai moderni psiconauti in cerca di esperienze profonde. Tuttavia, rimane una sostanza potente e complessa che richiede un'attenta manipolazione e rispetto.<\/p>\n<h2 data-start=\"3084\" data-end=\"3130\">Come utilizzare Yopo (Anadenanthera Peregrina)<\/h2>\n<p data-start=\"3132\" data-end=\"3389\">I semi di yopo sono comunemente usati come tabacco da fiuto, una pratica che risale a secoli fa tra le trib\u00f9 indigene del Sud America. Tuttavia, i semi devono prima essere sottoposti a uno specifico processo di preparazione per aumentarne la potenza e renderli adatti all'inalazione.<\/p>\n<p data-start=\"3391\" data-end=\"3439\">Il metodo tradizionale prevede diverse fasi:<\/p>\n<ol data-start=\"3441\" data-end=\"3929\">\n<li data-start=\"3441\" data-end=\"3499\">I semi vengono prima puliti per eliminare le impurit\u00e0.<\/li>\n<li data-start=\"3500\" data-end=\"3595\">Vengono poi arrostiti in una padella calda fino a quando il guscio esterno si rompe e pu\u00f2 essere facilmente rimosso.<\/li>\n<li data-start=\"3596\" data-end=\"3650\">I semi vengono lasciati essiccare finch\u00e9 non diventano duri.<\/li>\n<li data-start=\"3651\" data-end=\"3705\">Una volta essiccate, vengono macinate finemente in polvere.<\/li>\n<li data-start=\"3706\" data-end=\"3848\">Questa polvere viene poi mescolata con sostanze alcaline come il bicarbonato di sodio o la calce e combinata con una piccola quantit\u00e0 di acqua per formare una pasta.<\/li>\n<li data-start=\"3849\" data-end=\"3929\">La pasta viene nuovamente essiccata e poi macinata in una polvere fine per l'inalazione.<\/li>\n<\/ol>\n<p data-start=\"3931\" data-end=\"4245\">Quando si usa, gli effetti di Yopo possono essere avvertiti anche con una piccola dose di 1-3 semi. Quantit\u00e0 maggiori producono un'esperienza pi\u00f9 intensa, spesso descritta come profondamente coinvolgente e visionaria. A causa della sua potenza, a chi si avvicina per la prima volta si consiglia di iniziare con la dose pi\u00f9 bassa possibile e di aumentare gradualmente in base all'esperienza.<\/p>\n<p data-start=\"4247\" data-end=\"4396\">Oltre all'inalazione, i semi di Yopo sono stati utilizzati in vari modi sperimentali, ma lo snuffing rimane il metodo pi\u00f9 efficace e tradizionale.<\/p>\n<p data-start=\"5353\" data-end=\"5927\" data-is-last-node=\"\"><strong data-start=\"5353\" data-end=\"5364\">Avvertenze<\/strong><br data-start=\"5364\" data-end=\"5367\" \/>Yopo (Anadenanthera Peregrina) \u00e8 una sostanza naturale molto potente che deve essere usata con cautela. Non \u00e8 adatto a persone di et\u00e0 inferiore ai 18 anni. Le donne in gravidanza o in allattamento, i soggetti con condizioni mediche di base o che assumono farmaci devono consultare un operatore sanitario prima dell'uso. Una preparazione non corretta o un dosaggio eccessivo possono provocare nausea, vertigini o malessere. Questo prodotto \u00e8 destinato a utenti responsabili con esperienza in materia di sostanze psicoattive. Conservare in un luogo fresco e asciutto e tenere fuori dalla portata dei bambini.<\/p>","protected":false},"excerpt":{"rendered":"<p>Lo yopo (Anadenanthera Peregrina) \u00e8 una pianta tradizionale sudamericana nota per le sue propriet\u00e0 psicoattive. I semi di questa pianta sono stati usati per secoli dalle culture indigene per esperienze spirituali e visionarie. Lo yopo fornisce un effetto potente e di breve durata, in genere intorno ai 90 minuti, e viene spesso utilizzato in contesti rituali o introspettivi. Questo prodotto naturale \u00e8 ideale per chi desidera esplorare stati mentali ed emotivi profondi in modo controllato.<\/p>","protected":false},"featured_media":126139,"template":"","meta":[],"product_brand":[],"product_cat":[600,297,537,513,476],"product_tag":[],"class_list":{"0":"post-8529","1":"product","2":"type-product","3":"status-publish","4":"has-post-thumbnail","6":"product_cat-mcmystic","7":"product_cat-all-products","8":"product_cat-lsa-seeds","9":"product_cat-party","10":"product_cat-smartshop","11":"product_shipping_class-not-allowed-group-3","13":"first","14":"instock","15":"taxable","16":"shipping-taxable","17":"purchasable","18":"product-type-variable"},"_links":{"self":[{"href":"https:\/\/www.tatanka.nl\/it\/wp-json\/wp\/v2\/product\/8529","targetHints":{"allow":["GET"]}}],"collection":[{"href":"https:\/\/www.tatanka.nl\/it\/wp-json\/wp\/v2\/product"}],"about":[{"href":"https:\/\/www.tatanka.nl\/it\/wp-json\/wp\/v2\/types\/product"}],"wp:featuredmedia":[{"embeddable":true,"href":"https:\/\/www.tatanka.nl\/it\/wp-json\/wp\/v2\/media\/126139"}],"wp:attachment":[{"href":"https:\/\/www.tatanka.nl\/it\/wp-json\/wp\/v2\/media?parent=8529"}],"wp:term":[{"taxonomy":"product_brand","embeddable":true,"href":"https:\/\/www.tatanka.nl\/it\/wp-json\/wp\/v2\/product_brand?post=8529"},{"taxonomy":"product_cat","embeddable":true,"href":"https:\/\/www.tatanka.nl\/it\/wp-json\/wp\/v2\/product_cat?post=8529"},{"taxonomy":"product_tag","embeddable":true,"href":"https:\/\/www.tatanka.nl\/it\/wp-json\/wp\/v2\/product_tag?post=8529"}],"curies":[{"name":"wp","href":"https:\/\/api.w.org\/{rel}","templated":true}]}}