{"id":8636,"date":"2017-01-06T16:23:32","date_gmt":"2017-01-06T14:23:32","guid":{"rendered":"http:\/\/www.tatanka.nl\/?post_type=product&#038;p=8636"},"modified":"2026-03-31T15:20:46","modified_gmt":"2026-03-31T14:20:46","slug":"trip-stopper","status":"publish","type":"product","link":"https:\/\/www.tatanka.nl\/it\/trip-stopper\/","title":{"rendered":"Bad Trip Stopper"},"content":{"rendered":"<h2 data-start=\"51\" data-end=\"77\">Che cos'\u00e8 il Trip Stopper?<\/h2>\n<p data-start=\"78\" data-end=\"395\">Trip Stopper \u00e8 un integratore specializzato progettato per supportare le persone durante le esperienze psichedeliche. Aiuta a promuovere la calma e a ridurre il disagio o l'ansia che possono insorgere durante un viaggio. Sia che siate alle prime armi con gli psichedelici, sia che siate gi\u00e0 esperti, Trip Stopper vi offre un modo per sentirvi pi\u00f9 stabili e in controllo.<\/p>\n<p data-start=\"397\" data-end=\"768\">Questo integratore non interrompe completamente il viaggio, ma aiuta gli utenti a rimanere con i piedi per terra. Le compresse di destrosio forniscono energia rapida e aiutano a stabilizzare i livelli di zucchero nel sangue, mentre le capsule di valeriana favoriscono il rilassamento. Insieme, questi ingredienti aiutano a gestire le sensazioni emotive e fisiche che accompagnano un viaggio psichedelico, rendendo i momenti difficili pi\u00f9 facili da superare.<\/p>\n<p data-start=\"770\" data-end=\"915\">Offrendo un senso di controllo e stabilit\u00e0, Trip Stopper \u00e8 un compagno prezioso per chi cerca un'esperienza pi\u00f9 fluida e gestibile.<\/p>\n<h2 data-start=\"917\" data-end=\"945\">Storia di Trip Stopper<\/h2>\n<p data-start=\"946\" data-end=\"1343\">Trip Stopper \u00e8 stato sviluppato in risposta al crescente interesse per gli psichedelici e alla necessit\u00e0 di un supporto naturale durante i viaggi. Man mano che un numero sempre maggiore di persone esplora gli psichedelici, l'importanza di mantenere un ambiente equilibrato e sicuro \u00e8 diventata ampiamente riconosciuta. Questa formula, basata su anni di ricerche, combina destrosio e valeriana, due noti agenti naturali per il sostegno energetico e il rilassamento.<\/p>\n<p data-start=\"1345\" data-end=\"1684\">La valeriana \u00e8 stata a lungo utilizzata in erboristeria per le sue propriet\u00e0 calmanti, che aiutano a ridurre lo stress e l'ansia. Il destrosio, uno zucchero semplice, fornisce una rapida spinta energetica, particolarmente utile durante le esperienze psichedeliche pi\u00f9 intense. Miscelando questi due ingredienti, Trip Stopper offre un metodo olistico per gestire efficacemente i viaggi.<\/p>\n<p data-start=\"1686\" data-end=\"1865\">Pur non potendo eliminare gli effetti di un viaggio, Trip Stopper rassicura e aiuta gli utenti a mantenere la calma, rendendolo uno strumento utile per affrontare le esperienze psichedeliche.<\/p>\n<h2 data-start=\"1867\" data-end=\"1895\">Come usare Trip Stopper<\/h2>\n<p data-start=\"1896\" data-end=\"1967\">Trip Stopper \u00e8 facile da usare. Seguite questi passaggi per ottenere i migliori risultati:<\/p>\n<ol data-start=\"1969\" data-end=\"2418\">\n<li data-start=\"1969\" data-end=\"2140\">Prendere <strong data-start=\"1977\" data-end=\"2001\">due compresse di destrosio<\/strong> e lasciarli sciogliere lentamente in bocca. In questo modo lo zucchero viene assorbito in modo efficiente, contribuendo a ridurre l'intensit\u00e0 del viaggio.<\/li>\n<li data-start=\"2141\" data-end=\"2247\">Ingoiare il <strong data-start=\"2156\" data-end=\"2177\">Capsule di valeriana<\/strong> con un grande bicchiere d'acqua per favorire il rilassamento e alleviare l'ansia.<\/li>\n<li data-start=\"2248\" data-end=\"2418\">Attendere circa <strong data-start=\"2262\" data-end=\"2276\">10 minuti<\/strong> prima di mangiare qualcosa di solido, come una fetta di pane. Questo permette agli ingredienti di fare effetto e stabilizza ulteriormente i livelli di zucchero nel sangue.<\/li>\n<\/ol>\n<p data-start=\"2420\" data-end=\"2667\">Per ottenere risultati ottimali, prendere Trip Stopper in un <strong data-start=\"2464\" data-end=\"2499\">ambiente calmo e controllato<\/strong> dove ci si pu\u00f2 concentrare sul rilassamento e sulla messa a terra. Che siate alle prime armi o esperti, questi semplici passi vi aiuteranno a sentirvi pi\u00f9 preparati e in controllo.<\/p>\n<h2 data-start=\"2669\" data-end=\"2701\">Ingredienti di Trip Stopper<\/h2>\n<p data-start=\"2702\" data-end=\"2821\">Trip Stopper contiene due ingredienti chiave che lavorano insieme per sostenere il corpo e la mente durante un viaggio psichedelico:<\/p>\n<ul data-start=\"2823\" data-end=\"3248\">\n<li data-start=\"2823\" data-end=\"3022\"><strong data-start=\"2825\" data-end=\"2837\">Destrosio<\/strong> - Uno zucchero semplice che fornisce una fonte di energia istantanea, aiutando a bilanciare i livelli di zucchero nel sangue e a prevenire la stanchezza. Aiuta a mantenere la concentrazione e l'attenzione per tutta la durata dell'esperienza.<\/li>\n<li data-start=\"3023\" data-end=\"3248\"><strong data-start=\"3025\" data-end=\"3037\">Valeriana<\/strong> - Un rimedio naturale a base di erbe noto per i suoi effetti calmanti. La valeriana \u00e8 utilizzata da secoli per ridurre l'ansia e favorire il rilassamento, ed \u00e8 quindi ideale per gestire gli aspetti mentali ed emotivi di un viaggio.<\/li>\n<\/ul>\n<p data-start=\"3250\" data-end=\"3511\">Insieme, questi ingredienti creano un <strong data-start=\"3287\" data-end=\"3308\">soluzione equilibrata<\/strong> per chi si sente sopraffatto o ansioso. Anche se Trip Stopper non interrompe completamente un'esperienza psichedelica, aiuta a fornire un senso di stabilit\u00e0 e pace per un viaggio pi\u00f9 fluido e gestibile.<\/p>\n<p data-start=\"3513\" data-end=\"3525\"><strong>Avvertenze<\/strong><\/p>\n<p data-start=\"3526\" data-end=\"3582\" data-is-last-node=\"\">Tenere fuori dalla portata dei bambini. Questo non \u00e8 un medicinale.<\/p>","protected":false},"excerpt":{"rendered":"<p>Sia per i principianti che per i pi\u00f9 esperti, il trip stopper pu\u00f2 aiutare a minimizzare un'escursione negativa. Nel giro di 20-30 minuti l'escursione diventer\u00e0 meno intensa e, sapendo di poterla interrompere, si potr\u00e0 godere maggiormente della propria esperienza.<\/p>","protected":false},"featured_media":127320,"template":"","meta":[],"product_brand":[],"product_cat":[595,297,592,577,539,540,516,518,513,515,476,593,578],"product_tag":[662],"class_list":{"0":"post-8636","1":"product","2":"type-product","3":"status-publish","4":"has-post-thumbnail","6":"product_cat-mcsmart","7":"product_cat-all-products","8":"product_cat-beginner-magic-mushroom-grow-kits","9":"product_cat-beginner-magic-truffles","10":"product_cat-magic-mushroom-grow-kits","11":"product_cat-magic-mushroom-spore-syringes","12":"product_cat-magic-truffles","13":"product_cat-mushrooms","14":"product_cat-party","15":"product_cat-shroomshop","16":"product_cat-smartshop","17":"product_cat-strongest-magic-mushroom-grow-kits","18":"product_cat-strongest-magic-truffles","19":"product_tag-shrdeal","20":"product_shipping_class-creditcard-on","22":"first","23":"instock","24":"taxable","25":"shipping-taxable","26":"purchasable","27":"product-type-variable","28":"has-default-attributes"},"_links":{"self":[{"href":"https:\/\/www.tatanka.nl\/it\/wp-json\/wp\/v2\/product\/8636","targetHints":{"allow":["GET"]}}],"collection":[{"href":"https:\/\/www.tatanka.nl\/it\/wp-json\/wp\/v2\/product"}],"about":[{"href":"https:\/\/www.tatanka.nl\/it\/wp-json\/wp\/v2\/types\/product"}],"wp:featuredmedia":[{"embeddable":true,"href":"https:\/\/www.tatanka.nl\/it\/wp-json\/wp\/v2\/media\/127320"}],"wp:attachment":[{"href":"https:\/\/www.tatanka.nl\/it\/wp-json\/wp\/v2\/media?parent=8636"}],"wp:term":[{"taxonomy":"product_brand","embeddable":true,"href":"https:\/\/www.tatanka.nl\/it\/wp-json\/wp\/v2\/product_brand?post=8636"},{"taxonomy":"product_cat","embeddable":true,"href":"https:\/\/www.tatanka.nl\/it\/wp-json\/wp\/v2\/product_cat?post=8636"},{"taxonomy":"product_tag","embeddable":true,"href":"https:\/\/www.tatanka.nl\/it\/wp-json\/wp\/v2\/product_tag?post=8636"}],"curies":[{"name":"wp","href":"https:\/\/api.w.org\/{rel}","templated":true}]}}