{"id":8989,"date":"2018-01-12T18:25:35","date_gmt":"2018-01-12T18:25:35","guid":{"rendered":"http:\/\/www.tatanka.nl\/?post_type=product&#038;p=8989"},"modified":"2025-05-20T10:36:58","modified_gmt":"2025-05-20T09:36:58","slug":"damiana-capsules-sex","status":"publish","type":"product","link":"https:\/\/www.tatanka.nl\/it\/damiana-capsules-sex\/","title":{"rendered":"Damiana Capsules"},"content":{"rendered":"<h2 data-pm-slice=\"1 1 []\">Che cos'\u00e8 la Damiana?<\/h2>\n<p>La Damiana \u00e8 un piccolo arbusto aromatico originario dell'America centrale e meridionale. Scientificamente \u00e8 conosciuta come <strong>Turnera Diffusa<\/strong>, questa pianta appartiene alla famiglia delle passiflore e si riconosce per i suoi fiori giallo brillante e le sue foglie verdi.<\/p>\n<p>Per secoli, le culture indigene hanno utilizzato la Damiana per i suoi benefici naturali per la salute, in particolare come stimolante della libido. Questa pianta \u00e8 spesso collegata a un aumento del desiderio sessuale, a una maggiore resistenza e a un maggiore benessere generale. Oltre ai suoi effetti afrodisiaci, la Damiana \u00e8 apprezzata anche per le sue propriet\u00e0 leggermente rilassanti, che possono aiutare a ridurre lo stress e a promuovere la chiarezza mentale. Se siete alla ricerca di un modo naturale per aumentare l'energia, elevare l'umore o migliorare l'intimit\u00e0, la Damiana pu\u00f2 essere l'integratore a base di erbe perfetto per voi.<\/p>\n<h2>La storia della Damiana<\/h2>\n<p>L'uso della Damiana risale a centinaia di anni fa, soprattutto in Messico e in altre parti dell'America Latina. Le trib\u00f9 indigene apprezzavano molto questa pianta per le sue propriet\u00e0 medicinali, usandola per trattare vari disturbi fisici e migliorare la salute sessuale.<\/p>\n<p>La Damiana \u00e8 tradizionalmente considerata un potente afrodisiaco, in grado di stimolare la libido, migliorare le prestazioni sessuali e aumentare le sensazioni. Le culture antiche usavano la Damiana per preparare pozioni d'amore e tonici a base di erbe per sostenere la salute riproduttiva e la vitalit\u00e0 generale. Nel corso degli anni, questa pianta ha mantenuto la sua reputazione ed \u00e8 ancora ampiamente utilizzata nella moderna fitoterapia. In Messico viene persino infusa in alcune bevande alcoliche tradizionali, come i margaritas, per potenziarne gli effetti. Grazie alla sua lunga storia e ai suoi potenti benefici, la Damiana continua a essere un rimedio erboristico ricercato da chi vuole migliorare il proprio benessere in modo naturale.<\/p>\n<h2>Come usare la Damiana<\/h2>\n<p>La damiana \u00e8 pi\u00f9 comunemente consumata sotto forma di capsule per un dosaggio facile e preciso. Il dosaggio consigliato \u00e8 <strong>una capsula per assunzione<\/strong>da assumere con un bicchiere d'acqua. Per ottenere risultati ottimali, \u00e8 bene inserire la Damiana in una routine di benessere costante.<\/p>\n<p>Sia gli uomini che le donne possono beneficiare delle propriet\u00e0 della Damiana. Mentre alcuni possono sperimentare i suoi effetti in tempi relativamente brevi, altri possono notare miglioramenti graduali nel tempo. La Damiana pu\u00f2 anche essere combinata con altri integratori a base di erbe, come la Muira Puama, per potenziarne gli effetti energizzanti e afrodisiaci.<\/p>\n<p>Oltre ad aumentare la libido, la Damiana viene spesso utilizzata per favorire il rilassamento, ridurre lo stress e sostenere il benessere emotivo. I suoi lievi effetti psicoattivi sono talvolta paragonati a quelli della cannabis, offrendo un senso di calma senza intossicazione. Seguire sempre le dosi consigliate e consultare un professionista sanitario in caso di dubbi sull'uso.<\/p>\n<h2>Ingredienti della Damiana<\/h2>\n<p>Le capsule di Damiana di Indian Elements contengono un solo principio attivo:<\/p>\n<ul data-spread=\"false\">\n<li><strong>Turnera Diffusa<\/strong> (estratto di Damiana)<\/li>\n<\/ul>\n<p>Questa formulazione pura e naturale garantisce di ricevere tutti i benefici della Damiana senza inutili additivi. Indian Elements si impegna a fornire prodotti a base di erbe di alta qualit\u00e0 che siano <strong>100% naturale e vegan-friendly<\/strong>e questo li rende un'ottima scelta per chi \u00e8 alla ricerca di soluzioni di benessere a base vegetale.<\/p>\n<div><\/div>\n<p><strong>Attenzione:<\/strong><br \/>\nQuesto prodotto \u00e8 destinato a persone di et\u00e0 <strong>18 anni e oltre<\/strong>. Tenere fuori dalla portata dei bambini. La Damiana non deve essere utilizzata in combinazione con <strong>Inibitori delle MAO<\/strong>. I soggetti affetti da patologie renali o cardiache, da pressione alta o bassa, da diabete o sotto l'effetto di farmaci, droghe o alcool devono evitare l'uso. Questo \u00e8 un integratore alimentare e deve essere usato come tale. Non utilizzare se il sigillo \u00e8 rotto.<\/p>","protected":false},"excerpt":{"rendered":"<p data-pm-slice=\"1 1 []\">Provate i benefici naturali della Damiana! Questo esclusivo integratore a base di erbe \u00e8 noto per le sue propriet\u00e0 energizzanti e afrodisiache. Tradizionalmente utilizzata da secoli, la Damiana pu\u00f2 aumentare la libido, migliorare l'umore e fornire un leggero effetto rilassante. Ora \u00e8 disponibile in comode capsule, facili da integrare nella vostra routine quotidiana.<\/p>","protected":false},"featured_media":125960,"template":"","meta":[],"product_brand":[],"product_cat":[597,297,531,576,383,476],"product_tag":[],"class_list":{"0":"post-8989","1":"product","2":"type-product","3":"status-publish","4":"has-post-thumbnail","6":"product_cat-indian-elements","7":"product_cat-all-products","8":"product_cat-aphrodisiacs","9":"product_cat-sex-products-for-couples","10":"product_cat-sex-shop","11":"product_cat-smartshop","13":"first","14":"instock","15":"taxable","16":"shipping-taxable","17":"purchasable","18":"product-type-variable"},"_links":{"self":[{"href":"https:\/\/www.tatanka.nl\/it\/wp-json\/wp\/v2\/product\/8989","targetHints":{"allow":["GET"]}}],"collection":[{"href":"https:\/\/www.tatanka.nl\/it\/wp-json\/wp\/v2\/product"}],"about":[{"href":"https:\/\/www.tatanka.nl\/it\/wp-json\/wp\/v2\/types\/product"}],"wp:featuredmedia":[{"embeddable":true,"href":"https:\/\/www.tatanka.nl\/it\/wp-json\/wp\/v2\/media\/125960"}],"wp:attachment":[{"href":"https:\/\/www.tatanka.nl\/it\/wp-json\/wp\/v2\/media?parent=8989"}],"wp:term":[{"taxonomy":"product_brand","embeddable":true,"href":"https:\/\/www.tatanka.nl\/it\/wp-json\/wp\/v2\/product_brand?post=8989"},{"taxonomy":"product_cat","embeddable":true,"href":"https:\/\/www.tatanka.nl\/it\/wp-json\/wp\/v2\/product_cat?post=8989"},{"taxonomy":"product_tag","embeddable":true,"href":"https:\/\/www.tatanka.nl\/it\/wp-json\/wp\/v2\/product_tag?post=8989"}],"curies":[{"name":"wp","href":"https:\/\/api.w.org\/{rel}","templated":true}]}}