{"id":8991,"date":"2018-01-12T18:32:37","date_gmt":"2018-01-12T18:32:37","guid":{"rendered":"http:\/\/www.tatanka.nl\/?post_type=product&#038;p=8991"},"modified":"2025-05-20T10:36:51","modified_gmt":"2025-05-20T09:36:51","slug":"muira-puama-capsules-sex","status":"publish","type":"product","link":"https:\/\/www.tatanka.nl\/it\/muira-puama-capsules-sex\/","title":{"rendered":"Muira Puama Capsules"},"content":{"rendered":"<h2 data-pm-slice=\"1 1 []\">Che cos'\u00e8 la Muira Puama?<\/h2>\n<p>La Muira Puama \u00e8 un albero tropicale originario della foresta amazzonica in Brasile. La sua corteccia e le sue radici sono state tradizionalmente utilizzate dalle trib\u00f9 indigene per diversi benefici per la salute, in particolare per migliorare le prestazioni sessuali e il desiderio. Spesso chiamata \"Potency Wood\", la Muira Puama \u00e8 nota per le sue propriet\u00e0 afrodisiache e per la sua capacit\u00e0 di aumentare i livelli di energia.<\/p>\n<p>Questa erba naturale \u00e8 stata riconosciuta a livello mondiale per i suoi effetti di aumento della libido, rendendola un integratore popolare per coloro che cercano di migliorare le loro esperienze intime. Oltre che per il suo ruolo di stimolante sessuale, la Muira Puama \u00e8 apprezzata anche per i suoi potenziali benefici nel ridurre lo stress e nel sostenere la salute delle articolazioni. Se state cercando di aumentare la vostra energia, alleviare la tensione o migliorare la vostra vitalit\u00e0 generale, la Muira Puama pu\u00f2 essere la soluzione naturale perfetta.<\/p>\n<h2>La storia della Muira Puama<\/h2>\n<p>La Muira Puama ha una lunga storia di utilizzo tra le trib\u00f9 indigene dell'Amazzonia. Per secoli, queste comunit\u00e0 si sono affidate alla corteccia e alle radici dell'albero per trattare vari disturbi, con particolare attenzione al miglioramento delle funzioni e delle prestazioni sessuali. Gli sciamani e i guaritori dell'Amazzonia hanno usato la Muira Puama come rimedio naturale per affrontare impotenza, affaticamento e disturbi del sistema nervoso.<\/p>\n<p>Nel corso del tempo, la conoscenza dei benefici della Muira Puama si \u00e8 diffusa oltre i confini del Sud America. Esploratori ed erboristi europei si interessarono alla pianta nel XIX secolo, portando a ulteriori ricerche sui suoi effetti. Oggi la Muira Puama \u00e8 ampiamente utilizzata nei prodotti naturali per la salute che mirano a stimolare la libido, aumentare i livelli di energia e sostenere le funzioni cognitive. La sua reputazione di potente afrodisiaco rimane forte e la rende un ingrediente fondamentale in varie formulazioni a base di erbe progettate per il miglioramento sessuale.<\/p>\n<h2>Come utilizzare la Muira Puama<\/h2>\n<p>La Muira Puama \u00e8 pi\u00f9 comunemente disponibile sotto forma di capsule per un facile consumo. Il dosaggio consigliato \u00e8 di una capsula per assunzione, accompagnata da un bicchiere d'acqua. Per ottenere risultati ottimali, si consiglia di assumere l'integratore con costanza nell'ambito di una routine quotidiana di benessere.<\/p>\n<p>Questo integratore a base di erbe pu\u00f2 essere assunto sia da uomini che da donne che cercano un modo naturale per migliorare la libido e la vitalit\u00e0 generale. Alcuni individui possono notare i suoi effetti in breve tempo, mentre altri possono sperimentare miglioramenti graduali nel tempo. La Muira Puama \u00e8 anche nota per funzionare bene in combinazione con altri integratori a base di erbe, come la Damiana, per potenziare ulteriormente i suoi benefici.<\/p>\n<p>Sebbene sia utilizzata principalmente per i suoi effetti afrodisiaci, la Muira Puama pu\u00f2 anche fornire un ulteriore supporto a chi soffre di stress o di lievi disturbi articolari. Come per qualsiasi altro integratore, si raccomanda di seguire il dosaggio consigliato e di consultare un professionista sanitario in caso di dubbi sull'uso.<\/p>\n<h2>Ingredienti della Muira Puama<\/h2>\n<p>Le capsule di Muira Puama di Indian Elements contengono un solo principio attivo:<\/p>\n<ul data-spread=\"false\">\n<li><strong>Ptychopetalum Olacoides<\/strong> (Estratto di Muira Puama)<\/li>\n<\/ul>\n<p>Questa formulazione pura e naturale garantisce i massimi benefici della Muira Puama senza additivi inutili. Indian Elements si impegna a fornire prodotti erboristici di alta qualit\u00e0 che siano 100% naturali e vegani, il che li rende una scelta eccellente per chi cerca soluzioni di benessere a base vegetale.<\/p>\n<div><\/div>\n<p><strong>Attenzione:<\/strong><br \/>\nQuesto prodotto \u00e8 destinato all'uso da parte di persone di et\u00e0 superiore ai 18 anni. Tenere fuori dalla portata dei bambini. La Muira Puama \u00e8 un inibitore delle MAO e non deve essere utilizzata da persone con problemi renali o cardiaci, pressione alta o bassa, diabete o sotto l'effetto di farmaci, droghe o alcol. Questo \u00e8 un integratore alimentare e deve essere usato come tale. Non utilizzare se il sigillo \u00e8 rotto.<\/p>","protected":false},"excerpt":{"rendered":"<p data-pm-slice=\"1 1 []\">Scoprite il potere naturale della Muira Puama! Questo potente integratore a base di erbe \u00e8 stato usato per secoli per aumentare la libido, migliorare le prestazioni sessuali e sostenere il benessere generale. Perfette per uomini e donne, queste capsule facili da assumere forniscono una spinta naturale per il corpo e la mente.<\/p>","protected":false},"featured_media":125957,"template":"","meta":[],"product_brand":[],"product_cat":[597,297,531,576,383,476],"product_tag":[],"class_list":{"0":"post-8991","1":"product","2":"type-product","3":"status-publish","4":"has-post-thumbnail","6":"product_cat-indian-elements","7":"product_cat-all-products","8":"product_cat-aphrodisiacs","9":"product_cat-sex-products-for-couples","10":"product_cat-sex-shop","11":"product_cat-smartshop","13":"first","14":"instock","15":"taxable","16":"shipping-taxable","17":"purchasable","18":"product-type-variable"},"_links":{"self":[{"href":"https:\/\/www.tatanka.nl\/it\/wp-json\/wp\/v2\/product\/8991","targetHints":{"allow":["GET"]}}],"collection":[{"href":"https:\/\/www.tatanka.nl\/it\/wp-json\/wp\/v2\/product"}],"about":[{"href":"https:\/\/www.tatanka.nl\/it\/wp-json\/wp\/v2\/types\/product"}],"wp:featuredmedia":[{"embeddable":true,"href":"https:\/\/www.tatanka.nl\/it\/wp-json\/wp\/v2\/media\/125957"}],"wp:attachment":[{"href":"https:\/\/www.tatanka.nl\/it\/wp-json\/wp\/v2\/media?parent=8991"}],"wp:term":[{"taxonomy":"product_brand","embeddable":true,"href":"https:\/\/www.tatanka.nl\/it\/wp-json\/wp\/v2\/product_brand?post=8991"},{"taxonomy":"product_cat","embeddable":true,"href":"https:\/\/www.tatanka.nl\/it\/wp-json\/wp\/v2\/product_cat?post=8991"},{"taxonomy":"product_tag","embeddable":true,"href":"https:\/\/www.tatanka.nl\/it\/wp-json\/wp\/v2\/product_tag?post=8991"}],"curies":[{"name":"wp","href":"https:\/\/api.w.org\/{rel}","templated":true}]}}