{"id":8999,"date":"2018-01-13T09:23:41","date_gmt":"2018-01-13T09:23:41","guid":{"rendered":"http:\/\/www.tatanka.nl\/?post_type=product&#038;p=8999"},"modified":"2025-05-20T10:35:58","modified_gmt":"2025-05-20T09:35:58","slug":"damiana-dried-herbs","status":"publish","type":"product","link":"https:\/\/www.tatanka.nl\/it\/damiana-dried-herbs\/","title":{"rendered":"Damiana Herbs"},"content":{"rendered":"<h2>Che cos'\u00e8 la Damiana?<\/h2>\n<p><strong>Damiana<\/strong> \u00e8 un arbusto originario dell'America centrale e meridionale, ampiamente riconosciuto per i suoi diversi usi terapeutici. L'erba appartiene alla famiglia delle Passifloraceae ed \u00e8 caratterizzata da fiori gialli e foglie verdi. In particolare, la Damiana \u00e8 stata a lungo apprezzata per i suoi effetti sul benessere sessuale. Storicamente, la pianta \u00e8 stata utilizzata dalle culture indigene del Messico per aumentare la libido e migliorare le prestazioni sessuali. \u00c8 anche nota per le sue lievi propriet\u00e0 psicoattive che favoriscono il rilassamento e il senso di benessere, come una forma leggera di cannabis, ma senza il THC.<\/p>\n<p>La damiana agisce stimolando il sistema nervoso e promuovendo un migliore flusso sanguigno nelle aree genitali, che pu\u00f2 contribuire ad aumentare il desiderio sessuale e a migliorare le prestazioni. Se tradizionalmente questa erba veniva consumata sotto forma di t\u00e8 o di foglie essiccate, oggi \u00e8 disponibile anche sotto forma di integratore, il che rende facile godere dei suoi benefici in modo pratico e diretto.<\/p>\n<h2>Storia della Damiana<\/h2>\n<p>La storia di <strong>Damiana<\/strong> risale a secoli fa, con un uso significativo da parte delle popolazioni indigene in tutto il Messico e nelle regioni pi\u00f9 ampie dell'America centrale e meridionale. Era molto apprezzata dalle culture antiche, che la utilizzavano per una serie di scopi medicinali, tra cui il miglioramento della salute sessuale e il trattamento di condizioni come ansia, depressione e affaticamento. La reputazione della pianta come afrodisiaco era ben consolidata e in alcune culture native americane era persino incorporata nei rituali religiosi.<\/p>\n<p>L'importanza storica della Damiana pu\u00f2 essere ricondotta al suo ruolo nelle pratiche culturali, soprattutto in Messico, dove \u00e8 stata un punto fermo della medicina tradizionale. \u00c8 stata persino utilizzata per produrre una bevanda alcolica tradizionale, il \"liquore di Damiana\", che \u00e8 ancora popolare oggi. Nel corso del tempo, la sua reputazione di migliorare la vitalit\u00e0 sessuale si \u00e8 mantenuta, e i consumatori moderni continuano a rivolgersi a questa erba per migliorare la libido e il benessere generale.<\/p>\n<p>Nonostante l'uso secolare, la popolarit\u00e0 della Damiana ha iniziato a diffondersi a livello internazionale solo nel XIX e XX secolo, con la crescita dell'interesse per i rimedi naturali e la medicina alternativa. Oggi \u00e8 ancora ampiamente utilizzata per i suoi presunti benefici per la salute, tra cui la capacit\u00e0 di aumentare l'energia e migliorare le prestazioni sessuali.<\/p>\n<h2>Come usare la Damiana<\/h2>\n<p>Esistono diversi modi per incorporare <strong>Damiana<\/strong> nella vostra routine quotidiana per trarre i suoi benefici. Il metodo pi\u00f9 tradizionale \u00e8 la preparazione di un t\u00e8, che consiste nel mettere in infusione le foglie essiccate della pianta in acqua calda. In questo modo i composti attivi della damiana vengono rilasciati, offrendo un leggero effetto rilassante e promuovendo la salute sessuale. Il t\u00e8 di Damiana pu\u00f2 essere gustato da solo o combinato con altre erbe, come la Muira Puama, per un'esperienza migliore.<\/p>\n<p>In alternativa, la Damiana pu\u00f2 essere assunta sotto forma di integratore, offrendo un'opzione pi\u00f9 comoda per chi preferisce un'assunzione rapida e semplice. \u00c8 importante attenersi alla dose consigliata - tipicamente 1 grammo al giorno - per poter godere degli effetti energizzanti e di aumento della libido dell'erba senza eccedere nel consumo. Come per qualsiasi altro integratore, si consiglia di iniziare con una dose pi\u00f9 bassa e di aumentarla gradualmente per valutare la risposta dell'organismo.<\/p>\n<p>Per chi ama il gusto delle tisane, la Damiana pu\u00f2 essere combinata con altri ingredienti per creare una bevanda piacevole e benefica. Che la si usi per rilassarsi dopo una lunga giornata o per prepararsi a una serata intima, questa erba \u00e8 flessibile e facile da incorporare nel proprio stile di vita.<\/p>\n<h2>Ingredienti della Damiana<\/h2>\n<p>L'ingrediente principale di <strong>Damiana<\/strong> \u00e8 la foglia di <em>Turnera Diffusa<\/em>, una pianta originaria dell'America centrale e meridionale. Le foglie di questa pianta vengono accuratamente raccolte ed essiccate per preservarne le propriet\u00e0 naturali. Sebbene l'erba sia ampiamente riconosciuta per i suoi effetti afrodisiaci, contiene anche composti che si ritiene promuovano il rilassamento, riducano l'ansia e migliorino l'umore.<\/p>\n<p>I costituenti attivi della Damiana includono flavonoidi, alcaloidi e oli essenziali, che lavorano insieme per fornire una serie di benefici. Questi composti hanno lievi effetti stimolanti e rilassanti sul sistema nervoso, che possono contribuire a migliorare la concentrazione, l'energia e il senso di benessere. Nonostante i suoi effetti psicoattivi, la Damiana \u00e8 priva di THC, il composto responsabile dello \"sballo\" associato alla marijuana, il che la rende un'alternativa sicura per chi cerca un blando stimolante dell'umore senza gli effetti intossicanti.<\/p>\n<p><strong>Attenzione:<\/strong><\/p>\n<p>La Damiana deve essere utilizzata solo da persone di et\u00e0 superiore ai 18 anni. Deve essere tenuta fuori dalla portata dei bambini. Chi soffre di patologie cardiache o renali, pressione alta o bassa, diabete o chi \u00e8 sotto l'effetto di farmaci, droghe o alcol deve evitare di usare la Damiana. Non deve essere assunta in combinazione con gli inibitori MAO. Poich\u00e9 questo prodotto \u00e8 un integratore alimentare, deve essere utilizzato come tale e non come sostituto di una dieta equilibrata. Assicurarsi di controllare l'integrit\u00e0 del sigillo della confezione prima dell'uso, poich\u00e9 il prodotto non deve essere consumato se il sigillo \u00e8 rotto.<\/p>","protected":false},"excerpt":{"rendered":"<p><span style=\"color: #000000;\">L'erba dell'amore Damiana \u00e8 un'erba misteriosa con effetti libidici e psicoattivi. Rilassa e ha un effetto euforico. Questa erba Damiana essiccata \u00e8 pi\u00f9 leggera dell'estratto di Damiana 10x. Da preparare come t\u00e8 o da fumare.\u00a0 <\/span><\/p>","protected":false},"featured_media":125954,"template":"","meta":[],"product_brand":[],"product_cat":[597,297,531,576,573,383,476],"product_tag":[],"class_list":{"0":"post-8999","1":"product","2":"type-product","3":"status-publish","4":"has-post-thumbnail","6":"product_cat-indian-elements","7":"product_cat-all-products","8":"product_cat-aphrodisiacs","9":"product_cat-sex-products-for-couples","10":"product_cat-sex-products-top-10","11":"product_cat-sex-shop","12":"product_cat-smartshop","14":"first","15":"instock","16":"taxable","17":"shipping-taxable","18":"purchasable","19":"product-type-variable"},"_links":{"self":[{"href":"https:\/\/www.tatanka.nl\/it\/wp-json\/wp\/v2\/product\/8999","targetHints":{"allow":["GET"]}}],"collection":[{"href":"https:\/\/www.tatanka.nl\/it\/wp-json\/wp\/v2\/product"}],"about":[{"href":"https:\/\/www.tatanka.nl\/it\/wp-json\/wp\/v2\/types\/product"}],"wp:featuredmedia":[{"embeddable":true,"href":"https:\/\/www.tatanka.nl\/it\/wp-json\/wp\/v2\/media\/125954"}],"wp:attachment":[{"href":"https:\/\/www.tatanka.nl\/it\/wp-json\/wp\/v2\/media?parent=8999"}],"wp:term":[{"taxonomy":"product_brand","embeddable":true,"href":"https:\/\/www.tatanka.nl\/it\/wp-json\/wp\/v2\/product_brand?post=8999"},{"taxonomy":"product_cat","embeddable":true,"href":"https:\/\/www.tatanka.nl\/it\/wp-json\/wp\/v2\/product_cat?post=8999"},{"taxonomy":"product_tag","embeddable":true,"href":"https:\/\/www.tatanka.nl\/it\/wp-json\/wp\/v2\/product_tag?post=8999"}],"curies":[{"name":"wp","href":"https:\/\/api.w.org\/{rel}","templated":true}]}}