{"id":11396,"date":"2018-02-14T17:12:36","date_gmt":"2018-02-14T17:12:36","guid":{"rendered":"http:\/\/www.tatanka.nl\/?post_type=product&#038;p=11396"},"modified":"2025-05-20T10:28:41","modified_gmt":"2025-05-20T09:28:41","slug":"hempcare-raw-5-cbd-oil-30ml","status":"publish","type":"product","link":"https:\/\/www.tatanka.nl\/nl\/hempcare-raw-5-cbd-oil-30ml\/","title":{"rendered":"HempCare Raw 5% CBD olie 30ml"},"content":{"rendered":"<h2>HempCare Raw 5% CBD olie 30ml<\/h2>\n<h2 data-start=\"0\" data-end=\"31\">Wat is Hempcare RAW 5% CBD?<\/h2>\n<p data-start=\"33\" data-end=\"652\">Hempcare RAW 5% CBD is een hoogwaardige, biologische CBD olie afkomstig van hennep. Dit product is in zijn puurste vorm en biedt een onbewerkt, rauw extract dat alle natuurlijke bestanddelen van de hennepplant behoudt, zoals cannabino\u00efden, terpenen en flavono\u00efden. Deze verbindingen werken samen om holistische voordelen voor het lichaam te bieden, zonder de psychoactieve effecten die geassocieerd worden met THC. Hempcare RAW 5% CBD wordt gemaakt met behulp van CO2-extractie, een methode die de natuurlijke integriteit van de plant behoudt en zorgt voor een schoon, effectief product. Dit product is ideaal voor mensen die CBD nog niet kennen of de voorkeur geven aan een organische, natuurlijke remedie.<\/p>\n<h2 data-start=\"654\" data-end=\"687\">Geschiedenis van Hempcare RAW 5% CBD<\/h2>\n<p data-start=\"689\" data-end=\"1292\">CBD wordt al eeuwenlang erkend om zijn therapeutische eigenschappen, maar het gebruik ervan heeft de afgelopen jaren steeds meer aandacht gekregen. Oude beschavingen begrepen de medicinale voordelen van CBD en in de 20e eeuw begon wetenschappelijk onderzoek de potenti\u00eble gezondheidsvoordelen te bevestigen. Hempcare RAW 5% CBD maakt deel uit van de moderne CBD beweging en biedt een rauwe en ongeraffineerde optie voor gebruikers die op zoek zijn naar een pure CBD ervaring. Het product is gemaakt van zorgvuldig geselecteerde organische hennepplanten en de CO2 extractiemethode zorgt voor een betrouwbare keuze voor diegenen die op zoek zijn naar het volledige spectrum van de voordelen van hennep.<\/p>\n<h2 data-start=\"1294\" data-end=\"1327\">Hoe Hempcare RAW 5% CBD gebruiken<\/h2>\n<p data-start=\"1329\" data-end=\"1923\">Om de voordelen van Hempcare RAW 5% CBD te maximaliseren, wordt aangeraden om de olie sublinguaal in te nemen, door een paar druppels onder de tong te plaatsen. Deze methode zorgt voor een snellere opname in de bloedsomloop, wat zorgt voor snelle en effici\u00ebnte resultaten. Begin met een kleine dosering en verhoog deze geleidelijk naargelang je persoonlijke behoeften. Omdat dit een natuurlijk product is, kunnen de effecten van persoon tot persoon verschillen, dus het is belangrijk om je reactie in de gaten te houden en de dosering zo nodig aan te passen. Hempcare RAW 5% CBD wordt geleverd in een handige druppelflacon, waardoor het gemakkelijk te integreren is in je dagelijkse wellness routine.<\/p>\n<h2 data-start=\"1925\" data-end=\"1962\">Ingredi\u00ebnten van Hempcare RAW 5% CBD<\/h2>\n<p data-start=\"1964\" data-end=\"2547\">Hempcare RAW 5% CBD is gemaakt van 100% natuurlijke ingredi\u00ebnten, wat zorgt voor een puur en biologisch product. Het belangrijkste ingredi\u00ebnt is hennep extract, dat een verscheidenheid aan cannabino\u00efden bevat, waaronder CBD en CBG, samen met terpenen en flavono\u00efden. Deze verbindingen werken samen om de algehele gezondheid en het welzijn te ondersteunen. Daarnaast bevat het product hennepzaadolie, dat voedende essenti\u00eble vetzuren levert. Deze combinatie van van hennep afgeleide ingredi\u00ebnten zorgt ervoor dat Hempcare RAW 5% CBD een uitgebreide reeks voordelen biedt, zoals het bevorderen van ontspanning en het verminderen van ontstekingen.<\/p>\n<p data-start=\"2549\" data-end=\"2559\"><strong>Waarschuwing<\/strong><\/p>\n<p data-start=\"2561\" data-end=\"2823\" data-is-last-node=\"\">Zoals met elk natuurlijk supplement is het belangrijk om een arts te raadplegen voordat je begint met een nieuw CBD-schema, vooral als je zwanger bent, borstvoeding geeft of een bestaande gezondheidstoestand hebt. Buiten bereik van kinderen bewaren en op een koele, droge plaats bewaren.<\/p>","protected":false},"excerpt":{"rendered":"<p><span style=\"color: #000000;\">Hempcare CBD raw oil is sterk geconcentreerd en bevat naast 5% CBD ook hennepzaadolie met vitamine B en E!<\/span><\/p>\n<p><span style=\"color: #000000;\">Vol antioxidanten, gezonde vetzuren 3 en 6 en krachtig CBD-hennepolie-extract, dat Raw Cbd bevat dat helpt het lichaam weer op te bouwen. Bevat 30 ml.<\/span><\/p>","protected":false},"featured_media":126594,"template":"","meta":[],"product_brand":[],"product_cat":[601,297,485,371,483],"product_tag":[],"class_list":{"0":"post-11396","1":"product","2":"type-product","3":"status-publish","4":"has-post-thumbnail","6":"product_cat-hempcare","7":"product_cat-all-products","8":"product_cat-cbd-oils","9":"product_cat-cbd-top-10","10":"product_cat-cbdshop","12":"first","13":"instock","14":"taxable","15":"shipping-taxable","16":"purchasable","17":"product-type-variable"},"_links":{"self":[{"href":"https:\/\/www.tatanka.nl\/nl\/wp-json\/wp\/v2\/product\/11396","targetHints":{"allow":["GET"]}}],"collection":[{"href":"https:\/\/www.tatanka.nl\/nl\/wp-json\/wp\/v2\/product"}],"about":[{"href":"https:\/\/www.tatanka.nl\/nl\/wp-json\/wp\/v2\/types\/product"}],"wp:featuredmedia":[{"embeddable":true,"href":"https:\/\/www.tatanka.nl\/nl\/wp-json\/wp\/v2\/media\/126594"}],"wp:attachment":[{"href":"https:\/\/www.tatanka.nl\/nl\/wp-json\/wp\/v2\/media?parent=11396"}],"wp:term":[{"taxonomy":"product_brand","embeddable":true,"href":"https:\/\/www.tatanka.nl\/nl\/wp-json\/wp\/v2\/product_brand?post=11396"},{"taxonomy":"product_cat","embeddable":true,"href":"https:\/\/www.tatanka.nl\/nl\/wp-json\/wp\/v2\/product_cat?post=11396"},{"taxonomy":"product_tag","embeddable":true,"href":"https:\/\/www.tatanka.nl\/nl\/wp-json\/wp\/v2\/product_tag?post=11396"}],"curies":[{"name":"wp","href":"https:\/\/api.w.org\/{rel}","templated":true}]}}