{"id":1001,"date":"2017-08-20T16:03:41","date_gmt":"2017-08-20T16:03:41","guid":{"rendered":"http:\/\/www.tatanka.nl\/?page_id=1001"},"modified":"2025-04-16T15:57:44","modified_gmt":"2025-04-16T14:57:44","slug":"shipping-psychedelics","status":"publish","type":"page","link":"https:\/\/www.tatanka.nl\/pl\/shipping-psychedelics\/","title":{"rendered":"Metody wysy\u0142ki"},"content":{"rendered":"<div id=\"gap-817807556\" class=\"gap-element clearfix\" style=\"display:block; height:auto;\">\n\t\t\n<style>\n#gap-817807556 {\n  padding-top: 70px;\n}\n<\/style>\n\t<\/div>\n\t\n\n<div class=\"row row-large\"  id=\"row-553834578\">\n\n\n\t<div id=\"col-1817147361\" class=\"col small-12 large-12\"  >\n\t\t\t\t<div class=\"col-inner text-left\"  >\n\t\t\t\n\t\t\t\n\n<h1>Czy wysy\u0142acie do mojego kraju?<\/h1>\n<p>Wysy\u0142amy do wi\u0119kszo\u015bci kraj\u00f3w UE. Mo\u017cna je znale\u017a\u0107 w poni\u017cszej tabeli. Wszystkie nasze paczki z UE wysy\u0142amy za po\u015brednictwem DHL, DPD lub PostNL w zale\u017cno\u015bci od obszaru. W ten spos\u00f3b mo\u017cemy zapewni\u0107 najlepsz\u0105 mo\u017cliw\u0105 obs\u0142ug\u0119. Zawsze otrzymasz kod \u015bledzenia przesy\u0142ki, kt\u00f3ry umo\u017cliwia \u015bledzenie paczki od drzwi do drzwi.<\/p>\n<table class=\"tblcal;\">\n<tbody>\n<tr>\n<th class=\"tblcall\">Kraj<\/th>\n<th class=\"tblcalll\">Dostawa<\/th>\n<th class=\"tblcallll\">Koszty<\/th>\n<th class=\"tblcalllll\" style=\"text-align: left;\">Bezp\u0142atna wysy\u0142ka<\/th>\n<\/tr>\n<tr>\n<td>Austria<\/td>\n<td>2 - 3<\/td>\n<td>\u20ac11,95<\/td>\n<td style=\"text-align: left;\">\u20ac125,-<\/td>\n<\/tr>\n<tr>\n<td>Belgia<\/td>\n<td>1 - 2<\/td>\n<td>\u20ac7,95<\/td>\n<td style=\"text-align: left;\">\u20ac125,-<\/td>\n<\/tr>\n<tr>\n<td>Bu\u0142garia<\/td>\n<td>6 - 8<\/td>\n<td>\u20ac21,95<\/td>\n<td style=\"text-align: left;\">\u20ac125,-<\/td>\n<\/tr>\n<tr>\n<td>Chorwacja<\/td>\n<td>3 - 5<\/td>\n<td>\u20ac17,95<\/td>\n<td style=\"text-align: left;\">\u20ac125,-<\/td>\n<\/tr>\n<tr>\n<td>Republika Czeska<\/td>\n<td>2 - 4<\/td>\n<td>\u20ac13,95<\/td>\n<td style=\"text-align: left;\">\u20ac125,-<\/td>\n<\/tr>\n<tr>\n<td>Estonia<\/td>\n<td>4 - 6<\/td>\n<td>\u20ac19,95<\/td>\n<td style=\"text-align: left;\">\u20ac125,-<\/td>\n<\/tr>\n<tr>\n<td>Francja<\/td>\n<td>2 - 3<\/td>\n<td>\u20ac10,95<\/td>\n<td style=\"text-align: left;\">\u20ac125,-<\/td>\n<\/tr>\n<tr>\n<td>Niemcy<\/td>\n<td>1 - 3<\/td>\n<td>\u20ac7,95<\/td>\n<td style=\"text-align: left;\">\u20ac125,-<\/td>\n<\/tr>\n<tr>\n<td>Grecja<\/td>\n<td>6 - 8<\/td>\n<td>\u20ac21,95<\/td>\n<td style=\"text-align: left;\">\u20ac125,-<\/td>\n<\/tr>\n<tr>\n<td>Irlandia<\/td>\n<td>3 - 4<\/td>\n<td>\u20ac16,95<\/td>\n<td style=\"text-align: left;\">\u20ac125,-<\/td>\n<\/tr>\n<tr>\n<td>W\u0142ochy<\/td>\n<td>2 - 4<\/td>\n<td>\u20ac18,95<\/td>\n<td style=\"text-align: left;\">\u20ac125,-<\/td>\n<\/tr>\n<tr>\n<td>\u0141otwa<\/td>\n<td>3 - 5<\/td>\n<td>\u20ac15,95<\/td>\n<td style=\"text-align: left;\">\u20ac125,-<\/td>\n<\/tr>\n<tr>\n<td>Litwa<\/td>\n<td>3 - 5<\/td>\n<td>\u20ac22,95<\/td>\n<td style=\"text-align: left;\">\u20ac125,-<\/td>\n<\/tr>\n<tr>\n<td>Luksemburg<\/td>\n<td>1 - 2<\/td>\n<td>\u20ac11,95<\/td>\n<td style=\"text-align: left;\">\u20ac125,-<\/td>\n<\/tr>\n<tr>\n<td>Holandia<\/td>\n<td>1 - 2<\/td>\n<td>\u20ac6,95<\/td>\n<td style=\"text-align: left;\">\u20ac125,-<\/td>\n<\/tr>\n<tr>\n<td>Polska<\/td>\n<td>2 - 3<\/td>\n<td>\u20ac14,95<\/td>\n<td style=\"text-align: left;\">\u20ac125,-<\/td>\n<\/tr>\n<tr>\n<td>Portugalia<\/td>\n<td>3 - 4<\/td>\n<td>\u20ac20,95<\/td>\n<td style=\"text-align: left;\">\u20ac125,-<\/td>\n<\/tr>\n<tr>\n<td>Rumunia<\/td>\n<td>3 - 5<\/td>\n<td>\u20ac17,95<\/td>\n<td style=\"text-align: left;\">\u20ac125,-<\/td>\n<\/tr>\n<tr>\n<td>S\u0142owacja<\/td>\n<td>3 - 5<\/td>\n<td>\u20ac17,95<\/td>\n<td style=\"text-align: left;\">\u20ac125,-<\/td>\n<\/tr>\n<tr>\n<td>S\u0142owenia<\/td>\n<td>2 - 3<\/td>\n<td>\u20ac17,95<\/td>\n<td style=\"text-align: left;\">\u20ac125,-<\/td>\n<\/tr>\n<tr>\n<td>Hiszpania<\/td>\n<td>2 - 3<\/td>\n<td>\u20ac14,95<\/td>\n<td style=\"text-align: left;\">\u20ac125,-<\/td>\n<\/tr>\n<\/tbody>\n<\/table>\n<p>* Trudno dost\u0119pne obszary, takie jak wyspy lub inne odleg\u0142e regiony, b\u0119d\u0105 kosztowa\u0107 oko\u0142o 20,- \u20ac wi\u0119cej ze wzgl\u0119du na dodatkowe op\u0142aty przewo\u017anika.<\/p>\n<p>Uwaga: Staramy si\u0119 wysy\u0142a\u0107 wszystkie zam\u00f3wienia w ci\u0105gu 1 dnia roboczego, wszystkie czasy dostawy s\u0105 szacowane i mog\u0105 si\u0119 r\u00f3\u017cni\u0107 ze wzgl\u0119du na ruch i \u015bwi\u0119ta.<\/p>\n\n\t\t<\/div>\n\t\t\t\t\t<\/div>\n\n\t\n\n<\/div>\n\n\t<section class=\"section\" id=\"section_218374306\">\n\t\t<div class=\"section-bg fill\" >\n\t\t\t\t\t\t\t\t\t<div class=\"section-bg-overlay absolute fill\"><\/div>\n\t\t\t\n\t<div class=\"is-border\"\n\t\tstyle=\"border-width:0px 0px 0px 0px;\">\n\t<\/div>\n\n\t\t<\/div>\n\n\t\t\n\n\t\t<div class=\"section-content relative\">\n\t\t\t\n\n<div class=\"row row-large align-middle\"  id=\"row-859828702\">\n\n\n\t<div id=\"col-646063205\" class=\"col medium-6 small-12 large-6\"  >\n\t\t\t\t<div class=\"col-inner text-left dark\"  >\n\t\t\t\n\t\t\t\n\n<h2>Dyskretna wysy\u0142ka<\/h3>\n<p>Wszystkie nasze paczki w UE wysy\u0142amy za po\u015brednictwem DHL, DPD lub PostNL w zale\u017cno\u015bci od obszaru.<\/p>\n<p>Wszystkie nasze zam\u00f3wienia s\u0105 pakowane i wysy\u0142ane dyskretnie. Nie ma odniesienia do tego, kto jest nadawc\u0105. Nie ma r\u00f3wnie\u017c odniesienia do zawarto\u015bci. Na paczce nie znajduje si\u0119 \u017cadne logo ani tekst z napisem \"Tatanka\".<\/p>\n\n\t\t<\/div>\n\t\t\t\t\t<\/div>\n\n\t\n\n\t<div id=\"col-607387012\" class=\"col medium-6 small-12 large-6 small-col-first\"  >\n\t\t\t\t<div class=\"col-inner\"  >\n\t\t\t\n\t\t\t\n\n\t<div class=\"img has-hover x md-x lg-x y md-y lg-y\" id=\"image_1189520636\">\n\t\t\t\t\t\t\t\t<div class=\"img-inner image-cover dark\" style=\"padding-top:75%;\">\n\t\t\t<img loading=\"lazy\" decoding=\"async\" width=\"600\" height=\"400\" src=\"https:\/\/www.tatanka.nl\/wp-content\/uploads\/2018\/05\/Discreet-Shipping-Tatanka.jpg\" class=\"attachment-original size-original\" alt=\"- Tatanka.nl\" srcset=\"https:\/\/www.tatanka.nl\/wp-content\/uploads\/2018\/05\/Discreet-Shipping-Tatanka.jpg 600w, https:\/\/www.tatanka.nl\/wp-content\/uploads\/2018\/05\/Discreet-Shipping-Tatanka-420x280.jpg 420w, https:\/\/www.tatanka.nl\/wp-content\/uploads\/2018\/05\/Discreet-Shipping-Tatanka-64x43.jpg 64w\" sizes=\"auto, (max-width: 600px) 100vw, 600px\" title=\"- Tatanka.nl\">\t\t\t\t\t\t\n\t\t\t\t\t<\/div>\n\t\t\t\t\t\t\t\t\n<style>\n#image_1189520636 {\n  width: 100%;\n}\n<\/style>\n\t<\/div>\n\t\n\n\t<div id=\"gap-1079764317\" class=\"gap-element clearfix\" style=\"display:block; height:auto;\">\n\t\t\n<style>\n#gap-1079764317 {\n  padding-top: 30px;\n}\n<\/style>\n\t<\/div>\n\t\n\n\n\t\t<\/div>\n\t\t\t\t\t<\/div>\n\n\t\n\n<\/div>\n\n\t\t<\/div>\n\n\t\t\n<style>\n#section_218374306 {\n  padding-top: 60px;\n  padding-bottom: 60px;\n}\n#section_218374306 .section-bg-overlay {\n  background-color: #000000;\n}\n<\/style>\n\t<\/section>\n\t\n\t<div id=\"gap-1368212786\" class=\"gap-element clearfix\" style=\"display:block; height:auto;\">\n\t\t\n<style>\n#gap-1368212786 {\n  padding-top: 60px;\n}\n<\/style>\n\t<\/div>\n\t\n\n<div class=\"row row-large\"  id=\"row-677779920\">\n\n\n\t<div id=\"col-1295458790\" class=\"col medium-6 small-12 large-6\"  >\n\t\t\t\t<div class=\"col-inner text-left\"  >\n\t\t\t\n\t\t\t\n\n\t<div class=\"img has-hover x md-x lg-x y md-y lg-y\" id=\"image_1017556801\">\n\t\t\t\t\t\t\t\t<div class=\"img-inner image-cover dark\" style=\"padding-top:75%;\">\n\t\t\t<img loading=\"lazy\" decoding=\"async\" width=\"500\" height=\"300\" src=\"https:\/\/www.tatanka.nl\/wp-content\/uploads\/2018\/05\/Track-and-Trace-your-Package.jpg\" class=\"attachment-original size-original\" alt=\"- Tatanka.nl\" srcset=\"https:\/\/www.tatanka.nl\/wp-content\/uploads\/2018\/05\/Track-and-Trace-your-Package.jpg 500w, https:\/\/www.tatanka.nl\/wp-content\/uploads\/2018\/05\/Track-and-Trace-your-Package-420x252.jpg 420w, https:\/\/www.tatanka.nl\/wp-content\/uploads\/2018\/05\/Track-and-Trace-your-Package-64x38.jpg 64w\" sizes=\"auto, (max-width: 500px) 100vw, 500px\" title=\"- Tatanka.nl\">\t\t\t\t\t\t\n\t\t\t\t\t<\/div>\n\t\t\t\t\t\t\t\t\n<style>\n#image_1017556801 {\n  width: 100%;\n}\n<\/style>\n\t<\/div>\n\t\n\n\t<div id=\"gap-270592017\" class=\"gap-element clearfix\" style=\"display:block; height:auto;\">\n\t\t\n<style>\n#gap-270592017 {\n  padding-top: 30px;\n}\n<\/style>\n\t<\/div>\n\t\n\n\n\t\t<\/div>\n\t\t\t\t\t<\/div>\n\n\t\n\n\t<div id=\"col-2126866077\" class=\"col medium-6 small-12 large-6\"  >\n\t\t\t\t<div class=\"col-inner\"  >\n\t\t\t\n\t\t\t\n\n<h1>\u015aledzenie i monitorowanie wysy\u0142ki<\/h1>\n<p>Gdy kurier odbierze paczk\u0119, otrzymasz wiadomo\u015b\u0107 e-mail z linkiem do \u015bledzenia przesy\u0142ki.<\/p>\n<p>Je\u015bli paczka nie zostanie dostarczona, kurier zazwyczaj spr\u00f3buje dostarczy\u0107 paczk\u0119 jeszcze kilka razy. Je\u015bli paczka zostanie dostarczona w inne miejsce, kurier zostawi awizo z adresem najbli\u017cszego urz\u0119du pocztowego, w kt\u00f3rym mo\u017cna j\u0105 odebra\u0107. W wyj\u0105tkowych przypadkach kurier dostarczy paczk\u0119 do s\u0105siad\u00f3w. Ale nie martw si\u0119, dzi\u0119ki dyskretnej wysy\u0142ce nikt nie wie, co znajduje si\u0119 w paczce.<\/p>\n<p>Mo\u017cesz skontaktowa\u0107 si\u0119 z firm\u0105 kuriersk\u0105, podaj\u0105c numer przesy\u0142ki, aby unikn\u0105\u0107 odes\u0142ania paczki z powrotem do nas. Zazwyczaj paczka pozostaje na poczcie od 1 do 2 tygodni.<\/p>\n<p><strong>Nie otrzyma\u0142e\u015b numeru \u015bledzenia?<\/strong> Sprawd\u017a spam. Nie ma? Prosimy o kontakt<strong>.<\/strong><\/p>\n\t<div id=\"gap-649689378\" class=\"gap-element clearfix\" style=\"display:block; height:auto;\">\n\t\t\n<style>\n#gap-649689378 {\n  padding-top: 30px;\n}\n<\/style>\n\t<\/div>\n\t\n\n\n\t\t<\/div>\n\t\t\t\t\t<\/div>\n\n\t\n\n<\/div>\n\n\t<section class=\"section\" id=\"section_1899893659\">\n\t\t<div class=\"section-bg fill\" >\n\t\t\t\t\t\t\t\t\t<div class=\"section-bg-overlay absolute fill\"><\/div>\n\t\t\t\n\t<div class=\"is-border\"\n\t\tstyle=\"border-width:0px 0px 0px 0px;\">\n\t<\/div>\n\n\t\t<\/div>\n\n\t\t\n\n\t\t<div class=\"section-content relative\">\n\t\t\t\n\n<div class=\"row row-large align-middle\"  id=\"row-1980910920\">\n\n\n\t<div id=\"col-311603702\" class=\"col medium-6 small-12 large-6\"  >\n\t\t\t\t<div class=\"col-inner dark\"  >\n\t\t\t\n\t\t\t\n\n<h1>Status prawny w moim kraju<\/h1>\n<p>Wszystkie nasze produkty s\u0105 naturalne, suplementy i legalne w Holandii. Mo\u017cesz z\u0142o\u017cy\u0107 zam\u00f3wienie tylko, je\u015bli masz uko\u0144czone 18 lat. U\u017cytkownik jest odpowiedzialny za zapoznanie si\u0119 ze statusem prawnym naszych produkt\u00f3w w swoim kraju. Przed dokonaniem zakupu nale\u017cy zapozna\u0107 si\u0119 z przepisami obowi\u0105zuj\u0105cymi w danym kraju.<\/p>\n<p><strong>Wa\u017cne:<\/strong> Nie zwracamy pieni\u0119dzy, je\u015bli organy celne zaj\u0119\u0142y paczk\u0119. Mog\u0105 j\u0105 przej\u0105\u0107 zar\u00f3wno przed, jak i po wys\u0142aniu do kraju klienta. Zawsze mo\u017cesz jednak \u015bledzi\u0107 przesy\u0142k\u0119 i \u015bledzi\u0107 jej najnowszy status.<\/p>\n<p>Prosimy o zapoznanie si\u0119 z nasz\u0105 <span style=\"color: #749a00;\"><a style=\"color: #749a00;\" href=\"https:\/\/www.tatanka.nl\/pl\/terms-and-conditions\/\" rel=\"noopener\"><strong>Zasady i warunki.<\/strong><\/a><\/span><\/p>\n\n\t\t<\/div>\n\t\t\t\t\t<\/div>\n\n\t\n\n\t<div id=\"col-1950186212\" class=\"col medium-6 small-12 large-6 small-col-first\"  >\n\t\t\t\t<div class=\"col-inner\"  >\n\t\t\t\n\t\t\t\n\n\t<div class=\"img has-hover x md-x lg-x y md-y lg-y\" id=\"image_1273169487\">\n\t\t\t\t\t\t\t\t<div class=\"img-inner image-cover dark\" style=\"padding-top:75%;\">\n\t\t\t<img loading=\"lazy\" decoding=\"async\" width=\"500\" height=\"341\" src=\"https:\/\/www.tatanka.nl\/wp-content\/uploads\/2018\/05\/Tatanka-delivery.jpg\" class=\"attachment-original size-original\" alt=\"- Tatanka.nl\" srcset=\"https:\/\/www.tatanka.nl\/wp-content\/uploads\/2018\/05\/Tatanka-delivery.jpg 500w, https:\/\/www.tatanka.nl\/wp-content\/uploads\/2018\/05\/Tatanka-delivery-420x286.jpg 420w, https:\/\/www.tatanka.nl\/wp-content\/uploads\/2018\/05\/Tatanka-delivery-64x44.jpg 64w\" sizes=\"auto, (max-width: 500px) 100vw, 500px\" title=\"- Tatanka.nl\">\t\t\t\t\t\t\n\t\t\t\t\t<\/div>\n\t\t\t\t\t\t\t\t\n<style>\n#image_1273169487 {\n  width: 100%;\n}\n<\/style>\n\t<\/div>\n\t\n\n\t<div id=\"gap-447247749\" class=\"gap-element clearfix\" style=\"display:block; height:auto;\">\n\t\t\n<style>\n#gap-447247749 {\n  padding-top: 30px;\n}\n<\/style>\n\t<\/div>\n\t\n\n\n\t\t<\/div>\n\t\t\t\t\t<\/div>\n\n\t\n\n<\/div>\n\n\t\t<\/div>\n\n\t\t\n<style>\n#section_1899893659 {\n  padding-top: 60px;\n  padding-bottom: 60px;\n}\n#section_1899893659 .section-bg-overlay {\n  background-color: #000000;\n}\n<\/style>\n\t<\/section>\n\t\n\t<div id=\"gap-190331073\" class=\"gap-element clearfix\" style=\"display:block; height:auto;\">\n\t\t\n<style>\n#gap-190331073 {\n  padding-top: 40px;\n}\n<\/style>\n\t<\/div>\n\t\n\n<div class=\"row row-large align-middle\"  id=\"row-1715850192\">\n\n\n\t<div id=\"col-1031624255\" class=\"col medium-6 small-12 large-6\"  >\n\t\t\t\t<div class=\"col-inner\"  >\n\t\t\t\n\t\t\t\n\n\t<div class=\"img has-hover x md-x lg-x y md-y lg-y\" id=\"image_1062781848\">\n\t\t\t\t\t\t\t\t<div class=\"img-inner image-cover dark\" style=\"padding-top:75%;\">\n\t\t\t<img loading=\"lazy\" decoding=\"async\" width=\"600\" height=\"340\" src=\"https:\/\/www.tatanka.nl\/wp-content\/uploads\/2018\/05\/Shipping-after-Payment.jpg\" class=\"attachment-original size-original\" alt=\"- Tatanka.nl\" srcset=\"https:\/\/www.tatanka.nl\/wp-content\/uploads\/2018\/05\/Shipping-after-Payment.jpg 600w, https:\/\/www.tatanka.nl\/wp-content\/uploads\/2018\/05\/Shipping-after-Payment-420x238.jpg 420w, https:\/\/www.tatanka.nl\/wp-content\/uploads\/2018\/05\/Shipping-after-Payment-64x36.jpg 64w\" sizes=\"auto, (max-width: 600px) 100vw, 600px\" title=\"- Tatanka.nl\">\t\t\t\t\t\t\n\t\t\t\t\t<\/div>\n\t\t\t\t\t\t\t\t\n<style>\n#image_1062781848 {\n  width: 100%;\n}\n<\/style>\n\t<\/div>\n\t\n\n\t<div id=\"gap-186478217\" class=\"gap-element clearfix\" style=\"display:block; height:auto;\">\n\t\t\n<style>\n#gap-186478217 {\n  padding-top: 30px;\n}\n<\/style>\n\t<\/div>\n\t\n\n\n\t\t<\/div>\n\t\t\t\t\t<\/div>\n\n\t\n\n\t<div id=\"col-1201841091\" class=\"col medium-6 small-12 large-6\"  >\n\t\t\t\t<div class=\"col-inner text-left\"  >\n\t\t\t\n\t\t\t\n\n<h1><strong>Wysy\u0142amy po otrzymaniu p\u0142atno\u015bci<\/strong><\/h1>\n<p>Nale\u017cy pami\u0119ta\u0107, \u017ce mo\u017cemy przygotowa\u0107 zam\u00f3wienia dopiero po otrzymaniu p\u0142atno\u015bci. Paczka zostanie przygotowana w ci\u0105gu 24 godzin od potwierdzenia p\u0142atno\u015bci.<\/p>\n<p>Niekt\u00f3re metody p\u0142atno\u015bci, takie jak przelew bankowy, trwaj\u0105 do kilku dni. Je\u015bli korzystasz z metody bankowo\u015bci internetowej, niemal natychmiast otrzymujemy p\u0142atno\u015b\u0107, dzi\u0119ki czemu mo\u017cemy szybciej wys\u0142a\u0107 paczk\u0119.<\/p>\n<a href=\"https:\/\/www.tatanka.nl\/pl\/payment-methods\/\" class=\"button primary box-shadow-2 box-shadow-4-hover\" >\n\t\t<span>Opcje p\u0142atno\u015bci<\/span>\n\t<\/a>\n\n\n\n\t\t<\/div>\n\t\t\t\t\t<\/div>\n\n\t\n\n<\/div>\n\t<div id=\"gap-555402472\" class=\"gap-element clearfix\" style=\"display:block; height:auto;\">\n\t\t\n<style>\n#gap-555402472 {\n  padding-top: 30px;\n}\n<\/style>\n\t<\/div>\n\t\n\n\n\t<section class=\"section\" id=\"section_22186700\">\n\t\t<div class=\"section-bg fill\" >\n\t\t\t\t\t\t\t\t\t\n\t\t\t\n\n\t\t<\/div>\n\n\t\t\n\n\t\t<div class=\"section-content relative\">\n\t\t\t\n\n<div class=\"row align-middle align-center\"  id=\"row-931390719\">\n\n\n\t<div id=\"col-1375566846\" class=\"col medium-6 small-12 large-6\"  >\n\t\t\t\t<div class=\"col-inner text-left dark\"  >\n\t\t\t\n\t\t\t\n\n\t<div id=\"gap-377546358\" class=\"gap-element clearfix\" style=\"display:block; height:auto;\">\n\t\t\n<style>\n#gap-377546358 {\n  padding-top: 30px;\n}\n<\/style>\n\t<\/div>\n\t\n\n<h1>Bezp\u0142atna wysy\u0142ka<\/h1>\n<p>Oferujemy bezp\u0142atn\u0105 wysy\u0142k\u0119 przy zam\u00f3wieniach powy\u017cej 125 euro. Je\u015bli zam\u00f3wisz wi\u0119cej, zap\u0142acisz mniej. Wykorzystaj wszystkie korzy\u015bci i zacznij zakupy ju\u017c teraz!<\/p>\n<a href=\"https:\/\/www.tatanka.nl\/pl\/\" class=\"button success\" target=\"_blank\" rel=\"noopener\">\n\t\t<span>Kup teraz!<\/span>\n\t<\/a>\n\n\n\n\t\t<\/div>\n\t\t\t\t\t<\/div>\n\n\t\n\n\t<div id=\"col-2135941020\" class=\"col medium-4 small-12 large-4 small-col-first\"  >\n\t\t\t\t<div class=\"col-inner text-center\"  >\n\t\t\t\n\t\t\t\n\n\t<div class=\"img has-hover x md-x lg-x y md-y lg-y\" id=\"image_1867886422\">\n\t\t\t\t\t\t\t\t<div class=\"img-inner dark\" >\n\t\t\t<img loading=\"lazy\" decoding=\"async\" width=\"420\" height=\"400\" src=\"https:\/\/www.tatanka.nl\/wp-content\/uploads\/2018\/04\/Shipping.jpg\" class=\"attachment-original size-original\" alt=\"- Tatanka.nl\" srcset=\"https:\/\/www.tatanka.nl\/wp-content\/uploads\/2018\/04\/Shipping.jpg 420w, https:\/\/www.tatanka.nl\/wp-content\/uploads\/2018\/04\/Shipping-64x61.jpg 64w\" sizes=\"auto, (max-width: 420px) 100vw, 420px\" title=\"- Tatanka.nl\">\t\t\t\t\t\t\n\t\t\t\t\t<\/div>\n\t\t\t\t\t\t\t\t\n<style>\n#image_1867886422 {\n  width: 100%;\n}\n<\/style>\n\t<\/div>\n\t\n\n\n\t\t<\/div>\n\t\t\t\t\t<\/div>\n\n\t\n\n<\/div>\n\n\t\t<\/div>\n\n\t\t\n<style>\n#section_22186700 {\n  padding-top: 30px;\n  padding-bottom: 30px;\n  background-color: rgb(0,0,0);\n}\n<\/style>\n\t<\/section>\n\t\n\n\t<section class=\"section\" id=\"section_284683020\">\n\t\t<div class=\"section-bg fill\" >\n\t\t\t\t\t\t\t\t\t\n\t\t\t\n\n\t\t<\/div>\n\n\t\t\n\n\t\t<div class=\"section-content relative\">\n\t\t\t\n\n<div class=\"row align-middle align-center\"  id=\"row-1688728433\">\n\n\n\t<div id=\"col-99079103\" class=\"col medium-6 small-12 large-6\"  >\n\t\t\t\t<div class=\"col-inner\"  >\n\t\t\t\n\t\t\t\n\n\t<div id=\"gap-1582916107\" class=\"gap-element clearfix\" style=\"display:block; height:auto;\">\n\t\t\n<style>\n#gap-1582916107 {\n  padding-top: 50px;\n}\n<\/style>\n\t<\/div>\n\t\n\n\t<div class=\"img has-hover x md-x lg-x y md-y lg-y\" id=\"image_1338419693\">\n\t\t\t\t\t\t\t\t<div class=\"img-inner image-cover dark\" style=\"padding-top:75%;\">\n\t\t\t<img loading=\"lazy\" decoding=\"async\" width=\"550\" height=\"310\" src=\"https:\/\/www.tatanka.nl\/wp-content\/uploads\/2018\/05\/waiting-on-your-package.jpg\" class=\"attachment-original size-original\" alt=\"- Tatanka.nl\" srcset=\"https:\/\/www.tatanka.nl\/wp-content\/uploads\/2018\/05\/waiting-on-your-package.jpg 550w, https:\/\/www.tatanka.nl\/wp-content\/uploads\/2018\/05\/waiting-on-your-package-420x237.jpg 420w, https:\/\/www.tatanka.nl\/wp-content\/uploads\/2018\/05\/waiting-on-your-package-64x36.jpg 64w\" sizes=\"auto, (max-width: 550px) 100vw, 550px\" title=\"- Tatanka.nl\">\t\t\t\t\t\t\n\t\t\t\t\t<\/div>\n\t\t\t\t\t\t\t\t\n<style>\n#image_1338419693 {\n  width: 100%;\n}\n<\/style>\n\t<\/div>\n\t\n\n\t<div id=\"gap-1641789665\" class=\"gap-element clearfix\" style=\"display:block; height:auto;\">\n\t\t\n<style>\n#gap-1641789665 {\n  padding-top: 10px;\n}\n<\/style>\n\t<\/div>\n\t\n\n\n\t\t<\/div>\n\t\t\t\t\t<\/div>\n\n\t\n\n\t<div id=\"col-449298187\" class=\"col medium-6 small-12 large-6\"  >\n\t\t\t\t<div class=\"col-inner text-left dark\"  >\n\t\t\t\n\t\t\t\n\n\t<div id=\"gap-207138561\" class=\"gap-element clearfix\" style=\"display:block; height:auto;\">\n\t\t\n<style>\n#gap-207138561 {\n  padding-top: 50px;\n}\n<\/style>\n\t<\/div>\n\t\n\n<h1>Czekasz na swoj\u0105 paczk\u0119?<\/h1>\n<p>Przesy\u0142ka mo\u017ce by\u0107 op\u00f3\u017aniona, poniewa\u017c nie otrzymali\u015bmy jeszcze p\u0142atno\u015bci. R\u00f3wnie\u017c urz\u0105d celny lub lokalna firma pocztowa mog\u0105 op\u00f3\u017ani\u0107 lub zatrzyma\u0107 paczk\u0119. Inne czynniki to \u015bwi\u0119ta, pogoda i nieprawid\u0142owe lub brakuj\u0105ce dane adresowe.<\/p>\n<p><strong>Wa\u017cne:<\/strong> U\u017cytkownik jest odpowiedzialny za podanie pe\u0142nych i prawid\u0142owych danych dostawy w momencie zakupu. Tatanka nie ponosi odpowiedzialno\u015bci za nieprawid\u0142ow\u0105 dostaw\u0119, op\u00f3\u017anienia, brak dostawy lub poniesione op\u0142aty.<\/p>\n<p>Nie zwracamy pieni\u0119dzy, je\u015bli poda\u0142e\u015b nam nieprawid\u0142owe dane adresowe. Chyba \u017ce zam\u00f3wi\u0142e\u015b produkty, kt\u00f3re mo\u017cna przechowywa\u0107 d\u0142u\u017cej, a paczka zosta\u0142a do nas zwr\u00f3cona.<\/p>\n\t<div id=\"gap-516378502\" class=\"gap-element clearfix\" style=\"display:block; height:auto;\">\n\t\t\n<style>\n#gap-516378502 {\n  padding-top: 30px;\n}\n<\/style>\n\t<\/div>\n\t\n\n\n\t\t<\/div>\n\t\t\t\t\t<\/div>\n\n\t\n\n<\/div>\n\n\t\t<\/div>\n\n\t\t\n<style>\n#section_284683020 {\n  padding-top: 30px;\n  padding-bottom: 30px;\n  background-color: rgb(0,0,0);\n}\n<\/style>\n\t<\/section>","protected":false},"excerpt":{"rendered":"","protected":false},"author":1,"featured_media":0,"parent":0,"menu_order":0,"comment_status":"closed","ping_status":"closed","template":"page-blank.php","meta":{"footnotes":""},"class_list":["post-1001","page","type-page","status-publish","hentry"],"_links":{"self":[{"href":"https:\/\/www.tatanka.nl\/pl\/wp-json\/wp\/v2\/pages\/1001","targetHints":{"allow":["GET"]}}],"collection":[{"href":"https:\/\/www.tatanka.nl\/pl\/wp-json\/wp\/v2\/pages"}],"about":[{"href":"https:\/\/www.tatanka.nl\/pl\/wp-json\/wp\/v2\/types\/page"}],"author":[{"embeddable":true,"href":"https:\/\/www.tatanka.nl\/pl\/wp-json\/wp\/v2\/users\/1"}],"replies":[{"embeddable":true,"href":"https:\/\/www.tatanka.nl\/pl\/wp-json\/wp\/v2\/comments?post=1001"}],"version-history":[{"count":1,"href":"https:\/\/www.tatanka.nl\/pl\/wp-json\/wp\/v2\/pages\/1001\/revisions"}],"predecessor-version":[{"id":129195,"href":"https:\/\/www.tatanka.nl\/pl\/wp-json\/wp\/v2\/pages\/1001\/revisions\/129195"}],"wp:attachment":[{"href":"https:\/\/www.tatanka.nl\/pl\/wp-json\/wp\/v2\/media?parent=1001"}],"curies":[{"name":"wp","href":"https:\/\/api.w.org\/{rel}","templated":true}]}}