{"id":15152,"date":"2018-04-23T12:47:56","date_gmt":"2018-04-23T12:47:56","guid":{"rendered":"http:\/\/www.tatanka.nl\/?page_id=15152"},"modified":"2023-11-22T17:53:00","modified_gmt":"2023-11-22T15:53:00","slug":"about-us","status":"publish","type":"page","link":"https:\/\/www.tatanka.nl\/pl\/about-us\/","title":{"rendered":"O Tatance"},"content":{"rendered":"<div id=\"gap-53475750\" class=\"gap-element clearfix\" style=\"display:block; height:auto;\">\n\t\t\n<style>\n#gap-53475750 {\n  padding-top: 30px;\n}\n<\/style>\n\t<\/div>\n\t\n\n<div class=\"container section-title-container\" ><h3 class=\"section-title section-title-normal\"><b aria-hidden=\"true\"><\/b><span class=\"section-title-main\" style=\"font-size:149%;\">O Tatance<\/span><b aria-hidden=\"true\"><\/b><\/h3><\/div>\n\n<div class=\"row\"  id=\"row-1886470947\">\n\n\n\t<div id=\"col-1474991156\" class=\"col medium-8 small-12 large-8\"  >\n\t\t\t\t<div class=\"col-inner\"  >\n\t\t\t\n\t\t\t\n\n<h2 data-animated=\"true\" data-animate=\"fadeInLeft\">Do\u015bwiadczenie Tatanki od 1995 roku<\/h2>\n<p data-animated=\"true\" data-animate=\"fadeInLeft\">Ci, kt\u00f3rzy chc\u0105 prawdziwego \"amsterdamskiego do\u015bwiadczenia\", nie mog\u0105 omin\u0105\u0107 smartshopu Tatanka. Tatanka to rdzenne india\u0144skie s\u0142owo oznaczaj\u0105ce bizona, zwierz\u0119 totemiczne, kt\u00f3re ma zdolno\u015b\u0107 prowadzenia ludzi w kierunku silnego i niezale\u017cnego ducha.<\/p>\n<p data-animated=\"true\" data-animate=\"fadeInLeft\">I w\u0142a\u015bnie taka jest misja Tatanka Smartshop! Nie bez powodu w naszym sklepie pe\u0142nym naturalnych produkt\u00f3w panuje atmosfera otwarto\u015bci i tolerancji. Niezale\u017cnie od tego, czy szukasz \u015bwie\u017cych magicznych trufli dla intensywnych, euforycznych dozna\u0144, liquid-xtc dla zastrzyku energii, czy zi\u00f3\u0142, kt\u00f3re zintensyfikuj\u0105 Twoje \u017cycie seksualne: Tatanka to ma!<\/p>\n\n\t\t<\/div>\n\t\t\t\t\t<\/div>\n\n\t\n\n\t<div id=\"col-1531889118\" class=\"col medium-4 small-12 large-4 small-col-first\"  >\n\t\t\t\t<div class=\"col-inner\"  >\n\t\t\t\n\t\t\t\n\n\t<div class=\"img has-hover x md-x lg-x y md-y lg-y\" id=\"image_1857573484\">\n\t\t\t\t\t\t\t\t<div class=\"img-inner dark\" >\n\t\t\t<img loading=\"lazy\" decoding=\"async\" width=\"512\" height=\"512\" src=\"https:\/\/www.tatanka.nl\/wp-content\/uploads\/2018\/05\/Tatanka-Logo-512x512.jpg\" class=\"attachment-original size-original\" alt=\"- Tatanka.nl\" srcset=\"https:\/\/www.tatanka.nl\/wp-content\/uploads\/2018\/05\/Tatanka-Logo-512x512.jpg 512w, https:\/\/www.tatanka.nl\/wp-content\/uploads\/2018\/05\/Tatanka-Logo-512x512-420x420.jpg 420w, https:\/\/www.tatanka.nl\/wp-content\/uploads\/2018\/05\/Tatanka-Logo-512x512-100x100.jpg 100w, https:\/\/www.tatanka.nl\/wp-content\/uploads\/2018\/05\/Tatanka-Logo-512x512-64x64.jpg 64w, https:\/\/www.tatanka.nl\/wp-content\/uploads\/2018\/05\/Tatanka-Logo-512x512-380x380.jpg 380w\" sizes=\"auto, (max-width: 512px) 100vw, 512px\" title=\"- Tatanka.nl\">\t\t\t\t\t\t\n\t\t\t\t\t<\/div>\n\t\t\t\t\t\t\t\t\n<style>\n#image_1857573484 {\n  width: 100%;\n}\n<\/style>\n\t<\/div>\n\t\n\n\t<div id=\"gap-246107314\" class=\"gap-element clearfix\" style=\"display:block; height:auto;\">\n\t\t\n<style>\n#gap-246107314 {\n  padding-top: 10px;\n}\n<\/style>\n\t<\/div>\n\t\n\n\n\t\t<\/div>\n\t\t\t\t\t<\/div>\n\n\t\n\n<\/div>\n\n\t<section class=\"section dark\" id=\"section_1166149084\">\n\t\t<div class=\"section-bg fill\" >\n\t\t\t\t\t\t\t\t\t\n\t\t\t\n\n\t\t<\/div>\n\n\t\t\n\n\t\t<div class=\"section-content relative\">\n\t\t\t\n\n<div class=\"row row-large align-middle\"  id=\"row-574192722\">\n\n\n\t<div id=\"col-395975879\" class=\"col medium-6 small-12 large-6\"  >\n\t\t\t\t<div class=\"col-inner text-center\"  >\n\t\t\t\n\t\t\t\n\n\t<div class=\"img has-hover x md-x lg-x y md-y lg-y\" id=\"image_2042243160\">\n\t\t\t\t\t\t\t\t<div class=\"img-inner image-cover dark\" style=\"padding-top:75%;\">\n\t\t\t<img loading=\"lazy\" decoding=\"async\" width=\"1440\" height=\"404\" src=\"https:\/\/www.tatanka.nl\/wp-content\/uploads\/2018\/05\/Trip-Capsules-and-Liquid.jpg\" class=\"attachment-original size-original\" alt=\"- Tatanka.nl\" srcset=\"https:\/\/www.tatanka.nl\/wp-content\/uploads\/2018\/05\/Trip-Capsules-and-Liquid.jpg 1440w, https:\/\/www.tatanka.nl\/wp-content\/uploads\/2018\/05\/Trip-Capsules-and-Liquid-420x118.jpg 420w, https:\/\/www.tatanka.nl\/wp-content\/uploads\/2018\/05\/Trip-Capsules-and-Liquid-64x18.jpg 64w, https:\/\/www.tatanka.nl\/wp-content\/uploads\/2018\/05\/Trip-Capsules-and-Liquid-600x168.jpg 600w, https:\/\/www.tatanka.nl\/wp-content\/uploads\/2018\/05\/Trip-Capsules-and-Liquid-768x215.jpg 768w, https:\/\/www.tatanka.nl\/wp-content\/uploads\/2018\/05\/Trip-Capsules-and-Liquid-800x224.jpg 800w\" sizes=\"auto, (max-width: 1440px) 100vw, 1440px\" title=\"- Tatanka.nl\">\t\t\t\t\t\t\n\t\t\t\t\t<\/div>\n\t\t\t\t\t\t\t\t\n<style>\n#image_2042243160 {\n  width: 100%;\n}\n<\/style>\n\t<\/div>\n\t\n\n\t<div id=\"gap-1621327538\" class=\"gap-element clearfix\" style=\"display:block; height:auto;\">\n\t\t\n<style>\n#gap-1621327538 {\n  padding-top: 10px;\n}\n<\/style>\n\t<\/div>\n\t\n\n\n\t\t<\/div>\n\t\t\t\t\t<\/div>\n\n\t\n\n\t<div id=\"col-1491931563\" class=\"col medium-6 small-12 large-6\"  >\n\t\t\t\t<div class=\"col-inner text-left\"  >\n\t\t\t\n\t\t\t\n\n<h2 data-animated=\"true\" data-animate=\"fadeInLeft\">Tw\u00f3j do\u015bwiadczony przewodnik z Amsterdamu.<\/h2>\n<p data-animated=\"true\" data-animate=\"fadeInLeft\">Wspania\u0142\u0105 rzecz\u0105 jest to, \u017ce Tatanka to nie tylko miejsce, w kt\u00f3rym mo\u017cna kupi\u0107 produkty psychoaktywne, dopalacze, downery, cbd i inne, ale mo\u017cna tu r\u00f3wnie\u017c uzyska\u0107 wi\u0119cej informacji. I to jest dok\u0142adnie to, co wyr\u00f3\u017cnia Tatanka. Mo\u017cesz polega\u0107 na naszym zespole, kt\u00f3ry udziela uczciwych i fachowych porad.<\/p>\n<p data-animated=\"true\" data-animate=\"fadeInLeft\">Znajdziesz si\u0119 tutaj we w\u0142a\u015bciwym miejscu, je\u015bli chcesz wiedzie\u0107, jaki wp\u0142yw ma produkt na tw\u00f3j umys\u0142 i jaki wp\u0142yw mo\u017ce mie\u0107 na twoje uczucia i zachowanie.<\/p>\n\n\t\t<\/div>\n\t\t\t\t\t<\/div>\n\n\t\n\n<\/div>\n\n\t\t<\/div>\n\n\t\t\n<style>\n#section_1166149084 {\n  padding-top: 60px;\n  padding-bottom: 60px;\n  background-color: rgb(0,0,0);\n}\n<\/style>\n\t<\/section>\n\t\n\n\t<section class=\"section\" id=\"section_222208173\">\n\t\t<div class=\"section-bg fill\" >\n\t\t\t\t\t\t\t\t\t\n\t\t\t\n\t<div class=\"is-border\"\n\t\tstyle=\"border-width:0px 0px 0px 0px;\">\n\t<\/div>\n\n\t\t<\/div>\n\n\t\t\n\n\t\t<div class=\"section-content relative\">\n\t\t\t\n\n<div class=\"row row-large align-middle\"  id=\"row-494545917\">\n\n\n\t<div id=\"col-1539898096\" class=\"col medium-6 small-12 large-6\"  >\n\t\t\t\t<div class=\"col-inner text-left\"  >\n\t\t\t\n\t\t\t\n\n<h2 data-animated=\"true\" data-animate=\"fadeInLeft\">Odwied\u017a nasze sklepy Tatanka w Amsterdamie!<\/h2>\n<p data-animated=\"true\" data-animate=\"fadeInLeft\">Odwiedzasz Amsterdam? W takim razie zapraszamy do odwiedzenia jednego z naszych sklep\u00f3w w Amsterdamie. Mamy 3 sklepy! Produkty, kt\u00f3re znajdziesz w sklepie internetowym Tatanka, znajdziesz r\u00f3wnie\u017c w naszych sklepach w Amsterdamie. <span id=\"ext-gen2322\"><\/span>Zdob\u0105d\u017a prawdziwe do\u015bwiadczenie w Amsterdamie! Jeste\u015bmy gotowi!<\/p>\n<a href=\"https:\/\/www.tatanka.nl\/pl\/our-stores\/\" class=\"button primary box-shadow-2 box-shadow-4-hover\" >\n\t\t<span>Nasze sklepy<\/span>\n\t<\/a>\n\n\n\n\t\t<\/div>\n\t\t\t\t\t<\/div>\n\n\t\n\n\t<div id=\"col-746656940\" class=\"col medium-6 small-12 large-6 small-col-first\"  >\n\t\t\t\t<div class=\"col-inner\"  >\n\t\t\t\n\t\t\t\n\n\t<div class=\"img has-hover x md-x lg-x y md-y lg-y\" id=\"image_1631727576\">\n\t\t\t\t\t\t\t\t<div class=\"img-inner dark\" >\n\t\t\t<img loading=\"lazy\" decoding=\"async\" width=\"400\" height=\"275\" src=\"https:\/\/www.tatanka.nl\/wp-content\/uploads\/2018\/04\/Tatanka-Halve-Maan-Shop.jpg\" class=\"attachment-original size-original\" alt=\"- Tatanka.nl\" srcset=\"https:\/\/www.tatanka.nl\/wp-content\/uploads\/2018\/04\/Tatanka-Halve-Maan-Shop.jpg 400w, https:\/\/www.tatanka.nl\/wp-content\/uploads\/2018\/04\/Tatanka-Halve-Maan-Shop-64x44.jpg 64w\" sizes=\"auto, (max-width: 400px) 100vw, 400px\" title=\"- Tatanka.nl\">\t\t\t\t\t\t\n\t\t\t\t\t<\/div>\n\t\t\t\t\t\t\t\t\n<style>\n#image_1631727576 {\n  width: 100%;\n}\n<\/style>\n\t<\/div>\n\t\n\n\t<div id=\"gap-939951263\" class=\"gap-element clearfix\" style=\"display:block; height:auto;\">\n\t\t\n<style>\n#gap-939951263 {\n  padding-top: 10px;\n}\n<\/style>\n\t<\/div>\n\t\n\n\n\t\t<\/div>\n\t\t\t\t\t<\/div>\n\n\t\n\n<\/div>\n\n\t\t<\/div>\n\n\t\t\n<style>\n#section_222208173 {\n  padding-top: 60px;\n  padding-bottom: 60px;\n  background-color: rgb(255, 255, 255);\n}\n<\/style>\n\t<\/section>\n\t\n\n\t<section class=\"section dark\" id=\"section_417692643\">\n\t\t<div class=\"section-bg fill\" >\n\t\t\t\t\t\t\t\t\t\n\t\t\t\n\t<div class=\"is-border\"\n\t\tstyle=\"border-width:0px 0px 0px 0px;\">\n\t<\/div>\n\n\t\t<\/div>\n\n\t\t\n\n\t\t<div class=\"section-content relative\">\n\t\t\t\n\n<div class=\"row row-large align-middle\"  id=\"row-1173154307\">\n\n\n\t<div id=\"col-313266875\" class=\"col medium-6 small-12 large-6\"  >\n\t\t\t\t<div class=\"col-inner\"  >\n\t\t\t\n\t\t\t\n\n\t<div class=\"img has-hover x md-x lg-x y md-y lg-y\" id=\"image_1037325397\">\n\t\t\t\t\t\t\t\t<div class=\"img-inner image-cover dark\" style=\"padding-top:75%;\">\n\t\t\t<img loading=\"lazy\" decoding=\"async\" width=\"420\" height=\"400\" src=\"https:\/\/www.tatanka.nl\/wp-content\/uploads\/2017\/10\/After-E-for-Detox.jpg\" class=\"attachment-original size-original\" alt=\"- Tatanka.nl\" srcset=\"https:\/\/www.tatanka.nl\/wp-content\/uploads\/2017\/10\/After-E-for-Detox.jpg 420w, https:\/\/www.tatanka.nl\/wp-content\/uploads\/2017\/10\/After-E-for-Detox-64x61.jpg 64w\" sizes=\"auto, (max-width: 420px) 100vw, 420px\" title=\"- Tatanka.nl\">\t\t\t\t\t\t\n\t\t\t\t\t<\/div>\n\t\t\t\t\t\t\t\t\n<style>\n#image_1037325397 {\n  width: 100%;\n}\n<\/style>\n\t<\/div>\n\t\n\n\t<div id=\"gap-1477465682\" class=\"gap-element clearfix\" style=\"display:block; height:auto;\">\n\t\t\n<style>\n#gap-1477465682 {\n  padding-top: 10px;\n}\n<\/style>\n\t<\/div>\n\t\n\n\n\t\t<\/div>\n\t\t\t\t\t<\/div>\n\n\t\n\n\t<div id=\"col-32260815\" class=\"col medium-6 small-12 large-6\"  >\n\t\t\t\t<div class=\"col-inner text-left\"  >\n\t\t\t\n\t\t\t\n\n<h2>Odkryj r\u00f3\u017cne produkty zio\u0142owe.<\/h2>\n<p>Po\u015bwi\u0119cimy ci czas w Tatanka i ty te\u017c mo\u017cesz! Po\u015bwi\u0119\u0107 troch\u0119 czasu, aby si\u0119 rozejrze\u0107 i przejrze\u0107 wszystkie nasze produkty, z kt\u00f3rymi mo\u017cesz mie\u0107 magiczne do\u015bwiadczenie, na imprezie, w domu lub po prostu na \u0142onie natury w Amsterdamie!<\/p>\n<p>Oczywi\u015bcie, jest to idealne miejsce na wszelkiego rodzaju inteligentne produkty wysokiej jako\u015bci, takie jak dopalacze i dopalacze, takie jak kanna lub kratom, nasiona konopi, produkty erotyczne, witaminy na regeneracj\u0119, olej i p\u0142yn cbd, fajki wodne, waporyzatory i wiele wi\u0119cej!<\/p>\n\n\t\t<\/div>\n\t\t\t\t\t<\/div>\n\n\t\n\n<\/div>\n\n\t\t<\/div>\n\n\t\t\n<style>\n#section_417692643 {\n  padding-top: 60px;\n  padding-bottom: 60px;\n  background-color: rgb(0,0,0);\n}\n<\/style>\n\t<\/section>\n\t\n\n\t<section class=\"section\" id=\"section_930648281\">\n\t\t<div class=\"section-bg fill\" >\n\t\t\t\t\t\t\t\t\t\n\t\t\t\n\t<div class=\"is-border\"\n\t\tstyle=\"border-width:0px 0px 0px 0px;\">\n\t<\/div>\n\n\t\t<\/div>\n\n\t\t\n\n\t\t<div class=\"section-content relative\">\n\t\t\t\n\n<div class=\"row row-large align-middle\"  id=\"row-1389854854\">\n\n\n\t<div id=\"col-1879032739\" class=\"col medium-6 small-12 large-6\"  >\n\t\t\t\t<div class=\"col-inner text-left\"  >\n\t\t\t\n\t\t\t\n\n<h2 data-animated=\"true\" data-animate=\"fadeInLeft\">Zam\u00f3w swoje ulubione produkty online z Amsterdamu!<\/h2>\n<p data-animated=\"true\" data-animate=\"fadeInLeft\">Zaj\u0119ty, zaj\u0119ty, zaj\u0119ty? Nie masz czasu odwiedzi\u0107 jednego z naszych sklep\u00f3w w Amsterdamie? A mo\u017ce mieszkasz za granic\u0105? Oferujemy szerok\u0105 gam\u0119 produkt\u00f3w online w naszym sklepie internetowym, kt\u00f3ry jest stale odnawiany. <span id=\"ext-gen2322\"><\/span><\/p>\n<p data-animated=\"true\" data-animate=\"fadeInLeft\">U nas mo\u017cesz z\u0142o\u017cy\u0107 zam\u00f3wienie online!<\/p>\n<a href=\"https:\/\/www.tatanka.nl\/pl\/\" class=\"button primary box-shadow-2 box-shadow-4-hover\" >\n\t\t<span>Kup teraz<\/span>\n\t<\/a>\n\n\n\n\t\t<\/div>\n\t\t\t\t\t<\/div>\n\n\t\n\n\t<div id=\"col-1047417422\" class=\"col medium-6 small-12 large-6 small-col-first\"  >\n\t\t\t\t<div class=\"col-inner\"  >\n\t\t\t\n\t\t\t\n\n\t<div class=\"img has-hover x md-x lg-x y md-y lg-y\" id=\"image_1806238499\">\n\t\t\t\t\t\t\t\t<div class=\"img-inner dark\" >\n\t\t\t<img loading=\"lazy\" decoding=\"async\" width=\"600\" height=\"400\" src=\"https:\/\/www.tatanka.nl\/wp-content\/uploads\/2018\/05\/Discreet-Shipping-Tatanka.jpg\" class=\"attachment-original size-original\" alt=\"- Tatanka.nl\" srcset=\"https:\/\/www.tatanka.nl\/wp-content\/uploads\/2018\/05\/Discreet-Shipping-Tatanka.jpg 600w, https:\/\/www.tatanka.nl\/wp-content\/uploads\/2018\/05\/Discreet-Shipping-Tatanka-420x280.jpg 420w, https:\/\/www.tatanka.nl\/wp-content\/uploads\/2018\/05\/Discreet-Shipping-Tatanka-64x43.jpg 64w\" sizes=\"auto, (max-width: 600px) 100vw, 600px\" title=\"- Tatanka.nl\">\t\t\t\t\t\t\n\t\t\t\t\t<\/div>\n\t\t\t\t\t\t\t\t\n<style>\n#image_1806238499 {\n  width: 100%;\n}\n<\/style>\n\t<\/div>\n\t\n\n\t<div id=\"gap-1656187145\" class=\"gap-element clearfix\" style=\"display:block; height:auto;\">\n\t\t\n<style>\n#gap-1656187145 {\n  padding-top: 10px;\n}\n<\/style>\n\t<\/div>\n\t\n\n\n\t\t<\/div>\n\t\t\t\t\t<\/div>\n\n\t\n\n<\/div>\n\n\t\t<\/div>\n\n\t\t\n<style>\n#section_930648281 {\n  padding-top: 60px;\n  padding-bottom: 60px;\n}\n<\/style>\n\t<\/section>","protected":false},"excerpt":{"rendered":"","protected":false},"author":1,"featured_media":0,"parent":0,"menu_order":0,"comment_status":"closed","ping_status":"closed","template":"page-blank.php","meta":{"footnotes":""},"class_list":["post-15152","page","type-page","status-publish","hentry"],"_links":{"self":[{"href":"https:\/\/www.tatanka.nl\/pl\/wp-json\/wp\/v2\/pages\/15152","targetHints":{"allow":["GET"]}}],"collection":[{"href":"https:\/\/www.tatanka.nl\/pl\/wp-json\/wp\/v2\/pages"}],"about":[{"href":"https:\/\/www.tatanka.nl\/pl\/wp-json\/wp\/v2\/types\/page"}],"author":[{"embeddable":true,"href":"https:\/\/www.tatanka.nl\/pl\/wp-json\/wp\/v2\/users\/1"}],"replies":[{"embeddable":true,"href":"https:\/\/www.tatanka.nl\/pl\/wp-json\/wp\/v2\/comments?post=15152"}],"version-history":[{"count":0,"href":"https:\/\/www.tatanka.nl\/pl\/wp-json\/wp\/v2\/pages\/15152\/revisions"}],"wp:attachment":[{"href":"https:\/\/www.tatanka.nl\/pl\/wp-json\/wp\/v2\/media?parent=15152"}],"curies":[{"name":"wp","href":"https:\/\/api.w.org\/{rel}","templated":true}]}}