{"id":16267,"date":"2018-05-05T18:04:44","date_gmt":"2018-05-05T18:04:44","guid":{"rendered":"http:\/\/www.tatanka.nl\/?page_id=16267"},"modified":"2023-04-26T11:00:16","modified_gmt":"2023-04-26T09:00:16","slug":"return-policy","status":"publish","type":"page","link":"https:\/\/www.tatanka.nl\/pl\/return-policy\/","title":{"rendered":"Polityka zwrot\u00f3w"},"content":{"rendered":"<div class=\"row row-small\"  id=\"row-612933936\">\n\n\n\t<div id=\"col-67496072\" class=\"col small-12 large-12\"  >\n\t\t\t\t<div class=\"col-inner\"  >\n\t\t\t\n\t\t\t\n\n\t<div id=\"gap-99417675\" class=\"gap-element clearfix\" style=\"display:block; height:auto;\">\n\t\t\n<style>\n#gap-99417675 {\n  padding-top: 40px;\n}\n<\/style>\n\t<\/div>\n\t\n\n\t<div class=\"img has-hover x md-x lg-x y md-y lg-y\" id=\"image_1707861117\">\n\t\t\t\t\t\t\t\t<div class=\"img-inner dark\" >\n\t\t\t<img loading=\"lazy\" decoding=\"async\" width=\"1440\" height=\"404\" src=\"https:\/\/www.tatanka.nl\/wp-content\/uploads\/2018\/05\/Return-Policy.jpg\" class=\"attachment-original size-original\" alt=\"- Tatanka.nl\" srcset=\"https:\/\/www.tatanka.nl\/wp-content\/uploads\/2018\/05\/Return-Policy.jpg 1440w, https:\/\/www.tatanka.nl\/wp-content\/uploads\/2018\/05\/Return-Policy-420x118.jpg 420w, https:\/\/www.tatanka.nl\/wp-content\/uploads\/2018\/05\/Return-Policy-64x18.jpg 64w, https:\/\/www.tatanka.nl\/wp-content\/uploads\/2018\/05\/Return-Policy-600x168.jpg 600w, https:\/\/www.tatanka.nl\/wp-content\/uploads\/2018\/05\/Return-Policy-768x215.jpg 768w, https:\/\/www.tatanka.nl\/wp-content\/uploads\/2018\/05\/Return-Policy-800x224.jpg 800w\" sizes=\"auto, (max-width: 1440px) 100vw, 1440px\" title=\"- Tatanka.nl\">\t\t\t\t\t\t\n\t\t\t\t\t<\/div>\n\t\t\t\t\t\t\t\t\n<style>\n#image_1707861117 {\n  width: 100%;\n}\n<\/style>\n\t<\/div>\n\t\n\n<div class=\"container section-title-container\" ><h2 class=\"section-title section-title-center\"><b aria-hidden=\"true\"><\/b><span class=\"section-title-main\" style=\"font-size:127%;\">Polityka zwrot\u00f3w<\/span><b aria-hidden=\"true\"><\/b><\/h2><\/div>\n\n\n\t\t<div class=\"tabbed-content\">\n\t\t\t\n\t\t\t<ul class=\"nav nav-tabs nav-uppercase nav-size-large nav-left\" role=\"tablist\"><li id=\"tab-1.-before-you-return\" class=\"tab active has-icon\" role=\"presentation\"><a href=\"#tab_1.-before-you-return\" role=\"tab\" aria-selected=\"true\" aria-controls=\"tab_1.-before-you-return\"><span>1. PRZED POWROTEM<\/span><\/a><\/li>\n<li id=\"tab-2.-conditions-for-returns\" class=\"tab has-icon\" role=\"presentation\"><a href=\"#tab_2.-conditions-for-returns\" tabindex=\"-1\" role=\"tab\" aria-selected=\"false\" aria-controls=\"tab_2.-conditions-for-returns\"><span>2. Warunki zwrot\u00f3w<\/span><\/a><\/li>\n<li id=\"tab-3.-money-refunds\" class=\"tab has-icon\" role=\"presentation\"><a href=\"#tab_3.-money-refunds\" tabindex=\"-1\" role=\"tab\" aria-selected=\"false\" aria-controls=\"tab_3.-money-refunds\"><span>3. ZWROT PIENI\u0118DZY<\/span><\/a><\/li>\n<li id=\"tab-4.-damaged-products\" class=\"tab has-icon\" role=\"presentation\"><a href=\"#tab_4.-damaged-products\" tabindex=\"-1\" role=\"tab\" aria-selected=\"false\" aria-controls=\"tab_4.-damaged-products\"><span>4. Uszkodzone produkty<\/span><\/a><\/li><\/ul><div class=\"tab-panels\"><div id=\"tab_1.-before-you-return\" class=\"panel active entry-content\" role=\"tabpanel\" aria-labelledby=\"tab-1.-before-you-return\">\n\n<h2><strong>Przed zwrotem produkt\u00f3w.<\/strong><\/h2>\n<p>Klientowi przys\u0142uguje ustawowe prawo do odst\u0105pienia od umowy. Oznacza to, \u017ce w ci\u0105gu 14 dni od otrzymania produktu mo\u017cna poinformowa\u0107 nas o zamiarze skorzystania z prawa do odst\u0105pienia od umowy. Po poinformowaniu nas o tym zamiarze, u\u017cytkownik ma kolejne 14 dni na zwrot produktu do nas. W przypadku skorzystania z prawa do odst\u0105pienia od umowy zwr\u00f3cimy pocz\u0105tkowe koszty wysy\u0142ki i produktu w ci\u0105gu 14 dni od otrzymania powiadomienia.<\/p>\n<p><span style=\"color: #749a00;\"><strong>Istnieje kilka warunk\u00f3w zwrotu produkt\u00f3w do nas, wi\u0119c prosimy o uwa\u017cne przeczytanie.<\/strong><\/span><\/p>\n<hr \/>\n<h2><strong>Warunki zwrot\u00f3w<\/strong><\/h2>\n<p><strong>1. Produkty o kr\u00f3tkiej \u017cywotno\u015bci: <\/strong>Produkty, kt\u00f3re szybko si\u0119 psuj\u0105 lub maj\u0105 ograniczony okres przydatno\u015bci do spo\u017cycia, takie jak magiczne trufle, zestawy do uprawy grzyb\u00f3w i zarodniki grzyb\u00f3w lub cokolwiek innego o podobnym charakterze, nie kwalifikuj\u0105 si\u0119 do zwrot\u00f3w ze wzgl\u0119du na ich kr\u00f3tki okres przydatno\u015bci do spo\u017cycia.<\/p>\n<p><strong>2. Higiena: <\/strong>Bonga, fajki, waporyzatory lub inne produkty o podobnym charakterze kwalifikuj\u0105 si\u0119 do zwrotu tylko wtedy, gdy s\u0105 nieu\u017cywane i zapiecz\u0119towane w oryginalnym opakowaniu. Produkty, kt\u00f3re zosta\u0142y zmieszane z innymi produktami po dostawie, nie kwalifikuj\u0105 si\u0119 do zwrotu.<\/p>\n<p><strong>3. Oryginalne opakowanie: <\/strong>Wszystkie produkty musz\u0105 by\u0107 zwr\u00f3cone w oryginalnym opakowaniu: zapiecz\u0119towane, nieotwarte, nieu\u017cywane i nieuszkodzone (chyba \u017ce uszkodzenie jest powodem, dla kt\u00f3rego chcesz je odes\u0142a\u0107).<\/p>\n<p><strong>Wa\u017cne:<\/strong> Nie zwracamy pieni\u0119dzy, je\u015bli organy celne zaj\u0119\u0142y paczk\u0119 lub je\u015bli poda\u0142e\u015b nam nieprawid\u0142owe dane adresowe. U\u017cytkownik jest odpowiedzialny za zapoznanie si\u0119 ze statusem prawnym naszych produkt\u00f3w w swoim kraju i podanie nam prawid\u0142owego adresu. Prosimy o zapoznanie si\u0119 z nasz\u0105 <u><a href=\"https:\/\/www.tatanka.nl\/pl\/terms-and-conditions\/\" rel=\"noopener\"><span style=\"color: #749a00;\"><strong>Regulamin<\/strong>.<\/span><\/a><\/u><\/p>\n<hr \/>\n<h2>Poinformuj nas<\/h2>\n<p><strong>Je\u015bli chcesz otrzyma\u0107 zwrot pieni\u0119dzy lub wymian\u0119 uszkodzonych produkt\u00f3w.<\/strong><br \/>Powiadom nas w ci\u0105gu 14 dni za po\u015brednictwem poczty elektronicznej, po otrzymaniu produkt\u00f3w na sw\u00f3j adres, przed dokonaniem zwrotu.<\/p>\n<p><strong>A co z kosztami zwrotu?<\/strong><br \/>Koszty wysy\u0142ki poniesione w celu odes\u0142ania produkt\u00f3w nie podlegaj\u0105 zwrotowi.<\/p>\n<p><a class=\"button primary\" href=\"https:\/\/www.tatanka.nl\/pl\/contact-us\/\" rel=\"noopener\">Skontaktuj si\u0119 z nami<\/a><\/p>\n\n<\/div>\n<div id=\"tab_2.-conditions-for-returns\" class=\"panel entry-content\" role=\"tabpanel\" aria-labelledby=\"tab-2.-conditions-for-returns\">\n\n<div class=\"row\"  id=\"row-1730329544\">\n\n\n\t<div id=\"col-1068560953\" class=\"col small-12 large-12\"  >\n\t\t\t\t<div class=\"col-inner\"  >\n\t\t\t\n\t\t\t\n\n<h2><strong>Warunki zwrot\u00f3w<\/strong><\/h2>\n<p><strong>1. Produkty o kr\u00f3tkiej \u017cywotno\u015bci: <\/strong>Produkty, kt\u00f3re szybko si\u0119 psuj\u0105 lub maj\u0105 ograniczony okres przydatno\u015bci do spo\u017cycia, takie jak magiczne trufle, zestawy do uprawy grzyb\u00f3w i zarodniki grzyb\u00f3w lub cokolwiek innego o podobnym charakterze, nie kwalifikuj\u0105 si\u0119 do zwrot\u00f3w ze wzgl\u0119du na ich kr\u00f3tki okres przydatno\u015bci do spo\u017cycia.<\/p>\n<p><strong>2. Higiena: <\/strong>Bonga, fajki, waporyzatory lub inne produkty o podobnym charakterze kwalifikuj\u0105 si\u0119 do zwrotu tylko wtedy, gdy s\u0105 nieu\u017cywane i zapiecz\u0119towane w oryginalnym opakowaniu. Produkty, kt\u00f3re zosta\u0142y zmieszane z innymi produktami po dostawie, nie kwalifikuj\u0105 si\u0119 do zwrotu.<\/p>\n<p><strong>3. Oryginalne opakowanie: <\/strong>Wszystkie produkty musz\u0105 by\u0107 zwr\u00f3cone w oryginalnym opakowaniu: zapiecz\u0119towane, nieotwarte, nieu\u017cywane i nieuszkodzone (chyba \u017ce uszkodzenie jest powodem, dla kt\u00f3rego chcesz je odes\u0142a\u0107).<\/p>\n<p><strong>Wa\u017cne:<\/strong> Nie zwracamy pieni\u0119dzy, je\u015bli organy celne zaj\u0119\u0142y paczk\u0119 lub je\u015bli poda\u0142e\u015b nam nieprawid\u0142owe dane adresowe. U\u017cytkownik jest odpowiedzialny za zapoznanie si\u0119 ze statusem prawnym naszych produkt\u00f3w w swoim kraju i podanie nam prawid\u0142owego adresu. Prosimy o zapoznanie si\u0119 z nasz\u0105 <u><a href=\"https:\/\/www.tatanka.nl\/pl\/terms-and-conditions\/\" rel=\"noopener\"><span style=\"color: #749a00;\"><strong>Regulamin<\/strong>.<\/span><\/a><\/u><\/p>\n<hr>\n<h2>Poinformuj nas<\/h2>\n<p><strong>Je\u015bli chcesz otrzyma\u0107 zwrot pieni\u0119dzy lub wymian\u0119 uszkodzonego produktu. <\/strong><br \/>Powiadom nas w ci\u0105gu 14 dni za po\u015brednictwem poczty elektronicznej, po otrzymaniu produkt\u00f3w na sw\u00f3j adres, przed dokonaniem zwrotu.<\/p>\n<p><strong>Ile masz czasu na zwrot produkt\u00f3w?<\/strong><br \/>Odes\u0142a\u0107 produkty w ci\u0105gu 14 dni od sprawdzenia i wyra\u017cenia zgody na zwrot.<\/p>\n<p><strong>A co z kosztami zwrotu?<\/strong><br \/>Koszty wysy\u0142ki poniesione w celu odes\u0142ania produkt\u00f3w nie podlegaj\u0105 zwrotowi.<\/p>\n<p><a class=\"button primary\" href=\"https:\/\/www.tatanka.nl\/pl\/contact-us\/\" rel=\"noopener\">Skontaktuj si\u0119 z nami<\/a><\/p>\n\n\t\t<\/div>\n\t\t\t\t\t<\/div>\n\n\t\n\n<\/div>\n\n<\/div>\n<div id=\"tab_3.-money-refunds\" class=\"panel entry-content\" role=\"tabpanel\" aria-labelledby=\"tab-3.-money-refunds\">\n\n<h2><strong>Zwroty pieni\u0119dzy<\/strong><\/h2>\n<p>Klientowi przys\u0142uguje ustawowe prawo do odst\u0105pienia od umowy. Oznacza to, \u017ce w ci\u0105gu 14 dni od otrzymania produktu mo\u017cna poinformowa\u0107 nas o zamiarze skorzystania z prawa do odst\u0105pienia od umowy. Po poinformowaniu nas o tym zamiarze, u\u017cytkownik ma kolejne 14 dni na zwrot produktu do nas. W przypadku skorzystania z prawa do odst\u0105pienia od umowy zwr\u00f3cimy pocz\u0105tkowe koszty wysy\u0142ki i produktu w ci\u0105gu 14 dni od otrzymania powiadomienia.<\/p>\n<p><span style=\"color: #749a00;\"><strong>Istnieje kilka warunk\u00f3w zwrotu produkt\u00f3w, dlatego prosimy o uwa\u017cne zapoznanie si\u0119 z nimi.<\/strong><\/span><\/p>\n<hr \/>\n<h2><strong>Warunki zwrot\u00f3w<\/strong><\/h2>\n<p><strong>1. Produkty o kr\u00f3tkiej \u017cywotno\u015bci: <\/strong>Produkty, kt\u00f3re szybko si\u0119 psuj\u0105 lub maj\u0105 ograniczony okres przydatno\u015bci do spo\u017cycia, takie jak magiczne trufle, zestawy do uprawy grzyb\u00f3w i zarodniki grzyb\u00f3w lub cokolwiek innego o podobnym charakterze, nie kwalifikuj\u0105 si\u0119 do zwrot\u00f3w ze wzgl\u0119du na ich kr\u00f3tki okres przydatno\u015bci do spo\u017cycia.<\/p>\n<p><strong>2. Higiena: <\/strong>Bonga, fajki, waporyzatory lub inne produkty o podobnym charakterze kwalifikuj\u0105 si\u0119 do zwrotu tylko wtedy, gdy s\u0105 nieu\u017cywane i zapiecz\u0119towane w oryginalnym opakowaniu. Produkty, kt\u00f3re zosta\u0142y zmieszane z innymi produktami po dostawie, nie kwalifikuj\u0105 si\u0119 do zwrotu.<\/p>\n<p><strong>3. Oryginalne opakowanie: <\/strong>Wszystkie produkty musz\u0105 by\u0107 zwr\u00f3cone w oryginalnym opakowaniu: zapiecz\u0119towane, nieotwarte, nieu\u017cywane i nieuszkodzone (chyba \u017ce uszkodzenie jest powodem, dla kt\u00f3rego chcesz je odes\u0142a\u0107).<\/p>\n<p><strong>Wa\u017cne:<\/strong> Nie zwracamy pieni\u0119dzy, je\u015bli organy celne przej\u0119\u0142y paczk\u0119 lub je\u015bli poda\u0142e\u015b nam nieprawid\u0142owe dane adresowe. Mo\u017cemy zwr\u00f3ci\u0107 tylko produkty z <span id=\"result_box\" class=\"short_text\" lang=\"en\"><span class=\"\">D\u0142ugi okres trwa\u0142o\u015bci i produkty <\/span><\/span>kt\u00f3re do nas wracaj\u0105. U\u017cytkownik jest odpowiedzialny za zapoznanie si\u0119 ze statusem prawnym naszych produkt\u00f3w w swoim kraju i podanie nam prawid\u0142owego adresu. Prosimy o zapoznanie si\u0119 z nasz\u0105 <u><a href=\"https:\/\/www.tatanka.nl\/pl\/terms-and-conditions\/\" rel=\"noopener\"><span style=\"color: #749a00;\"><strong>Regulamin<\/strong>.<\/span><\/a><\/u><\/p>\n<hr \/>\n<h2>Poinformuj nas<\/h2>\n<p><strong>Je\u015bli chcesz otrzyma\u0107 zwrot pieni\u0119dzy<\/strong><br \/>Powiadom nas w ci\u0105gu 14 dni za po\u015brednictwem poczty elektronicznej, po otrzymaniu produkt\u00f3w na sw\u00f3j adres, przed dokonaniem zwrotu.<\/p>\n<p><strong>Ile masz czasu na zwrot produkt\u00f3w?<\/strong><br \/>Odes\u0142a\u0107 produkty w ci\u0105gu 14 dni od sprawdzenia i wyra\u017cenia zgody na zwrot.<\/p>\n<p><strong>A co z kosztami zwrotu?<\/strong><br \/>Koszty wysy\u0142ki poniesione w celu odes\u0142ania produkt\u00f3w nie podlegaj\u0105 zwrotowi.<\/p>\n<p><strong>Zwroty w kryptowalutach<\/strong><br \/>Nie przelewamy kryptowalut z powrotem ze wzgl\u0119d\u00f3w bezpiecze\u0144stwa. W takim przypadku przelewamy kwot\u0119 na konto bankowe. <\/p>\n<p><a class=\"button primary\" href=\"https:\/\/www.tatanka.nl\/pl\/contact-us\/\" rel=\"noopener\">Skontaktuj si\u0119 z nami<\/a><\/p>\n\n\n<\/div>\n<div id=\"tab_4.-damaged-products\" class=\"panel entry-content\" role=\"tabpanel\" aria-labelledby=\"tab-4.-damaged-products\">\n\n<h2><strong>Uszkodzone produkty.<\/strong><\/h2>\n<ol>\n<li>Je\u015bli produkt jest uszkodzony. Mo\u017cesz poinformowa\u0107 nas o wszelkich uszkodzeniach. Z przyjemno\u015bci\u0105 naprawimy go lub, je\u015bli nie b\u0119dzie to mo\u017cliwe, wy\u015blemy zamiennik po otrzymaniu uszkodzonego produktu z powrotem i sprawdzeniu go przez nasz zesp\u00f3\u0142.<\/li>\n<li>Je\u015bli produkt zosta\u0142 uszkodzony podczas dostawy. Mo\u017cesz poinformowa\u0107 nas o wszelkich uszkodzeniach (ze zdj\u0119ciami). Po odes\u0142aniu do nas produktu sprawdzimy go i wy\u015blemy zamiennik.<\/li>\n<li>Je\u015bli produkt ulegnie awarii, gdy jest jeszcze obj\u0119ty gwarancj\u0105, mo\u017cesz skontaktowa\u0107 si\u0119 z nami, przesy\u0142aj\u0105c zdj\u0119cie i opis wady. Po sprawdzeniu produkt zostanie naprawiony przez dostawc\u0119 lub zostanie wys\u0142any zamiennik.<\/li>\n<\/ol>\n<p><span style=\"color: #749a00;\"><strong>Istnieje kilka warunk\u00f3w zwrotu produkt\u00f3w, dlatego prosimy o uwa\u017cne zapoznanie si\u0119 z nimi.<\/strong><\/span><\/p>\n<hr>\n<h2><strong>Warunki zwrot\u00f3w<\/strong><\/h2>\n<p><strong>1. Produkty o kr\u00f3tkiej \u017cywotno\u015bci: <\/strong>Produkty, kt\u00f3re szybko si\u0119 psuj\u0105 lub maj\u0105 ograniczony okres przydatno\u015bci do spo\u017cycia, takie jak magiczne trufle, zestawy do uprawy grzyb\u00f3w i zarodniki grzyb\u00f3w lub cokolwiek innego o podobnym charakterze, nie kwalifikuj\u0105 si\u0119 do zwrot\u00f3w ze wzgl\u0119du na ich kr\u00f3tki okres przydatno\u015bci do spo\u017cycia.<\/p>\n<p><strong>2. Higiena: <\/strong>Bonga, fajki, waporyzatory lub inne produkty o podobnym charakterze kwalifikuj\u0105 si\u0119 do zwrotu tylko wtedy, gdy s\u0105 nieu\u017cywane i zapiecz\u0119towane w oryginalnym opakowaniu. Produkty, kt\u00f3re zosta\u0142y zmieszane z innymi produktami po dostawie, nie kwalifikuj\u0105 si\u0119 do zwrotu.<\/p>\n<p><strong>3. Oryginalne opakowanie: <\/strong>Wszystkie produkty musz\u0105 by\u0107 zwr\u00f3cone w oryginalnym opakowaniu: zapiecz\u0119towane, nieotwarte, nieu\u017cywane i nieuszkodzone (chyba \u017ce uszkodzenie jest powodem, dla kt\u00f3rego chcesz je odes\u0142a\u0107).<\/p>\n<p><strong>Wa\u017cne:<\/strong> Nie zwracamy pieni\u0119dzy, je\u015bli organy celne zaj\u0119\u0142y paczk\u0119 lub je\u015bli poda\u0142e\u015b nam nieprawid\u0142owe dane adresowe. U\u017cytkownik jest odpowiedzialny za zapoznanie si\u0119 ze statusem prawnym naszych produkt\u00f3w w swoim kraju i podanie nam prawid\u0142owego adresu. Prosimy o zapoznanie si\u0119 z nasz\u0105 <u><a href=\"https:\/\/www.tatanka.nl\/pl\/terms-and-conditions\/\" rel=\"noopener\"><span style=\"color: #749a00;\"><strong>Regulamin<\/strong>.<\/span><\/a><\/u><\/p>\n<hr>\n<h2>Poinformuj nas<\/h2>\n<p><strong>Je\u015bli masz uszkodzone produkty<\/strong><br \/>Powiadom nas w ci\u0105gu 14 dni za po\u015brednictwem poczty elektronicznej, po otrzymaniu produkt\u00f3w na sw\u00f3j adres, przed dokonaniem zwrotu.<\/p>\n<p><strong>Ile masz czasu na zwrot produkt\u00f3w?<\/strong><br \/>Odes\u0142a\u0107 produkty w ci\u0105gu 14 dni od sprawdzenia i wyra\u017cenia zgody na zwrot.<\/p>\n<p><strong>A co z kosztami zwrotu?<\/strong><br \/>Koszty wysy\u0142ki poniesione w celu odes\u0142ania produkt\u00f3w nie podlegaj\u0105 zwrotowi.<\/p>\n<p><a class=\"button primary\" href=\"https:\/\/www.tatanka.nl\/pl\/contact-us\/\" rel=\"noopener\">Skontaktuj si\u0119 z nami<\/a><\/p>\n\n<\/div><\/div><\/div>\n\n\t\t<\/div>\n\t\t\t\t\t<\/div>\n\n\t\n\n<\/div>\n\t<div id=\"gap-1709558538\" class=\"gap-element clearfix\" style=\"display:block; height:auto;\">\n\t\t\n<style>\n#gap-1709558538 {\n  padding-top: 30px;\n}\n<\/style>\n\t<\/div>","protected":false},"excerpt":{"rendered":"","protected":false},"author":1,"featured_media":0,"parent":0,"menu_order":0,"comment_status":"closed","ping_status":"closed","template":"page-blank.php","meta":{"footnotes":""},"class_list":["post-16267","page","type-page","status-publish","hentry"],"_links":{"self":[{"href":"https:\/\/www.tatanka.nl\/pl\/wp-json\/wp\/v2\/pages\/16267","targetHints":{"allow":["GET"]}}],"collection":[{"href":"https:\/\/www.tatanka.nl\/pl\/wp-json\/wp\/v2\/pages"}],"about":[{"href":"https:\/\/www.tatanka.nl\/pl\/wp-json\/wp\/v2\/types\/page"}],"author":[{"embeddable":true,"href":"https:\/\/www.tatanka.nl\/pl\/wp-json\/wp\/v2\/users\/1"}],"replies":[{"embeddable":true,"href":"https:\/\/www.tatanka.nl\/pl\/wp-json\/wp\/v2\/comments?post=16267"}],"version-history":[{"count":0,"href":"https:\/\/www.tatanka.nl\/pl\/wp-json\/wp\/v2\/pages\/16267\/revisions"}],"wp:attachment":[{"href":"https:\/\/www.tatanka.nl\/pl\/wp-json\/wp\/v2\/media?parent=16267"}],"curies":[{"name":"wp","href":"https:\/\/api.w.org\/{rel}","templated":true}]}}