{"id":164,"date":"2015-11-19T10:40:52","date_gmt":"2015-11-19T10:40:52","guid":{"rendered":"http:\/\/flatsome.dev\/my-account\/"},"modified":"2022-03-29T11:49:43","modified_gmt":"2022-03-29T09:49:43","slug":"my-account","status":"publish","type":"page","link":"https:\/\/www.tatanka.nl\/pl\/my-account\/","title":{"rendered":"Twoje konto"},"content":{"rendered":"<div class=\"row\"  id=\"row-1460515039\">\n\n\n\t<div id=\"col-2010360108\" class=\"col small-12 large-12\"  >\n\t\t\t\t<div class=\"col-inner\"  >\n\t\t\t\n\t\t\t\n\n\n  <div class=\"banner has-hover\" id=\"banner-1858028782\">\n          <div class=\"banner-inner fill\">\n        <div class=\"banner-bg fill\" >\n            <img loading=\"lazy\" decoding=\"async\" width=\"1440\" height=\"404\" src=\"https:\/\/www.tatanka.nl\/wp-content\/uploads\/2018\/04\/CBD-Seeds-Amsterdam.jpg\" class=\"bg attachment-original size-original\" alt=\"- Tatanka.nl\" title=\"- Tatanka.nl\">                                    \n                    <\/div>\n\t\t\n        <div class=\"banner-layers container\">\n            <div class=\"fill banner-link\"><\/div>            \n\n\n        <\/div>\n      <\/div>\n\n              <div class=\"height-fix is-invisible\"><img loading=\"lazy\" decoding=\"async\" width=\"1440\" height=\"404\" src=\"https:\/\/www.tatanka.nl\/wp-content\/uploads\/2018\/04\/CBD-Seeds-Amsterdam.jpg\" class=\"attachment-original size-original\" alt=\"- Tatanka.nl\" srcset=\"https:\/\/www.tatanka.nl\/wp-content\/uploads\/2018\/04\/CBD-Seeds-Amsterdam.jpg 1440w, https:\/\/www.tatanka.nl\/wp-content\/uploads\/2018\/04\/CBD-Seeds-Amsterdam-420x118.jpg 420w, https:\/\/www.tatanka.nl\/wp-content\/uploads\/2018\/04\/CBD-Seeds-Amsterdam-64x18.jpg 64w, https:\/\/www.tatanka.nl\/wp-content\/uploads\/2018\/04\/CBD-Seeds-Amsterdam-600x168.jpg 600w, https:\/\/www.tatanka.nl\/wp-content\/uploads\/2018\/04\/CBD-Seeds-Amsterdam-768x215.jpg 768w, https:\/\/www.tatanka.nl\/wp-content\/uploads\/2018\/04\/CBD-Seeds-Amsterdam-800x224.jpg 800w\" sizes=\"auto, (max-width: 1440px) 100vw, 1440px\" title=\"- Tatanka.nl\"><\/div>\n              <\/div>\n\n\n\n\t\t<\/div>\n\t\t\t\t\t<\/div>\n\n\t\n\n<\/div>\n\t<div id=\"gap-335506664\" class=\"gap-element clearfix\" style=\"display:block; height:auto;\">\n\t\t\n<style>\n#gap-335506664 {\n  padding-top: 10px;\n}\n<\/style>\n\t<\/div>\n\t\n\n<h3 style=\"text-align: left;\"><span style=\"font-size: 100%;\">Nigdy nie odwiedzi\u0142e\u015b naszej nowej strony internetowej?<\/span><\/h3>\n<p><span style=\"font-size: 100%;\">1. Mo\u017cesz z\u0142o\u017cy\u0107 zam\u00f3wienie jako go\u015b\u0107.<\/span><br><span style=\"font-size: 100%;\">2. Utw\u00f3rz konto automatycznie po z\u0142o\u017ceniu zam\u00f3wienia.<\/span><br><span style=\"font-size: 100%;\">3. Zarejestruj nowe konto, aktywuj your account w wiadomo\u015bci e-mail.<\/span><\/p>\n<hr>\n<div class=\"woocommerce\"><\/div>\n\t<div id=\"gap-1636836463\" class=\"gap-element clearfix\" style=\"display:block; height:auto;\">\n\t\t\n<style>\n#gap-1636836463 {\n  padding-top: 30px;\n}\n<\/style>\n\t<\/div>","protected":false},"excerpt":{"rendered":"<p>Nigdy nie odwiedzi\u0142e\u015b naszej nowej strony internetowej? 1. Mo\u017cesz z\u0142o\u017cy\u0107 zam\u00f3wienie jako go\u015b\u0107.2. Utw\u00f3rz konto automatycznie po z\u0142o\u017ceniu zam\u00f3wienia.3. Zarejestruj nowe konto, aktywuj your account w swoim e-mailu.<\/p>","protected":false},"author":1,"featured_media":0,"parent":0,"menu_order":0,"comment_status":"closed","ping_status":"closed","template":"page-my-account.php","meta":{"footnotes":""},"class_list":["post-164","page","type-page","status-publish","hentry"],"_links":{"self":[{"href":"https:\/\/www.tatanka.nl\/pl\/wp-json\/wp\/v2\/pages\/164","targetHints":{"allow":["GET"]}}],"collection":[{"href":"https:\/\/www.tatanka.nl\/pl\/wp-json\/wp\/v2\/pages"}],"about":[{"href":"https:\/\/www.tatanka.nl\/pl\/wp-json\/wp\/v2\/types\/page"}],"author":[{"embeddable":true,"href":"https:\/\/www.tatanka.nl\/pl\/wp-json\/wp\/v2\/users\/1"}],"replies":[{"embeddable":true,"href":"https:\/\/www.tatanka.nl\/pl\/wp-json\/wp\/v2\/comments?post=164"}],"version-history":[{"count":0,"href":"https:\/\/www.tatanka.nl\/pl\/wp-json\/wp\/v2\/pages\/164\/revisions"}],"wp:attachment":[{"href":"https:\/\/www.tatanka.nl\/pl\/wp-json\/wp\/v2\/media?parent=164"}],"curies":[{"name":"wp","href":"https:\/\/api.w.org\/{rel}","templated":true}]}}