{"id":1784,"date":"2017-09-13T15:56:09","date_gmt":"2017-09-13T15:56:09","guid":{"rendered":"http:\/\/www.tatanka.nl\/?page_id=1784"},"modified":"2021-08-24T12:29:53","modified_gmt":"2021-08-24T10:29:53","slug":"privacy-policy","status":"publish","type":"page","link":"https:\/\/www.tatanka.nl\/pl\/privacy-policy\/","title":{"rendered":"Polityka prywatno\u015bci"},"content":{"rendered":"<div class=\"container section-title-container\" ><h1 class=\"section-title section-title-bold-center\"><b aria-hidden=\"true\"><\/b><span class=\"section-title-main\" style=\"font-size:131%;\">Polityka prywatno\u015bci<\/span><b aria-hidden=\"true\"><\/b><\/h1><\/div>\n\n\n\n<p><strong>Polityka prywatno\u015bci Tatanka.nl \/ PePePe BV<\/strong><\/p>\n\n\n\n<figure class=\"wp-block-embed is-type-wp-embed is-provider-tatanka-amsterdam-webshop wp-block-embed-tatanka-amsterdam-webshop\"><div class=\"wp-block-embed__wrapper\">\n<blockquote class=\"wp-embedded-content\" data-secret=\"l4LiJkVko8\"><a href=\"https:\/\/www.tatanka.nl\/pl\/\">Strona g\u0142\u00f3wna<\/a><\/blockquote><iframe loading=\"lazy\" class=\"wp-embedded-content\" sandbox=\"allow-scripts\" security=\"restricted\" style=\"position: absolute; clip: rect(1px, 1px, 1px, 1px);\" title=\"&quot;Strona g\u0142\u00f3wna&quot; - Sklep internetowy Tatanka Amsterdam\" src=\"https:\/\/www.tatanka.nl\/embed\/#?secret=l4LiJkVko8\" data-secret=\"l4LiJkVko8\" width=\"600\" height=\"338\" frameborder=\"0\" marginwidth=\"0\" marginheight=\"0\" scrolling=\"no\"><\/iframe>\n<\/div><\/figure>\n\n\n\n<p><strong>O naszej polityce prywatno\u015bci<\/strong><\/p>\n\n\n\n<p>PePePe BV bardzo dba o prywatno\u015b\u0107 u\u017cytkownik\u00f3w. Przetwarzamy wy\u0142\u0105cznie dane, kt\u00f3rych potrzebujemy do (ulepszania) naszych us\u0142ug i ostro\u017cnie obchodzimy si\u0119 ze wszystkimi zebranymi informacjami o u\u017cytkowniku i jego korzystaniu z naszych us\u0142ug. Dane u\u017cytkownika nie s\u0105 udost\u0119pniane stronom trzecim w celach komercyjnych. Niniejsza polityka prywatno\u015bci dotyczy korzystania ze strony internetowej i us\u0142ug \u015bwiadczonych przez PePePe BV. Data pocz\u0105tkowa obowi\u0105zywania niniejszych warunk\u00f3w to 07\/07\/2021, wraz z publikacj\u0105 nowej wersji wa\u017cno\u015b\u0107 wszystkich poprzednich wersji zostaje anulowana. Niniejsza polityka prywatno\u015bci opisuje, jakie informacje o u\u017cytkowniku s\u0105 przez nas gromadzone, do czego dane te s\u0105 wykorzystywane oraz komu i na jakich warunkach dane te mog\u0105 by\u0107 udost\u0119pniane stronom trzecim. Wyja\u015bniamy r\u00f3wnie\u017c, w jaki spos\u00f3b przechowujemy dane u\u017cytkownika, jak chronimy je przed niew\u0142a\u015bciwym wykorzystaniem oraz jakie prawa przys\u0142uguj\u0105 u\u017cytkownikowi w odniesieniu do przekazanych nam danych osobowych.<\/p>\n\n\n\n<p>W przypadku jakichkolwiek pyta\u0144 dotycz\u0105cych naszej polityki prywatno\u015bci prosimy o kontakt z nasz\u0105 osob\u0105 kontaktow\u0105 ds. prywatno\u015bci, kt\u00f3rej dane kontaktowe znajduj\u0105 si\u0119 na ko\u0144cu naszej polityki prywatno\u015bci.<\/p>\n\n\n\n<p><strong>O naszym przetwarzaniu danych<\/strong><\/p>\n\n\n\n<p>Poni\u017cej mo\u017cesz przeczyta\u0107, w jaki spos\u00f3b przetwarzamy Twoje dane, gdzie je zapisujemy, jakich technik bezpiecze\u0144stwa u\u017cywamy i komu dane s\u0105 widoczne.<\/p>\n\n\n\n<p><strong>Oprogramowanie sklepu internetowego<\/strong><\/p>\n\n\n\n<p><strong>WooCommerce<\/strong><\/p>\n\n\n\n<p>Korzystamy z us\u0142ug hostingowych i poczty e-mail \u015bwiadczonych przez WooCommerce, W przypadku naszego hostingu internetowego korzystamy z us\u0142ug OtherDigital Ocean. Dane osobowe zebrane podczas korzystania z naszej strony internetowej i us\u0142ug s\u0105 udost\u0119pniane firmie OtherDigital Ocean, kt\u00f3ra wymaga dost\u0119pu do tych danych w celu oferowania wsparcia (technicznego). Nie b\u0119d\u0105 oni wykorzystywa\u0107 tych danych do \u017cadnych innych cel\u00f3w. OtherDigital Ocean ma obowi\u0105zek, w oparciu o umow\u0119, kt\u00f3r\u0105 z nimi zawarli\u015bmy, podj\u0105\u0107 niezb\u0119dne \u015brodki ostro\u017cno\u015bci i bezpiecze\u0144stwa, je\u015bli chodzi o dane osobowe u\u017cytkownika.<\/p>\n\n\n\n<p><strong>WooCommerce<\/strong><\/p>\n\n\n\n<p>Nasz sklep internetowy zosta\u0142 opracowany przy u\u017cyciu oprogramowania WooCommerce, Hostujemy nasz sklep internetowy na serwerze pod w\u0142asnym zarz\u0105dem. Podj\u0119li\u015bmy niezb\u0119dne \u015brodki ostro\u017cno\u015bci i \u015brodki bezpiecze\u0144stwa, je\u015bli chodzi o dane osobowe, takie jak szyfrowanie SSL i silna polityka hase\u0142.<\/p>\n\n\n\n<p><strong>E-mail i listy mailingowe <\/strong><strong>MailChimp<\/strong><\/p>\n\n\n\n<p>Korzystamy z us\u0142ug poczty elektronicznej MailChimp, strony trzeciej, kt\u00f3ra u\u0142atwia ruch e-mailowy na naszych stronach internetowych i ewentualne biuletyny. Wszelkie wiadomo\u015bci e-mail z potwierdzeniem otrzymywane z naszej strony internetowej i formularzy internetowych s\u0105 wysy\u0142ane z serwer\u00f3w MailChimp. MailChimp nie b\u0119dzie wykorzystywa\u0107 Twojego imienia i nazwiska ani adresu e-mail do w\u0142asnych cel\u00f3w. Na dole ka\u017cdej automatycznej wiadomo\u015bci e-mail wysy\u0142anej z naszej strony internetowej znajduje si\u0119 link \"anuluj subskrypcj\u0119\". Po klikni\u0119ciu tego linku nie b\u0119dziesz ju\u017c otrzymywa\u0107 automatycznych wiadomo\u015bci e-mail z naszej witryny, pami\u0119taj, \u017ce mo\u017ce to znacznie wp\u0142yn\u0105\u0107 na funkcjonalno\u015b\u0107 naszej witryny. Twoje dane osobowe b\u0119d\u0105 bezpiecznie przechowywane, wysy\u0142ane i blokowane przez MailChimp. MailChimp wykorzystuje pliki cookie i inne technologie internetowe, kt\u00f3re \u015bledz\u0105, czy wiadomo\u015bci e-mail s\u0105 otwierane i czytane. Ponadto MailChimp gromadzi informacje o u\u017cytkowniku jako odbiorcy i tematach tych wiadomo\u015bci e-mail w celu poprawy jako\u015bci swoich us\u0142ug, dane te s\u0105 przechowywane przez 30 dni. MailChimp zachowuje prawo do wykorzystywania danych osobowych u\u017cytkownika w celu dalszej poprawy jako\u015bci swoich us\u0142ug.<\/p>\n\n\n\n<p>i w tym kontek\u015bcie udost\u0119pnia\u0107 je stronom trzecim.<\/p>\n\n\n\n<p><strong>Cyfrowy Webhost<\/strong><\/p>\n\n\n\n<p>W przypadku naszej regularnej biznesowej poczty elektronicznej korzystamy z us\u0142ug poczty elektronicznej firmy Digital Ocean. Podmiot ten wdro\u017cy\u0142 odpowiednie \u015brodki techniczne i organizacyjne, aby zapobiec niew\u0142a\u015bciwemu wykorzystaniu, utracie lub uszkodzeniu danych u\u017cytkownika. Digital Webhost nie ma dost\u0119pu do naszej skrzynki pocztowej i traktujemy nasz ruch e-mail jako poufny.<\/p>\n\n\n\n<p><strong>Procesory p\u0142atno\u015bci<\/strong><\/p>\n\n\n\n<p><strong>Pay.nl<\/strong><\/p>\n\n\n\n<p>Do zawierania i przetwarzania (cz\u0119\u015bci) naszych p\u0142atno\u015bci w naszym sklepie internetowym u\u017cywamy dostawcy p\u0142atno\u015bci Pay.nl. Pay.nl przetwarza imi\u0119 i nazwisko, adres i informacje o miejscu zamieszkania u\u017cytkownika. Przetwarza r\u00f3wnie\u017c informacje dotycz\u0105ce p\u0142atno\u015bci, takie jak numer konta bankowego lub numer karty kredytowej. Pay.nl wdro\u017cy\u0142 odpowiednie \u015brodki techniczne i organizacyjne w celu ochrony danych osobowych u\u017cytkownika. Pay.nl zachowuje prawo do wykorzystywania Twoich danych osobowych (zanonimizowanych) w celu dalszego ulepszania swoich us\u0142ug i, w tym kontek\u015bcie, udost\u0119pniania ich stronom trzecim. W przypadku wniosku o odroczon\u0105 p\u0142atno\u015b\u0107 (kredyt) Pay.nl udost\u0119pni dane osobowe i informacje o zam\u00f3wieniu odpowiedniemu dostawcy us\u0142ug p\u0142atniczych. Wszystkie wy\u017cej wymienione gwarancje dotycz\u0105ce ochrony danych osobowych maj\u0105 r\u00f3wnie\u017c zastosowanie do wszelkich us\u0142ug Pay.nl, kt\u00f3re korzystaj\u0105 z us\u0142ug stron trzecich. Pay.nl nie przechowuje danych u\u017cytkownika d\u0142u\u017cej ni\u017c jest to dozwolone przez odpowiednie podstawy prawne.<\/p>\n\n\n\n<p><strong>Recenzje<\/strong><\/p>\n\n\n\n<p><strong>WebwinkelKeur<\/strong><\/p>\n\n\n\n<p>U\u017cywamy WebwinkelKeur do zbierania recenzji. Aby zostawi\u0107 recenzj\u0119, musisz poda\u0107 sw\u00f3j adres e-mail, imi\u0119 i nazwisko oraz miejsce zamieszkania. WebwinkelKeur udost\u0119pnia nam pewne dane, kt\u00f3re s\u0105 niezb\u0119dne do dopasowania recenzji do zam\u00f3wienia. Ponadto WebwinkelKeur publikuje imi\u0119 i nazwisko oraz miejsce zamieszkania u\u017cytkownika na swojej stronie internetowej. W niekt\u00f3rych przypadkach WebwinkelKeur mo\u017ce skontaktowa\u0107 si\u0119 z u\u017cytkownikiem, aby poprosi\u0107 go o wyja\u015bnienie, rozwini\u0119cie lub skomentowanie recenzji. W przypadku jednej z naszych pr\u00f3\u015bb o recenzj\u0119 udost\u0119pniamy Twoje imi\u0119 i nazwisko oraz adres e-mail firmie WebwinkelKeur, kt\u00f3ra wykorzystuje te informacje wy\u0142\u0105cznie w celu zaproszenia Ci\u0119 do pozostawienia recenzji. Firma WebwinkelKeur wdro\u017cy\u0142a odpowiednie \u015brodki techniczne i organizacyjne w celu ochrony danych osobowych u\u017cytkownik\u00f3w. WebwinkelKeur zachowuje prawo do wykorzystywania danych osobowych u\u017cytkownika w celu oferowania swoich us\u0142ug i udost\u0119pniania ich stronom trzecim, na co WebwinkelKeur wyrazi\u0142 zgod\u0119. Wszystkie wy\u017cej wymienione gwarancje dotycz\u0105ce ochrony danych osobowych u\u017cytkownika maj\u0105 r\u00f3wnie\u017c zastosowanie do wszelkich us\u0142ug WebwinkelKeur, kt\u00f3re korzystaj\u0105 z us\u0142ug stron trzecich.<\/p>\n\n\n\n<p><strong>Transport i logistyka Ksi\u0119gowo\u015b\u0107 i rachunkowo\u015b\u0107 Zewn\u0119trzne kana\u0142y sprzeda\u017cy<\/strong><\/p>\n\n\n\n<p><strong>Cel przetwarzania danych<\/strong><\/p>\n\n\n\n<p><strong>Og\u00f3lny cel przetwarzania danych<\/strong><\/p>\n\n\n\n<p>Wykorzystujemy dane u\u017cytkownika wy\u0142\u0105cznie w celu \u015bwiadczenia mu naszych us\u0142ug. Oznacza to, \u017ce cel przetwarzania tych danych pozostaje w bezpo\u015brednim zwi\u0105zku z zadaniem, kt\u00f3re nam oferujesz. Nie wykorzystujemy tych danych do (adresowanych) cel\u00f3w marketingowych. Je\u015bli u\u017cytkownik udost\u0119pni nam informacje, a my wykorzystamy te informacje, aby - nie na podstawie pro\u015bby - skontaktowa\u0107 si\u0119 z nim w p\u00f3\u017aniejszym czasie, najpierw poprosimy o wyra\u017an\u0105 zgod\u0119. Dane u\u017cytkownika nie s\u0105 udost\u0119pniane stronom trzecim,<\/p>\n\n\n\n<p>w jakimkolwiek innym celu ni\u017c wype\u0142nianie obowi\u0105zk\u00f3w ksi\u0119gowych i administracyjnych. Wszystkie te osoby trzecie s\u0105 zobowi\u0105zane do zachowania poufno\u015bci na podstawie umowy, kt\u00f3r\u0105 z nimi zawarli\u015bmy, przysi\u0119gi lub zobowi\u0105zania prawnego.<\/p>\n\n\n\n<p><strong>Automatycznie gromadzone dane<\/strong><\/p>\n\n\n\n<p>Informacje automatycznie gromadzone przez nasz\u0105 stron\u0119 internetow\u0105 s\u0105 przetwarzane wy\u0142\u0105cznie w celu dostarczenia u\u017cytkownikowi i\/lub dalszego ulepszania naszych us\u0142ug. Informacje te (na przyk\u0142ad adres IP u\u017cytkownika (zanonimizowany), przegl\u0105darka internetowa i system operacyjny) nie stanowi\u0105 danych osobowych.<\/p>\n\n\n\n<p><strong>Wsp\u00f3\u0142praca w zakresie dochodze\u0144 podatkowych i karnych<\/strong><\/p>\n\n\n\n<p>W niekt\u00f3rych przypadkach mo\u017cemy zosta\u0107 zobowi\u0105zani przez rz\u0105d do udost\u0119pnienia informacji o u\u017cytkowniku w celu pomocy w dochodzeniu podatkowym lub karnym. W takich przypadkach jeste\u015bmy zmuszeni do podporz\u0105dkowania si\u0119 i udzielenia pomocy, ale w oparciu o zgodne z prawem mo\u017cliwo\u015bci zg\u0142osimy sprzeciw.<\/p>\n\n\n\n<p><strong>Okresy przechowywania<\/strong><\/p>\n\n\n\n<p>Przechowujemy dane u\u017cytkownika tak d\u0142ugo, jak d\u0142ugo jest on naszym klientem. Oznacza to, \u017ce utrzymujemy i przechowujemy profil klienta do momentu poinformowania nas o rezygnacji z korzystania z naszych us\u0142ug. Taka wiadomo\u015b\u0107 dzia\u0142a r\u00f3wnie\u017c jako pro\u015bba o zapomnienie. Jeste\u015bmy zobowi\u0105zani do przechowywania faktur z danymi (osobowymi) u\u017cytkownika ze wzgl\u0119du na odpowiednie obowi\u0105zki administracyjne, informacje te s\u0105 bezpiecznie przechowywane tak d\u0142ugo, jak d\u0142ugo nie up\u0142yn\u0105\u0142 odpowiedni termin dla tych obowi\u0105zk\u00f3w. Personel nie ma ju\u017c dost\u0119pu do profilu klienta ani \u017cadnych dokument\u00f3w sporz\u0105dzonych w zwi\u0105zku z jego zleceniem lub zadaniem.<\/p>\n\n\n\n<p><strong>Twoje prawa<\/strong><\/p>\n\n\n\n<p>Na podstawie obowi\u0105zuj\u0105cego prawa holenderskiego i europejskiego u\u017cytkownik, jako strona, kt\u00f3rej dane dotycz\u0105, ma pewne prawa w odniesieniu do danych osobowych przetwarzanych przez nas lub w naszym imieniu. Poni\u017cej znajduje si\u0119 wyja\u015bnienie tych praw i sposobu, w jaki u\u017cytkownik, jako osoba, kt\u00f3rej dane dotycz\u0105, mo\u017ce si\u0119 na nie powo\u0142ywa\u0107. Zasadniczo, aby zapobiec nadu\u017cyciom, wysy\u0142amy faktury i kopie danych wy\u0142\u0105cznie na adresy e-mail podane nam przez u\u017cytkownika. Je\u015bli u\u017cytkownik chce otrzymywa\u0107 te dane na inny adres e-mail lub na przyk\u0142ad poczt\u0105 tradycyjn\u0105, poprosimy go o odpowiedni\u0105 identyfikacj\u0119. Prowadzimy administracj\u0119 z\u0142o\u017conych wniosk\u00f3w, w przypadku wniosku o zapomnienie b\u0119dziemy prowadzi\u0107 administracj\u0119 zanonimizowanych danych. U\u017cytkownik otrzymuje wszystkie faktury i kopie danych w plikach o strukturze nadaj\u0105cej si\u0119 do odczytu maszynowego w oparciu o klasyfikacje danych, kt\u00f3rych u\u017cywamy w naszym systemie. Przez ca\u0142y czas u\u017cytkownik ma prawo do z\u0142o\u017cenia skargi do Autoriteit Persoonsgegevens, je\u015bli podejrzewa, \u017ce niew\u0142a\u015bciwie traktujemy lub niew\u0142a\u015bciwie wykorzystujemy jego dane osobowe.<\/p>\n\n\n\n<p><strong>Prawo do inspekcji<\/strong><\/p>\n\n\n\n<p>W ka\u017cdej chwili u\u017cytkownik ma prawo wgl\u0105du do przetwarzanych przez nas danych, kt\u00f3re s\u0105 lub mog\u0105 by\u0107 powi\u0105zane z jego osob\u0105. U\u017cytkownik mo\u017ce za\u017c\u0105da\u0107 takiego wgl\u0105du od osoby kontaktowej odpowiedzialnej za kwestie prywatno\u015bci. U\u017cytkownik otrzyma odpowied\u017a na sw\u00f3j wniosek w ci\u0105gu 30 dni. Je\u015bli wniosek zostanie zatwierdzony, prze\u015blemy u\u017cytkownikowi, za po\u015brednictwem znanego nam adresu e-mail, kopi\u0119 wszystkich danych wraz z dodatkowym przegl\u0105dem podmiot\u00f3w przetwarzaj\u0105cych, kt\u00f3re zarz\u0105dzaj\u0105 tymi danymi, podaj\u0105c jednocze\u015bnie kategorie, w ramach kt\u00f3rych przechowujemy te dane.<\/p>\n\n\n\n<p><strong>Prawo do sprostowania<\/strong><\/p>\n\n\n\n<p>W ka\u017cdej chwili u\u017cytkownik zachowuje prawo do skorygowania przetwarzanych przez nas danych, kt\u00f3re maj\u0105 zwi\u0105zek lub mog\u0105 mie\u0107 zwi\u0105zek z jego osob\u0105. U\u017cytkownik mo\u017ce zwr\u00f3ci\u0107 si\u0119 o takie dostosowanie do naszej osoby kontaktowej odpowiedzialnej za kwestie prywatno\u015bci. U\u017cytkownik otrzyma odpowied\u017a na sw\u00f3j wniosek w ci\u0105gu 30 dni. Je\u015bli wniosek zostanie zatwierdzony, prze\u015blemy u\u017cytkownikowi potwierdzenie dostosowania danych za po\u015brednictwem znanego nam adresu e-mail.<\/p>\n\n\n\n<p><strong>Prawo do ograniczenia przetwarzania<\/strong><\/p>\n\n\n\n<p>Przez ca\u0142y czas u\u017cytkownik ma prawo do ograniczenia przetwarzanych przez nas danych, kt\u00f3re maj\u0105 zwi\u0105zek z jego osob\u0105 lub mog\u0105 by\u0107 z ni\u0105 powi\u0105zane. U\u017cytkownik mo\u017ce zwr\u00f3ci\u0107 si\u0119 o takie ograniczenie do osoby kontaktowej odpowiedzialnej za kwestie prywatno\u015bci. U\u017cytkownik otrzyma odpowied\u017a na sw\u00f3j wniosek w ci\u0105gu 30 dni. Je\u015bli pro\u015bba zostanie zaakceptowana, wy\u015blemy Ci, za po\u015brednictwem znanego nam adresu e-mail, potwierdzenie, \u017ce przetwarzanie Twoich danych jest ograniczone do czasu, gdy zdecydujesz si\u0119 anulowa\u0107 to ograniczenie.<\/p>\n\n\n\n<p><strong>Prawo zbywalno\u015bci<\/strong><\/p>\n\n\n\n<p>W ka\u017cdej chwili u\u017cytkownik ma prawo za\u017c\u0105da\u0107, aby przetwarzane przez nas dane, kt\u00f3re maj\u0105 zwi\u0105zek z jego osob\u0105 lub mog\u0105 by\u0107 z ni\u0105 powi\u0105zane, by\u0142y przetwarzane przez wybran\u0105 przez niego stron\u0119 trzeci\u0105. U\u017cytkownik mo\u017ce przes\u0142a\u0107 taki wniosek do osoby kontaktowej odpowiedzialnej za kwestie prywatno\u015bci. U\u017cytkownik otrzyma odpowied\u017a na sw\u00f3j wniosek w ci\u0105gu 30 dni. Je\u015bli Twoja pro\u015bba zostanie zaakceptowana, prze\u015blemy Ci, za po\u015brednictwem znanego nam adresu e-mail, Twoje (osobiste) faktury lub kopie danych przetwarzanych przez nas lub strony trzecie w naszym imieniu. Jest wysoce prawdopodobne, \u017ce w takim przypadku nie b\u0119dziemy mogli d\u0142u\u017cej oferowa\u0107 u\u017cytkownikowi naszych us\u0142ug, poniewa\u017c nie b\u0119dziemy mogli zagwarantowa\u0107 bezpiecze\u0144stwa wcze\u015bniejszych danych.<\/p>\n\n\n\n<p><strong>Prawo do sprzeciwu i inne prawa<\/strong><\/p>\n\n\n\n<p>Przez ca\u0142y czas u\u017cytkownik zachowuje prawo do wniesienia sprzeciwu wobec przetwarzania przez nas lub w naszym imieniu przez strony trzecie jego danych osobowych.<\/p>\n\n\n\n<p>danych osobowych. W przypadku takiego sprzeciwu niezw\u0142ocznie zaprzestaniemy przetwarzania danych u\u017cytkownika na czas rozpatrywania sprzeciwu. W przypadku uzasadnionego sprzeciwu zwr\u00f3cimy wszystkie faktury i\/lub kopie danych osobowych, kt\u00f3re my lub osoby trzecie w naszym imieniu przetwarza\u0142y do tego momentu, a nast\u0119pnie zaprzestaniemy ich przetwarzania. U\u017cytkownik zachowuje r\u00f3wnie\u017c prawo do niepodlegania zautomatyzowanym procesom decyzyjnym lub profilowaniu. Przetwarzamy dane u\u017cytkownika w taki spos\u00f3b, \u017ce prawo to nie ma zastosowania. Je\u015bli uwa\u017casz, \u017ce to prawo ma zastosowanie, prosimy o skontaktowanie si\u0119 z nasz\u0105 osob\u0105 kontaktow\u0105 odpowiedzialn\u0105 za kwestie prywatno\u015bci.<\/p>\n\n\n\n<p><strong>Zmiany w polityce prywatno\u015bci<\/strong><\/p>\n\n\n\n<p>Przez ca\u0142y czas zachowujemy prawo do zmiany naszej polityki prywatno\u015bci. Na tej stronie zawsze jednak wy\u015bwietlana jest najnowsza wersja naszej polityki prywatno\u015bci. Je\u015bli nowa polityka prywatno\u015bci b\u0119dzie mia\u0142a wp\u0142yw na spos\u00f3b, w jaki przetwarzamy ostatnio zebrane dane dotycz\u0105ce Twojej osoby, powiadomimy Ci\u0119 o tym za po\u015brednictwem poczty elektronicznej.<\/p>\n\n\n\n<p><strong>Szczeg\u00f3\u0142y firmy <\/strong><strong>PePePe BV<\/strong><\/p>\n\n\n\n<p>Sulky 6 J Zeewolde Nederland <strong>T <\/strong>(085) 016-0883 <strong>E <\/strong>info@tatanka.nl<\/p>","protected":false},"excerpt":{"rendered":"<p>Polityka prywatno\u015bci Tatanka.nl \/ PePePe BV O naszej polityce prywatno\u015bci PePePe BV bardzo dba o Twoj\u0105 prywatno\u015b\u0107. Przetwarzamy wy\u0142\u0105cznie dane, kt\u00f3rych potrzebujemy do (ulepszania) naszych us\u0142ug i ostro\u017cnie obchodzimy si\u0119 ze wszystkimi zebranymi informacjami o u\u017cytkowniku i korzystaniu z naszych us\u0142ug. Twoje dane nie s\u0105 udost\u0119pniane stronom trzecim w celach komercyjnych. Niniejsza polityka prywatno\u015bci...<\/p>","protected":false},"author":1,"featured_media":0,"parent":0,"menu_order":0,"comment_status":"closed","ping_status":"closed","template":"","meta":{"footnotes":""},"class_list":["post-1784","page","type-page","status-publish","hentry"],"_links":{"self":[{"href":"https:\/\/www.tatanka.nl\/pl\/wp-json\/wp\/v2\/pages\/1784","targetHints":{"allow":["GET"]}}],"collection":[{"href":"https:\/\/www.tatanka.nl\/pl\/wp-json\/wp\/v2\/pages"}],"about":[{"href":"https:\/\/www.tatanka.nl\/pl\/wp-json\/wp\/v2\/types\/page"}],"author":[{"embeddable":true,"href":"https:\/\/www.tatanka.nl\/pl\/wp-json\/wp\/v2\/users\/1"}],"replies":[{"embeddable":true,"href":"https:\/\/www.tatanka.nl\/pl\/wp-json\/wp\/v2\/comments?post=1784"}],"version-history":[{"count":0,"href":"https:\/\/www.tatanka.nl\/pl\/wp-json\/wp\/v2\/pages\/1784\/revisions"}],"wp:attachment":[{"href":"https:\/\/www.tatanka.nl\/pl\/wp-json\/wp\/v2\/media?parent=1784"}],"curies":[{"name":"wp","href":"https:\/\/api.w.org\/{rel}","templated":true}]}}