{"id":31614,"date":"2021-06-04T09:11:04","date_gmt":"2021-06-04T09:11:04","guid":{"rendered":"https:\/\/www.tatanka.nl\/?page_id=31614"},"modified":"2024-09-30T12:20:03","modified_gmt":"2024-09-30T11:20:03","slug":"staff-wanted","status":"publish","type":"page","link":"https:\/\/www.tatanka.nl\/pl\/staff-wanted\/","title":{"rendered":"Poszukiwany personel"},"content":{"rendered":"<div id=\"gap-1888959664\" class=\"gap-element clearfix\" style=\"display:block; height:auto;\">\n\t\t\n<style>\n#gap-1888959664 {\n  padding-top: 40px;\n}\n<\/style>\n\t<\/div>\n\t\n\n<div class=\"row row-small\"  id=\"row-776203975\">\n\n\n\t<div id=\"col-1946456085\" class=\"col small-12 large-12 small-col-first\"  >\n\t\t\t\t<div class=\"col-inner text-left box-shadow-3\"  >\n\t\t\t\n\t\t\t\n\n\t<div class=\"img has-hover x md-x lg-x y md-y lg-y\" id=\"image_268437760\">\n\t\t\t\t\t\t\t\t<div class=\"img-inner dark\" >\n\t\t\t<img loading=\"lazy\" decoding=\"async\" width=\"1440\" height=\"404\" src=\"https:\/\/www.tatanka.nl\/wp-content\/uploads\/2018\/05\/Psychedelic-Magic-Truffles-Amsterdam.jpg\" class=\"attachment-original size-original\" alt=\"- Tatanka.nl\" srcset=\"https:\/\/www.tatanka.nl\/wp-content\/uploads\/2018\/05\/Psychedelic-Magic-Truffles-Amsterdam.jpg 1440w, https:\/\/www.tatanka.nl\/wp-content\/uploads\/2018\/05\/Psychedelic-Magic-Truffles-Amsterdam-420x118.jpg 420w, https:\/\/www.tatanka.nl\/wp-content\/uploads\/2018\/05\/Psychedelic-Magic-Truffles-Amsterdam-64x18.jpg 64w, https:\/\/www.tatanka.nl\/wp-content\/uploads\/2018\/05\/Psychedelic-Magic-Truffles-Amsterdam-600x168.jpg 600w, https:\/\/www.tatanka.nl\/wp-content\/uploads\/2018\/05\/Psychedelic-Magic-Truffles-Amsterdam-768x215.jpg 768w, https:\/\/www.tatanka.nl\/wp-content\/uploads\/2018\/05\/Psychedelic-Magic-Truffles-Amsterdam-800x224.jpg 800w\" sizes=\"auto, (max-width: 1440px) 100vw, 1440px\" title=\"- Tatanka.nl\">\t\t\t\t\t\t\n\t\t\t\t\t<\/div>\n\t\t\t\t\t\t\t\t\n<style>\n#image_268437760 {\n  width: 100%;\n}\n<\/style>\n\t<\/div>\n\t\n\n<h1><span style=\"font-size: 120%;\">Wakacje<\/span><\/h1>\n<p>Bezpo\u015brednio poszukujemy asystenta kierownika do jednego z 3 oddzia\u0142\u00f3w w Amsterdamie. Z mo\u017cliwo\u015bci\u0105 awansu na asystenta kierownika.<\/p>\n<p>Wi\u0119cej informacji na temat wakacji mo\u017cna znale\u017a\u0107 tutaj<\/p>\n<div class=\"accordion\">\n\n\t<div id=\"accordion-2623164225\" class=\"accordion-item\">\n\t\t<a id=\"accordion-2623164225-label\" class=\"accordion-title plain active\" href=\"#accordion-item-verkoopmedewerker\" aria-expanded=\"true\" aria-controls=\"accordion-2623164225-content\">\n\t\t\t<button class=\"toggle\" aria-label=\"Prze\u0142\u0105cznik\"><i class=\"icon-angle-down\" aria-hidden=\"true\"><\/i><\/button>\n\t\t\t<span>Verkoopmedewerker<\/span>\n\t\t<\/a>\n\t\t<div id=\"accordion-2623164225-content\" class=\"accordion-inner\" style=\"display: block;\" aria-labelledby=\"accordion-2623164225-label\">\n\t\t\t\n\n<p>Czy jeste\u015b entuzjastyczny, odwa\u017cny i pomagasz ludziom? Jeste\u015bmy do Twojej dyspozycji!<\/p>\n<p>W przypadku trzech modeli Smartshop (Headshop i dw\u00f3ch filialnych modeli Tatanka) w centrum Amsterdamu jeste\u015bmy bardzo otwarci na sprzedawc\u00f3w. <\/p>\n<p><strong>Szukamy kogo\u015b takiego:<\/strong><\/p>\n<p>- <strong>Nederlands<\/strong> pl <strong>Engels<\/strong> spreekt<br \/>- Klanten op een positieve manier kunnen helpen<br \/>- Graag samenwerkt, maar ook zelfstandig is<br \/>- Inzicht heeft, oplossingsgericht denkt en pro-actief handelt<\/p>\n<p><strong>Jeste\u015bmy bezpo\u015brednio otwarci na osoby, z kt\u00f3rymi wsp\u00f3\u0142pracuje nasz zesp\u00f3\u0142.<\/strong><\/p>\n<a href=\"mailto:job@tatanka.nl?subject=Aanmelding%20vacature%3A%20Verkoopmedewerker&#038;body=Hallo%2C%20ik%20heb%20interesse%20in%20de%20vacature%20van%20Verkoopmedewerker\" class=\"button primary is-shade is-larger box-shadow-4 box-shadow-5-hover\" style=\"border-radius:15px;\">\n\t\t<span>E-mail<\/span>\n\t<i class=\"icon-envelop\" aria-hidden=\"true\"><\/i><\/a>\n\n\n<p>----<\/p>\n<p>Jeste\u015b entuzjastyczny, wykwalifikowany i lubisz pomaga\u0107 ludziom? W takim razie szukamy w\u0142a\u015bnie Ciebie!<\/p>\n<p>Poszukujemy pracownik\u00f3w sprzeda\u017cy dla naszych trzech oddzia\u0142\u00f3w Smartshop (Headshop i dw\u00f3ch oddzia\u0142\u00f3w Tatanka) w centrum Amsterdamu.<\/p>\n<p>Poszukujemy osoby, kt\u00f3ra:<\/p>\n<p>- m\u00f3wi po holendersku i angielsku<br \/>\n- Mo\u017cliwo\u015b\u0107 pomagania klientom w pozytywny spos\u00f3b<br \/>\n- Lubi wsp\u00f3\u0142pracowa\u0107, ale jest te\u017c niezale\u017cny.<br \/>\n- Ma wgl\u0105d, my\u015bli w spos\u00f3b zorientowany na rozwi\u0105zania i dzia\u0142a proaktywnie.<\/p>\n<p>Natychmiast poszukujemy os\u00f3b, kt\u00f3re do\u0142\u0105cz\u0105 do naszego zespo\u0142u<\/p>\n<a href=\"mailto:job@tatanka.nl?subject=Aanmelding%20vacature%3A%20Verkoopmedewerker&#038;body=Hallo%2C%20ik%20heb%20interesse%20in%20de%20vacature%20van%20Verkoopmedewerker\" class=\"button primary is-shade is-larger box-shadow-4 box-shadow-5-hover\" style=\"border-radius:15px;\">\n\t\t<span>E-mail<\/span>\n\t<i class=\"icon-envelop\" aria-hidden=\"true\"><\/i><\/a>\n\n\n\n\t\t<\/div>\n\t<\/div>\n\t\n\t<div id=\"accordion-2813814101\" class=\"accordion-item\">\n\t\t<a id=\"accordion-2813814101-label\" class=\"accordion-title plain\" href=\"#accordion-item-assistent-winkelmanager-m\/v-(30-40-uur)\" aria-expanded=\"false\" aria-controls=\"accordion-2813814101-content\">\n\t\t\t<button class=\"toggle\" aria-label=\"Prze\u0142\u0105cznik\"><i class=\"icon-angle-down\" aria-hidden=\"true\"><\/i><\/button>\n\t\t\t<span>Assistent winkelmanager m\/v (30-40 uur)<\/span>\n\t\t<\/a>\n\t\t<div id=\"accordion-2813814101-content\" class=\"accordion-inner\" aria-labelledby=\"accordion-2813814101-label\">\n\t\t\t\n\n<p>Ben jij enthousiast, vaardig i stuur je graag mensen aan? Jeste\u015bmy do Twojej dyspozycji!<\/p>\n<p>W przypadku trzech sklep\u00f3w Smartshop (Headshop i dw\u00f3ch filii Tatanka) w centrum Amsterdamu szukamy asystenta kierownika sklepu. Met doorgoeimogelijkheden tot assistent manager van alle winkels.<\/p>\n<p><strong>Szukamy kogo\u015b takiego:<\/strong><\/p>\n<p>- <strong>Nederlands<\/strong> pl <strong>Engels<\/strong> spreekt<br \/>- Zich verantwoordelijk voelt<br \/>- Mensen op een positieve manier kan aansuren<br \/>- W zwi\u0105zku z zaak beslissingen kan nemen en oplossingen kan bedenken&nbsp;<br \/>- Graag samenwerkt, maar ook zelfstandig is<br \/>- Inzicht heeft, oplossingsgericht denkt en pro-actief handelt<\/p>\n<p><strong>Voorkomende taken:<\/strong><\/p>\n<p>- Niezb\u0119dne do prowadzenia dzia\u0142alno\u015bci gospodarczej<br \/>- Collega's aansturen en motiveren<br \/>- Udzielanie pomocy i doradzanie klientom<br \/>- Opzoek na verbetering en optimalisatie voor de winkel<br \/>- Aktualne informacje o etala\u017cach<\/p>\n\t<div id=\"gap-285192458\" class=\"gap-element clearfix\" style=\"display:block; height:auto;\">\n\t\t\n<style>\n#gap-285192458 {\n  padding-top: 30px;\n}\n<\/style>\n\t<\/div>\n\t\n\n<a href=\"mailto:job@tatanka.nl?subject=Aanmelding%20vacature%3A%20Assistent%20winkelmanager&#038;body=Hallo%2C%20ik%20heb%20interesse%20in%20de%20vacature%20van%20Assistent%20winkelmanager!\" class=\"button primary is-shade is-larger box-shadow-4 box-shadow-5-hover\" style=\"border-radius:15px;\">\n\t\t<span>E-mail<\/span>\n\t<i class=\"icon-envelop\" aria-hidden=\"true\"><\/i><\/a>\n\n\n\n\t\t<\/div>\n\t<\/div>\n\t\n\n<\/div>\n\n\t\t<\/div>\n\t\t\t\t\n<style>\n#col-1946456085 > .col-inner {\n  padding: 30px 30px 30px 30px;\n}\n<\/style>\n\t<\/div>\n\n\t\n\n<\/div>\n<div class=\"row row-small row-box-shadow-3\"  id=\"row-1061457559\">\n\n\n\t<div id=\"col-1764021521\" class=\"col medium-4 small-12 large-4\"  >\n\t\t\t\t<div class=\"col-inner\"  >\n\t\t\t\n\t\t\t\n\n<h2>1. Sklep Tatanka<\/h2>\n\t<div class=\"img has-hover x md-x lg-x y md-y lg-y\" id=\"image_1253103605\">\n\t\t\t\t\t\t\t\t<div class=\"img-inner dark\" >\n\t\t\t<img loading=\"lazy\" decoding=\"async\" width=\"400\" height=\"275\" src=\"https:\/\/www.tatanka.nl\/wp-content\/uploads\/2018\/04\/Tatanka-Amsterdam-Shop.jpg\" class=\"attachment-original size-original\" alt=\"- Tatanka.nl\" srcset=\"https:\/\/www.tatanka.nl\/wp-content\/uploads\/2018\/04\/Tatanka-Amsterdam-Shop.jpg 400w, https:\/\/www.tatanka.nl\/wp-content\/uploads\/2018\/04\/Tatanka-Amsterdam-Shop-64x44.jpg 64w\" sizes=\"auto, (max-width: 400px) 100vw, 400px\" title=\"- Tatanka.nl\">\t\t\t\t\t\t\n\t\t\t\t\t<\/div>\n\t\t\t\t\t\t\t\t\n<style>\n#image_1253103605 {\n  width: 100%;\n}\n<\/style>\n\t<\/div>\n\t\n\n<p>Korte Leidsedwarsstraat 151a<br \/>1017 PZ Amsterdam<br \/>Holandia<\/p>\n<p><strong> Blisko Leidseplein<\/strong><br \/>Od 10:00 do 22:00<\/p>\n\n\t\t<\/div>\n\t\t\t\t\t<\/div>\n\n\t\n\n\t<div id=\"col-260437859\" class=\"col medium-4 small-12 large-4\"  >\n\t\t\t\t<div class=\"col-inner\"  >\n\t\t\t\n\t\t\t\n\n<h2>2. Headshop<\/h2>\n\t<div class=\"img has-hover x md-x lg-x y md-y lg-y\" id=\"image_2088712232\">\n\t\t\t\t\t\t\t\t<div class=\"img-inner dark\" >\n\t\t\t<img loading=\"lazy\" decoding=\"async\" width=\"400\" height=\"275\" src=\"https:\/\/www.tatanka.nl\/wp-content\/uploads\/2018\/04\/Headshop-Amsterdam.jpg\" class=\"attachment-original size-original\" alt=\"- Tatanka.nl\" srcset=\"https:\/\/www.tatanka.nl\/wp-content\/uploads\/2018\/04\/Headshop-Amsterdam.jpg 400w, https:\/\/www.tatanka.nl\/wp-content\/uploads\/2018\/04\/Headshop-Amsterdam-64x44.jpg 64w\" sizes=\"auto, (max-width: 400px) 100vw, 400px\" title=\"- Tatanka.nl\">\t\t\t\t\t\t\n\t\t\t\t\t<\/div>\n\t\t\t\t\t\t\t\t\n<style>\n#image_2088712232 {\n  width: 100%;\n}\n<\/style>\n\t<\/div>\n\t\n\n<p>Kloveniersburgwal 39<br \/>1011 JW Amsterdam<br \/>Holandia<\/p>\n<p><strong> Blisko placu Dam<\/strong><br \/>\nOd 10:00 do 22:00<\/p>\n\n\t\t<\/div>\n\t\t\t\t\t<\/div>\n\n\t\n\n\t<div id=\"col-741699973\" class=\"col medium-4 small-12 large-4\"  >\n\t\t\t\t<div class=\"col-inner text-left\"  >\n\t\t\t\n\t\t\t\n\n<h2>3. Sklep Tatanka<\/h2>\n\t<div class=\"img has-hover x md-x lg-x y md-y lg-y\" id=\"image_1384295320\">\n\t\t\t\t\t\t\t\t<div class=\"img-inner dark\" >\n\t\t\t<img loading=\"lazy\" decoding=\"async\" width=\"400\" height=\"275\" src=\"https:\/\/www.tatanka.nl\/wp-content\/uploads\/2018\/04\/Tatanka-Halve-Maan-Shop.jpg\" class=\"attachment-original size-original\" alt=\"- Tatanka.nl\" srcset=\"https:\/\/www.tatanka.nl\/wp-content\/uploads\/2018\/04\/Tatanka-Halve-Maan-Shop.jpg 400w, https:\/\/www.tatanka.nl\/wp-content\/uploads\/2018\/04\/Tatanka-Halve-Maan-Shop-64x44.jpg 64w\" sizes=\"auto, (max-width: 400px) 100vw, 400px\" title=\"- Tatanka.nl\">\t\t\t\t\t\t\n\t\t\t\t\t<\/div>\n\t\t\t\t\t\t\t\t\n<style>\n#image_1384295320 {\n  width: 100%;\n}\n<\/style>\n\t<\/div>\n\t\n\n<p>Halvemaansteeg 12<br \/>1017 CR Amsterdam<br \/>Holandia<\/p>\n<p><strong> Blisko Rembrandtplein<\/strong><br \/>\nOd 10:00 do 22:00<\/p>\n\n\t\t<\/div>\n\t\t\t\t\t<\/div>\n\n\t\n\n\n<style>\n#row-1061457559 > .col > .col-inner {\n  padding: 30px 30px 30px 30px;\n}\n<\/style>\n<\/div>\n\t<div id=\"gap-1902142019\" class=\"gap-element clearfix\" style=\"display:block; height:auto;\">\n\t\t\n<style>\n#gap-1902142019 {\n  padding-top: 20px;\n}\n<\/style>\n\t<\/div>","protected":false},"excerpt":{"rendered":"","protected":false},"author":1427,"featured_media":0,"parent":0,"menu_order":0,"comment_status":"closed","ping_status":"closed","template":"page-blank.php","meta":{"footnotes":""},"class_list":["post-31614","page","type-page","status-publish","hentry"],"_links":{"self":[{"href":"https:\/\/www.tatanka.nl\/pl\/wp-json\/wp\/v2\/pages\/31614","targetHints":{"allow":["GET"]}}],"collection":[{"href":"https:\/\/www.tatanka.nl\/pl\/wp-json\/wp\/v2\/pages"}],"about":[{"href":"https:\/\/www.tatanka.nl\/pl\/wp-json\/wp\/v2\/types\/page"}],"author":[{"embeddable":true,"href":"https:\/\/www.tatanka.nl\/pl\/wp-json\/wp\/v2\/users\/1427"}],"replies":[{"embeddable":true,"href":"https:\/\/www.tatanka.nl\/pl\/wp-json\/wp\/v2\/comments?post=31614"}],"version-history":[{"count":0,"href":"https:\/\/www.tatanka.nl\/pl\/wp-json\/wp\/v2\/pages\/31614\/revisions"}],"wp:attachment":[{"href":"https:\/\/www.tatanka.nl\/pl\/wp-json\/wp\/v2\/media?parent=31614"}],"curies":[{"name":"wp","href":"https:\/\/api.w.org\/{rel}","templated":true}]}}