{"id":31860,"date":"2021-07-07T11:20:34","date_gmt":"2021-07-07T11:20:34","guid":{"rendered":"https:\/\/www.tatanka.nl\/?page_id=31860"},"modified":"2023-05-15T13:58:38","modified_gmt":"2023-05-15T11:58:38","slug":"complaints","status":"publish","type":"page","link":"https:\/\/www.tatanka.nl\/pl\/complaints\/","title":{"rendered":"Skargi"},"content":{"rendered":"<div id=\"gap-564576998\" class=\"gap-element clearfix\" style=\"display:block; height:auto;\">\n\t\t\n<style>\n#gap-564576998 {\n  padding-top: 40px;\n}\n<\/style>\n\t<\/div>\n\t\n\n<div class=\"row row-small\"  id=\"row-712364632\">\n\n\n\t<div id=\"col-34188215\" class=\"col small-12 large-12 small-col-first\"  >\n\t\t\t\t<div class=\"col-inner text-left box-shadow-3\"  >\n\t\t\t\n\t\t\t\n\n\t<div class=\"img has-hover x md-x lg-x y md-y lg-y\" id=\"image_1515583741\">\n\t\t\t\t\t\t\t\t<div class=\"img-inner dark\" >\n\t\t\t<img loading=\"lazy\" decoding=\"async\" width=\"1440\" height=\"404\" src=\"https:\/\/www.tatanka.nl\/wp-content\/uploads\/2018\/05\/Psychedelic-Magic-Truffles-Amsterdam.jpg\" class=\"attachment-original size-original\" alt=\"- Tatanka.nl\" srcset=\"https:\/\/www.tatanka.nl\/wp-content\/uploads\/2018\/05\/Psychedelic-Magic-Truffles-Amsterdam.jpg 1440w, https:\/\/www.tatanka.nl\/wp-content\/uploads\/2018\/05\/Psychedelic-Magic-Truffles-Amsterdam-420x118.jpg 420w, https:\/\/www.tatanka.nl\/wp-content\/uploads\/2018\/05\/Psychedelic-Magic-Truffles-Amsterdam-64x18.jpg 64w, https:\/\/www.tatanka.nl\/wp-content\/uploads\/2018\/05\/Psychedelic-Magic-Truffles-Amsterdam-600x168.jpg 600w, https:\/\/www.tatanka.nl\/wp-content\/uploads\/2018\/05\/Psychedelic-Magic-Truffles-Amsterdam-768x215.jpg 768w, https:\/\/www.tatanka.nl\/wp-content\/uploads\/2018\/05\/Psychedelic-Magic-Truffles-Amsterdam-800x224.jpg 800w\" sizes=\"auto, (max-width: 1440px) 100vw, 1440px\" title=\"- Tatanka.nl\">\t\t\t\t\t\t\n\t\t\t\t\t<\/div>\n\t\t\t\t\t\t\t\t\n<style>\n#image_1515583741 {\n  width: 100%;\n}\n<\/style>\n\t<\/div>\n\t\n\n<h1><span style=\"font-size: 120%;\">Skargi<\/span><\/h1>\n<p>Istnieje mo\u017cliwo\u015b\u0107, \u017ce wydarzy si\u0119 co\u015b niezgodnego z planem. Zalecamy, aby najpierw ujawni\u0107 wszelkie skargi, kontaktuj\u0105c si\u0119 z nami za pomoc\u0105 poni\u017cszego formularza kontaktowego. Je\u015bli to nie doprowadzi do rozwi\u0105zania, mo\u017cliwe jest zarejestrowanie sporu do mediacji za po\u015brednictwem strony internetowej&nbsp;<span style=\"text-decoration: underline;\"><a href=\"https:\/\/www.webwinkelkeur.nl\/kennisbank\/consumenten\/geschil\/dispute\/\" target=\"_blank\" rel=\"noopener noreferrer\">Fundacja ValuedShops\/WebwinkelKeur<\/a><\/span>&nbsp;(dotyczy to wy\u0142\u0105cznie klient\u00f3w holenderskich i\/lub belgijskich). Od 15 lutego 2016 r. konsumenci w UE mog\u0105 r\u00f3wnie\u017c zg\u0142asza\u0107 skargi za po\u015brednictwem platformy ODR Komisji Europejskiej. Platform\u0119 ODR mo\u017cna znale\u017a\u0107 pod adresem&nbsp;<span style=\"text-decoration: underline;\"><a href=\"http:\/\/ec.europa.eu\/odr\" target=\"_blank\" rel=\"noopener noreferrer\">http:\/\/ec.europa.eu\/odr<\/a><\/span>. Je\u015bli Twoja skarga nie zosta\u0142a jeszcze rozpatrzona w innym miejscu, mo\u017cesz z\u0142o\u017cy\u0107 skarg\u0119 za po\u015brednictwem platformy Unii Europejskiej.<\/p>\n<div class=\"is-divider divider clearfix\" style=\"max-width:100px;height:10px;background-color:rgb(255, 255, 255);\"><\/div>\n\n<div class=\"row\"  id=\"row-989615693\">\n\n\n\t<div id=\"col-927196062\" class=\"col medium-4 small-12 large-4\"  >\n\t\t\t\t<div class=\"col-inner\"  >\n\t\t\t\n\t\t\t\n\n<h2>E-mail<\/h2>\n<p>Czy masz skarg\u0119 dotycz\u0105c\u0105 zam\u00f3wienia online? Prosimy o podanie numeru zam\u00f3wienia. Na wiadomo\u015bci odpowiadamy zazwyczaj w ci\u0105gu 1 dnia roboczego.<\/p>\n\n<a href=\"mailto:info@tatanka.nl?subject=Complaint%3A&#038;body=Hey%20Tatanka%2C%0A%0AUnfortunately%20i&#039;m%20not%20happy%20with%20my%20order%2Fproduct.%0A%0AYou%20can%20find%20my%20order%20number%20and%20complaint%20below.%0A%0AOrder%20number%3A%0AMy%20complaint%20is%3A\" class=\"button primary\" style=\"border-radius:10px;\">\n\t\t<span>Wy\u015blij wiadomo\u015b\u0107 e-mail<\/span>\n\t<i class=\"icon-envelop\" aria-hidden=\"true\"><\/i><\/a>\n\n\n\n\t\t<\/div>\n\t\t\t\t\t<\/div>\n\n\t\n\n\t<div id=\"col-694742425\" class=\"col medium-4 small-12 large-4\"  >\n\t\t\t\t<div class=\"col-inner\"  >\n\t\t\t\n\t\t\t\n\n<h2>Adres<\/h2>\n<p>Tatanka.nl<br \/>PePePe BV<br \/>Sulky 6 J<br \/>Zeewolde<br \/>3897AJ<\/p>\n<p><strong>KVK:<\/strong> 34236211<br \/><strong>BTW:<\/strong> NL815030411B01<\/p>\n\n\t\t<\/div>\n\t\t\t\t\t<\/div>\n\n\t\n\n\t<div id=\"col-1544113246\" class=\"col medium-4 small-12 large-4\"  >\n\t\t\t\t<div class=\"col-inner\"  >\n\t\t\t\n\t\t\t\n\n<h2>Telefon<\/h2>\n<p>(0031)(0)85-0160883<\/p>\n\n\t\t<\/div>\n\t\t\t\t\t<\/div>\n\n\t\n\n<\/div>\n\n\t\t<\/div>\n\t\t\t\t\n<style>\n#col-34188215 > .col-inner {\n  padding: 30px 30px 30px 30px;\n}\n<\/style>\n\t<\/div>\n\n\t\n\n<\/div>\n<div class=\"row row-small row-box-shadow-3\"  id=\"row-409354687\">\n\n\n<\/div>\n\t<div id=\"gap-639701834\" class=\"gap-element clearfix\" style=\"display:block; height:auto;\">\n\t\t\n<style>\n#gap-639701834 {\n  padding-top: 20px;\n}\n<\/style>\n\t<\/div>","protected":false},"excerpt":{"rendered":"","protected":false},"author":1427,"featured_media":0,"parent":0,"menu_order":0,"comment_status":"closed","ping_status":"closed","template":"page-blank.php","meta":{"footnotes":""},"class_list":["post-31860","page","type-page","status-publish","hentry"],"_links":{"self":[{"href":"https:\/\/www.tatanka.nl\/pl\/wp-json\/wp\/v2\/pages\/31860","targetHints":{"allow":["GET"]}}],"collection":[{"href":"https:\/\/www.tatanka.nl\/pl\/wp-json\/wp\/v2\/pages"}],"about":[{"href":"https:\/\/www.tatanka.nl\/pl\/wp-json\/wp\/v2\/types\/page"}],"author":[{"embeddable":true,"href":"https:\/\/www.tatanka.nl\/pl\/wp-json\/wp\/v2\/users\/1427"}],"replies":[{"embeddable":true,"href":"https:\/\/www.tatanka.nl\/pl\/wp-json\/wp\/v2\/comments?post=31860"}],"version-history":[{"count":0,"href":"https:\/\/www.tatanka.nl\/pl\/wp-json\/wp\/v2\/pages\/31860\/revisions"}],"wp:attachment":[{"href":"https:\/\/www.tatanka.nl\/pl\/wp-json\/wp\/v2\/media?parent=31860"}],"curies":[{"name":"wp","href":"https:\/\/api.w.org\/{rel}","templated":true}]}}