{"id":31937,"date":"2021-07-14T09:38:03","date_gmt":"2021-07-14T07:38:03","guid":{"rendered":"https:\/\/www.tatanka.nl\/?page_id=31937"},"modified":"2022-03-29T11:49:52","modified_gmt":"2022-03-29T09:49:52","slug":"payment-methods","status":"publish","type":"page","link":"https:\/\/www.tatanka.nl\/pl\/payment-methods\/","title":{"rendered":"Metody p\u0142atno\u015bci"},"content":{"rendered":"<div id=\"gap-19895361\" class=\"gap-element clearfix\" style=\"display:block; height:auto;\">\n\t\t\n<style>\n#gap-19895361 {\n  padding-top: 50px;\n}\n<\/style>\n\t<\/div>\n\t\n\n<div class=\"container section-title-container\" ><h2 class=\"section-title section-title-bold-center\"><b aria-hidden=\"true\"><\/b><span class=\"section-title-main\" style=\"font-size:131%;\">METODY P\u0141ATNO\u015aCI<\/span><b aria-hidden=\"true\"><\/b><\/h2><\/div>\n\n<div class=\"row\"  id=\"row-1436724987\">\n\n\n\t<div id=\"col-634215059\" class=\"col small-12 large-12\"  >\n\t\t\t\t<div class=\"col-inner text-left dark\"  >\n\t\t\t\n\t\t\t\n\n\t<div id=\"text-2666790444\" class=\"text\">\n\t\t\n\nW Tatanka mo\u017cesz wybiera\u0107 spo\u015br\u00f3d wielu r\u00f3\u017cnych metod p\u0142atno\u015bci. Wszystkie s\u0105 bezpieczne i dyskretne. Zapoznaj si\u0119 z oferowanymi przez nas opcjami i wybierz t\u0119, kt\u00f3ra odpowiada Twoim upodobaniom i lokalizacji.\n\t\t\n<style>\n#text-2666790444 {\n  color: rgb(0, 0, 0);\n}\n#text-2666790444 > * {\n  color: rgb(0, 0, 0);\n}\n<\/style>\n\t<\/div>\n\t\n\t<div id=\"gap-693904297\" class=\"gap-element clearfix\" style=\"display:block; height:auto;\">\n\t\t\n<style>\n#gap-693904297 {\n  padding-top: 30px;\n}\n<\/style>\n\t<\/div>\n\t\n\n\t<div class=\"img has-hover x md-x lg-x y md-y lg-y\" id=\"image_1445453797\">\n\t\t\t\t\t\t\t\t<div class=\"img-inner dark\" style=\"margin:0px 300px 0px 300px;\">\n\t\t\t<img loading=\"lazy\" decoding=\"async\" width=\"1920\" height=\"300\" src=\"https:\/\/www.tatanka.nl\/wp-content\/uploads\/2021\/07\/suge.png\" class=\"attachment-original size-original\" alt=\"- Tatanka.nl\" srcset=\"https:\/\/www.tatanka.nl\/wp-content\/uploads\/2021\/07\/suge.png 1920w, https:\/\/www.tatanka.nl\/wp-content\/uploads\/2021\/07\/suge-420x66.png 420w, https:\/\/www.tatanka.nl\/wp-content\/uploads\/2021\/07\/suge-64x10.png 64w, https:\/\/www.tatanka.nl\/wp-content\/uploads\/2021\/07\/suge-600x94.png 600w, https:\/\/www.tatanka.nl\/wp-content\/uploads\/2021\/07\/suge-800x125.png 800w, https:\/\/www.tatanka.nl\/wp-content\/uploads\/2021\/07\/suge-380x59.png 380w, https:\/\/www.tatanka.nl\/wp-content\/uploads\/2021\/07\/suge-768x120.png 768w, https:\/\/www.tatanka.nl\/wp-content\/uploads\/2021\/07\/suge-1536x240.png 1536w\" sizes=\"auto, (max-width: 1920px) 100vw, 1920px\" title=\"- Tatanka.nl\">\t\t\t\t\t\t\n\t\t\t\t\t<\/div>\n\t\t\t\t\t\t\t\t\n<style>\n#image_1445453797 {\n  width: 100%;\n}\n<\/style>\n\t<\/div>\n\t\n\n\n\t\t<\/div>\n\t\t\t\t\t<\/div>\n\n\t\n\n<\/div>\n<div class=\"container section-title-container\" ><h2 class=\"section-title section-title-bold-center\"><b aria-hidden=\"true\"><\/b><span class=\"section-title-main\" >1. iDEAL \/ MisterCash \/ Bancontact \/ Eps-\u00dcberweisung \/ Giropay<\/span><b aria-hidden=\"true\"><\/b><\/h2><\/div>\n\n<div class=\"row\"  id=\"row-1304126782\">\n\n\n\t<div id=\"col-294363678\" class=\"col small-12 large-12\"  >\n\t\t\t\t<div class=\"col-inner text-left dark\"  >\n\t\t\t\n\t\t\t\n\n\t<div id=\"text-913740754\" class=\"text\">\n\t\t\n\n<p>Jest to najszybszy i naj\u0142atwiejszy spos\u00f3b dokonania p\u0142atno\u015bci. Wybierz opcj\u0119, kt\u00f3ra pasuje do Twojego banku i wykonaj wszystkie kroki procesu. Nasz dostawca us\u0142ug p\u0142atniczych zapewnia bezpieczne \u015brodowisko p\u0142atno\u015bci.<\/p>\n<p>Po zako\u0144czeniu p\u0142atno\u015bci natychmiast otrzymasz powiadomienie. Nasz zesp\u00f3\u0142 rozpocznie przetwarzanie zam\u00f3wienia, aby wys\u0142a\u0107 je tak szybko, jak to mo\u017cliwe. O statusie b\u0119dziemy informowa\u0107 na bie\u017c\u0105co za po\u015brednictwem poczty elektronicznej.<\/p>\n\t\t\n<style>\n#text-913740754 {\n  color: rgb(0, 0, 0);\n}\n#text-913740754 > * {\n  color: rgb(0, 0, 0);\n}\n<\/style>\n\t<\/div>\n\t\n\t<div id=\"gap-724979399\" class=\"gap-element clearfix\" style=\"display:block; height:auto;\">\n\t\t\n<style>\n#gap-724979399 {\n  padding-top: 30px;\n}\n<\/style>\n\t<\/div>\n\t\n\n\n\t\t<\/div>\n\t\t\t\t\t<\/div>\n\n\t\n\n<\/div>\n<div class=\"container section-title-container\" ><h2 class=\"section-title section-title-bold-center\"><b aria-hidden=\"true\"><\/b><span class=\"section-title-main\" >2. Bezpo\u015bredni przelew bankowy<\/span><b aria-hidden=\"true\"><\/b><\/h2><\/div>\n\n<div class=\"row\"  id=\"row-2032843461\">\n\n\n\t<div id=\"col-440863387\" class=\"col small-12 large-12\"  >\n\t\t\t\t<div class=\"col-inner text-left dark\"  >\n\t\t\t\n\t\t\t\n\n\t<div id=\"text-263476147\" class=\"text\">\n\t\t\n\n<p>Mo\u017cliwe jest dokonanie p\u0142atno\u015bci przelewem bankowym. Wybierz opcj\u0119 \"Bezpo\u015bredni przelew bankowy\" i post\u0119puj zgodnie z instrukcjami. Po z\u0142o\u017ceniu zam\u00f3wienia otrzymasz wiadomo\u015b\u0107 e-mail z niezb\u0119dnymi informacjami i szczeg\u00f3\u0142ami p\u0142atno\u015bci.<\/p>\n<p>Nale\u017cy pami\u0119ta\u0107, \u017ce po przes\u0142aniu p\u0142atno\u015bci mo\u017ce min\u0105\u0107 1-3 dni, zanim otrzymamy pieni\u0105dze. W zwi\u0105zku z tym wysy\u0142ka zam\u00f3wienia mo\u017ce potrwa\u0107 nieco d\u0142u\u017cej. B\u0119dziesz na bie\u017c\u0105co informowany o statusie za po\u015brednictwem poczty elektronicznej.<\/p>\n\t\t\n<style>\n#text-263476147 {\n  color: rgb(0, 0, 0);\n}\n#text-263476147 > * {\n  color: rgb(0, 0, 0);\n}\n<\/style>\n\t<\/div>\n\t\n\t<div id=\"gap-824787529\" class=\"gap-element clearfix\" style=\"display:block; height:auto;\">\n\t\t\n<style>\n#gap-824787529 {\n  padding-top: 30px;\n}\n<\/style>\n\t<\/div>\n\t\n\n\n\t\t<\/div>\n\t\t\t\t\t<\/div>\n\n\t\n\n<\/div>\n<div class=\"container section-title-container\" ><h2 class=\"section-title section-title-bold-center\"><b aria-hidden=\"true\"><\/b><span class=\"section-title-main\" >3. Kryptowaluty<\/span><b aria-hidden=\"true\"><\/b><\/h2><\/div>\n\n<div class=\"row\"  id=\"row-1557465570\">\n\n\n\t<div id=\"col-673104131\" class=\"col small-12 large-12\"  >\n\t\t\t\t<div class=\"col-inner text-left dark\"  >\n\t\t\t\n\t\t\t\n\n\t<div id=\"text-4068796056\" class=\"text\">\n\t\t\n\n<p>Akceptujemy p\u0142atno\u015bci wieloma rodzajami kryptowalut. P\u0142atno\u015bci te s\u0105 przetwarzane przez Coinbase, najwi\u0119ksz\u0105 gie\u0142d\u0119 i brokera Bitcoin na \u015bwiecie. Aby zap\u0142aci\u0107 kryptowalutami, mo\u017cesz wybra\u0107 opcj\u0119 p\u0142atno\u015bci \"Bitcoin i inne kryptowaluty\".<\/p>\n<p>Obecnie akceptujemy Bitcoin, Ethereum, USD Coin, Litecoin i Bitcoin cash.<\/p>\n\t\t\n<style>\n#text-4068796056 {\n  color: rgb(0, 0, 0);\n}\n#text-4068796056 > * {\n  color: rgb(0, 0, 0);\n}\n<\/style>\n\t<\/div>\n\t\n\t<div class=\"img has-hover x md-x lg-x y md-y lg-y\" id=\"image_2146218933\">\n\t\t\t\t\t\t\t\t<div class=\"img-inner dark\" style=\"margin:0px 300px 0px 300px;\">\n\t\t\t<img loading=\"lazy\" decoding=\"async\" width=\"1920\" height=\"300\" src=\"https:\/\/www.tatanka.nl\/wp-content\/uploads\/2021\/07\/Crypto-icons.png\" class=\"attachment-original size-original\" alt=\"P\u0142atno\u015bci kryptowalutowe\" srcset=\"https:\/\/www.tatanka.nl\/wp-content\/uploads\/2021\/07\/Crypto-icons.png 1920w, https:\/\/www.tatanka.nl\/wp-content\/uploads\/2021\/07\/Crypto-icons-420x66.png 420w, https:\/\/www.tatanka.nl\/wp-content\/uploads\/2021\/07\/Crypto-icons-64x10.png 64w, https:\/\/www.tatanka.nl\/wp-content\/uploads\/2021\/07\/Crypto-icons-600x94.png 600w, https:\/\/www.tatanka.nl\/wp-content\/uploads\/2021\/07\/Crypto-icons-800x125.png 800w, https:\/\/www.tatanka.nl\/wp-content\/uploads\/2021\/07\/Crypto-icons-380x59.png 380w, https:\/\/www.tatanka.nl\/wp-content\/uploads\/2021\/07\/Crypto-icons-768x120.png 768w, https:\/\/www.tatanka.nl\/wp-content\/uploads\/2021\/07\/Crypto-icons-1536x240.png 1536w\" sizes=\"auto, (max-width: 1920px) 100vw, 1920px\" title=\"- Tatanka.nl\">\t\t\t\t\t\t\n\t\t\t\t\t<\/div>\n\t\t\t\t\t\t\t\t\n<style>\n#image_2146218933 {\n  width: 100%;\n}\n<\/style>\n\t<\/div>\n\t\n\n\t<div id=\"gap-1503704268\" class=\"gap-element clearfix\" style=\"display:block; height:auto;\">\n\t\t\n<style>\n#gap-1503704268 {\n  padding-top: 30px;\n}\n<\/style>\n\t<\/div>\n\t\n\n\n\t\t<\/div>\n\t\t\t\t\t<\/div>\n\n\t\n\n<\/div>\n\t<div id=\"gap-1633409526\" class=\"gap-element clearfix\" style=\"display:block; height:auto;\">\n\t\t\n<style>\n#gap-1633409526 {\n  padding-top: 40px;\n}\n<\/style>\n\t<\/div>","protected":false},"excerpt":{"rendered":"","protected":false},"author":1427,"featured_media":0,"parent":0,"menu_order":0,"comment_status":"closed","ping_status":"closed","template":"page-blank.php","meta":{"footnotes":""},"class_list":["post-31937","page","type-page","status-publish","hentry"],"_links":{"self":[{"href":"https:\/\/www.tatanka.nl\/pl\/wp-json\/wp\/v2\/pages\/31937","targetHints":{"allow":["GET"]}}],"collection":[{"href":"https:\/\/www.tatanka.nl\/pl\/wp-json\/wp\/v2\/pages"}],"about":[{"href":"https:\/\/www.tatanka.nl\/pl\/wp-json\/wp\/v2\/types\/page"}],"author":[{"embeddable":true,"href":"https:\/\/www.tatanka.nl\/pl\/wp-json\/wp\/v2\/users\/1427"}],"replies":[{"embeddable":true,"href":"https:\/\/www.tatanka.nl\/pl\/wp-json\/wp\/v2\/comments?post=31937"}],"version-history":[{"count":0,"href":"https:\/\/www.tatanka.nl\/pl\/wp-json\/wp\/v2\/pages\/31937\/revisions"}],"wp:attachment":[{"href":"https:\/\/www.tatanka.nl\/pl\/wp-json\/wp\/v2\/media?parent=31937"}],"curies":[{"name":"wp","href":"https:\/\/api.w.org\/{rel}","templated":true}]}}