{"id":32294,"date":"2021-07-26T16:18:13","date_gmt":"2021-07-26T14:18:13","guid":{"rendered":"https:\/\/www.tatanka.nl\/?page_id=32294"},"modified":"2024-08-20T11:03:27","modified_gmt":"2024-08-20T10:03:27","slug":"partners","status":"publish","type":"page","link":"https:\/\/www.tatanka.nl\/pl\/partners\/","title":{"rendered":"Partnerzy"},"content":{"rendered":"<div id=\"gap-44426544\" class=\"gap-element clearfix\" style=\"display:block; height:auto;\">\n\t\t\n<style>\n#gap-44426544 {\n  padding-top: 30px;\n}\n<\/style>\n\t<\/div>\n\t\n\n<div class=\"container section-title-container\" ><h3 class=\"section-title section-title-normal\"><b aria-hidden=\"true\"><\/b><span class=\"section-title-main\" style=\"font-size:149%;\">Partnerzy<\/span><b aria-hidden=\"true\"><\/b><\/h3><\/div>\n\n<div class=\"row\"  id=\"row-612263768\">\n\n\n\t<div id=\"col-19325494\" class=\"col medium-8 small-12 large-8\"  >\n\t\t\t\t<div class=\"col-inner\"  >\n\t\t\t\n\t\t\t\n\n<h2 data-animated=\"true\" data-animate=\"fadeInLeft\">Tatanka x Headshop x Smartific<\/h2>\n<p>Sklepy Tatanka s\u0105 dobrze znane w Europie. Ale czy wiesz, \u017ce opr\u00f3cz naszych 2 lokalizacji Tatanka w Amsterdamie, Headshop jest r\u00f3wnie\u017c cz\u0119\u015bci\u0105 naszej rodziny? Koniecznie to sprawd\u017a!<\/p>\n<p>Poniewa\u017c nie ka\u017cdy jest w stanie odwiedzi\u0107 nas w naszym uroczym mie\u015bcie, zawsze znajdujemy sposoby, aby u\u0142atwi\u0107 Ci pobyt w dowolnym miejscu w Europie. Po\u0142\u0105czyli\u015bmy si\u0142y z jednym z najlepszych europejskich sklep\u00f3w internetowych z produktami head- i smartshop: Smartific. Ten holenderski sklep internetowy ma niesamowit\u0105 ilo\u015b\u0107 produkt\u00f3w, wiedzy i do\u015bwiadczenia na rynku smartshop. Razem jeste\u015bmy w stanie zapewni\u0107 najlepsz\u0105 mo\u017cliw\u0105 obs\u0142ug\u0119 w ca\u0142ej Europie.<\/p>\n<p>Smartific jest jednym z holenderskich lider\u00f3w rynku i specjalizuje si\u0119 we wszystkich rodzajach produkt\u00f3w. Skupia si\u0119 r\u00f3wnie\u017c na dostarczaniu jasnych informacji o wszystkich produktach. Ich wci\u0105gaj\u0105ce artyku\u0142y informacyjne s\u0105 bardzo dok\u0142adne i imponuj\u0105ce. Przed u\u017cyciem produkt\u00f3w smartshop zdecydowanie zalecamy zapoznanie si\u0119 z tematem. Bank wiedzy Smartific jest do tego idealnym narz\u0119dziem.<\/p>\n<p>Nasza wsp\u00f3lna wiedza przydaje si\u0119 w naszych smartshopach w Amsterdamie. Udzielaj\u0105c porad, nasza wysoce do\u015bwiadczona za\u0142oga mo\u017ce wykorzysta\u0107 jeszcze wi\u0119cej informacji ni\u017c dotychczas. A dzi\u0119ki naszemu sojuszowi jeste\u015bmy r\u00f3wnie\u017c w stanie pom\u00f3c ci dzi\u0119ki us\u0142udze czatu na \u017cywo. Masz jakie\u015b pytania w ci\u0105gu dnia? Z przyjemno\u015bci\u0105 odpowiemy na nie na bie\u017c\u0105co!<\/p>\n<p>Zaciekawi\u0142e\u015b si\u0119 Smartific? Zajrzyj na ich holendersk\u0105 stron\u0119 internetow\u0105: <span style=\"text-decoration: underline;\"><a href=\"https:\/\/www.smartific.nl\/\" target=\"_blank\" rel=\"noopener\">https:\/\/www.smartific.nl\/<\/a><\/span> lub dla reszty Europy: <span style=\"text-decoration: underline;\"><a href=\"https:\/\/www.smartific.com\" target=\"_blank\" rel=\"noopener\">https:\/\/www.smartific.com<\/a>\/<\/span>. I nie zapomnij o niesamowitym Headshop: <span style=\"text-decoration: underline;\"><a href=\"https:\/\/www.headshop.nl\/\" target=\"_blank\" rel=\"noopener\">https:\/\/www.headshop.nl\/<\/a><\/span><\/p>\n<h2 data-animated=\"true\" data-animate=\"fadeInLeft\">Tatanka x MagicTruffels.shop X Paddo.shop<\/h2>\n<p>Nasze sklepy Tatanka s\u0105 pe\u0142ne wspania\u0142ych produkt\u00f3w smartshop. Prawdopodobnie najpopularniejszymi z tych produkt\u00f3w s\u0105 magiczne trufle i zestawy do uprawy grzyb\u00f3w. Nawi\u0105zali\u015bmy wsp\u00f3\u0142prac\u0119 z ekspertami online od magicznych trufli z MagicTruffels.shop. S\u0105 oni w pe\u0142ni wyspecjalizowani w produktach zawieraj\u0105cych psylocybin\u0119. Wsp\u00f3lnie wykorzystujemy nasz\u0105 wiedz\u0119 i wyniki bada\u0144, aby zapewni\u0107 klientom jak najlepsze wra\u017cenia. Zajrzyj na ich stron\u0119 internetow\u0105: <span style=\"text-decoration: underline;\"><a href=\"https:\/\/www.magictruffels.shop\/\" target=\"_blank\" rel=\"noopener\">https:\/\/www.magictruffels.shop\/<\/a><\/span>.\u00a0<\/p>\n<p>Maj\u0105 tak\u017ce \u015bwietn\u0105 stron\u0119 internetow\u0105 po\u015bwi\u0119con\u0105 magicznym zestawom do uprawy grzyb\u00f3w. Ich specjalny sklep z grzybami mo\u017cna znale\u017a\u0107 tutaj: <a href=\"https:\/\/www.paddo.shop\/\" target=\"_blank\" rel=\"noopener\">https:\/\/www.paddo.shop\/<\/a><\/p>\n<h2 data-pm-slice=\"1 1 &#091;&#093;\">Tatanka x McSmart<\/h2>\n<p>Wij van Tatanka zijn trots op onze samenwerking met <a href=\"https:\/\/www.mcsmart.com\/\" target=\"_blank\" rel=\"noopener\">McSmart<\/a>to najwi\u0119kszy rynek dla smartshop\u00f3w. Dzi\u0119ki tej wsp\u00f3\u0142pracy mo\u017cemy zapewni\u0107 naszym klientom dost\u0119p do szerokiej gamy produkt\u00f3w. Do najbardziej warto\u015bciowych produkt\u00f3w, kt\u00f3re oferujemy w ramach McSmart, nale\u017c\u0105 mi\u0119dzy innymi Magic Truffels, Growkits i suplementy diety. Produkty te ciesz\u0105 si\u0119 uznaniem ze wzgl\u0119du na swoj\u0105 skuteczno\u015b\u0107 i efektywno\u015b\u0107, co czyni je ulubionymi w\u015br\u00f3d naszych klient\u00f3w. W Tatanka staramy si\u0119 dostarcza\u0107 najlepsze produkty, a dzi\u0119ki McSmart jako naszemu partnerowi jeste\u015bmy w stanie zapewni\u0107 naszym klientom najwy\u017cszy standard jako\u015bci.<\/p>\n\n\t\t<\/div>\n\t\t\t\t\t<\/div>\n\n\t\n\n\t<div id=\"col-1405569730\" class=\"col medium-4 small-12 large-4 small-col-first\"  >\n\t\t\t\t<div class=\"col-inner\"  >\n\t\t\t\n\t\t\t\n\n\t<div class=\"img has-hover x md-x lg-x y md-y lg-y\" id=\"image_1905236226\">\n\t\t\t\t\t\t\t\t<div class=\"img-inner dark\" >\n\t\t\t<img loading=\"lazy\" decoding=\"async\" width=\"512\" height=\"512\" src=\"https:\/\/www.tatanka.nl\/wp-content\/uploads\/2018\/05\/Tatanka-Logo-512x512.jpg\" class=\"attachment-original size-original\" alt=\"- Tatanka.nl\" srcset=\"https:\/\/www.tatanka.nl\/wp-content\/uploads\/2018\/05\/Tatanka-Logo-512x512.jpg 512w, https:\/\/www.tatanka.nl\/wp-content\/uploads\/2018\/05\/Tatanka-Logo-512x512-420x420.jpg 420w, https:\/\/www.tatanka.nl\/wp-content\/uploads\/2018\/05\/Tatanka-Logo-512x512-100x100.jpg 100w, https:\/\/www.tatanka.nl\/wp-content\/uploads\/2018\/05\/Tatanka-Logo-512x512-64x64.jpg 64w, https:\/\/www.tatanka.nl\/wp-content\/uploads\/2018\/05\/Tatanka-Logo-512x512-380x380.jpg 380w\" sizes=\"auto, (max-width: 512px) 100vw, 512px\" title=\"- Tatanka.nl\">\t\t\t\t\t\t\n\t\t\t\t\t<\/div>\n\t\t\t\t\t\t\t\t\n<style>\n#image_1905236226 {\n  width: 100%;\n}\n<\/style>\n\t<\/div>\n\t\n\n\t<div id=\"gap-407835160\" class=\"gap-element clearfix\" style=\"display:block; height:auto;\">\n\t\t\n<style>\n#gap-407835160 {\n  padding-top: 10px;\n}\n<\/style>\n\t<\/div>\n\t\n\n\n\t\t<\/div>\n\t\t\t\t\t<\/div>\n\n\t\n\n<\/div>","protected":false},"excerpt":{"rendered":"","protected":false},"author":1427,"featured_media":0,"parent":0,"menu_order":0,"comment_status":"closed","ping_status":"closed","template":"page-blank.php","meta":{"footnotes":""},"class_list":["post-32294","page","type-page","status-publish","hentry"],"_links":{"self":[{"href":"https:\/\/www.tatanka.nl\/pl\/wp-json\/wp\/v2\/pages\/32294","targetHints":{"allow":["GET"]}}],"collection":[{"href":"https:\/\/www.tatanka.nl\/pl\/wp-json\/wp\/v2\/pages"}],"about":[{"href":"https:\/\/www.tatanka.nl\/pl\/wp-json\/wp\/v2\/types\/page"}],"author":[{"embeddable":true,"href":"https:\/\/www.tatanka.nl\/pl\/wp-json\/wp\/v2\/users\/1427"}],"replies":[{"embeddable":true,"href":"https:\/\/www.tatanka.nl\/pl\/wp-json\/wp\/v2\/comments?post=32294"}],"version-history":[{"count":0,"href":"https:\/\/www.tatanka.nl\/pl\/wp-json\/wp\/v2\/pages\/32294\/revisions"}],"wp:attachment":[{"href":"https:\/\/www.tatanka.nl\/pl\/wp-json\/wp\/v2\/media?parent=32294"}],"curies":[{"name":"wp","href":"https:\/\/api.w.org\/{rel}","templated":true}]}}