{"id":38285,"date":"2021-12-10T17:00:37","date_gmt":"2021-12-10T15:00:37","guid":{"rendered":"https:\/\/www.tatanka.nl\/?page_id=38285"},"modified":"2023-08-22T11:26:40","modified_gmt":"2023-08-22T09:26:40","slug":"grow-kit-instructions","status":"publish","type":"page","link":"https:\/\/www.tatanka.nl\/pl\/grow-kit-instructions\/","title":{"rendered":"Instrukcje dotycz\u0105ce zestawu do uprawy"},"content":{"rendered":"<div class=\"container section-title-container\" ><h1 class=\"section-title section-title-normal\"><b aria-hidden=\"true\"><\/b><span class=\"section-title-main\" >Instrukcje dotycz\u0105ce zestawu do uprawy<\/span><b aria-hidden=\"true\"><\/b><\/h1><\/div>\n\n<p>Witamy na stronie z instrukcjami dla zestawu Grow Kit Headshop. Poni\u017cej znajduj\u0105 si\u0119 najnowsze instrukcje dotycz\u0105ce zestawu do uprawy. Upewnij si\u0119, \u017ce post\u0119pujesz zgodnie z nimi. Ka\u017cdy krok jest wa\u017cny i b\u0119dzie mia\u0142 wp\u0142yw na wyniki uprawy. <span style=\"text-decoration: underline;\"><a href=\"https:\/\/www.tatanka.nl\/pl\/shroomshop\/magic-mushroom-grow-kits\/\">Zestaw do uprawy grzyb\u00f3w<\/a><\/span>. Uwaga: poni\u017cej znajduj\u0105 si\u0119 instrukcje dotycz\u0105ce naszych zestaw\u00f3w do uprawy. Istniej\u0105 dwa r\u00f3\u017cne rodzaje.<\/p>\n<div class=\"row\"  id=\"row-2042610046\">\n\n\n\t<div id=\"col-866810173\" class=\"col medium-6 small-12 large-6\"  >\n\t\t\t\t<div class=\"col-inner\"  >\n\t\t\t\n\t\t\t\n\n<h3><strong>Og\u00f3lne instrukcje dotycz\u0105ce zestawu do uprawy<\/strong><\/h3>\n<p>Instrukcje te maj\u0105 zastosowanie do wszystkich zestaw\u00f3w do uprawy&nbsp;<strong>z wyj\u0105tkiem<\/strong> Hawaiian Copelandia Cyanescens.<\/p>\n<a href=\"#growkit1\" class=\"button primary\" >\n\t\t<span>Kliknij tutaj<\/span>\n\t<\/a>\n\n\n\n\t\t<\/div>\n\t\t\t\t\t<\/div>\n\n\t\n\n\t<div id=\"col-537909696\" class=\"col medium-6 small-12 large-6\"  >\n\t\t\t\t<div class=\"col-inner\"  >\n\t\t\t\n\t\t\t\n\n<h3><b>Instrukcja Hawaiian Copelandia Cyanesens<\/b><\/h3>\n<p>Maj\u0105 one zastosowanie wy\u0142\u0105cznie do zestawu do uprawy Copelandia Hawaiian i wymagaj\u0105 dodatkowej uwagi.<\/p>\n<a href=\"#growkit2\" class=\"button primary\" >\n\t\t<span>Kliknij tutaj<\/span>\n\t<\/a>\n\n\n\n\t\t<\/div>\n\t\t\t\t\t<\/div>\n\n\t\n\n<\/div>\n<p>Przestrzeganie dok\u0142adnych instrukcji i dbanie o sw\u00f3j zestaw do uprawy magicznych grzyb\u00f3w jest najwa\u017cniejsz\u0105 cz\u0119\u015bci\u0105 podczas uprawy w\u0142asnych magicznych grzyb\u00f3w. W skr\u00f3cie: b\u0105d\u017a sterylny, u\u017cywaj czystej wody i post\u0119puj zgodnie z instrukcjami, kt\u00f3re znajdziesz poni\u017cej.Mushrooms s\u0105 cz\u0119\u015bci\u0105 natury i dlatego wszystkie rosn\u0105 inaczej. Bez wzgl\u0119du na to, ile razy konfigurowa\u0142e\u015b zestaw do uprawy, za ka\u017cdym razem mo\u017ce by\u0107 inaczej. Zawsze post\u0119puj zgodnie z instrukcjami. W ten spos\u00f3b b\u0119dziesz w stanie osi\u0105gn\u0105\u0107 najwi\u0119ksze zbiory. Szcz\u0119\u015bliwej uprawy grzyb\u00f3w!<\/p>\n\t<div id=\"gap-448427859\" class=\"gap-element clearfix\" style=\"display:block; height:auto;\">\n\t\t\n<style>\n#gap-448427859 {\n  padding-top: 30px;\n}\n<\/style>\n\t<\/div>\n\t\n\n<span class=\"scroll-to\" data-label=\"Scroll to: #growkit1\" data-bullet=\"true\" data-link=\"#growkit1\" data-title=\"General grow kit instructions\"><a name=\"growkit1\"><\/a><\/span>\n\n<div class=\"container section-title-container\" ><h2 class=\"section-title section-title-normal\"><b aria-hidden=\"true\"><\/b><span class=\"section-title-main\" >Og\u00f3lne instrukcje dotycz\u0105ce zestawu do uprawy<\/span><b aria-hidden=\"true\"><\/b><\/h2><\/div>\n\n\n  \n    <div class=\"row  lightbox-multi-gallery large-columns-2 medium-columns- small-columns-\" >\n  <div class=\"gallery-col col\" >\n          <div class=\"col-inner\">\n            <a class=\"\" href=\"https:\/\/www.tatanka.nl\/wp-content\/uploads\/2023\/08\/GrowKit-instructies-ENG_STAP-4-tm-7.jpg\" title=\"Zestaw do uprawy grzyb\u00f3w Magic GrowKit instruuje przedni\u0105 tatank\u0119\">            <div class=\"box has-hover gallery-box box-none\">\n              <div class=\"box-image\" >\n                <img loading=\"lazy\" decoding=\"async\" width=\"874\" height=\"1240\" src=\"https:\/\/www.tatanka.nl\/wp-content\/uploads\/2023\/08\/GrowKit-instructies-ENG_STAP-4-tm-7.jpg\" class=\"attachment-medium size-medium\" alt=\"Zestaw do uprawy grzyb\u00f3w Magic GrowKit instruuje przedni\u0105 tatank\u0119\" ids=\"115915,115916\" style=\"none\" columns=\"2\" srcset=\"https:\/\/www.tatanka.nl\/wp-content\/uploads\/2023\/08\/GrowKit-instructies-ENG_STAP-4-tm-7.jpg 874w, https:\/\/www.tatanka.nl\/wp-content\/uploads\/2023\/08\/GrowKit-instructies-ENG_STAP-4-tm-7-106x150.jpg 106w, https:\/\/www.tatanka.nl\/wp-content\/uploads\/2023\/08\/GrowKit-instructies-ENG_STAP-4-tm-7-768x1090.jpg 768w, https:\/\/www.tatanka.nl\/wp-content\/uploads\/2023\/08\/GrowKit-instructies-ENG_STAP-4-tm-7-420x596.jpg 420w, https:\/\/www.tatanka.nl\/wp-content\/uploads\/2023\/08\/GrowKit-instructies-ENG_STAP-4-tm-7-64x91.jpg 64w\" sizes=\"auto, (max-width: 874px) 100vw, 874px\" title=\"- Tatanka.nl\">                                                              <\/div>\n              <div class=\"box-text text-left\" >\n                 <p>Zestaw do uprawy grzyb\u00f3w Magic GrowKit instruuje przedni\u0105 tatank\u0119<\/p>\n              <\/div>\n            <\/div>\n            <\/a>          <\/div>\n         <\/div><div class=\"gallery-col col\" >\n          <div class=\"col-inner\">\n            <a class=\"\" href=\"https:\/\/www.tatanka.nl\/wp-content\/uploads\/2023\/08\/GrowKit-instructies-ENG_STAP-4-tm-72.jpg\" title=\"Magiczny grzyb GrowKit instruuje z powrotem tatanka\">            <div class=\"box has-hover gallery-box box-none\">\n              <div class=\"box-image\" >\n                <img loading=\"lazy\" decoding=\"async\" width=\"874\" height=\"1240\" src=\"https:\/\/www.tatanka.nl\/wp-content\/uploads\/2023\/08\/GrowKit-instructies-ENG_STAP-4-tm-72.jpg\" class=\"attachment-medium size-medium\" alt=\"Magiczny grzyb GrowKit instruuje z powrotem tatanka\" ids=\"115915,115916\" style=\"none\" columns=\"2\" srcset=\"https:\/\/www.tatanka.nl\/wp-content\/uploads\/2023\/08\/GrowKit-instructies-ENG_STAP-4-tm-72.jpg 874w, https:\/\/www.tatanka.nl\/wp-content\/uploads\/2023\/08\/GrowKit-instructies-ENG_STAP-4-tm-72-106x150.jpg 106w, https:\/\/www.tatanka.nl\/wp-content\/uploads\/2023\/08\/GrowKit-instructies-ENG_STAP-4-tm-72-768x1090.jpg 768w, https:\/\/www.tatanka.nl\/wp-content\/uploads\/2023\/08\/GrowKit-instructies-ENG_STAP-4-tm-72-420x596.jpg 420w, https:\/\/www.tatanka.nl\/wp-content\/uploads\/2023\/08\/GrowKit-instructies-ENG_STAP-4-tm-72-64x91.jpg 64w\" sizes=\"auto, (max-width: 874px) 100vw, 874px\" title=\"- Tatanka.nl\">                                                              <\/div>\n              <div class=\"box-text text-left\" >\n                 <p>Magiczny grzyb GrowKit instruuje z powrotem tatanka<\/p>\n              <\/div>\n            <\/div>\n            <\/a>          <\/div>\n         <\/div><\/div>\n\n<div class=\"row\"  id=\"row-2099031557\">\n\n\n\t<div id=\"col-849098639\" class=\"col medium-6 small-12 large-6\"  >\n\t\t\t\t<div class=\"col-inner\"  >\n\t\t\t\n\t\t\t\n\n<p><strong>Krok 1<\/strong><\/p>\n<p>Dok\u0142adnie umyj r\u0119ce i wyczy\u015b\u0107 zewn\u0119trzn\u0105 cz\u0119\u015b\u0107 zestawu growkit such\u0105 szmatk\u0105. Zdejmij pokryw\u0119 i zachowaj j\u0105 do kroku 2.<\/p>\n<p><strong>Krok 2<\/strong><\/p>\n<p>Nape\u0142nij growkit po brzegi letni\u0105 wod\u0105 (20\u00b0C), umie\u015b\u0107 pokryw\u0119 z powrotem na growkit i pozw\u00f3l mu moczy\u0107 si\u0119 przez 5 minut. Wa\u017cne: nigdy nie mocz zestawu d\u0142u\u017cej ni\u017c 1 godzin\u0119.<\/p>\n<p><strong>Krok 3<\/strong><\/p>\n<p>Zdejmij pokryw\u0119 z zestawu i dobrze spu\u015b\u0107 wod\u0119. Pozostaw zestaw do opr\u00f3\u017cnienia na 10 sekund.<\/p>\n<p><strong>Krok 4<\/strong><\/p>\n<p>Umie\u015b\u0107 growkit w worku i nape\u0142nij go fili\u017cank\u0105 (200-250 ml) letniej wody (20\u00b0C). Nast\u0119pnie z\u0142\u00f3\u017c g\u00f3rn\u0105 cz\u0119\u015b\u0107 torby i zamknij j\u0105 za pomoc\u0105 2 spinaczy.<\/p>\n\n\t\t<\/div>\n\t\t\t\t\t<\/div>\n\n\t\n\n\t<div id=\"col-687821167\" class=\"col medium-6 small-12 large-6\"  >\n\t\t\t\t<div class=\"col-inner\"  >\n\t\t\t\n\t\t\t\n\n<p><strong>Krok 5<\/strong><\/p>\n<p>Umie\u015b\u0107 growkit w miejscu o \u015bredniej temperaturze pokojowej 20-25\u00b0C. Upewnij si\u0119, \u017ce growkit nie jest wystawiony na bezpo\u015brednie dzia\u0142anie promieni s\u0142onecznych, nie znajduje si\u0119 pod lamp\u0105 ani w pobli\u017cu grzejnika\/\u017ar\u00f3d\u0142a ciep\u0142a. Wa\u017cne: worek musi pozosta\u0107 zamkni\u0119ty do momentu uformowania si\u0119 pierwszych g\u0142\u00f3wek. Do tego czasu zawarto\u015b\u0107 CO2 i wilgotno\u015b\u0107 wewn\u0105trz worka powinny by\u0107 jak najwy\u017csze.<\/p>\n<p><strong>Krok 6<\/strong><\/p>\n<p>Gdy pojawi\u0105 si\u0119 pierwsze g\u0142\u00f3wki*, nale\u017cy codziennie wpuszcza\u0107 \u015bwie\u017ce powietrze do growbaga (na kilka minut), a nast\u0119pnie zwil\u017cy\u0107 growkit za pomoc\u0105 butelki z zamg\u0142awiaczem. *Pinheads s\u0105 pierwszymi widocznymi formami male\u0144kich kapeluszy grzyb\u00f3w. Pojawienie si\u0119 pierwszych g\u0142\u00f3wek mo\u017ce zaj\u0105\u0107 od 10 do 20 dni.<\/p>\n<p><strong>Krok 7<\/strong><\/p>\n<p>Grzyby mo\u017cna zbiera\u0107 tu\u017c przed otwarciem si\u0119 b\u0142on na spodzie kapelusza. Podczas zbioru delikatnie chwy\u0107 trzon i obr\u00f3\u0107 go w lewo\/prawo. Gdy grzyb stanie si\u0119 lu\u017any, wyci\u0105gnij go tak ostro\u017cnie, jak to mo\u017cliwe. <strong>Wa\u017cne:<\/strong> Grzyb musi zosta\u0107 ca\u0142kowicie usuni\u0119ty, aby by\u0142o miejsce na nowy.<\/p>\n<p><strong>Krok 8<\/strong><\/p>\n<p><strong>Gratulacje<\/strong>zbi\u00f3r jest zako\u0144czony. Teraz mo\u017cliwe jest wyhodowanie nowej porcji grzyb\u00f3w poprzez powt\u00f3rzenie krok\u00f3w od 4 do 7.<\/p>\n\n\t\t<\/div>\n\t\t\t\t\t<\/div>\n\n\t\n\n<\/div>\n<div class=\"row\"  id=\"row-1427334299\">\n\n\n\t<div id=\"col-1709332611\" class=\"col medium-6 small-12 large-6\"  >\n\t\t\t\t<div class=\"col-inner text-left\"  >\n\t\t\t\n\t<div class=\"is-border\"\n\t\tstyle=\"border-color:rgb(0, 0, 0);border-width:1px 1px 1px 1;margin:0px -10px 0px -10px;\">\n\t<\/div>\n\t\t\t\n\n<div class=\"row\"  id=\"row-726967686\">\n\n\n\t<div id=\"col-221787234\" class=\"col small-12 large-12\"  >\n\t\t\t\t<div class=\"col-inner\"  >\n\t\t\t\n\t\t\t\n\n\t<div id=\"text-3364927939\" class=\"text\">\n\t\t\n\n<table>\n<tbody>\n<tr>\n<td style=\"width: 332.25px;\">\n<h3><strong>Wskaz\u00f3wka 1<\/strong><\/h3>\n<p>Upewnij si\u0119, \u017ce zestaw do uprawy jest zawsze wilgotny. Wa\u017cne jest r\u00f3wnie\u017c, aby zestaw do uprawy nie wysech\u0142 mi\u0119dzy krokami 5 i 6. W takim przypadku mo\u017cesz otworzy\u0107 torb\u0119 i ponownie zwil\u017cy\u0107 zestaw do uprawy.<\/p>\n<\/td>\n<td style=\"width: 204.75px;\"><img loading=\"lazy\" decoding=\"async\" class=\"alignnone size-full wp-image-47098\" src=\"https:\/\/www.tatanka.nl\/wp-content\/uploads\/2022\/05\/Stap-1.jpg\" alt=\"- Tatanka.nl\" width=\"300\" height=\"300\" title=\"- Tatanka.nl\" srcset=\"https:\/\/www.tatanka.nl\/wp-content\/uploads\/2022\/05\/Stap-1.jpg 300w, https:\/\/www.tatanka.nl\/wp-content\/uploads\/2022\/05\/Stap-1-100x100.jpg 100w, https:\/\/www.tatanka.nl\/wp-content\/uploads\/2022\/05\/Stap-1-64x64.jpg 64w\" sizes=\"auto, (max-width: 300px) 100vw, 300px\" \/><\/td>\n<\/tr>\n<\/tbody>\n<\/table>\n\t\t\n<style>\n#text-3364927939 {\n  font-size: 1.15rem;\n}\n@media (min-width:550px) {\n  #text-3364927939 {\n    font-size: 1rem;\n  }\n}\n<\/style>\n\t<\/div>\n\t\n\n\t\t<\/div>\n\t\t\t\t\t<\/div>\n\n\t\n\n<\/div>\n\n\t\t<\/div>\n\t\t\t\t\n<style>\n#col-1709332611 > .col-inner {\n  padding: 0px 0px 0px 0px;\n  margin: 0px 0px 25px 0px;\n}\n<\/style>\n\t<\/div>\n\n\t\n\n\t<div id=\"col-49328830\" class=\"col medium-6 small-12 large-6\"  >\n\t\t\t\t<div class=\"col-inner text-left\"  >\n\t\t\t\n\t<div class=\"is-border\"\n\t\tstyle=\"border-color:rgb(0, 0, 0);border-width:1px 1px 1px 1;margin:0px -10px 0px -10px;\">\n\t<\/div>\n\t\t\t\n\n<div class=\"row\"  id=\"row-1805806800\">\n\n\n\t<div id=\"col-668644749\" class=\"col small-12 large-12\"  >\n\t\t\t\t<div class=\"col-inner\"  >\n\t\t\t\n\t\t\t\n\n\t<div id=\"text-3253336571\" class=\"text\">\n\t\t\n\n<table>\n<tbody>\n<tr>\n<td style=\"width: 332.25px;\">\n<h3><strong>Wskaz\u00f3wka 2<\/strong><\/h3>\n<p>Ostro\u017cne obchodzenie si\u0119 z zestawem do uprawy zwi\u0119kszy szans\u0119 na lepsze plony podczas nast\u0119pnego sp\u0142ukiwania.<\/p>\n<\/td>\n<td style=\"width: 204.75px;\"><img loading=\"lazy\" decoding=\"async\" class=\"alignnone wp-image-47099 size-full\" src=\"https:\/\/www.tatanka.nl\/wp-content\/uploads\/2022\/05\/Stap-2.jpg\" alt=\"- Tatanka.nl\" width=\"300\" height=\"300\" title=\"- Tatanka.nl\" srcset=\"https:\/\/www.tatanka.nl\/wp-content\/uploads\/2022\/05\/Stap-2.jpg 300w, https:\/\/www.tatanka.nl\/wp-content\/uploads\/2022\/05\/Stap-2-100x100.jpg 100w, https:\/\/www.tatanka.nl\/wp-content\/uploads\/2022\/05\/Stap-2-64x64.jpg 64w\" sizes=\"auto, (max-width: 300px) 100vw, 300px\" \/><\/td>\n<\/tr>\n<\/tbody>\n<\/table>\n\t\t\n<style>\n#text-3253336571 {\n  font-size: 1rem;\n}\n<\/style>\n\t<\/div>\n\t\n\n\t\t<\/div>\n\t\t\t\t\t<\/div>\n\n\t\n\n<\/div>\n\n\t\t<\/div>\n\t\t\t\t\n<style>\n#col-49328830 > .col-inner {\n  padding: 0px 0px 0px 0px;\n  margin: 0px 0px 25px 0px;\n}\n<\/style>\n\t<\/div>\n\n\t\n\n\t<div id=\"col-1541993194\" class=\"col medium-6 small-12 large-6\"  >\n\t\t\t\t<div class=\"col-inner text-left\"  >\n\t\t\t\n\t<div class=\"is-border\"\n\t\tstyle=\"border-color:rgb(0, 0, 0);border-width:1px 1px 1px 1;margin:0px -10px 0px -10px;\">\n\t<\/div>\n\t\t\t\n\n<div class=\"row\"  id=\"row-2032661045\">\n\n\n\t<div id=\"col-1538361311\" class=\"col small-12 large-12\"  >\n\t\t\t\t<div class=\"col-inner\"  >\n\t\t\t\n\t\t\t\n\n\t<div id=\"text-1855781360\" class=\"text\">\n\t\t\n\n<table>\n<tbody>\n<tr>\n<td style=\"width: 332.25px;\">\n<h3><strong>Wskaz\u00f3wka 3<\/strong><\/h3>\n<p>Nie wiesz, kiedy zbiera\u0107 grzyby? Wczesne zbieranie jest lepsze ni\u017c zbyt p\u00f3\u017ane.<\/p>\n<\/td>\n<td style=\"width: 204.75px;\"><img loading=\"lazy\" decoding=\"async\" class=\"alignnone size-full wp-image-47100\" src=\"https:\/\/www.tatanka.nl\/wp-content\/uploads\/2022\/05\/Stap-3.jpg\" alt=\"- Tatanka.nl\" width=\"300\" height=\"300\" title=\"- Tatanka.nl\" srcset=\"https:\/\/www.tatanka.nl\/wp-content\/uploads\/2022\/05\/Stap-3.jpg 300w, https:\/\/www.tatanka.nl\/wp-content\/uploads\/2022\/05\/Stap-3-100x100.jpg 100w, https:\/\/www.tatanka.nl\/wp-content\/uploads\/2022\/05\/Stap-3-64x64.jpg 64w\" sizes=\"auto, (max-width: 300px) 100vw, 300px\" \/><\/td>\n<\/tr>\n<\/tbody>\n<\/table>\n\t\t\n<style>\n#text-1855781360 {\n  font-size: 1rem;\n}\n<\/style>\n\t<\/div>\n\t\n\n\t\t<\/div>\n\t\t\t\t\t<\/div>\n\n\t\n\n<\/div>\n\n\t\t<\/div>\n\t\t\t\t\n<style>\n#col-1541993194 > .col-inner {\n  padding: 0px 0px 0px 0px;\n  margin: 0px 0px 25px 0px;\n}\n<\/style>\n\t<\/div>\n\n\t\n\n\t<div id=\"col-1485530816\" class=\"col medium-6 small-12 large-6\"  >\n\t\t\t\t<div class=\"col-inner text-left\"  >\n\t\t\t\n\t<div class=\"is-border\"\n\t\tstyle=\"border-color:rgb(0, 0, 0);border-width:1px 1px 1px 1;margin:0px -10px 0px -10px;\">\n\t<\/div>\n\t\t\t\n\n<div class=\"row\"  id=\"row-2086662364\">\n\n\n\t<div id=\"col-330245081\" class=\"col small-12 large-12\"  >\n\t\t\t\t<div class=\"col-inner\"  >\n\t\t\t\n\t\t\t\n\n\t<div id=\"text-1748910457\" class=\"text\">\n\t\t\n\n<table>\n<tbody>\n<tr>\n<td style=\"width: 332.25px;\">\n<h3><strong>Wskaz\u00f3wka 4<\/strong><\/h3>\n<p>Niska temperatura mo\u017ce spowodowa\u0107 niedzia\u0142anie zestawu do uprawy. Upewnij si\u0119, \u017ce temperatura nigdy nie spada poni\u017cej 20 stopni. Zwr\u00f3\u0107 na to uwag\u0119 i nie obni\u017caj temperatury w nocy.<\/p>\n<\/td>\n<td style=\"width: 204.75px;\"><img loading=\"lazy\" decoding=\"async\" class=\"alignnone size-full wp-image-47101\" src=\"https:\/\/www.tatanka.nl\/wp-content\/uploads\/2022\/05\/Stap-4.jpg\" alt=\"- Tatanka.nl\" width=\"300\" height=\"300\" title=\"- Tatanka.nl\" srcset=\"https:\/\/www.tatanka.nl\/wp-content\/uploads\/2022\/05\/Stap-4.jpg 300w, https:\/\/www.tatanka.nl\/wp-content\/uploads\/2022\/05\/Stap-4-100x100.jpg 100w, https:\/\/www.tatanka.nl\/wp-content\/uploads\/2022\/05\/Stap-4-64x64.jpg 64w\" sizes=\"auto, (max-width: 300px) 100vw, 300px\" \/><\/td>\n<\/tr>\n<\/tbody>\n<\/table>\n\t\t\n<style>\n#text-1748910457 {\n  font-size: 1rem;\n}\n<\/style>\n\t<\/div>\n\t\n\n\t\t<\/div>\n\t\t\t\t\t<\/div>\n\n\t\n\n<\/div>\n\n\t\t<\/div>\n\t\t\t\t\n<style>\n#col-1485530816 > .col-inner {\n  padding: 0px 0px 0px 0px;\n  margin: 0px 0px 25px 0px;\n}\n<\/style>\n\t<\/div>\n\n\t\n\n<\/div>\n<span class=\"scroll-to\" data-label=\"Scroll to: #growkit2\" data-bullet=\"true\" data-link=\"#growkit2\" data-title=\"Hawaiian Copelandia Cyanesens instructions\"><a name=\"growkit2\"><\/a><\/span>\n\n<div class=\"container section-title-container\" ><h2 class=\"section-title section-title-normal\"><b aria-hidden=\"true\"><\/b><span class=\"section-title-main\" >Instrukcja Hawaiian Copelandia Cyanesens<\/span><b aria-hidden=\"true\"><\/b><\/h2><\/div>\n\n<p>Poni\u017cej znajduj\u0105 si\u0119 instrukcje Hawaiian Copelandia growkit. Ten growkit wymaga dodatkowej uwagi, przeczytaj uwa\u017cnie instrukcj\u0119.<\/p>\n\n  \n    <div class=\"row  lightbox-multi-gallery large-columns-2 medium-columns- small-columns-\" >\n  <div class=\"gallery-col col\" >\n          <div class=\"col-inner\">\n            <a class=\"\" href=\"https:\/\/www.tatanka.nl\/wp-content\/uploads\/2022\/08\/Hawaiian-GrowKit-instructies-ENG-Front-564x800.jpg\" title=\"\">            <div class=\"box has-hover gallery-box box-none\">\n              <div class=\"box-image\" >\n                <img loading=\"lazy\" decoding=\"async\" width=\"423\" height=\"600\" src=\"https:\/\/www.tatanka.nl\/wp-content\/uploads\/2022\/08\/Hawaiian-GrowKit-instructies-ENG-Front-423x600.jpg\" class=\"attachment-medium size-medium\" alt=\"- Tatanka.nl\" ids=\"54309,54308\" style=\"none\" columns=\"2\" srcset=\"https:\/\/www.tatanka.nl\/wp-content\/uploads\/2022\/08\/Hawaiian-GrowKit-instructies-ENG-Front-423x600.jpg 423w, https:\/\/www.tatanka.nl\/wp-content\/uploads\/2022\/08\/Hawaiian-GrowKit-instructies-ENG-Front-564x800.jpg 564w, https:\/\/www.tatanka.nl\/wp-content\/uploads\/2022\/08\/Hawaiian-GrowKit-instructies-ENG-Front-268x380.jpg 268w, https:\/\/www.tatanka.nl\/wp-content\/uploads\/2022\/08\/Hawaiian-GrowKit-instructies-ENG-Front-768x1090.jpg 768w, https:\/\/www.tatanka.nl\/wp-content\/uploads\/2022\/08\/Hawaiian-GrowKit-instructies-ENG-Front-420x596.jpg 420w, https:\/\/www.tatanka.nl\/wp-content\/uploads\/2022\/08\/Hawaiian-GrowKit-instructies-ENG-Front-64x91.jpg 64w, https:\/\/www.tatanka.nl\/wp-content\/uploads\/2022\/08\/Hawaiian-GrowKit-instructies-ENG-Front.jpg 874w\" sizes=\"auto, (max-width: 423px) 100vw, 423px\" title=\"- Tatanka.nl\">                                                              <\/div>\n              <div class=\"box-text text-left\" >\n                 <p><\/p>\n              <\/div>\n            <\/div>\n            <\/a>          <\/div>\n         <\/div><div class=\"gallery-col col\" >\n          <div class=\"col-inner\">\n            <a class=\"\" href=\"https:\/\/www.tatanka.nl\/wp-content\/uploads\/2022\/08\/Hawaiian-GrowKit-instructies-ENG-Back-564x800.jpg\" title=\"\">            <div class=\"box has-hover gallery-box box-none\">\n              <div class=\"box-image\" >\n                <img loading=\"lazy\" decoding=\"async\" width=\"423\" height=\"600\" src=\"https:\/\/www.tatanka.nl\/wp-content\/uploads\/2022\/08\/Hawaiian-GrowKit-instructies-ENG-Back-423x600.jpg\" class=\"attachment-medium size-medium\" alt=\"- Tatanka.nl\" ids=\"54309,54308\" style=\"none\" columns=\"2\" srcset=\"https:\/\/www.tatanka.nl\/wp-content\/uploads\/2022\/08\/Hawaiian-GrowKit-instructies-ENG-Back-423x600.jpg 423w, https:\/\/www.tatanka.nl\/wp-content\/uploads\/2022\/08\/Hawaiian-GrowKit-instructies-ENG-Back-564x800.jpg 564w, https:\/\/www.tatanka.nl\/wp-content\/uploads\/2022\/08\/Hawaiian-GrowKit-instructies-ENG-Back-268x380.jpg 268w, https:\/\/www.tatanka.nl\/wp-content\/uploads\/2022\/08\/Hawaiian-GrowKit-instructies-ENG-Back-768x1090.jpg 768w, https:\/\/www.tatanka.nl\/wp-content\/uploads\/2022\/08\/Hawaiian-GrowKit-instructies-ENG-Back-420x596.jpg 420w, https:\/\/www.tatanka.nl\/wp-content\/uploads\/2022\/08\/Hawaiian-GrowKit-instructies-ENG-Back-64x91.jpg 64w, https:\/\/www.tatanka.nl\/wp-content\/uploads\/2022\/08\/Hawaiian-GrowKit-instructies-ENG-Back.jpg 874w\" sizes=\"auto, (max-width: 423px) 100vw, 423px\" title=\"- Tatanka.nl\">                                                              <\/div>\n              <div class=\"box-text text-left\" >\n                 <p><\/p>\n              <\/div>\n            <\/div>\n            <\/a>          <\/div>\n         <\/div><\/div>\n\n<div class=\"row\"  id=\"row-490694154\">\n\n\n\t<div id=\"col-582752851\" class=\"col medium-6 small-12 large-6\"  >\n\t\t\t\t<div class=\"col-inner\"  >\n\t\t\t\n\t\t\t\n\n<p><strong>Krok 1<\/strong><\/p>\n<p>Otw\u00f3rz pude\u0142ko i wyjmij zawarto\u015b\u0107: zestaw do uprawy, worek do uprawy, dwie tace z czarn\u0105 ziemi\u0105 i spinacz do papieru.<\/p>\n<p><strong>Krok 2<\/strong><\/p>\n<p>Dok\u0142adnie umyj r\u0119ce myd\u0142em i zdejmij pokryw\u0119 zestawu do uprawy. Rozprowad\u017a czarn\u0105 ziemi\u0119 r\u00f3wnomiernie na zestawie do uprawy.<\/p>\n<p><strong>Krok 3<\/strong><\/p>\n<p>Spryskaj g\u00f3rn\u0105 warstw\u0119 zestawu wod\u0105 i upewnij si\u0119, \u017ce jest wilgotna. Spryskaj r\u00f3wnie\u017c wn\u0119trze torby. Upewnij si\u0119, \u017ce w torbie jest wystarczaj\u0105ca ilo\u015b\u0107 tlenu i w\u0142\u00f3\u017c zestaw do uprawy. Zamknij torb\u0119 spinaczem do papieru.<\/p>\n<p><strong>Krok 4<\/strong><\/p>\n<p>Upewnij si\u0119, \u017ce codziennie spryskujesz zestaw do uprawy i dostarczasz mu \u015bwie\u017cego tlenu. Mo\u017cesz \u015bcisn\u0105\u0107 worek, aby upewni\u0107 si\u0119, \u017ce tlen jest od\u015bwie\u017cany. Wa\u017cne jest, aby g\u00f3rna warstwa zestawu by\u0142a wilgotna.<\/p>\n\n\t\t<\/div>\n\t\t\t\t\t<\/div>\n\n\t\n\n\t<div id=\"col-1444469110\" class=\"col medium-6 small-12 large-6\"  >\n\t\t\t\t<div class=\"col-inner\"  >\n\t\t\t\n\t\t\t\n\n<p><strong>Krok 5<\/strong><\/p>\n<p>Po 6-11 dniach pojawi\u0105 si\u0119 pierwsze grzyby. W tym momencie mo\u017cna na chwil\u0119 wyj\u0105\u0107 zestaw z torby. Spryskaj wn\u0119trze torby i w\u0142\u00f3\u017c zestaw z powrotem do torby. (Grzyby Hawaiian nie lubi\u0105 bezpo\u015bredniego kontaktu z wod\u0105).<\/p>\n<p><strong>Krok 6<\/strong><\/p>\n<p>Oko\u0142o 5-7 dni po rozpocz\u0119ciu wzrostu grzyby s\u0105 gotowe do zerwania. Rozpocznij zrywanie tu\u017c przed otwarciem kapeluszy. Postaraj si\u0119 to zrobi\u0107 tu\u017c przed opadni\u0119ciem pierwszych czarnych zarodnik\u00f3w, ale nie martw si\u0119, je\u015bli ju\u017c to nast\u0105pi\u0142o. Umyj r\u0119ce i ostro\u017cnie wyci\u0105gnij grzyby z zestawu.<\/p>\n<p><strong>Krok 7<\/strong><\/p>\n<p>Po zebraniu ca\u0142ego plonu mo\u017cna powt\u00f3rzy\u0107 ca\u0142y proces od kroku 3 (zamg\u0142awianie), a cykl si\u0119 powt\u00f3rzy. Najwa\u017cniejsz\u0105 rzecz\u0105 jest utrzymywanie wilgotno\u015bci zestawu do uprawy i upewnienie si\u0119, \u017ce codziennie ma dost\u0119p do \u015bwie\u017cego powietrza. Nale\u017cy pami\u0119ta\u0107, \u017ce Hawaiian Copelandia jest znacznie delikatniejszym produktem w por\u00f3wnaniu do innych zestaw\u00f3w do uprawy grzyb\u00f3w.<\/p>\n\n\t\t<\/div>\n\t\t\t\t\t<\/div>\n\n\t\n\n<\/div>","protected":false},"excerpt":{"rendered":"","protected":false},"author":1427,"featured_media":0,"parent":0,"menu_order":0,"comment_status":"closed","ping_status":"closed","template":"","meta":{"footnotes":""},"class_list":["post-38285","page","type-page","status-publish","hentry"],"_links":{"self":[{"href":"https:\/\/www.tatanka.nl\/pl\/wp-json\/wp\/v2\/pages\/38285","targetHints":{"allow":["GET"]}}],"collection":[{"href":"https:\/\/www.tatanka.nl\/pl\/wp-json\/wp\/v2\/pages"}],"about":[{"href":"https:\/\/www.tatanka.nl\/pl\/wp-json\/wp\/v2\/types\/page"}],"author":[{"embeddable":true,"href":"https:\/\/www.tatanka.nl\/pl\/wp-json\/wp\/v2\/users\/1427"}],"replies":[{"embeddable":true,"href":"https:\/\/www.tatanka.nl\/pl\/wp-json\/wp\/v2\/comments?post=38285"}],"version-history":[{"count":0,"href":"https:\/\/www.tatanka.nl\/pl\/wp-json\/wp\/v2\/pages\/38285\/revisions"}],"wp:attachment":[{"href":"https:\/\/www.tatanka.nl\/pl\/wp-json\/wp\/v2\/media?parent=38285"}],"curies":[{"name":"wp","href":"https:\/\/api.w.org\/{rel}","templated":true}]}}