{"id":50662,"date":"2022-07-11T09:15:48","date_gmt":"2022-07-11T07:15:48","guid":{"rendered":"https:\/\/www.tatanka.nl\/?page_id=50662"},"modified":"2022-07-11T09:47:31","modified_gmt":"2022-07-11T07:47:31","slug":"affiliate-program","status":"publish","type":"page","link":"https:\/\/www.tatanka.nl\/pl\/affiliate-program\/","title":{"rendered":"Program partnerski Tatanka"},"content":{"rendered":"<div id=\"gap-1177178639\" class=\"gap-element clearfix\" style=\"display:block; height:auto;\">\n\t\t\n<style>\n#gap-1177178639 {\n  padding-top: 30px;\n}\n<\/style>\n\t<\/div>\n\t\n\n<div class=\"container section-title-container\" ><h1 class=\"section-title section-title-normal\"><b aria-hidden=\"true\"><\/b><span class=\"section-title-main\" style=\"font-size:149%;\">Program partnerski Tatanka<\/span><b aria-hidden=\"true\"><\/b><\/h1><\/div>\n\n<div class=\"row\"  id=\"row-734490589\">\n\n\n\t<div id=\"col-1737728476\" class=\"col medium-8 small-12 large-8\"  >\n\t\t\t\t<div class=\"col-inner\"  >\n\t\t\t\n\t\t\t\n\n<h2>Zarabiaj pieni\u0105dze promuj\u0105c nasze produkty<\/h2>\n<p>Posiadasz stron\u0119 internetow\u0105 lub kana\u0142 medialny i chcesz zarabia\u0107 na promowaniu naszych produkt\u00f3w? W takim razie zapraszamy do zarejestrowania si\u0119 w programie partnerskim Tatanka.<\/p>\n<p>Nasz program partnerski dzia\u0142a we wsp\u00f3\u0142pracy z Daisycon. Zarejestruj si\u0119 teraz jako wydawca i zarabiaj wysokie prowizje za sprzedany produkt.<\/p>\n<a href=\"https:\/\/www.daisycon.com\/nl\/campagnes\/17221-tatanka\/\" target=\"_blank\" class=\"button primary\" rel=\"noopener\">\n\t\t<span>Zarejestruj si\u0119 tutaj<\/span>\n\t<\/a>\n\n\n<h3>Dlaczego warto zosta\u0107 partnerem Tatanka?<\/h3>\n<ul>\n<li>Wysoka prowizja na podstawie CPS<\/li>\n<li>Szybka cotygodniowa weryfikacja sprzeda\u017cy. (minimum 30 dni)<\/li>\n<li>Konkurencyjne ceny B2C<\/li>\n<li>Dost\u0119pnych jest wiele baner\u00f3w promocyjnych<\/li>\n<li>Banery niestandardowe mo\u017cliwe na \u017cyczenie<\/li>\n<li>Aktywny zesp\u00f3\u0142 wsparcia dla Ciebie i klienta<\/li>\n<li>Kana\u0142 produktowy na \u017c\u0105danie<\/li>\n<\/ul>\n<a href=\"https:\/\/www.daisycon.com\/nl\/campagnes\/17221-tatanka\/\" target=\"_blank\" class=\"button primary\" rel=\"noopener\">\n\t\t<span>Zarejestruj si\u0119 tutaj<\/span>\n\t<\/a>\n\n\n<p>Je\u015bli masz jakiekolwiek pytania dotycz\u0105ce nas lub programu partnerskiego, nie wahaj si\u0119 zapyta\u0107! Ch\u0119tnie pomo\u017cemy Ci w drodze do wspania\u0142ej wsp\u00f3\u0142pracy.<\/p>\n\n\t\t<\/div>\n\t\t\t\t\t<\/div>\n\n\t\n\n\t<div id=\"col-1644730146\" class=\"col medium-4 small-12 large-4 small-col-first\"  >\n\t\t\t\t<div class=\"col-inner\"  >\n\t\t\t\n\t\t\t\n\n\t<div class=\"img has-hover hide-for-small x md-x lg-x y md-y lg-y\" id=\"image_1837322448\">\n\t\t\t\t\t\t\t\t<div class=\"img-inner dark\" >\n\t\t\t<img loading=\"lazy\" decoding=\"async\" width=\"512\" height=\"512\" src=\"https:\/\/www.tatanka.nl\/wp-content\/uploads\/2018\/05\/Tatanka-Logo-512x512.jpg\" class=\"attachment-original size-original\" alt=\"- Tatanka.nl\" srcset=\"https:\/\/www.tatanka.nl\/wp-content\/uploads\/2018\/05\/Tatanka-Logo-512x512.jpg 512w, https:\/\/www.tatanka.nl\/wp-content\/uploads\/2018\/05\/Tatanka-Logo-512x512-420x420.jpg 420w, https:\/\/www.tatanka.nl\/wp-content\/uploads\/2018\/05\/Tatanka-Logo-512x512-100x100.jpg 100w, https:\/\/www.tatanka.nl\/wp-content\/uploads\/2018\/05\/Tatanka-Logo-512x512-64x64.jpg 64w, https:\/\/www.tatanka.nl\/wp-content\/uploads\/2018\/05\/Tatanka-Logo-512x512-380x380.jpg 380w\" sizes=\"auto, (max-width: 512px) 100vw, 512px\" title=\"- Tatanka.nl\">\t\t\t\t\t\t\n\t\t\t\t\t<\/div>\n\t\t\t\t\t\t\t\t\n<style>\n#image_1837322448 {\n  width: 100%;\n}\n<\/style>\n\t<\/div>\n\t\n\n\t<div id=\"gap-1315621711\" class=\"gap-element clearfix\" style=\"display:block; height:auto;\">\n\t\t\n<style>\n#gap-1315621711 {\n  padding-top: 10px;\n}\n<\/style>\n\t<\/div>\n\t\n\n\n\t\t<\/div>\n\t\t\t\t\t<\/div>\n\n\t\n\n<\/div>","protected":false},"excerpt":{"rendered":"","protected":false},"author":1427,"featured_media":0,"parent":0,"menu_order":0,"comment_status":"closed","ping_status":"closed","template":"page-blank.php","meta":{"footnotes":""},"class_list":["post-50662","page","type-page","status-publish","hentry"],"_links":{"self":[{"href":"https:\/\/www.tatanka.nl\/pl\/wp-json\/wp\/v2\/pages\/50662","targetHints":{"allow":["GET"]}}],"collection":[{"href":"https:\/\/www.tatanka.nl\/pl\/wp-json\/wp\/v2\/pages"}],"about":[{"href":"https:\/\/www.tatanka.nl\/pl\/wp-json\/wp\/v2\/types\/page"}],"author":[{"embeddable":true,"href":"https:\/\/www.tatanka.nl\/pl\/wp-json\/wp\/v2\/users\/1427"}],"replies":[{"embeddable":true,"href":"https:\/\/www.tatanka.nl\/pl\/wp-json\/wp\/v2\/comments?post=50662"}],"version-history":[{"count":0,"href":"https:\/\/www.tatanka.nl\/pl\/wp-json\/wp\/v2\/pages\/50662\/revisions"}],"wp:attachment":[{"href":"https:\/\/www.tatanka.nl\/pl\/wp-json\/wp\/v2\/media?parent=50662"}],"curies":[{"name":"wp","href":"https:\/\/api.w.org\/{rel}","templated":true}]}}