{"id":105264,"date":"2023-06-20T09:22:11","date_gmt":"2023-06-20T07:22:11","guid":{"rendered":"https:\/\/www.tatanka.nl\/?post_type=product&#038;p=105264"},"modified":"2025-09-23T12:48:31","modified_gmt":"2025-09-23T11:48:31","slug":"trippy-x","status":"publish","type":"product","link":"https:\/\/www.tatanka.nl\/pl\/trippy-x\/","title":{"rendered":"Trippy X"},"content":{"rendered":"<h2 data-start=\"0\" data-end=\"22\">Czym jest Trippy X?<\/h2>\n<p data-start=\"24\" data-end=\"955\">Trippy X to pot\u0119\u017cna i wyj\u0105tkowa pigu\u0142ka imprezowa zaprojektowana, aby zabra\u0107 u\u017cytkownik\u00f3w w kalejdoskopow\u0105 podr\u00f3\u017c, jak \u017cadna inna. Stworzona ze starannie wyselekcjonowanych naturalnych sk\u0142adnik\u00f3w, wzmacnia percepcj\u0119 i pobudza wyobra\u017ani\u0119, tworz\u0105c niezapomniane wra\u017cenia. Niezale\u017cnie od tego, czy chcesz podkr\u0119ci\u0107 imprezow\u0105 atmosfer\u0119, czy te\u017c wyruszy\u0107 w osobist\u0105 podr\u00f3\u017c samopoznania, Trippy X zach\u0119ca do kreatywno\u015bci, eksploracji i nowych perspektyw. Suplement ten wspiera wizualn\u0105 i sensoryczn\u0105 transformacj\u0119, pozwalaj\u0105c u\u017cytkownikom \u0142\u0105czy\u0107 si\u0119 z otoczeniem w g\u0142\u0119bszy i bardziej dog\u0142\u0119bny spos\u00f3b. Zmieniaj\u0105c percepcj\u0119 i poprawiaj\u0105c spos\u00f3b do\u015bwiadczania \u015bwiata, Trippy X otwiera drzwi do nowych mo\u017cliwo\u015bci i ekscytuj\u0105cych przyg\u00f3d. Starannie opracowana mieszanka naturalnych sk\u0142adnik\u00f3w zapewnia hipnotyzuj\u0105ce doznania, zanurzaj\u0105c Ci\u0119 w \u017cywych doznaniach i urzekaj\u0105cych wizualizacjach - idealnych dla os\u00f3b poszukuj\u0105cych intensywnych i transformuj\u0105cych do\u015bwiadcze\u0144.<\/p>\n<h2 data-start=\"957\" data-end=\"985\">Historia Trippy X<\/h2>\n<p data-start=\"987\" data-end=\"1911\">Trippy X jest inspirowany wiekami tradycyjnego leczenia opartego na ro\u015blinach, zawieraj\u0105cego sk\u0142adniki znane ze swoich w\u0142a\u015bciwo\u015bci rozszerzaj\u0105cych umys\u0142. Wykorzystanie naturalnych substancji do poprawy funkcji poznawczych i percepcyjnych si\u0119ga staro\u017cytnych cywilizacji, w kt\u00f3rych kultury na ca\u0142ym \u015bwiecie wykorzystywa\u0142y moc ro\u015blin do wywo\u0142ywania odmiennych stan\u00f3w \u015bwiadomo\u015bci. Te staro\u017cytne praktyki po\u0142o\u017cy\u0142y podwaliny pod wsp\u00f3\u0142czesne badania percepcji zmys\u0142owej. Trippy X to wsp\u00f3\u0142czesna ewolucja tych tradycji, \u0142\u0105cz\u0105ca u\u015bwi\u0119con\u0105 tradycj\u0105 m\u0105dro\u015b\u0107 zio\u0142ow\u0105 z najnowszymi badaniami nad naturalnymi suplementami. Jego starannie zaprojektowana mieszanka maksymalizuje do\u015bwiadczenie poszerzania umys\u0142u, pomagaj\u0105c u\u017cytkownikom wykorzysta\u0107 ich kreatywno\u015b\u0107, emocje i \u015bwiadomo\u015b\u0107 sensoryczn\u0105. Dzi\u0119ki zamkni\u0119ciu tych pot\u0119\u017cnych sk\u0142adnik\u00f3w w \u0142atwej w u\u017cyciu formie, Trippy X oferuje bezpieczny i wygodny spos\u00f3b na wyruszenie w osobist\u0105 podr\u00f3\u017c samopoznania i zwi\u0119kszonej percepcji.<\/p>\n<h2 data-start=\"1913\" data-end=\"1937\">Jak korzysta\u0107 z Trippy X<\/h2>\n<p data-start=\"1939\" data-end=\"2469\">Aby w pe\u0142ni do\u015bwiadczy\u0107 efekt\u00f3w Trippy X, nale\u017cy przyj\u0105\u0107 jedn\u0105 kapsu\u0142k\u0119 na 30 do 45 minut przed po\u017c\u0105danym efektem. Aby uzyska\u0107 optymalne wch\u0142anianie, nale\u017cy popi\u0107 kapsu\u0142k\u0119 wod\u0105 lub sokiem owocowym. Zalecana dawka to jedna kapsu\u0142ka dziennie, a przekraczanie tego limitu nie jest zalecane. Trippy X zosta\u0142 zaprojektowany, aby zapewni\u0107 wci\u0105gaj\u0105ce i transformuj\u0105ce do\u015bwiadczenie, dzi\u0119ki czemu czas jest niezb\u0119dny do osi\u0105gni\u0119cia pe\u0142nych efekt\u00f3w. Poniewa\u017c formu\u0142a dzia\u0142a stopniowo, przyj\u0119cie kapsu\u0142ki w odpowiednim momencie pozwala na swobodne rozpocz\u0119cie podr\u00f3\u017cy i jej pe\u0142ne wykorzystanie.<\/p>\n<p data-start=\"2471\" data-end=\"2827\">Wa\u017cne jest, aby u\u017cywa\u0107 Trippy X z rozwag\u0105 i szacunkiem. Niezale\u017cnie od tego, czy u\u017cywasz go na imprezie towarzyskiej, czy do osobistej eksploracji, ustawienie odpowiedniego \u015brodowiska zwi\u0119ksza do\u015bwiadczenie. Upewnij si\u0119, \u017ce jeste\u015b w bezpiecznej i wygodnej przestrzeni, w kt\u00f3rej mo\u017cesz w pe\u0142ni cieszy\u0107 si\u0119 podr\u00f3\u017c\u0105. Przygotuj si\u0119 na otwarcie umys\u0142u, zaanga\u017cowanie kreatywno\u015bci i odkrywanie nowych wymiar\u00f3w percepcji.<\/p>\n<h2 data-start=\"2829\" data-end=\"2857\">Sk\u0142adniki Trippy X<\/h2>\n<p data-start=\"2859\" data-end=\"3022\">Kapsu\u0142ki Trippy X zawieraj\u0105 starannie dobran\u0105 mieszank\u0119 sk\u0142adnik\u00f3w znanych ze swoich w\u0142a\u015bciwo\u015bci rozszerzaj\u0105cych umys\u0142 i wzmacniaj\u0105cych zmys\u0142y. Kluczowe sk\u0142adniki obejmuj\u0105:<\/p>\n<ul data-start=\"3024\" data-end=\"3663\">\n<li data-start=\"3024\" data-end=\"3230\"><strong data-start=\"3026\" data-end=\"3062\">Baby Hawaiian Woodrose (175 mg):<\/strong> Stosowana w tradycyjnej medycynie od wiek\u00f3w, ta pot\u0119\u017cna ro\u015blina wywo\u0142uje \u017cywe wizje i zwi\u0119ksza kreatywno\u015b\u0107, przenosz\u0105c u\u017cytkownik\u00f3w w odmienne stany \u015bwiadomo\u015bci.<\/li>\n<li data-start=\"3231\" data-end=\"3479\"><strong data-start=\"3233\" data-end=\"3264\">Passionflower 10% (250 mg):<\/strong> Ceniony za swoje uspokajaj\u0105ce dzia\u0142anie, passiflora pomaga z\u0142agodzi\u0107 niepok\u00f3j i zapewnia r\u00f3wnowag\u0119 mi\u0119dzy relaksem a stymulacj\u0105. Pozwala u\u017cytkownikom rozpocz\u0105\u0107 podr\u00f3\u017c z poczuciem skupienia i spokoju.<\/li>\n<li data-start=\"3480\" data-end=\"3663\"><strong data-start=\"3482\" data-end=\"3499\">Cynk (10 mg):<\/strong> Wspiera og\u00f3lne funkcje poznawcze i dobre samopoczucie, pomagaj\u0105c organizmowi w przetwarzaniu efekt\u00f3w innych sk\u0142adnik\u00f3w, zapewniaj\u0105c p\u0142ynniejsze, bardziej wci\u0105gaj\u0105ce doznania.<\/li>\n<\/ul>\n<p data-start=\"3665\" data-end=\"3911\" data-is-last-node=\"\">Razem te sk\u0142adniki tworz\u0105 siln\u0105 formu\u0142\u0119, kt\u00f3ra prowadzi u\u017cytkownik\u00f3w w bogat\u0105 w zmys\u0142y, kalejdoskopow\u0105 przygod\u0119. Dzi\u0119ki Trippy X mo\u017cesz odblokowa\u0107 nowe perspektywy, poszerzy\u0107 swoj\u0105 wyobra\u017ani\u0119 i odkrywa\u0107 g\u0142\u0119bsze sfery kreatywno\u015bci i samopoznania.<\/p>\n<p><strong style=\"font-size: 14.4px;\">Ostrze\u017cenie:<\/strong><\/p>\n<p>Suplement diety nie mo\u017ce by\u0107 stosowany jako substytut zr\u00f3\u017cnicowanej diety. Przechowywa\u0107 w miejscu niedost\u0119pnym dla dzieci. Stosowanie dozwolone wy\u0142\u0105cznie dla os\u00f3b w wieku powy\u017cej 18 lat. Nie stosowa\u0107 w po\u0142\u0105czeniu z lekami lub innymi \u015brodkami pobudzaj\u0105cymi, w przypadku wysokiego\/niskiego ci\u015bnienia krwi, chor\u00f3b serca, zaburze\u0144 tarczycy, chor\u00f3b nerek, depresji, nerwowo\u015bci, dolegliwo\u015bci fizycznych i\/lub psychicznych oraz stosowania inhibitor\u00f3w MAO. Nale\u017cy zachowa\u0107 ostro\u017cno\u015b\u0107 w przypadku nadmiernego spo\u017cycia alkoholu. W razie w\u0105tpliwo\u015bci nale\u017cy skonsultowa\u0107 si\u0119 z lekarzem.<\/p>","protected":false},"excerpt":{"rendered":"<p>Prze\u017cyj fascynuj\u0105c\u0105 i niezapomnian\u0105 podr\u00f3\u017c z Trippy X, nasz\u0105 urzekaj\u0105c\u0105 pigu\u0142k\u0105 imprezow\u0105, kt\u00f3ra gwarantuje przeniesienie Ci\u0119 do nowych krain kalejdoskopowych cud\u00f3w. Nasze Kaleidoscopic Caps, nasycone niezr\u00f3wnan\u0105 mieszank\u0105 naturalnych sk\u0142adnik\u00f3w, obiecuj\u0105 zapieraj\u0105c\u0105 dech w piersiach podr\u00f3\u017c, kt\u00f3ra zach\u0119ca do zanurzenia si\u0119 w ekscytuj\u0105c\u0105 otch\u0142a\u0144 wyobra\u017ani. Wykorzystaj siln\u0105 moc Trippy X i przygotuj si\u0119 na bezkonkurencyjne, hipnotyzuj\u0105ce doznania, jakich nigdy wcze\u015bniej nie do\u015bwiadczy\u0142e\u015b.<\/p>","protected":false},"featured_media":115901,"template":"","meta":[],"product_brand":[],"product_cat":[535,525,476,532],"product_tag":[],"class_list":{"0":"post-105264","1":"product","2":"type-product","3":"status-publish","4":"has-post-thumbnail","6":"product_cat-dnx","7":"product_cat-party-pills","8":"product_cat-smartshop","9":"product_cat-trippy-pills","10":"product_shipping_class-not-allowed-group-3","12":"first","13":"instock","14":"taxable","15":"shipping-taxable","16":"purchasable","17":"product-type-variable","18":"has-default-attributes"},"_links":{"self":[{"href":"https:\/\/www.tatanka.nl\/pl\/wp-json\/wp\/v2\/product\/105264","targetHints":{"allow":["GET"]}}],"collection":[{"href":"https:\/\/www.tatanka.nl\/pl\/wp-json\/wp\/v2\/product"}],"about":[{"href":"https:\/\/www.tatanka.nl\/pl\/wp-json\/wp\/v2\/types\/product"}],"wp:featuredmedia":[{"embeddable":true,"href":"https:\/\/www.tatanka.nl\/pl\/wp-json\/wp\/v2\/media\/115901"}],"wp:attachment":[{"href":"https:\/\/www.tatanka.nl\/pl\/wp-json\/wp\/v2\/media?parent=105264"}],"wp:term":[{"taxonomy":"product_brand","embeddable":true,"href":"https:\/\/www.tatanka.nl\/pl\/wp-json\/wp\/v2\/product_brand?post=105264"},{"taxonomy":"product_cat","embeddable":true,"href":"https:\/\/www.tatanka.nl\/pl\/wp-json\/wp\/v2\/product_cat?post=105264"},{"taxonomy":"product_tag","embeddable":true,"href":"https:\/\/www.tatanka.nl\/pl\/wp-json\/wp\/v2\/product_tag?post=105264"}],"curies":[{"name":"wp","href":"https:\/\/api.w.org\/{rel}","templated":true}]}}