{"id":109538,"date":"2023-07-03T11:41:03","date_gmt":"2023-07-03T09:41:03","guid":{"rendered":"https:\/\/www.tatanka.nl\/?post_type=product&#038;p=109538"},"modified":"2025-11-18T15:37:46","modified_gmt":"2025-11-18T14:37:46","slug":"kratom-leaves","status":"publish","type":"product","link":"https:\/\/www.tatanka.nl\/pl\/kratom-leaves\/","title":{"rendered":"Li\u015bcie Kratom"},"content":{"rendered":"<h2 data-pm-slice=\"1 1 []\">Czym s\u0105 li\u015bcie Kratom?<\/h2>\n<p>Li\u015bcie Kratom pochodz\u0105 z ro\u015bliny Mitragyna Speciosa, tropikalnego drzewa pochodz\u0105cego z Azji Po\u0142udniowo-Wschodniej. Znany ze swojego podw\u00f3jnego dzia\u0142ania, Kratom mo\u017ce zapewni\u0107 stymulacj\u0119 lub relaksacj\u0119 w zale\u017cno\u015bci od dawki. Za te efekty odpowiada g\u0142\u00f3wny zwi\u0105zek aktywny, mitragynina. Tradycyjnie u\u017cywana przez lokalnych rolnik\u00f3w, aby wytrzyma\u0107 d\u0142ugie godziny pracy, Kratom zyska\u0142a popularno\u015b\u0107 w \u015bwiecie zachodnim ze wzgl\u0119du na swoje unikalne w\u0142a\u015bciwo\u015bci. Li\u015bcie Indian Elements Kratom pochodz\u0105 z odmiany Green Maeng Da, znanej ze swojej mocy i skuteczno\u015bci. Li\u015bcie tej odmiany o zielonych \u017cy\u0142kach s\u0105 szczeg\u00f3lnie cenione za zr\u00f3wnowa\u017cone dzia\u0142anie, co czyni je ulubionymi w\u015br\u00f3d u\u017cytkownik\u00f3w Kratom na ca\u0142ym \u015bwiecie.<\/p>\n<div><\/div>\n<h2>Historia li\u015bci Kratom<\/h2>\n<p>Kratom by\u0142 u\u017cywany od wiek\u00f3w w Azji Po\u0142udniowo-Wschodniej, szczeg\u00f3lnie w krajach takich jak Thailandia, Indonezja i Malezja. W przesz\u0142o\u015bci by\u0142 on spo\u017cywany przez rolnik\u00f3w i robotnik\u00f3w, kt\u00f3rzy \u017culi li\u015bcie w celu zwalczania zm\u0119czenia i poprawy wydajno\u015bci. Pierwsza zarejestrowana zachodnia dokumentacja stosowania Kratom pochodzi z XIX wieku, kiedy to holenderski botanik Pieter W. Korthals opisa\u0142 jej dzia\u0142anie. Przez lata Kratom by\u0142 wykorzystywany w r\u00f3\u017cnych praktykach kulturowych i leczniczych. Dzi\u015b jest szeroko dost\u0119pny w postaci sproszkowanych lub suszonych li\u015bci i nadal jest popularnym naturalnym suplementem ze wzgl\u0119du na r\u00f3\u017cnorodny zakres efekt\u00f3w. Zdolno\u015b\u0107 adaptacji li\u015bci Kratom sprawi\u0142a, \u017ce sta\u0142y si\u0119 one podstaw\u0105 wielu tradycji zio\u0142owych, oferuj\u0105c zar\u00f3wno w\u0142a\u015bciwo\u015bci pobudzaj\u0105ce, jak i koj\u0105ce.<\/p>\n<div><\/div>\n<h2>Jak u\u017cywa\u0107 li\u015bci Kratom?<\/h2>\n<p>Li\u015bcie Kratom mog\u0105 by\u0107 spo\u017cywane na wiele sposob\u00f3w, a jedn\u0105 z najpopularniejszych metod jest zaparzanie ich w herbacie. Aby przygotowa\u0107 herbat\u0119 Kratom, wystarczy zaparzy\u0107 jeden gram li\u015bci w gor\u0105cej wodzie przez oko\u0142o 10-15 minut, a nast\u0119pnie odcedzi\u0107 i wypi\u0107. Niekt\u00f3rzy u\u017cytkownicy wol\u0105 miesza\u0107 proszek z koktajlami lub sokami, aby zamaskowa\u0107 gorzki smak. Dawkowanie odgrywa kluczow\u0105 rol\u0119 w do\u015bwiadczanych efektach: ni\u017csze dawki (oko\u0142o 1 grama) maj\u0105 tendencj\u0119 do energetyzowania, podczas gdy wy\u017csze dawki mog\u0105 wywo\u0142ywa\u0107 uspokajaj\u0105ce i relaksuj\u0105ce odczucia. Wa\u017cne jest, aby zacz\u0105\u0107 od niskiej dawki i stopniowo dostosowywa\u0107 j\u0105 w oparciu o indywidualn\u0105 tolerancj\u0119. Kratom nie powinien by\u0107 stosowany codziennie, aby zapobiec uzale\u017cnieniu. Aby uzyska\u0107 najlepsze wyniki, nale\u017cy spo\u017cywa\u0107 Kratom Leaves odpowiedzialnie i z umiarem.<\/p>\n<div><\/div>\n<h2>Sk\u0142adniki li\u015bci Kratom<\/h2>\n<p>Indian Elements Kratom Li\u015bcie zawieraj\u0105 tylko jeden sk\u0142adnik: Mitragyna Speciosa (Kratom). Gwarantuje to, \u017ce otrzymujesz czysty i naturalny produkt bez \u017cadnych dodatk\u00f3w i wype\u0142niaczy. Kluczowy zwi\u0105zek aktywny w Kratom, mitragynina, oddzia\u0142uje z receptorami w m\u00f3zgu, wp\u0142ywaj\u0105c na poziom energii i relaksacj\u0119. W przeciwie\u0144stwie do niekt\u00f3rych zio\u0142owych alternatyw, Kratom nie zawiera nikotyny ani kofeiny, dzi\u0119ki czemu jest unikalnym \u015brodkiem botanicznym o wyra\u017anym dzia\u0142aniu. Odmiana Green Maeng Da jest szczeg\u00f3lnie ceniona za swoje zr\u00f3wnowa\u017cone w\u0142a\u015bciwo\u015bci, dzi\u0119ki czemu jest preferowanym wyborem dla os\u00f3b poszukuj\u0105cych zar\u00f3wno pobudzenia, jak i relaksu. Zachowuj\u0105c czyst\u0105 formu\u0142\u0119, Indian Elements zapewnia wysokiej jako\u015bci produkt, kt\u00f3ry pozostaje wierny swoim tradycyjnym korzeniom.<\/p>\n<div><\/div>\n<p><strong>Ostrze\u017cenie:<\/strong><\/p>\n<ul data-spread=\"false\">\n<li>Wy\u0142\u0105cznie do u\u017cytku przez osoby doros\u0142e (18+). Przechowywa\u0107 w miejscu niedost\u0119pnym dla dzieci.<\/li>\n<li>Nie nale\u017cy regularnie u\u017cywa\u0107 Kratom Leaves. Nale\u017cy unika\u0107 prowadzenia pojazd\u00f3w lub obs\u0142ugiwania ci\u0119\u017ckich maszyn pod jego wp\u0142ywem.<\/li>\n<li>Nie \u0142\u0105czy\u0107 z inhibitorami MAO, lekami, alkoholem lub narkotykami.<\/li>\n<li>Nie zaleca si\u0119 stosowania u os\u00f3b z chorobami serca lub nerek, wysokim lub niskim ci\u015bnieniem krwi lub cukrzyc\u0105.<\/li>\n<li>Ten produkt jest suplementem diety, a nie lekiem. U\u017cywaj odpowiedzialnie.<\/li>\n<li>Nie u\u017cywa\u0107, je\u015bli plomba jest uszkodzona.<\/li>\n<\/ul>\n<div><\/div>\n<p>&nbsp;<\/p>","protected":false},"excerpt":{"rendered":"<p data-pm-slice=\"1 1 []\">Odkryj wyj\u0105tkowe w\u0142a\u015bciwo\u015bci li\u015bci Indian Elements Kratom, wytwarzanych z zielonej odmiany Maeng Da ro\u015bliny Mitragyna Speciosa. Ten naturalny produkt oferuje zar\u00f3wno dzia\u0142anie pobudzaj\u0105ce, jak i uspokajaj\u0105ce, w zale\u017cno\u015bci od dawki. Idealny dla os\u00f3b poszukuj\u0105cych zastrzyku energii lub chwili relaksu.<\/p>","protected":false},"featured_media":125929,"template":"","meta":[],"product_brand":[],"product_cat":[597,297,477,509,290,476],"product_tag":[],"class_list":{"0":"post-109538","1":"product","2":"type-product","3":"status-publish","4":"has-post-thumbnail","6":"product_cat-indian-elements","7":"product_cat-all-products","8":"product_cat-herbs","9":"product_cat-kratom","10":"product_cat-psychedelic-herbs","11":"product_cat-smartshop","12":"product_shipping_class-creditcard-off","14":"first","15":"instock","16":"taxable","17":"shipping-taxable","18":"purchasable","19":"product-type-variable","20":"has-default-attributes"},"_links":{"self":[{"href":"https:\/\/www.tatanka.nl\/pl\/wp-json\/wp\/v2\/product\/109538","targetHints":{"allow":["GET"]}}],"collection":[{"href":"https:\/\/www.tatanka.nl\/pl\/wp-json\/wp\/v2\/product"}],"about":[{"href":"https:\/\/www.tatanka.nl\/pl\/wp-json\/wp\/v2\/types\/product"}],"wp:featuredmedia":[{"embeddable":true,"href":"https:\/\/www.tatanka.nl\/pl\/wp-json\/wp\/v2\/media\/125929"}],"wp:attachment":[{"href":"https:\/\/www.tatanka.nl\/pl\/wp-json\/wp\/v2\/media?parent=109538"}],"wp:term":[{"taxonomy":"product_brand","embeddable":true,"href":"https:\/\/www.tatanka.nl\/pl\/wp-json\/wp\/v2\/product_brand?post=109538"},{"taxonomy":"product_cat","embeddable":true,"href":"https:\/\/www.tatanka.nl\/pl\/wp-json\/wp\/v2\/product_cat?post=109538"},{"taxonomy":"product_tag","embeddable":true,"href":"https:\/\/www.tatanka.nl\/pl\/wp-json\/wp\/v2\/product_tag?post=109538"}],"curies":[{"name":"wp","href":"https:\/\/api.w.org\/{rel}","templated":true}]}}