{"id":115861,"date":"2023-08-21T10:24:40","date_gmt":"2023-08-21T08:24:40","guid":{"rendered":"https:\/\/www.tatanka.nl\/?post_type=product&#038;p=115861"},"modified":"2025-07-08T09:06:17","modified_gmt":"2025-07-08T08:06:17","slug":"ashwagandha","status":"publish","type":"product","link":"https:\/\/www.tatanka.nl\/pl\/ashwagandha\/","title":{"rendered":"Ashwagandha"},"content":{"rendered":"<h2>Co to jest Ashwagandha Tincture?<\/h2>\n<p>Ashwagandha Tincture to wysokiej jako\u015bci 10 ml ekstraktu zio\u0142owego wykonanego z korzeni ro\u015bliny Withania Somnifera, znanej r\u00f3wnie\u017c jako wi\u015bnia zimowa, kamie\u0144 w\u0119gielny tradycji ajurwedyjskiej. Dzi\u0119ki zastosowaniu skoncentrowanego ekstraktu z alkoholem 32%, ta nalewka dostarcza aktywnych zwi\u0105zk\u00f3w ro\u015bliny, aby wspiera\u0107 dobre samopoczucie psychiczne i fizyczne. Ashwagandha Tincture wspomaga relaksacj\u0119, r\u00f3wnowag\u0119 i odporno\u015b\u0107, dzi\u0119ki czemu idealnie nadaje si\u0119 dla os\u00f3b doros\u0142ych prowadz\u0105cych stresuj\u0105cy tryb \u017cycia lub poszukuj\u0105cych holistycznego wellness. Jej p\u0142ynna forma pozwala na \u0142atw\u0105 integracj\u0119 z codzienn\u0105 rutyn\u0105, zmieszan\u0105 z wod\u0105 lub innymi napojami. Wolny od sztucznych dodatk\u00f3w, ten organiczny suplement oferuje czysty, naturalny spos\u00f3b na wykorzystanie zalet ashwagandhy, czczonej od wiek\u00f3w w Indiach. Idealna dla os\u00f3b d\u0105\u017c\u0105cych do zdrowszego, zr\u00f3wnowa\u017conego \u017cycia, Ashwagandha Tincture wspiera uwa\u017cno\u015b\u0107 i witalno\u015b\u0107 za pomoc\u0105 zaledwie kilku kropli. Dobrze wstrz\u0105\u015bnij i post\u0119puj zgodnie z wytycznymi dotycz\u0105cymi dawkowania, aby do\u015bwiadczy\u0107 jej uspokajaj\u0105cego, regeneruj\u0105cego dzia\u0142ania, zar\u00f3wno w celu z\u0142agodzenia stresu, jak i og\u00f3lnego dobrego samopoczucia. Nalewka ta uciele\u015bnia istot\u0119 ajurwedy, zapewniaj\u0105c nowoczesny, wygodny spos\u00f3b na wykorzystanie sprawdzonych korzy\u015bci ashwagandhy dla harmonijnego cia\u0142a i umys\u0142u.<\/p>\n<h2>Historia nalewki z ashwagandhy<\/h2>\n<p>Korzenie Ashwagandha Tincture le\u017c\u0105 w staro\u017cytnych praktykach ajurwedyjskich w Indiach, gdzie Withania Somnifera jest stosowana od ponad 3000 lat. Znana jako zio\u0142o adaptogenne, ashwagandha by\u0142a ceniona za jej zdolno\u015b\u0107 do promowania r\u00f3wnowagi, zmniejszania stresu i zwi\u0119kszania witalno\u015bci, cz\u0119sto spo\u017cywana w postaci proszk\u00f3w lub herbat. Tradycyjni uzdrowiciele przepisywali j\u0105, aby wspiera\u0107 jasno\u015b\u0107 umys\u0142u i odporno\u015b\u0107 fizyczn\u0105, dzi\u0119ki czemu sta\u0142a si\u0119 podstaw\u0105 medycyny holistycznej. Nowoczesna formu\u0142a Ashwagandha Tincture dostosowuje si\u0119 do tego dziedzictwa, koncentruj\u0105c silne zwi\u0105zki zio\u0142a w p\u0142ynnym ekstrakcie dla \u0142atwo\u015bci u\u017cycia. Wykorzystuj\u0105c organiczne korzenie ashwagandhy i ekstrakcj\u0119 alkoholem, produkt ten zachowuje w\u0142a\u015bciwo\u015bci terapeutyczne ro\u015bliny, jednocze\u015bnie dostosowuj\u0105c si\u0119 do wsp\u00f3\u0142czesnych potrzeb wellness. Odrodzenie zainteresowania naturalnymi suplementami ro\u015blinnymi zwi\u0119kszy\u0142o globaln\u0105 atrakcyjno\u015b\u0107 ashwagandhy, szczeg\u00f3lnie w zakresie zarz\u0105dzania stresem i r\u00f3wnowagi. Ashwagandha Tincture \u0142\u0105czy staro\u017cytn\u0105 m\u0105dro\u015b\u0107 z nowoczesnym stylem \u017cycia, oferuj\u0105c wygodny spos\u00f3b na uzyskanie dost\u0119pu do korzy\u015bci p\u0142yn\u0105cych z zio\u0142a. Jej rosn\u0105ca popularno\u015b\u0107 odzwierciedla zmian\u0119 kulturow\u0105 w kierunku holistycznych, niesyntetycznych \u015brodk\u00f3w leczniczych, honoruj\u0105c dziedzictwo Ajurwedy, jednocze\u015bnie spe\u0142niaj\u0105c wymagania dzisiejszych \u015bwiadomych zdrowotnie konsument\u00f3w poszukuj\u0105cych naturalnych rozwi\u0105za\u0144 dla dobrego samopoczucia psychicznego i fizycznego w szybko zmieniaj\u0105cym si\u0119 \u015bwiecie.<\/p>\n<h2>Jak stosowa\u0107 nalewk\u0119 Ashwagandha?<\/h2>\n<p>Stosowanie Ashwagandha Tincture jest proste i \u0142atwo integruje si\u0119 z codzienn\u0105 rutyn\u0105. Dobrze wstrz\u0105\u015bnij butelk\u0105, aby upewni\u0107 si\u0119, \u017ce zawarto\u015b\u0107 jest w pe\u0142ni rozpuszczona. Przyjmowa\u0107 3-15 kropli dziennie, godzin\u0119 po posi\u0142ku, aby uzyska\u0107 optymalne wch\u0142anianie. Wymieszaj krople w szklance wody, herbaty lub innego napoju lub umie\u015b\u0107 je bezpo\u015brednio pod j\u0119zykiem, aby uzyska\u0107 szybsze efekty. Zacznij od niskiej dawki (3-5 kropli), aby oceni\u0107 swoj\u0105 reakcj\u0119, stopniowo zwi\u0119kszaj\u0105c do wy\u017cszej dawki (5-15 kropli) w razie potrzeby, ale nie przekraczaj zalecanej ilo\u015bci. Stosuj w spokojnym otoczeniu, na przyk\u0142ad podczas porannej lub wieczornej rutyny, aby wzmocni\u0107 jej r\u00f3wnowa\u017c\u0105ce dzia\u0142anie. Korzy\u015bci p\u0142yn\u0105ce ze stosowania nalewki, w tym z\u0142agodzenie stresu i poprawa koncentracji, zwykle pojawiaj\u0105 si\u0119 w ci\u0105gu 30-60 minut i mog\u0105 narasta\u0107 z czasem przy regularnym stosowaniu. Przechowuj butelk\u0119 w ch\u0142odnym, ciemnym miejscu, aby zachowa\u0107 moc. Ta elastyczna metoda pozwala na dostosowanie do\u015bwiadczenia, dzi\u0119ki czemu Ashwagandha Tincture jest wszechstronnym dodatkiem do ka\u017cdego stylu \u017cycia, wspieraj\u0105c relaks i witalno\u015b\u0107 przy minimalnym wysi\u0142ku, jednocze\u015bnie czerpi\u0105c z bogatego ajurwedyjskiego dziedzictwa zio\u0142a dla holistycznego dobrego samopoczucia.<\/p>\n<h2>Sk\u0142adniki Ashwagandha Tincture<\/h2>\n<p>Ashwagandha Tincture sk\u0142ada si\u0119 z dw\u00f3ch podstawowych sk\u0142adnik\u00f3w: skoncentrowanego ekstraktu z korzenia Withania Somnifera (ashwagandha) i alkoholu 32%. Ekstrakt z ashwagandhy, pozyskiwany z organicznych korzeni 100%, zawiera aktywne zwi\u0105zki, takie jak witanolidy, znane ze wspomagania \u0142agodzenia stresu, jasno\u015bci umys\u0142u i r\u00f3wnowagi fizycznej. Ten silny ekstrakt jest starannie przetwarzany w celu zachowania w\u0142a\u015bciwo\u015bci terapeutycznych zio\u0142a, dostarczaj\u0105c silny, naturalny suplement. Alkohol 32% dzia\u0142a jako rozpuszczalnik, zapewniaj\u0105c, \u017ce aktywne sk\u0142adniki ekstraktu s\u0105 dobrze zachowane i \u0142atwo wch\u0142aniane po spo\u017cyciu. Wolna od sztucznych dodatk\u00f3w i konserwant\u00f3w, Ashwagandha Tincture oferuje czysty, ro\u015blinny produkt, kt\u00f3ry jest zgodny z ajurwedyjskimi zasadami i nowoczesnymi standardami wellness. Alkohol przed\u0142u\u017ca r\u00f3wnie\u017c trwa\u0142o\u015b\u0107 nalewki, utrzymuj\u0105c jej jako\u015b\u0107 przez d\u0142ugi czas. Ka\u017cdy sk\u0142adnik zosta\u0142 dobrany tak, aby stworzy\u0107 niezawodny, skuteczny suplement, kt\u00f3ry wspiera holistyczne zdrowie. Nalewk\u0119 nale\u017cy przechowywa\u0107 w ch\u0142odnym i ciemnym miejscu, aby zachowa\u0107 jej moc. Ta minimalistyczna formu\u0142a sprawia, \u017ce Ashwagandha Tincture jest wyj\u0105tkowym wyborem dla os\u00f3b poszukuj\u0105cych naturalnego, u\u015bwi\u0119conego tradycj\u0105 \u015brodka zwi\u0119kszaj\u0105cego odporno\u015b\u0107 i spok\u00f3j, czerpi\u0105cego z bogatego dziedzictwa ashwagandhy w celu promowania r\u00f3wnowagi i witalno\u015bci w codziennym \u017cyciu.<\/p>\n<p><strong>Ostrze\u017cenie<\/strong><br \/>\nPrzechowywa\u0107 w miejscu niedost\u0119pnym dla dzieci. Nie stosowa\u0107 w przypadku wysokiego lub niskiego ci\u015bnienia krwi, chor\u00f3b serca lub p\u0142uc, cukrzycy, ci\u0105\u017cy, stosowania lek\u00f3w, narkotyk\u00f3w lub alkoholu. Przechowywa\u0107 w ch\u0142odnym, ciemnym miejscu.<\/p>","protected":false},"excerpt":{"rendered":"<p dir=\"auto\">Ashwagandha Tincture, 10 ml ekstraktu zio\u0142owego z organicznej Withania Somnifera, promuje naturalny spok\u00f3j i r\u00f3wnowag\u0119. Ta nalewka na bazie alkoholu, bez dodatk\u00f3w, wspiera dobre samopoczucie, \u0142atwo dodaj\u0105c j\u0105 do codziennych czynno\u015bci, aby uzyska\u0107 holistyczne, inspirowane ajurwed\u0105 do\u015bwiadczenie.<\/p>","protected":false},"featured_media":115862,"template":"","meta":[],"product_brand":[],"product_cat":[621,297,481,620],"product_tag":[],"class_list":{"0":"post-115861","1":"product","2":"type-product","3":"status-publish","4":"has-post-thumbnail","6":"product_cat-tinctures","7":"product_cat-all-products","8":"product_cat-healthshop-top-10","9":"product_cat-shamanita","11":"first","12":"instock","13":"taxable","14":"shipping-taxable","15":"purchasable","16":"product-type-variable","17":"has-default-attributes"},"_links":{"self":[{"href":"https:\/\/www.tatanka.nl\/pl\/wp-json\/wp\/v2\/product\/115861","targetHints":{"allow":["GET"]}}],"collection":[{"href":"https:\/\/www.tatanka.nl\/pl\/wp-json\/wp\/v2\/product"}],"about":[{"href":"https:\/\/www.tatanka.nl\/pl\/wp-json\/wp\/v2\/types\/product"}],"wp:featuredmedia":[{"embeddable":true,"href":"https:\/\/www.tatanka.nl\/pl\/wp-json\/wp\/v2\/media\/115862"}],"wp:attachment":[{"href":"https:\/\/www.tatanka.nl\/pl\/wp-json\/wp\/v2\/media?parent=115861"}],"wp:term":[{"taxonomy":"product_brand","embeddable":true,"href":"https:\/\/www.tatanka.nl\/pl\/wp-json\/wp\/v2\/product_brand?post=115861"},{"taxonomy":"product_cat","embeddable":true,"href":"https:\/\/www.tatanka.nl\/pl\/wp-json\/wp\/v2\/product_cat?post=115861"},{"taxonomy":"product_tag","embeddable":true,"href":"https:\/\/www.tatanka.nl\/pl\/wp-json\/wp\/v2\/product_tag?post=115861"}],"curies":[{"name":"wp","href":"https:\/\/api.w.org\/{rel}","templated":true}]}}