{"id":115870,"date":"2023-08-21T13:14:43","date_gmt":"2023-08-21T11:14:43","guid":{"rendered":"https:\/\/www.tatanka.nl\/?post_type=product&#038;p=115870"},"modified":"2025-07-08T09:00:53","modified_gmt":"2025-07-08T08:00:53","slug":"copaiba","status":"publish","type":"product","link":"https:\/\/www.tatanka.nl\/pl\/copaiba\/","title":{"rendered":"Copaiba"},"content":{"rendered":"<h2>Czym jest olej Copaiba?<\/h2>\n<p>Copaiba Oil to 10 ml czystego ekstraktu zio\u0142owego pozyskiwanego z \u017cywicy drzewa Copaiba, pochodz\u0105cego z amazo\u0144skich las\u00f3w deszczowych. Ceniony przez rdzenne spo\u0142eczno\u015bci za swoje korzy\u015bci zdrowotne, olej ten jest naturalnym suplementem, kt\u00f3ry promuje r\u00f3wnowag\u0119 fizyczn\u0105 i emocjonaln\u0105. Pozyskiwany w spos\u00f3b zr\u00f3wnowa\u017cony w celu zachowania jego aktywnych zwi\u0105zk\u00f3w, Copaiba Oil oferuje bogaty, z\u0142oty eliksir wolny od syntetycznych dodatk\u00f3w. Jego wszechstronny charakter pozwala na stosowanie zar\u00f3wno miejscowe, jak i doustne, co czyni go cennym dodatkiem do codziennych zabieg\u00f3w odnowy biologicznej. Niezale\u017cnie od tego, czy jest stosowany na sk\u00f3r\u0119, czy mieszany z napojami, Copaiba Oil wspiera harmoni\u0119 i witalno\u015b\u0107, odzwierciedlaj\u0105c naturaln\u0105 magi\u0119 Amazonii. Idealny dla os\u00f3b doros\u0142ych poszukuj\u0105cych holistycznego podej\u015bcia do dobrego samopoczucia, olej ten mo\u017ce by\u0107 stosowany na punkty czakr lub spo\u017cywany z wod\u0105, sokiem lub herbat\u0105. Dobrze wstrz\u0105\u015bnij i post\u0119puj zgodnie ze wskaz\u00f3wkami dotycz\u0105cymi dawkowania, aby do\u015bwiadczy\u0107 jego wzbogacaj\u0105cego dzia\u0142ania, zar\u00f3wno w celu relaksu, piel\u0119gnacji sk\u00f3ry, jak i r\u00f3wnowagi wewn\u0119trznej. Copaiba Oil przenosi staro\u017cytn\u0105 m\u0105dro\u015b\u0107 Amazonii do nowoczesnego, przyst\u0119pnego formatu, oferuj\u0105c delikatny, ale pot\u0119\u017cny spos\u00f3b na ponowne po\u0142\u0105czenie si\u0119 z natur\u0105 i popraw\u0119 zdrowia z ka\u017cd\u0105 kropl\u0105.<\/p>\n<h2>Historia oleju Copaiba<\/h2>\n<p>Dziedzictwo olejku Copaiba jest g\u0142\u0119boko zwi\u0105zane z tradycjami rdzennych mieszka\u0144c\u00f3w Amazonii, kt\u00f3rzy od wiek\u00f3w wykorzystywali \u017cywic\u0119 drzewa Copaiba. Ceniony za swoje w\u0142a\u015bciwo\u015bci zdrowotne, olej by\u0142 stosowany miejscowo lub spo\u017cywany w celu poprawy samopoczucia, cz\u0119sto w rytua\u0142ach promuj\u0105cych harmoni\u0119 fizyczn\u0105 i duchow\u0105. Naturalne zwi\u0105zki \u017cywicy by\u0142y cenione za ich rol\u0119 w utrzymaniu r\u00f3wnowagi, co by\u0142o praktyk\u0105 przekazywan\u0105 z pokolenia na pokolenie. Nowoczesna produkcja oleju Copaiba opiera si\u0119 na tym dziedzictwie, wykorzystuj\u0105c zr\u00f3wnowa\u017cone metody ekstrakcji, aby zachowa\u0107 moc \u017cywicy przy jednoczesnym poszanowaniu \u015brodowiska. Nalewka ta odzwierciedla rosn\u0105ce globalne zainteresowanie naturalnymi suplementami na bazie ro\u015blin, kt\u00f3re czerpi\u0105 ze staro\u017cytnej wiedzy. Wzrost popularno\u015bci Copaiba Oil jest zgodny z kulturow\u0105 zmian\u0105 w kierunku holistycznego wellness, przemawiaj\u0105c do os\u00f3b poszukuj\u0105cych niesyntetycznych rozwi\u0105za\u0144 dla zdrowia i r\u00f3wnowagi. Dzi\u0119ki skoncentrowaniu aktywnych sk\u0142adnik\u00f3w \u017cywicy, produkt ten honoruje jej historyczne zastosowanie, oferuj\u0105c jednocze\u015bnie wygodn\u0105, nowoczesn\u0105 aplikacj\u0119. Copaiba Oil wype\u0142nia luk\u0119 mi\u0119dzy amazo\u0144skimi tradycjami a wsp\u00f3\u0142czesnym stylem \u017cycia, zapewniaj\u0105c spos\u00f3b na wykorzystanie leczniczego dziedzictwa las\u00f3w deszczowych, dzi\u0119ki czemu jest cenionym wyborem dla os\u00f3b d\u0105\u017c\u0105cych do naturalnej witalno\u015bci i g\u0142\u0119bszego po\u0142\u0105czenia z ziemi\u0105.<\/p>\n<h2>Jak stosowa\u0107 olej Copaiba<\/h2>\n<p>Stosowanie olejku Copaiba jest proste i mo\u017cna je dostosowa\u0107 do swoich potrzeb zdrowotnych, oferuj\u0105c zar\u00f3wno stosowanie miejscowe, jak i doustne. Nale\u017cy dobrze wstrz\u0105sn\u0105\u0107 butelk\u0105, aby upewni\u0107 si\u0119, \u017ce zawarto\u015b\u0107 jest w pe\u0142ni wymieszana. W przypadku stosowania doustnego, przyjmowa\u0107 1-5 kropli godzin\u0119 po posi\u0142ku, zmieszane z wod\u0105, sokiem lub herbat\u0105 w celu \u0142atwego spo\u017cycia. W przypadku stosowania miejscowego nale\u017cy rozcie\u0144czy\u0107 olejek, mieszaj\u0105c go p\u00f3\u0142 na p\u00f3\u0142 z ro\u015blinnym olejem no\u015bnikowym, a nast\u0119pnie nanie\u015b\u0107 2-4 krople na wybrany obszar, taki jak czakra lub punkty refleksyjne, aby uzyska\u0107 ukierunkowane korzy\u015bci. Zacznij od niskiej dawki (1-2 krople), aby oceni\u0107 swoj\u0105 reakcj\u0119, zwi\u0119kszaj\u0105c j\u0105 w razie potrzeby do 5 kropli dziennie. Stosuj olejek w spokojnym otoczeniu, np. podczas rutynowych czynno\u015bci piel\u0119gnacyjnych lub medytacji, aby wzmocni\u0107 jego r\u00f3wnowa\u017c\u0105ce dzia\u0142anie. Korzy\u015bci p\u0142yn\u0105ce ze stosowania olejku, zar\u00f3wno dla zdrowia sk\u00f3ry, jak i wewn\u0119trznego samopoczucia, ujawniaj\u0105 si\u0119 zazwyczaj w ci\u0105gu 30-60 minut. Nie przekraczaj zalecanej dawki i przechowuj butelk\u0119 w ch\u0142odnym, ciemnym miejscu, aby zachowa\u0107 moc. Ta wszechstronna metoda sprawia, \u017ce olejek Copaiba jest \u0142atwy w u\u017cyciu, wspieraj\u0105c fizyczn\u0105 i emocjonaln\u0105 harmoni\u0119 przy minimalnym wysi\u0142ku, jednocze\u015bnie honoruj\u0105c jego tradycyjne amazo\u0144skie korzenie, zapewniaj\u0105c holistyczne, wzbogacaj\u0105ce do\u015bwiadczenie.<\/p>\n<h2>Sk\u0142adniki olejku Copaiba<\/h2>\n<p>Copaiba Oil zawiera pojedynczy, silny sk\u0142adnik: Olej Copaifera Langsdorffii, pozyskiwany z \u017cywicy amazo\u0144skiego drzewa Copaiba. Ten czysty, pozyskiwany w spos\u00f3b zr\u00f3wnowa\u017cony olej jest bogaty w aktywne zwi\u0105zki uwa\u017cane za wspieraj\u0105ce dobre samopoczucie, oferuj\u0105c naturalny suplement wolny od syntetycznych dodatk\u00f3w lub konserwant\u00f3w. \u017bywica jest starannie zbierana i przetwarzana w celu zachowania jej mocy, w wyniku czego powstaje bogaty, z\u0142oty olej, kt\u00f3ry zapewnia wyj\u0105tkowe korzy\u015bci drzewa w skoncentrowanej formie. Naturalny sk\u0142ad olejku sprawia, \u017ce nadaje si\u0119 on zar\u00f3wno do stosowania miejscowego, jak i doustnego, promuj\u0105c r\u00f3wnowag\u0119 fizyczn\u0105 i emocjonaln\u0105. Jego prostota zapewnia wysokiej jako\u015bci, autentyczny produkt, kt\u00f3ry jest zgodny z tradycyjnymi praktykami amazo\u0144skimi, spe\u0142niaj\u0105c jednocze\u015bnie nowoczesne standardy wellness. Ka\u017cda partia jest wytwarzana w celu zachowania integralno\u015bci oleju, zapewniaj\u0105c niezawodny dodatek do codziennych czynno\u015bci. Przechowywa\u0107 w ch\u0142odnym, ciemnym miejscu, aby zachowa\u0107 jego skuteczno\u015b\u0107. Wyj\u0105tkowa koncentracja na oleju Copaiba wyr\u00f3\u017cnia Copaiba Oil jako czysty, wszechstronny suplement, idealny dla os\u00f3b poszukuj\u0105cych naturalnego sposobu na popraw\u0119 samopoczucia. Ta minimalistyczna formu\u0142a uciele\u015bnia uzdrawiaj\u0105ce dziedzictwo Amazonii, oferuj\u0105c bezpo\u015brednie po\u0142\u0105czenie z m\u0105dro\u015bci\u0105 natury z ka\u017cd\u0105 kropl\u0105, wspieraj\u0105c witalno\u015b\u0107 i harmoni\u0119.<\/p>\n<p><strong>Ostrze\u017cenie<\/strong><br \/>\nPrzechowywa\u0107 w miejscu niedost\u0119pnym dla dzieci. Nie stosowa\u0107 w przypadku wysokiego lub niskiego ci\u015bnienia krwi, chor\u00f3b serca lub p\u0142uc, cukrzycy, ci\u0105\u017cy, stosowania lek\u00f3w, narkotyk\u00f3w lub alkoholu. Przechowywa\u0107 w ch\u0142odnym, ciemnym miejscu.<\/p>","protected":false},"excerpt":{"rendered":"<p dir=\"auto\">Copaiba Oil, 10 ml ekstraktu zio\u0142owego z amazo\u0144skiego drzewa Copaiba, wspomaga dobre samopoczucie dzi\u0119ki czystej \u017cywicy pozyskiwanej w spos\u00f3b zr\u00f3wnowa\u017cony. Ten wszechstronny olejek promuje r\u00f3wnowag\u0119 i harmoni\u0119, idealny do stosowania miejscowego lub doustnego w codziennej rutynie.<\/p>","protected":false},"featured_media":115872,"template":"","meta":[],"product_brand":[],"product_cat":[621,297,620],"product_tag":[],"class_list":{"0":"post-115870","1":"product","2":"type-product","3":"status-publish","4":"has-post-thumbnail","6":"product_cat-tinctures","7":"product_cat-all-products","8":"product_cat-shamanita","10":"first","11":"instock","12":"taxable","13":"shipping-taxable","14":"purchasable","15":"product-type-variable","16":"has-default-attributes"},"_links":{"self":[{"href":"https:\/\/www.tatanka.nl\/pl\/wp-json\/wp\/v2\/product\/115870","targetHints":{"allow":["GET"]}}],"collection":[{"href":"https:\/\/www.tatanka.nl\/pl\/wp-json\/wp\/v2\/product"}],"about":[{"href":"https:\/\/www.tatanka.nl\/pl\/wp-json\/wp\/v2\/types\/product"}],"wp:featuredmedia":[{"embeddable":true,"href":"https:\/\/www.tatanka.nl\/pl\/wp-json\/wp\/v2\/media\/115872"}],"wp:attachment":[{"href":"https:\/\/www.tatanka.nl\/pl\/wp-json\/wp\/v2\/media?parent=115870"}],"wp:term":[{"taxonomy":"product_brand","embeddable":true,"href":"https:\/\/www.tatanka.nl\/pl\/wp-json\/wp\/v2\/product_brand?post=115870"},{"taxonomy":"product_cat","embeddable":true,"href":"https:\/\/www.tatanka.nl\/pl\/wp-json\/wp\/v2\/product_cat?post=115870"},{"taxonomy":"product_tag","embeddable":true,"href":"https:\/\/www.tatanka.nl\/pl\/wp-json\/wp\/v2\/product_tag?post=115870"}],"curies":[{"name":"wp","href":"https:\/\/api.w.org\/{rel}","templated":true}]}}