{"id":115886,"date":"2023-08-21T14:19:44","date_gmt":"2023-08-21T12:19:44","guid":{"rendered":"https:\/\/www.tatanka.nl\/?post_type=product&#038;p=115886"},"modified":"2025-07-08T08:51:35","modified_gmt":"2025-07-08T07:51:35","slug":"mulungu","status":"publish","type":"product","link":"https:\/\/www.tatanka.nl\/pl\/mulungu\/","title":{"rendered":"Mulungu"},"content":{"rendered":"<h2>Co to jest Mulungu Tincture?<\/h2>\n<p>Mulungu Tincture to silny 10 ml ekstrakt zio\u0142owy pochodz\u0105cy z drzewa Erythrina mulungu, pochodz\u0105cego z tropik\u00f3w Ameryki Po\u0142udniowej. Stworzona z my\u015bl\u0105 o zapewnieniu s\u0142ynnych w\u0142a\u015bciwo\u015bci uspokajaj\u0105cych drzewa, ta nalewka jest naturalnym suplementem przeznaczonym do promowania relaksu i spokojnego snu. Stosuj\u0105c ekstrakt w proporcji 12,5:1 i alkohol 20%, Mulungu Tincture koncentruje aktywne zwi\u0105zki z kory i \u0142yka drzewa, zapewniaj\u0105c wysok\u0105 moc bez syntetycznych dodatk\u00f3w. Idealny dla os\u00f3b doros\u0142ych poszukuj\u0105cych spokojnego dodatku do rutyny odnowy biologicznej, mo\u017cna go \u0142atwo zmiesza\u0107 z wod\u0105, herbat\u0105 lub innymi napojami. Mulungu Tincture oferuje \u0142agodny spos\u00f3b na relaks, wspieraj\u0105c poczucie harmonii i po\u0142\u0105czenia z natur\u0105. Jej p\u0142ynna forma pozwala na elastyczne dawkowanie, zaspokajaj\u0105c indywidualne potrzeby w zakresie spokoju lub wsparcia snu. Idealna do wieczornych rytua\u0142\u00f3w, nalewka ta pomaga u\u017cytkownikom osi\u0105gn\u0105\u0107 spok\u00f3j w zabieganym \u015bwiecie. Zawsze dobrze wstrz\u0105saj i post\u0119puj zgodnie z wytycznymi dotycz\u0105cymi dawkowania, aby do\u015bwiadczy\u0107 koj\u0105cych korzy\u015bci p\u0142yn\u0105cych z Mulungu Tincture, kt\u00f3ra przenosi staro\u017cytn\u0105 m\u0105dro\u015b\u0107 rdzennych spo\u0142eczno\u015bci do nowoczesnego, przyst\u0119pnego formatu dla codziennego relaksu i dobrego samopoczucia.<\/p>\n<h2>Historia nalewki Mulungu<\/h2>\n<p>Pocz\u0105tki Mulungu Tincture si\u0119gaj\u0105 tradycyjnych praktyk rdzennych spo\u0142eczno\u015bci Ameryki Po\u0142udniowej, kt\u00f3re od wiek\u00f3w czcz\u0105 drzewo Erythrina mulungu. Znana ze swojego uspokajaj\u0105cego dzia\u0142ania, kora drzewa by\u0142a wykorzystywana w zio\u0142owych lekach \u0142agodz\u0105cych stres i promuj\u0105cych sen, integralnie zwi\u0105zanych z duchowymi i leczniczymi rytua\u0142ami. Nowoczesna formu\u0142a Mulungu Tincture opiera si\u0119 na tym dziedzictwie, dostosowuj\u0105c staro\u017cytn\u0105 wiedz\u0119 do wsp\u00f3\u0142czesnych potrzeb wellness. Dzi\u0119ki ekstrakcji aktywnych zwi\u0105zk\u00f3w drzewa do skoncentrowanego p\u0142ynu, produkt ten zachowuje moc cenion\u0105 przez pierwszych u\u017cytkownik\u00f3w, oferuj\u0105c jednocze\u015bnie wygodn\u0105 metod\u0119 dostarczania. Odrodzenie zainteresowania naturalnymi suplementami zwr\u00f3ci\u0142o uwag\u0119 na mulungu ze wzgl\u0119du na jego niesyntetyczne podej\u015bcie do relaksu. Mulungu Tincture odzwierciedla po\u0142\u0105czenie dziedzictwa kulturowego i nowoczesnego rzemios\u0142a, zapewniaj\u0105c czysto\u015b\u0107 i skuteczno\u015b\u0107. Jej rosn\u0105ca popularno\u015b\u0107 podkre\u015bla zwrot w kierunku ro\u015blinnych rozwi\u0105za\u0144 dla dobrego samopoczucia psychicznego i fizycznego, przemawiaj\u0105c do os\u00f3b poszukuj\u0105cych naturalnych alternatyw dla \u015brodk\u00f3w farmaceutycznych. Nalewka ta honoruje historyczne znaczenie drzewa, zapewniaj\u0105c jednocze\u015bnie praktyczny spos\u00f3b na w\u0142\u0105czenie jego koj\u0105cych w\u0142a\u015bciwo\u015bci do codziennego \u017cycia, wype\u0142niaj\u0105c luk\u0119 mi\u0119dzy m\u0105dro\u015bci\u0105 przodk\u00f3w a dzisiejszymi \u015bwiadomymi zdrowia konsumentami poszukuj\u0105cymi spokoju i r\u00f3wnowagi.<\/p>\n<h2>Jak stosowa\u0107 nalewk\u0119 Mulungu<\/h2>\n<p>Korzystanie z Mulungu Tincture jest proste i p\u0142ynnie integruje si\u0119 z codzienn\u0105 rutyn\u0105 w celu relaksu lub wsparcia snu. Dobrze wstrz\u0105\u015bnij butelk\u0105, aby upewni\u0107 si\u0119, \u017ce zawarto\u015b\u0107 jest w pe\u0142ni rozpuszczona. Przyjmowa\u0107 nalewk\u0119 godzin\u0119 po wieczornym posi\u0142ku, aby uzyska\u0107 optymalny efekt. Aby uzyska\u0107 uspokajaj\u0105ce uczucie, umie\u015b\u0107 1-2 krople pod j\u0119zykiem. W celu zwi\u0119kszenia wsparcia dla spokojnego snu, u\u017cyj 3-5 kropli pod j\u0119zykiem. Alternatywnie, mo\u017cesz doda\u0107 krople do wody, herbaty lub ulubionego napoju, aby uzyska\u0107 koj\u0105ce doznania. Zacznij od niskiej dawki (1-2 krople dziennie), aby oceni\u0107 swoj\u0105 reakcj\u0119, zwi\u0119kszaj\u0105c j\u0105 do wy\u017cszej dawki (3-5 kropli dziennie) w razie potrzeby. Nie przekraczaj zalecanej dawki, aby zapewni\u0107 bezpiecze\u0144stwo. Podawaj w spokojnym otoczeniu, na przyk\u0142ad podczas wieczornego odpoczynku, aby zmaksymalizowa\u0107 dzia\u0142anie uspokajaj\u0105ce. Efekty dzia\u0142ania nalewki mog\u0105 si\u0119 r\u00f3\u017cni\u0107, ale zazwyczaj sprzyjaj\u0105 relaksacji w ci\u0105gu 30-60 minut. Przechowuj butelk\u0119 w ch\u0142odnym, ciemnym miejscu, aby zachowa\u0107 moc. Ta \u0142atwa metoda pozwala u\u017cytkownikom dostosowa\u0107 swoje do\u015bwiadczenie, dzi\u0119ki czemu Mulungu Tincture jest wszechstronnym dodatkiem do rutynowych zabieg\u00f3w odnowy biologicznej, wspieraj\u0105c spok\u00f3j i odpoczynek przy minimalnym wysi\u0142ku, jednocze\u015bnie honoruj\u0105c jego naturalne, sprawdzone w\u0142a\u015bciwo\u015bci.<\/p>\n<h2>Sk\u0142adniki nalewki Mulungu<\/h2>\n<p>Mulungu Tincture sk\u0142ada si\u0119 z dw\u00f3ch podstawowych sk\u0142adnik\u00f3w: ekstraktu 12,5:1 z Erythrina mulungu i alkoholu 20%. Ekstrakt z Erythrina mulungu, pochodz\u0105cy z kory i \u0142yka po\u0142udniowoameryka\u0144skiego drzewa mulungu, jest skoncentrowany w celu wychwycenia jego aktywnych zwi\u0105zk\u00f3w, znanych ze swoich w\u0142a\u015bciwo\u015bci uspokajaj\u0105cych i wspomagaj\u0105cych sen. Ten silny ekstrakt jest starannie przetwarzany, aby zapewni\u0107 maksymaln\u0105 skuteczno\u015b\u0107, dostarczaj\u0105c naturalne korzy\u015bci drzewa w kompaktowej formie. Alkohol 20% s\u0142u\u017cy jako rozpuszczalnik, zachowuj\u0105c moc ekstraktu i umo\u017cliwiaj\u0105c skuteczne wch\u0142anianie po przyj\u0119ciu doustnym lub zmieszaniu z napojami. Wolna od syntetycznych lub sztucznych dodatk\u00f3w, Mulungu Tincture oferuje czysty, ro\u015blinny suplement, kt\u00f3ry jest zgodny z naturaln\u0105 filozofi\u0105 wellness. Zawarto\u015b\u0107 alkoholu zapewnia r\u00f3wnie\u017c d\u0142ugi okres trwa\u0142o\u015bci, utrzymuj\u0105c jako\u015b\u0107 nalewki przez d\u0142ugi czas. Ka\u017cdy sk\u0142adnik zosta\u0142 wybrany ze wzgl\u0119du na jego rol\u0119 w tworzeniu niezawodnego, skutecznego produktu, kt\u00f3ry wspomaga relaks i odpoczynek. Przechowywa\u0107 w ch\u0142odnym, ciemnym miejscu, aby zachowa\u0107 jego integralno\u015b\u0107. Ten minimalistyczny, ale pot\u0119\u017cny sk\u0142ad sprawia, \u017ce Mulungu Tincture jest wyj\u0105tkowym wyborem dla os\u00f3b poszukuj\u0105cych naturalnego sposobu na relaks i ponowne po\u0142\u0105czenie si\u0119 z uspokajaj\u0105cym u\u015bciskiem natury.<\/p>\n<p><strong>Ostrze\u017cenie<\/strong><br \/>\nPrzechowywa\u0107 w miejscu niedost\u0119pnym dla dzieci. Nie stosowa\u0107 w przypadku wysokiego lub niskiego ci\u015bnienia krwi, chor\u00f3b serca lub p\u0142uc, cukrzycy, ci\u0105\u017cy, stosowania lek\u00f3w, narkotyk\u00f3w lub alkoholu. Przechowywa\u0107 w ch\u0142odnym, ciemnym miejscu. Stosowa\u0107 oszcz\u0119dnie w przypadku niskiego ci\u015bnienia krwi lub przyjmowania lek\u00f3w obni\u017caj\u0105cych ci\u015bnienie krwi.<\/p>","protected":false},"excerpt":{"rendered":"<p dir=\"auto\">Mulungu Tincture, 10 ml ekstraktu zio\u0142owego z drzewa Erythrina mulungu, zapewnia naturalny relaks i spok\u00f3j. Ta skoncentrowana nalewka na bazie alkoholu promuje spok\u00f3j i spokojny sen, \u0142atwo dodaj\u0105c j\u0105 do napoj\u00f3w w celu uzyskania koj\u0105cego codziennego rytua\u0142u.<\/p>","protected":false},"featured_media":115888,"template":"","meta":[],"product_brand":[],"product_cat":[621,297,620],"product_tag":[],"class_list":{"0":"post-115886","1":"product","2":"type-product","3":"status-publish","4":"has-post-thumbnail","6":"product_cat-tinctures","7":"product_cat-all-products","8":"product_cat-shamanita","10":"first","11":"instock","12":"taxable","13":"shipping-taxable","14":"purchasable","15":"product-type-variable","16":"has-default-attributes"},"_links":{"self":[{"href":"https:\/\/www.tatanka.nl\/pl\/wp-json\/wp\/v2\/product\/115886","targetHints":{"allow":["GET"]}}],"collection":[{"href":"https:\/\/www.tatanka.nl\/pl\/wp-json\/wp\/v2\/product"}],"about":[{"href":"https:\/\/www.tatanka.nl\/pl\/wp-json\/wp\/v2\/types\/product"}],"wp:featuredmedia":[{"embeddable":true,"href":"https:\/\/www.tatanka.nl\/pl\/wp-json\/wp\/v2\/media\/115888"}],"wp:attachment":[{"href":"https:\/\/www.tatanka.nl\/pl\/wp-json\/wp\/v2\/media?parent=115886"}],"wp:term":[{"taxonomy":"product_brand","embeddable":true,"href":"https:\/\/www.tatanka.nl\/pl\/wp-json\/wp\/v2\/product_brand?post=115886"},{"taxonomy":"product_cat","embeddable":true,"href":"https:\/\/www.tatanka.nl\/pl\/wp-json\/wp\/v2\/product_cat?post=115886"},{"taxonomy":"product_tag","embeddable":true,"href":"https:\/\/www.tatanka.nl\/pl\/wp-json\/wp\/v2\/product_tag?post=115886"}],"curies":[{"name":"wp","href":"https:\/\/api.w.org\/{rel}","templated":true}]}}