{"id":11626,"date":"2018-02-17T16:55:18","date_gmt":"2018-02-17T16:55:18","guid":{"rendered":"http:\/\/www.tatanka.nl\/?post_type=product&#038;p=11626"},"modified":"2025-07-29T12:32:40","modified_gmt":"2025-07-29T11:32:40","slug":"cocaine-cuts-ez-test-one-pack","status":"publish","type":"product","link":"https:\/\/www.tatanka.nl\/pl\/cocaine-cuts-ez-test-one-pack\/","title":{"rendered":"Cocaine Cuts Ez-Test - jedno opakowanie"},"content":{"rendered":"<h2 dir=\"ltr\" data-pm-slice=\"1 1 []\">Co to jest zestaw do testowania kokainy EZ-Test?<\/h2>\n<p dir=\"ltr\">Zestaw testowy EZ-Test Cocaine Cuts to szybkie, przyjazne dla u\u017cytkownika rozwi\u0105zanie testowe przeznaczone do identyfikacji niebezpiecznych \u015brodk\u00f3w tn\u0105cych, takich jak lewamizol, fenacetyna i efedryna, w pr\u00f3bkach. Ka\u017cde opakowanie zawiera 1 test jednorazowego u\u017cytku, wykorzystuj\u0105cy odczynnik chemiczny zaabsorbowany w krzemionce w szklanej ampu\u0142ce, kt\u00f3ry powoduje zmian\u0119 koloru po dodaniu pr\u00f3bki. Zestaw testowy EZ-Test Cocaine Cuts zawiera kolorow\u0105 tabel\u0119 do por\u00f3wnywania wynik\u00f3w, oferuj\u0105c szybkie wskazanie potencjalnych zanieczyszcze\u0144. Idealny do redukcji szk\u00f3d, pomaga u\u017cytkownikom unika\u0107 szkodliwych substancji, kt\u00f3re mog\u0105 powodowa\u0107 powa\u017cne skutki uboczne, takie jak nudno\u015bci lub gorsze. Prosty czteroetapowy proces zestawu zapewnia dost\u0119pno\u015b\u0107 dla wszystkich u\u017cytkownik\u00f3w, a wyniki s\u0105 widoczne w ci\u0105gu kilku sekund. Chocia\u017c nie ocenia on czysto\u015bci pr\u00f3bki, zestaw do testowania kokainy EZ-Test jest jedynym testem potwierdzaj\u0105cym na obecno\u015b\u0107 lewamizolu i fenacetyny na rynku. Jego przeno\u015bna konstrukcja i jasne instrukcje sprawiaj\u0105, \u017ce jest to niezawodny wyb\u00f3r dla tych, kt\u00f3rzy priorytetowo traktuj\u0105 bezpiecze\u0144stwo, zapewniaj\u0105c praktyczny spos\u00f3b przesiewania pr\u00f3bek i promowania \u015bwiadomego podejmowania decyzji w kompaktowym, skutecznym formacie.<\/p>\n<h2 dir=\"ltr\">Historia zestawu do testowania \u015bcink\u00f3w kokainy EZ-Test<\/h2>\n<p dir=\"ltr\">Zestaw do testowania kokainy EZ-Test Cocaine Cuts zosta\u0142 opracowany w po\u0142owie 2000 roku, nap\u0119dzany rosn\u0105cymi obawami dotycz\u0105cymi szkodliwych \u015brodk\u00f3w tn\u0105cych w substancjach rekreacyjnych. Poniewa\u017c substancje fa\u0142szuj\u0105ce, takie jak lewamizol i fenacetyna, sta\u0142y si\u0119 bardziej powszechne, EZ-Test, marka zajmuj\u0105ca si\u0119 narz\u0119dziami do redukcji szk\u00f3d, wprowadzi\u0142a ten zestaw, aby umo\u017cliwi\u0107 u\u017cytkownikom sprawdzanie niebezpiecznych substancji. Zestaw EZ-Test Cocaine Cuts Testing Kit zosta\u0142 zaprojektowany do wykrywania lewamizolu, fenacetyny i efedryny przy u\u017cyciu odczynnika chemicznego, kt\u00f3ry powoduje zmian\u0119 koloru, co jest znacz\u0105cym post\u0119pem w testach domowych. Jego rozw\u00f3j koncentrowa\u0142 si\u0119 na prostocie i niezawodno\u015bci, dzi\u0119ki czemu by\u0142 dost\u0119pny dla nieprofesjonalist\u00f3w. Z biegiem czasu EZ-Test udoskonali\u0142 stabilno\u015b\u0107 odczynnika zestawu i zawiera\u0142 szczeg\u00f3\u0142ow\u0105 tabel\u0119 kolor\u00f3w, zwi\u0119kszaj\u0105c dok\u0142adno\u015b\u0107 i pewno\u015b\u0107 u\u017cytkownika. Wzrost popularno\u015bci zestawu odzwierciedla rosn\u0105cy nacisk na bezpiecze\u0144stwo i \u015bwiadomo\u015b\u0107 w zakresie u\u017cywania substancji. Obecnie zestaw do testowania kokainy EZ-Test pozostaje zaufanym narz\u0119dziem, oferuj\u0105cym szybki i skuteczny spos\u00f3b identyfikacji szkodliwych \u015brodk\u00f3w do ci\u0119cia. Jego historia podkre\u015bla zaanga\u017cowanie w redukcj\u0119 szk\u00f3d, zapewniaj\u0105c u\u017cytkownikom praktyczne, nieinwazyjne rozwi\u0105zanie do wst\u0119pnego testowania substancji w przeno\u015bnym, przyjaznym dla u\u017cytkownika formacie, kt\u00f3ry priorytetowo traktuje bezpiecze\u0144stwo i \u015bwiadome wybory.<\/p>\n<h2 dir=\"ltr\">Jak korzysta\u0107 z zestawu do badania kokainy EZ-Test?<\/h2>\n<p dir=\"ltr\">Korzystanie z zestawu do testowania kokainy EZ-Test jest szybkie i proste, przeznaczone do bezpiecznego, domowego testowania substancji. Zacznij od otwarcia szklanej ampu\u0142ki zawieraj\u0105cej odczynnik chemiczny. Dodaj niewielk\u0105 ilo\u015b\u0107 pr\u00f3bki do ampu\u0142ki, zabezpiecz plastikow\u0105 pokrywk\u0119 i dobrze wstrz\u0105\u015bnij, aby wymiesza\u0107. Obserwuj zmian\u0119 koloru i por\u00f3wnaj j\u0105 z do\u0142\u0105czon\u0105 tabel\u0105 kolor\u00f3w, aby zidentyfikowa\u0107 potencjalne \u015brodki tn\u0105ce, takie jak lewamizol, fenacetyna lub efedryna. Proces trwa kilka sekund, dzi\u0119ki czemu zestaw do testowania kokainy EZ-Test jest dost\u0119pny dla wszystkich u\u017cytkownik\u00f3w. Po zako\u0144czeniu testu nale\u017cy bezpiecznie pozby\u0107 si\u0119 ampu\u0142ki i pr\u00f3bki, aby unikn\u0105\u0107 zanieczyszczenia. Nieu\u017cywane zestawy nale\u017cy przechowywa\u0107 w suchym miejscu, aby zachowa\u0107 integralno\u015b\u0107 odczynnika. Aby uzyska\u0107 najlepsze wyniki, u\u017cyj tylko niewielkiej pr\u00f3bki, aby zapewni\u0107 wyra\u017an\u0105 reakcj\u0119. Zestaw do testowania kokainy EZ-Test jest wst\u0119pnym narz\u0119dziem przesiewowym, a nie substytutem test\u00f3w laboratoryjnych, dlatego wyniki nale\u017cy interpretowa\u0107 ostro\u017cnie. Jego prosty czteroetapowy proces - otw\u00f3rz, dodaj pr\u00f3bk\u0119, wstrz\u0105\u015bnij i por\u00f3wnaj - sprawia, \u017ce jest to praktyczny wyb\u00f3r dla u\u017cytkownik\u00f3w chc\u0105cych zweryfikowa\u0107 substancje, oferuj\u0105c spok\u00f3j ducha dzi\u0119ki szybkiej, niezawodnej metodzie wykrywania szkodliwych substancji zafa\u0142szowuj\u0105cych w pr\u00f3bkach.<\/p>\n<p dir=\"ltr\"><img loading=\"lazy\" decoding=\"async\" class=\"alignnone size-full wp-image-14594\" src=\"https:\/\/www.tatanka.nl\/wp-content\/uploads\/2018\/02\/Instructions-Drugtests.jpg\" alt=\"- Tatanka.nl\" width=\"710\" height=\"198\" title=\"- Tatanka.nl\" srcset=\"https:\/\/www.tatanka.nl\/wp-content\/uploads\/2018\/02\/Instructions-Drugtests.jpg 710w, https:\/\/www.tatanka.nl\/wp-content\/uploads\/2018\/02\/Instructions-Drugtests-420x117.jpg 420w, https:\/\/www.tatanka.nl\/wp-content\/uploads\/2018\/02\/Instructions-Drugtests-64x18.jpg 64w, https:\/\/www.tatanka.nl\/wp-content\/uploads\/2018\/02\/Instructions-Drugtests-600x167.jpg 600w\" sizes=\"auto, (max-width: 710px) 100vw, 710px\" \/><\/p>\n<h2 dir=\"ltr\">Sk\u0142adniki zestawu do testowania ci\u0119cia kokainy EZ-Test<\/h2>\n<p dir=\"ltr\">Zestaw do badania kokainy EZ-Test zawiera odczynnik chemiczny zaabsorbowany w krzemionce, umieszczony w szklanej ampu\u0142ce, przeznaczony do wykrywania \u015brodk\u00f3w tn\u0105cych, takich jak lewamizol, fenacetyna i efedryna. Odczynnik, o z\u0142oto-\u017c\u00f3\u0142tym kolorze bazowym, reaguje z pr\u00f3bkami, powoduj\u0105c zmian\u0119 koloru, wskazuj\u0105c na obecno\u015b\u0107 okre\u015blonych substancji fa\u0142szuj\u0105cych. Silika\u017cel s\u0142u\u017cy jako stabilne pod\u0142o\u017ce, zapewniaj\u0105c sta\u0142\u0105 wydajno\u015b\u0107 w 10 testach jednorazowego u\u017cytku. Zestaw zawiera plastikow\u0105 pokrywk\u0119 zapewniaj\u0105c\u0105 bezpieczn\u0105 obs\u0142ug\u0119 oraz tabel\u0119 kolor\u00f3w do por\u00f3wnywania wynik\u00f3w. Szklana ampu\u0142ka zosta\u0142a zaprojektowana do jednorazowego u\u017cytku, aby zapobiec zanieczyszczeniu i utrzyma\u0107 moc odczynnika. Nie zawiera \u017cadnych dodatkowych chemikali\u00f3w ani szkodliwych dodatk\u00f3w, dzi\u0119ki czemu zestaw do testowania kokainy EZ-Test jest bezpieczny zgodnie z przeznaczeniem, gdy jest u\u017cywany zgodnie z zaleceniami. Opakowanie wykonane z trwa\u0142ych materia\u0142\u00f3w chroni ampu\u0142ki podczas przechowywania. Sk\u0142adniki zestawu zosta\u0142y opracowane tak, aby zapewni\u0107 wiarygodne, wst\u0119pne wyniki bez konieczno\u015bci stosowania specjalistycznego sprz\u0119tu. Skuteczna konstrukcja zestawu do testowania kokainy EZ-Test sprawia, \u017ce jest on zaufanym narz\u0119dziem dla u\u017cytkownik\u00f3w poszukuj\u0105cych substancji do bada\u0144 przesiewowych, oferuj\u0105c przejrzyst\u0105, opart\u0105 na chemikaliach metod\u0119 wst\u0119pnej identyfikacji w kompaktowym, przyjaznym dla u\u017cytkownika formacie w celu redukcji szk\u00f3d.<\/p>\n<p dir=\"ltr\"><strong>Ostrze\u017cenie<\/strong><br \/>\nPo zako\u0144czeniu testu ampu\u0142k\u0119 i pr\u00f3bk\u0119 nale\u017cy bezpiecznie zutylizowa\u0107. Zestaw do testowania kokainy EZ-Test jest przewodnikiem do analizy substancji i nie zast\u0119puje test\u00f3w laboratoryjnych. Nale\u017cy unika\u0107 bezpo\u015bredniego kontaktu z odczynnikiem i przechowywa\u0107 go w miejscu niedost\u0119pnym dla dzieci. Nie jest przeznaczony do sprzeda\u017cy nieletnim.<\/p>","protected":false},"excerpt":{"rendered":"<p><span style=\"color: #000000;\">Zafa\u0142szowania w narkotykach mog\u0105 mie\u0107 powa\u017cne skutki uboczne, takie jak nudno\u015bci, niepok\u00f3j, bezsenno\u015b\u0107, a w najgorszym przypadku nawet \u015bmier\u0107. Cocaine Cuts EZ-Test mo\u017ce stwierdzi\u0107, czy pr\u00f3bka zawiera lewamizol, efedryn\u0119, fenacetyn\u0119 lub inne szkodliwe substancje. B\u0105d\u017a bezpieczny i przetestuj sw\u00f3j produkt! Zawiera pojedynczy test.<br \/>\n<\/span><\/p>","protected":false},"featured_media":13376,"template":"","meta":[],"product_brand":[],"product_cat":[543,297,488,476],"product_tag":[],"class_list":{"0":"post-11626","1":"product","2":"type-product","3":"status-publish","4":"has-post-thumbnail","6":"product_cat-drugtests","7":"product_cat-all-products","8":"product_cat-headshop","9":"product_cat-smartshop","10":"product_shipping_class-creditcard-on","12":"first","13":"instock","14":"taxable","15":"shipping-taxable","16":"purchasable","17":"product-type-variable","18":"has-default-attributes"},"_links":{"self":[{"href":"https:\/\/www.tatanka.nl\/pl\/wp-json\/wp\/v2\/product\/11626","targetHints":{"allow":["GET"]}}],"collection":[{"href":"https:\/\/www.tatanka.nl\/pl\/wp-json\/wp\/v2\/product"}],"about":[{"href":"https:\/\/www.tatanka.nl\/pl\/wp-json\/wp\/v2\/types\/product"}],"wp:featuredmedia":[{"embeddable":true,"href":"https:\/\/www.tatanka.nl\/pl\/wp-json\/wp\/v2\/media\/13376"}],"wp:attachment":[{"href":"https:\/\/www.tatanka.nl\/pl\/wp-json\/wp\/v2\/media?parent=11626"}],"wp:term":[{"taxonomy":"product_brand","embeddable":true,"href":"https:\/\/www.tatanka.nl\/pl\/wp-json\/wp\/v2\/product_brand?post=11626"},{"taxonomy":"product_cat","embeddable":true,"href":"https:\/\/www.tatanka.nl\/pl\/wp-json\/wp\/v2\/product_cat?post=11626"},{"taxonomy":"product_tag","embeddable":true,"href":"https:\/\/www.tatanka.nl\/pl\/wp-json\/wp\/v2\/product_tag?post=11626"}],"curies":[{"name":"wp","href":"https:\/\/api.w.org\/{rel}","templated":true}]}}