{"id":11778,"date":"2018-02-19T17:09:57","date_gmt":"2018-02-19T17:09:57","guid":{"rendered":"http:\/\/www.tatanka.nl\/?post_type=product&#038;p=11778"},"modified":"2025-07-29T11:03:35","modified_gmt":"2025-07-29T10:03:35","slug":"on-balance-ls-100-scale","status":"publish","type":"product","link":"https:\/\/www.tatanka.nl\/pl\/on-balance-ls-100-scale\/","title":{"rendered":"On Balance, waga LS-100"},"content":{"rendered":"<h2 dir=\"ltr\" data-pm-slice=\"1 1 []\">Co to jest On Balance LS-100?<\/h2>\n<p dir=\"ltr\">On Balance LS-100 to lekka, kieszonkowa waga cyfrowa zaprojektowana z my\u015bl\u0105 o precyzji i wygodzie. Eleganckie czarne wyko\u0144czenie i kompaktowa konstrukcja o wymiarach 97 x 58 x 18 mm u\u0142atwiaj\u0105 przenoszenie, a platforma wa\u017c\u0105ca o wymiarach 59 x 52 mm zapewnia wszechstronno\u015b\u0107 w przypadku ma\u0142ych przedmiot\u00f3w. Waga wyposa\u017cona jest w jasny, pod\u015bwietlany na niebiesko wy\u015bwietlacz LCD zapewniaj\u0105cy czytelno\u015b\u0107 w ka\u017cdym \u015bwietle, w po\u0142\u0105czeniu z intuicyjnymi przyciskami funkcyjnymi zapewniaj\u0105cymi p\u0142ynn\u0105 obs\u0142ug\u0119. Dzi\u0119ki sze\u015bciu trybom wa\u017cenia - w gramach, uncjach, groszach, uncjach troja\u0144skich, karatach i ziarnach - zaspokaja r\u00f3\u017cnorodne potrzeby, od tworzenia bi\u017cuterii po przygotowanie kulinarne. Model On Balance LS-100 jest wyposa\u017cony w zdejmowan\u0105 pokryw\u0119, kt\u00f3ra s\u0142u\u017cy r\u00f3wnie\u017c jako taca do wa\u017cenia, zapewniaj\u0105c praktyczno\u015b\u0107 i ochron\u0119. Zasilana dwiema bateriami AAA, jest gotowa do u\u017cycia po wyj\u0119ciu z pude\u0142ka. Dok\u0142adno\u015b\u0107 0,01 grama i pojemno\u015b\u0107 100 gram\u00f3w sprawiaj\u0105, \u017ce jest to idealne narz\u0119dzie dla u\u017cytkownik\u00f3w wymagaj\u0105cych dok\u0142adnych pomiar\u00f3w w przeno\u015bnym opakowaniu. Niezale\u017cnie od tego, czy jeste\u015b w domu, czy w podr\u00f3\u017cy, On Balance LS-100 \u0142\u0105czy w sobie styl, trwa\u0142o\u015b\u0107 i funkcjonalno\u015b\u0107, dzi\u0119ki czemu jest najlepszym wyborem do precyzyjnych zada\u0144 wa\u017cenia.<\/p>\n<h2 dir=\"ltr\">Historia On Balance LS-100<\/h2>\n<p dir=\"ltr\">On Balance jest zaufan\u0105 mark\u0105 w dziedzinie wag precyzyjnych od pocz\u0105tku XXI wieku, koncentruj\u0105c si\u0119 na kompaktowych, przyjaznych dla u\u017cytkownika konstrukcjach do codziennego u\u017cytku. Model On Balance LS-100 zosta\u0142 opracowany w celu zaspokojenia zapotrzebowania na przeno\u015bne wagi o wysokiej dok\u0142adno\u015bci, odpowiednie zar\u00f3wno do zastosowa\u0144 osobistych, jak i profesjonalnych. Jej powstanie wynika\u0142o z potrzeby stworzenia lekkiego urz\u0105dzenia, kt\u00f3re nie ust\u0119powa\u0142oby precyzj\u0105, oferuj\u0105c dok\u0142adno\u015b\u0107 0,01 grama przy pojemno\u015bci 100 gram\u00f3w. Zdejmowana pokrywa wagi, kt\u00f3ra mo\u017ce s\u0142u\u017cy\u0107 jako taca do wa\u017cenia, by\u0142a innowacyjn\u0105 odpowiedzi\u0105 na opinie u\u017cytkownik\u00f3w, kt\u00f3rzy domagali si\u0119 wielofunkcyjnych akcesori\u00f3w. Z biegiem lat firma On Balance udoskonali\u0142a projekt LS-100, wprowadzaj\u0105c jasny, pod\u015bwietlany na niebiesko wy\u015bwietlacz LCD w celu zwi\u0119kszenia widoczno\u015bci i u\u017cyteczno\u015bci. Sze\u015b\u0107 tryb\u00f3w wa\u017cenia zosta\u0142o dodanych, aby zaspokoi\u0107 potrzeby r\u00f3\u017cnych bran\u017c, od bi\u017cuterii po pomiary zi\u00f3\u0142. Kompaktowy rozmiar 97x58x18 mm odzwierciedla zaanga\u017cowanie On Balance w przeno\u015bno\u015b\u0107 bez po\u015bwi\u0119cania trwa\u0142o\u015bci. Zbudowany przy udziale hobbyst\u00f3w i profesjonalist\u00f3w dzia\u0142aj\u0105cych na ma\u0142\u0105 skal\u0119, On Balance LS-100 sta\u0142 si\u0119 popularnym wyborem ze wzgl\u0119du na swoj\u0105 niezawodno\u015b\u0107 i eleganck\u0105 estetyk\u0119. Dzi\u015b jest to \u015bwiadectwo zaanga\u017cowania marki w \u0142\u0105czenie zaawansowanej technologii z praktyczn\u0105, zorientowan\u0105 na u\u017cytkownika konstrukcj\u0105, zapewniaj\u0105c\u0105 precyzyjne rozwi\u0105zania wagowe.<\/p>\n<h2 dir=\"ltr\">Jak korzysta\u0107 z On Balance LS-100<\/h2>\n<p dir=\"ltr\">Korzystanie z wagi On Balance LS-100 jest proste i wydajne, dzi\u0119ki czemu jest ona idealna zar\u00f3wno dla pocz\u0105tkuj\u0105cych, jak i do\u015bwiadczonych u\u017cytkownik\u00f3w. Umie\u015b\u0107 wag\u0119 na p\u0142askiej, stabilnej powierzchni, aby zapewni\u0107 dok\u0142adne odczyty. W\u0142\u00f3\u017c dwie do\u0142\u0105czone baterie AAA, a nast\u0119pnie naci\u015bnij przycisk zasilania, aby aktywowa\u0107 jasny, pod\u015bwietlany na niebiesko wy\u015bwietlacz LCD. Wybierz \u017c\u0105dany tryb wa\u017cenia - gramy, uncje, grosze, uncje troja\u0144skie, karaty lub ziarna - za pomoc\u0105 intuicyjnych przycisk\u00f3w funkcyjnych. Umie\u015b\u0107 przedmiot bezpo\u015brednio na platformie o wymiarach 59 x 52 mm lub u\u017cyj zdejmowanej pokrywy jako tacki do wa\u017cenia mniejszych lub lu\u017anych materia\u0142\u00f3w. Funkcja tarowania pozwala zresetowa\u0107 wag\u0119 do zera po umieszczeniu pojemnika, zapewniaj\u0105c, \u017ce mierzona jest tylko waga przedmiotu. Dzi\u0119ki dok\u0142adno\u015bci 0,01 grama, On Balance LS-100 jest idealna do precyzyjnych zada\u0144, takich jak pomiar przypraw, klejnot\u00f3w lub suplement\u00f3w. Po u\u017cyciu wyczy\u015b\u0107 platform\u0119 mi\u0119kk\u0105 \u015bciereczk\u0105 i przechowuj wag\u0119 z pokrywk\u0105 ochronn\u0105, aby zachowa\u0107 jej stan. Kompaktowy rozmiar u\u0142atwia przenoszenie w kieszeni lub torbie, zapewniaj\u0105c niezawodne dzia\u0142anie wsz\u0119dzie tam, gdzie jest to potrzebne. Zawsze unikaj przekraczania 100-gramowego ud\u017awigu, aby zachowa\u0107 dok\u0142adno\u015b\u0107 i trwa\u0142o\u015b\u0107 wagi.<\/p>\n<h2 dir=\"ltr\">Wi\u0119cej informacji o On Balance LS-100<\/h2>\n<p dir=\"ltr\">Waga On Balance LS-100 zosta\u0142a wykonana z wysokiej jako\u015bci materia\u0142\u00f3w zapewniaj\u0105cych trwa\u0142o\u015b\u0107 i precyzj\u0119. Platforma wa\u017c\u0105ca o wymiarach 59 x 52 mm jest wykonana z wytrzyma\u0142ej stali nierdzewnej, odpornej na zu\u017cycie i korozj\u0119, zapewniaj\u0105c sta\u0142\u0105 wydajno\u015b\u0107. Elegancki czarny korpus wagi jest wykonany z lekkiego, wytrzyma\u0142ego tworzywa sztucznego, dzi\u0119ki czemu jest zar\u00f3wno przeno\u015bny, jak i wytrzyma\u0142y. Jasny, pod\u015bwietlany na niebiesko wy\u015bwietlacz LCD wykorzystuje materia\u0142y o wysokiej przejrzysto\u015bci, zapewniaj\u0105c doskona\u0142\u0105 widoczno\u015b\u0107, nawet w warunkach s\u0142abego o\u015bwietlenia. Intuicyjne przyciski funkcyjne zosta\u0142y zaprojektowane z my\u015bl\u0105 o szybkiej i przyjaznej dla u\u017cytkownika obs\u0142udze, umo\u017cliwiaj\u0105c p\u0142ynne prze\u0142\u0105czanie mi\u0119dzy sze\u015bcioma trybami wa\u017cenia. Zdejmowana pokrywa, kt\u00f3ra s\u0142u\u017cy r\u00f3wnie\u017c jako taca do wa\u017cenia, jest wykonana z wytrzyma\u0142ego, lekkiego tworzywa sztucznego, co zwi\u0119ksza jej wszechstronno\u015b\u0107 i ochron\u0119. Zasilana dwiema bateriami AAA, waga On Balance LS-100 jest wyposa\u017cona w precyzyjnie zaprojektowane obwody wewn\u0119trzne, zapewniaj\u0105ce pomiary z dok\u0142adno\u015bci\u0105 do 0,01 grama. Kompaktowa rama o wymiarach 97 x 58 x 18 mm zosta\u0142a starannie zaprojektowana, aby zr\u00f3wnowa\u017cy\u0107 przeno\u015bno\u015b\u0107 z funkcjonalno\u015bci\u0105, dzi\u0119ki czemu idealnie nadaje si\u0119 do u\u017cytku w podr\u00f3\u017cy. Ka\u017cdy element, od platformy ze stali nierdzewnej po niezawodn\u0105 elektronik\u0119, zosta\u0142 dobrany tak, aby zapewni\u0107 d\u0142ugotrwa\u0142\u0105 wydajno\u015b\u0107 i \u0142atwo\u015b\u0107 u\u017cytkowania. To po\u0142\u0105czenie materia\u0142\u00f3w sprawia, \u017ce On Balance LS-100 jest niezawodnym i stylowym narz\u0119dziem dla u\u017cytkownik\u00f3w poszukuj\u0105cych precyzji w kompaktowej, przeno\u015bnej wadze.<\/p>\n<p dir=\"ltr\"><strong>Ostrze\u017cenie<\/strong><br \/>\nAby zapewni\u0107 dok\u0142adno\u015b\u0107 pomiar\u00f3w, wag\u0119 On Balance LS-100 nale\u017cy zawsze umieszcza\u0107 na stabilnej, p\u0142askiej powierzchni. Nie nale\u017cy przekracza\u0107 no\u015bno\u015bci 100 gram\u00f3w, poniewa\u017c mo\u017ce to spowodowa\u0107 uszkodzenie wewn\u0119trznych element\u00f3w wagi. Urz\u0105dzenie nale\u017cy przechowywa\u0107 z dala od wody lub nadmiernej wilgoci, aby zapobiec korozji lub awariom elektroniki. Nale\u017cy u\u017cywa\u0107 wy\u0142\u0105cznie zdejmowanej pokrywy lub kompatybilnych tac, aby unikn\u0105\u0107 zarysowania platformy. Baterie nale\u017cy wymienia\u0107 natychmiast po ich roz\u0142adowaniu, aby zachowa\u0107 optymaln\u0105 wydajno\u015b\u0107.<\/p>","protected":false},"excerpt":{"rendered":"<p dir=\"ltr\" data-pm-slice=\"1 1 []\">On Balance LS-100 to kompaktowa, precyzyjna waga cyfrowa, idealna dla tych, kt\u00f3rzy potrzebuj\u0105 dok\u0142adnych pomiar\u00f3w w podr\u00f3\u017cy. Wyposa\u017cona w jasny, pod\u015bwietlany na niebiesko wy\u015bwietlacz LCD, sze\u015b\u0107 tryb\u00f3w wa\u017cenia i pokryw\u0119 ochronn\u0105, kt\u00f3ra mo\u017ce s\u0142u\u017cy\u0107 jako taca do wa\u017cenia, ta elegancka czarna waga oferuje dok\u0142adno\u015b\u0107 0,01 grama do 100 gram\u00f3w. Idealna dla hobbyst\u00f3w i profesjonalist\u00f3w, jest zar\u00f3wno niezawodna, jak i przeno\u015bna.<\/p>","protected":false},"featured_media":13415,"template":"","meta":[],"product_brand":[],"product_cat":[497,297,488],"product_tag":[],"class_list":{"0":"post-11778","1":"product","2":"type-product","3":"status-publish","4":"has-post-thumbnail","6":"product_cat-scales","7":"product_cat-all-products","8":"product_cat-headshop","9":"product_shipping_class-creditcard-on","11":"first","12":"instock","13":"taxable","14":"shipping-taxable","15":"purchasable","16":"product-type-variable","17":"has-default-attributes"},"_links":{"self":[{"href":"https:\/\/www.tatanka.nl\/pl\/wp-json\/wp\/v2\/product\/11778","targetHints":{"allow":["GET"]}}],"collection":[{"href":"https:\/\/www.tatanka.nl\/pl\/wp-json\/wp\/v2\/product"}],"about":[{"href":"https:\/\/www.tatanka.nl\/pl\/wp-json\/wp\/v2\/types\/product"}],"wp:featuredmedia":[{"embeddable":true,"href":"https:\/\/www.tatanka.nl\/pl\/wp-json\/wp\/v2\/media\/13415"}],"wp:attachment":[{"href":"https:\/\/www.tatanka.nl\/pl\/wp-json\/wp\/v2\/media?parent=11778"}],"wp:term":[{"taxonomy":"product_brand","embeddable":true,"href":"https:\/\/www.tatanka.nl\/pl\/wp-json\/wp\/v2\/product_brand?post=11778"},{"taxonomy":"product_cat","embeddable":true,"href":"https:\/\/www.tatanka.nl\/pl\/wp-json\/wp\/v2\/product_cat?post=11778"},{"taxonomy":"product_tag","embeddable":true,"href":"https:\/\/www.tatanka.nl\/pl\/wp-json\/wp\/v2\/product_tag?post=11778"}],"curies":[{"name":"wp","href":"https:\/\/api.w.org\/{rel}","templated":true}]}}