{"id":11788,"date":"2018-02-19T18:40:49","date_gmt":"2018-02-19T18:40:49","guid":{"rendered":"http:\/\/www.tatanka.nl\/?post_type=product&#038;p=11788"},"modified":"2025-07-29T10:55:39","modified_gmt":"2025-07-29T09:55:39","slug":"on-balance-envy-scale","status":"publish","type":"product","link":"https:\/\/www.tatanka.nl\/pl\/on-balance-envy-scale\/","title":{"rendered":"On Balance, Envy Scale"},"content":{"rendered":"<h2 dir=\"ltr\" data-pm-slice=\"1 1 []\">Co to jest On Balance Envy NV-500?<\/h2>\n<p dir=\"ltr\">Envy NV-500 On Balance to wysokiej klasy waga cyfrowa stworzona z my\u015bl\u0105 o precyzji i \u0142atwo\u015bci u\u017cytkowania. Jej stylowy szaro-srebrny design w po\u0142\u0105czeniu z solidn\u0105 platform\u0105 ze stali nierdzewnej sprawia, \u017ce jest ona idealna do r\u00f3\u017cnych zada\u0144, od pomiar\u00f3w kulinarnych po projekty hobbystyczne. Pod\u015bwietlany na zielono wy\u015bwietlacz LCD zapewnia czytelno\u015b\u0107 w ka\u017cdych warunkach o\u015bwietleniowych. Wyposa\u017cona w cztery intuicyjne przyciski funkcyjne, umo\u017cliwia p\u0142ynne prze\u0142\u0105czanie mi\u0119dzy jednostkami, takimi jak gramy, uncje, waga groszowa i uncje troja\u0144skie. Waga On Balance Envy NV-500 posiada r\u00f3wnie\u017c dwie przestronne tace wagowe, kt\u00f3re pe\u0142ni\u0105 funkcj\u0119 ochronn\u0105, zapewniaj\u0105c trwa\u0142o\u015b\u0107 i przeno\u015bno\u015b\u0107. Mierz\u0105c zaledwie 125x105x18 mm, to kompaktowe urz\u0105dzenie z \u0142atwo\u015bci\u0105 zmie\u015bci si\u0119 w ka\u017cdym miejscu pracy lub torbie podr\u00f3\u017cnej. Zasilane dwiema bateriami AAA, jest gotowe do u\u017cycia zaraz po wyj\u0119ciu z pude\u0142ka. Dzi\u0119ki dok\u0142adno\u015bci 0,01 grama i pojemno\u015bci 500 gram\u00f3w, On Balance Envy NV-500 zapewnia wiarygodne wyniki precyzyjnych pomiar\u00f3w. Niezale\u017cnie od tego, czy jeste\u015b u\u017cytkownikiem domowym, czy profesjonalist\u0105, ta waga \u0142\u0105czy funkcjonalno\u015b\u0107 z nowoczesn\u0105 estetyk\u0105, dzi\u0119ki czemu jest wszechstronnym dodatkiem do Twojego zestawu narz\u0119dzi.<\/p>\n<h2 dir=\"ltr\">Historia On Balance Envy NV-500<\/h2>\n<p dir=\"ltr\">Waga On Balance Envy NV-500 jest produktem zaanga\u017cowania firmy On Balance w tworzenie wysokiej jako\u015bci, przyjaznych dla u\u017cytkownika rozwi\u0105za\u0144 wagowych. Firma On Balance, ciesz\u0105ca si\u0119 zaufaniem w bran\u017cy wag precyzyjnych, rozpocz\u0119\u0142a opracowywanie kompaktowych wag cyfrowych na pocz\u0105tku XXI wieku, aby sprosta\u0107 rosn\u0105cemu zapotrzebowaniu na dok\u0142adne i przeno\u015bne narz\u0119dzia pomiarowe. Envy NV-500 sta\u0142a si\u0119 flagowym modelem, \u0142\u0105cz\u0105cym najnowocze\u015bniejsz\u0105 technologi\u0119 z praktyczn\u0105 konstrukcj\u0105. Jego rozw\u00f3j koncentrowa\u0142 si\u0119 na zaspokajaniu potrzeb r\u00f3\u017cnych u\u017cytkownik\u00f3w, od hobbyst\u00f3w po profesjonalist\u00f3w, kt\u00f3rzy wymagali zar\u00f3wno precyzji, jak i przeno\u015bno\u015bci. Platforma ze stali nierdzewnej i dwufunkcyjne tace do wa\u017cenia odzwierciedlaj\u0105 lata innowacji w tworzeniu wag trwa\u0142ych i wielofunkcyjnych. Z biegiem czasu, waga On Balance Envy NV-500 ewoluowa\u0142a i zosta\u0142a wyposa\u017cona w pod\u015bwietlany na zielono wy\u015bwietlacz LCD, poprawiaj\u0105cy widoczno\u015b\u0107 i komfort u\u017cytkowania. Nacisk marki na dok\u0142adno\u015b\u0107, a\u017c do 0,01 grama, wynika z opinii u\u017cytkownik\u00f3w, kt\u00f3rzy potrzebowali niezawodnych pomiar\u00f3w do skomplikowanych zada\u0144. Obecnie On Balance Envy NV-500 jest \u015bwiadectwem dziedzictwa marki \u0142\u0105cz\u0105cej elegancki wygl\u0105d z zaawansowan\u0105 funkcjonalno\u015bci\u0105, zaspokajaj\u0105c potrzeby globalnej publiczno\u015bci poszukuj\u0105cej niezawodnych i stylowych rozwi\u0105za\u0144 wagowych.<\/p>\n<h2 dir=\"ltr\">Jak korzysta\u0107 z On Balance Envy NV-500<\/h2>\n<p dir=\"ltr\">Korzystanie z wagi On Balance Envy NV-500 jest proste i wydajne dzi\u0119ki przyjaznej dla u\u017cytkownika konstrukcji. Zacznij od umieszczenia wagi na p\u0142askiej, stabilnej powierzchni, aby zapewni\u0107 dok\u0142adne odczyty. W\u0142\u00f3\u017c dwie do\u0142\u0105czone baterie AAA i naci\u015bnij przycisk zasilania, aby aktywowa\u0107 pod\u015bwietlany na zielono wy\u015bwietlacz LCD. Wybierz preferowan\u0105 jednostk\u0119 miary - gramy, uncje, grosze lub uncje troja\u0144skie - za pomoc\u0105 czterech przycisk\u00f3w funkcyjnych. Aby zwa\u017cy\u0107 przedmiot, umie\u015b\u0107 go bezpo\u015brednio na platformie ze stali nierdzewnej lub u\u017cyj jednej z do\u0142\u0105czonych tacek do wa\u017cenia mniejszych lub lu\u017anych materia\u0142\u00f3w. Aby uzyska\u0107 precyzyjne pomiary, u\u017cyj funkcji tarowania, aby wyzerowa\u0107 wag\u0119 po umieszczeniu na niej pojemnika, zapewniaj\u0105c, \u017ce rejestrowana jest tylko waga przedmiotu. Dok\u0142adno\u015b\u0107 0,01 grama wagi On Balance Envy NV-500 sprawia, \u017ce jest ona idealna do zada\u0144 wymagaj\u0105cych precyzji, takich jak pomiar przypraw, bi\u017cuterii lub suplement\u00f3w. Po u\u017cyciu wyczy\u015b\u0107 platform\u0119 mi\u0119kk\u0105 \u015bciereczk\u0105 i przechowuj wag\u0119 na tackach ochronnych, aby zachowa\u0107 jej stan. Kompaktowa i lekka waga jest idealna zar\u00f3wno do u\u017cytku domowego, jak i w podr\u00f3\u017cy, zapewniaj\u0105c sta\u0142\u0105 wydajno\u015b\u0107 dla wszystkich potrzeb wa\u017cenia.<\/p>\n<h2 dir=\"ltr\">Wi\u0119cej informacji o On Balance Envy NV-500<\/h2>\n<p dir=\"ltr\">Waga Envy NV-500 On Balance nie jest produktem eksploatacyjnym, ale jej \"sk\u0142adniki\" to wysokiej jako\u015bci materia\u0142y i przemy\u015blane elementy konstrukcyjne. Waga posiada trwa\u0142\u0105 platform\u0119 wa\u017c\u0105c\u0105 ze stali nierdzewnej, odporn\u0105 na korozj\u0119 i zu\u017cycie, zapewniaj\u0105c\u0105 d\u0142ugotrwa\u0142\u0105 wydajno\u015b\u0107. Elegancki korpus w kolorze szarym i srebrnym zosta\u0142 wykonany z wytrzyma\u0142ego, lekkiego tworzywa sztucznego, co zapewnia r\u00f3wnowag\u0119 mi\u0119dzy przeno\u015bno\u015bci\u0105 a trwa\u0142o\u015bci\u0105. \u017bywy, pod\u015bwietlany na zielono wy\u015bwietlacz LCD jest wykonany z materia\u0142\u00f3w o wysokiej przejrzysto\u015bci, zapewniaj\u0105c doskona\u0142\u0105 widoczno\u015b\u0107 w r\u00f3\u017cnych warunkach o\u015bwietleniowych. Urz\u0105dzenie posiada cztery responsywne przyciski funkcyjne, zaprojektowane z my\u015bl\u0105 o intuicyjnej obs\u0142udze i p\u0142ynnym prze\u0142\u0105czaniu jednostek. Dwie du\u017ce tace wa\u017c\u0105ce, r\u00f3wnie\u017c wykonane z wytrzyma\u0142ego tworzywa sztucznego, s\u0142u\u017c\u0105 zar\u00f3wno jako narz\u0119dzia pomiarowe, jak i os\u0142ony ochronne, zwi\u0119kszaj\u0105c wszechstronno\u015b\u0107 wagi. Waga On Balance Envy NV-500 jest zasilana dwiema bateriami AAA, do\u0142\u0105czonymi do natychmiastowego u\u017cycia, a jej wewn\u0119trzne obwody zosta\u0142y zaprojektowane z my\u015bl\u0105 o precyzji, zapewniaj\u0105c pomiary z dok\u0142adno\u015bci\u0105 do 0,01 grama. Ka\u017cdy element, od kompaktowej ramy 125x105x18 mm po solidn\u0105 elektronik\u0119, zosta\u0142 starannie dobrany, aby zapewni\u0107 niezawodno\u015b\u0107 i \u0142atwo\u015b\u0107 u\u017cytkowania. Ta kombinacja materia\u0142\u00f3w sprawia, \u017ce waga jest niezawodnym wyborem dla u\u017cytkownik\u00f3w poszukuj\u0105cych zar\u00f3wno funkcjonalno\u015bci, jak i nowoczesnej, profesjonalnej estetyki w swoich narz\u0119dziach wa\u017c\u0105cych.<\/p>\n<p dir=\"ltr\"><strong>Ostrze\u017cenie<\/strong><br \/>\nZawsze umieszczaj wag\u0119 On Balance Envy NV-500 na p\u0142askiej, stabilnej powierzchni, aby unikn\u0105\u0107 niedok\u0142adnych odczyt\u00f3w. Nie nale\u017cy przekracza\u0107 no\u015bno\u015bci 500 gram\u00f3w, poniewa\u017c mo\u017ce to spowodowa\u0107 uszkodzenie wewn\u0119trznych element\u00f3w wagi. Trzymaj urz\u0105dzenie z dala od wody lub nadmiernej wilgoci, aby zapobiec korozji platformy ze stali nierdzewnej lub awarii elektroniki. Nale\u017cy u\u017cywa\u0107 wy\u0142\u0105cznie do\u0142\u0105czonych tacek lub kompatybilnych pojemnik\u00f3w, aby unikn\u0105\u0107 zarysowania platformy. Baterie nale\u017cy wymienia\u0107 natychmiast po ich roz\u0142adowaniu, aby utrzyma\u0107 sta\u0142\u0105 wydajno\u015b\u0107.<\/p>","protected":false},"excerpt":{"rendered":"<p dir=\"ltr\" data-pm-slice=\"1 1 []\">Envy NV-500 On Balance to elegancka, precyzyjna waga cyfrowa zaprojektowana do codziennego u\u017cytku. Dzi\u0119ki platformie ze stali nierdzewnej, pod\u015bwietlanemu na zielono wy\u015bwietlaczowi LCD i dw\u00f3m wszechstronnym tacom do wa\u017cenia, ta kompaktowa waga oferuje dok\u0142adno\u015b\u0107 i styl. Idealna do pomiaru do 500 gram\u00f3w z dok\u0142adno\u015bci\u0105 do 0,01 grama, jest niezb\u0119dnym narz\u0119dziem zar\u00f3wno dla entuzjast\u00f3w, jak i profesjonalist\u00f3w.<\/p>","protected":false},"featured_media":13416,"template":"","meta":[],"product_brand":[],"product_cat":[497,297,488],"product_tag":[],"class_list":{"0":"post-11788","1":"product","2":"type-product","3":"status-publish","4":"has-post-thumbnail","6":"product_cat-scales","7":"product_cat-all-products","8":"product_cat-headshop","9":"product_shipping_class-creditcard-on","11":"first","12":"instock","13":"taxable","14":"shipping-taxable","15":"purchasable","16":"product-type-variable","17":"has-default-attributes"},"_links":{"self":[{"href":"https:\/\/www.tatanka.nl\/pl\/wp-json\/wp\/v2\/product\/11788","targetHints":{"allow":["GET"]}}],"collection":[{"href":"https:\/\/www.tatanka.nl\/pl\/wp-json\/wp\/v2\/product"}],"about":[{"href":"https:\/\/www.tatanka.nl\/pl\/wp-json\/wp\/v2\/types\/product"}],"wp:featuredmedia":[{"embeddable":true,"href":"https:\/\/www.tatanka.nl\/pl\/wp-json\/wp\/v2\/media\/13416"}],"wp:attachment":[{"href":"https:\/\/www.tatanka.nl\/pl\/wp-json\/wp\/v2\/media?parent=11788"}],"wp:term":[{"taxonomy":"product_brand","embeddable":true,"href":"https:\/\/www.tatanka.nl\/pl\/wp-json\/wp\/v2\/product_brand?post=11788"},{"taxonomy":"product_cat","embeddable":true,"href":"https:\/\/www.tatanka.nl\/pl\/wp-json\/wp\/v2\/product_cat?post=11788"},{"taxonomy":"product_tag","embeddable":true,"href":"https:\/\/www.tatanka.nl\/pl\/wp-json\/wp\/v2\/product_tag?post=11788"}],"curies":[{"name":"wp","href":"https:\/\/api.w.org\/{rel}","templated":true}]}}