{"id":117913,"date":"2023-12-11T12:39:02","date_gmt":"2023-12-11T10:39:02","guid":{"rendered":"https:\/\/www.tatanka.nl\/?post_type=product&#038;p=117913"},"modified":"2026-04-24T00:48:30","modified_gmt":"2026-04-23T23:48:30","slug":"sugashrooms-magic-truffles","status":"publish","type":"product","link":"https:\/\/www.tatanka.nl\/pl\/sugashrooms-magic-truffles\/","title":{"rendered":"SugaShrooms Magiczne Trufle"},"content":{"rendered":"<div>\n<h2>Czym s\u0105 magiczne trufle Psilocybe Amanitea?<\/h2>\n<p>Magiczne trufle Psilocybe Amanitea, znane jako sklerocja, s\u0105 formowane przez podziemne nitki grzybni, tworz\u0105c wyj\u0105tkowe psychodeliczne doznania. Trufle te rozwijaj\u0105 si\u0119 w specyficznych warunkach, gromadz\u0105c sk\u0142adniki od\u017cywcze do potencjalnego wzrostu grzyb\u00f3w, gdy temperatura spada, a wilgotno\u015b\u0107 wzrasta. Po spo\u017cyciu wywo\u0142uj\u0105 \u017cywy, halucynogenny trip charakteryzuj\u0105cy si\u0119 \u017cywymi obrazami i podwy\u017cszon\u0105 percepcj\u0105 sensoryczn\u0105. Ka\u017cde 15-gramowe opakowanie jest przeznaczone dla jednej osoby, oferuj\u0105c pe\u0142n\u0105, wci\u0105gaj\u0105c\u0105 podr\u00f3\u017c do \u015bwiata kolor\u00f3w i cud\u00f3w. Efekty r\u00f3\u017cni\u0105 si\u0119 w zale\u017cno\u015bci od dawki i osoby, a Psilocybe Amanitea Magic Truffles znane s\u0105 z intensywnych, podobnych do sn\u00f3w efekt\u00f3w wizualnych. Ich rosn\u0105ca popularno\u015b\u0107 odzwierciedla rosn\u0105ce zainteresowanie psychodelikami w celu samopoznania i wzmocnienia zmys\u0142\u00f3w. Przechowywane w temperaturze 2\u00b0C-4\u00b0C, zachowuj\u0105 moc dla bezpiecznego, kontrolowanego do\u015bwiadczenia. Idealne dla os\u00f3b poszukuj\u0105cych transformuj\u0105cej przygody, trufle te zapewniaj\u0105 mistyczn\u0105 ucieczk\u0119 w zaufanym \u015brodowisku. Ich wyj\u0105tkowa zdolno\u015b\u0107 do zmiany percepcji czyni je atrakcyjnym wyborem dla doros\u0142ych powy\u017cej 18 roku \u017cycia, kt\u00f3rzy chc\u0105 odpowiedzialnie odkrywa\u0107 \u015bwiadomo\u015b\u0107, zapewniaj\u0105c niezapomnian\u0105 i radosn\u0105 podr\u00f3\u017c.<\/p>\n<h2>Historia magicznych trufli Psilocybe Amanitea<\/h2>\n<p>Historia magicznych trufli Psilocybe Amanitea si\u0119ga staro\u017cytnych kultur, kt\u00f3re wykorzystywa\u0142y grzyby zawieraj\u0105ce psylocybin\u0119 do cel\u00f3w duchowych i ceremonialnych. Rdzenne grupy w Ameryce \u015arodkowej i Po\u0142udniowej ceni\u0142y te substancje za ich zdolno\u015b\u0107 do \u0142\u0105czenia u\u017cytkownik\u00f3w z mistycznymi \u015bwiatami i pog\u0142\u0119biania samo\u015bwiadomo\u015bci. W XX wieku psychodeliki zyska\u0142y popularno\u015b\u0107 w spo\u0142ecze\u0144stwach zachodnich, a sklerocja sta\u0142a si\u0119 legaln\u0105 alternatyw\u0105 dla grzyb\u00f3w obj\u0119tych ograniczeniami w niekt\u00f3rych regionach. Psilocybe Amanitea Magic Truffles zosta\u0142y opracowane w celu zapewnienia silnych, wizualnie uderzaj\u0105cych dozna\u0144, odzwierciedlaj\u0105c post\u0119p w technikach uprawy dla sta\u0142ej jako\u015bci. Ich \u017cywe efekty sprawi\u0142y, \u017ce sta\u0142y si\u0119 ulubionym produktem w\u015br\u00f3d os\u00f3b poszukuj\u0105cych zmys\u0142owych przyg\u00f3d. Dzi\u015b stanowi\u0105 one po\u0142\u0105czenie staro\u017cytnej m\u0105dro\u015bci i nowoczesnych innowacji, przemawiaj\u0105c do u\u017cytkownik\u00f3w badaj\u0105cych \u015bwiadomo\u015b\u0107 i kreatywno\u015b\u0107. Zmiana kulturowa w kierunku psychodelik\u00f3w dla rozwoju osobistego zwi\u0119kszy\u0142a ich popularno\u015b\u0107, a staranna uprawa zapewnia bezpiecze\u0144stwo i si\u0142\u0119 dzia\u0142ania. To bogate dziedzictwo podkre\u015bla ich rol\u0119 jako narz\u0119dzia transformuj\u0105cych do\u015bwiadcze\u0144, \u0142\u0105cz\u0105c historyczny szacunek dla naturalnych psychodelik\u00f3w ze wsp\u00f3\u0142czesnymi pragnieniami \u017cywych, radosnych podr\u00f3\u017cy w kalejdoskopowe krajobrazy umys\u0142u.<\/p>\n<h2>Jak stosowa\u0107 magiczne trufle Psilocybe Amanitea?<\/h2>\n<p>Aby do\u015bwiadczy\u0107 Psilocybe Amanitea Magic Truffles, wybierz bezpieczne, znajome otoczenie. Zacznij od po\u0142owy 15-gramowego opakowania, oceniaj\u0105c efekty po 30-45 minutach, zanim rozwa\u017cysz wi\u0119cej. Efekty osi\u0105gaj\u0105 szczyt w ci\u0105gu 1-3 godzin i ust\u0119puj\u0105 po 5-6 godzinach. Spo\u017cywa\u0107 na pusty \u017co\u0142\u0105dek, dok\u0142adnie prze\u017cuwaj\u0105c dla optymalnego wch\u0142aniania, lub wymiesza\u0107 z herbat\u0105 lub zup\u0105. Przechowywa\u0107 niewykorzystane trufle w temperaturze 2\u00b0C-4\u00b0C w ciemnym miejscu, aby zachowa\u0107 moc. Unika\u0107 \u0142\u0105czenia z alkoholem, lekami lub innymi \u015brodkami odurzaj\u0105cymi, poniewa\u017c mo\u017ce to zmieni\u0107 ich dzia\u0142anie. Stosowa\u0107 wy\u0142\u0105cznie u os\u00f3b zdrowych psychicznie i fizycznie, unika\u0107 u kobiet w ci\u0105\u017cy lub cierpi\u0105cych na choroby takie jak depresja lub choroby serca. Prowadzenie pojazd\u00f3w lub obs\u0142ugiwanie maszyn jest zabronione podczas stosowania. Psilocybe Amanitea Magic Truffles s\u0105 przeznaczone dla os\u00f3b doros\u0142ych powy\u017cej 18 roku \u017cycia poszukuj\u0105cych energicznej, zmys\u0142owej podr\u00f3\u017cy. Pozosta\u0144 nawodniony, zrelaksuj si\u0119 i pozw\u00f3l, aby do\u015bwiadczenie rozwija\u0142o si\u0119 naturalnie. \u017bywe obrazy i radosne doznania wymagaj\u0105 spokojnego nastawienia i odpowiedniego przygotowania. Przestrzeganie wytycznych dotycz\u0105cych dawkowania zapewnia bezpieczn\u0105, czaruj\u0105c\u0105 podr\u00f3\u017c, pozwalaj\u0105c u\u017cytkownikom w pe\u0142ni zanurzy\u0107 si\u0119 w mistycznym, kolorowym \u015bwiecie, kt\u00f3ry tworz\u0105 te trufle.<\/p>\n<h2>Sk\u0142adniki magicznych trufli Psilocybe Amanitea<\/h2>\n<p>Magiczne trufle Psilocybe Amanitea zawieraj\u0105 psylocybin\u0119, kt\u00f3ra w organizmie przekszta\u0142ca si\u0119 w psylocyn\u0119, wp\u0142ywaj\u0105c na poziom serotoniny i wywo\u0142uj\u0105c efekty halucynogenne. Zapewniaj\u0105 r\u00f3wnie\u017c korzy\u015bci od\u017cywcze, z 110,5 kcal, 13,2 g w\u0119glowodan\u00f3w, 5,3 g bia\u0142ka, 0,4 g t\u0142uszczu i 16,7 g b\u0142onnika pokarmowego na 100 g. Niezb\u0119dne minera\u0142y obejmuj\u0105 210 mg potasu, 169,3 mg fosforu, 12,5 mg wapnia i 13,6 mg sodu, a tak\u017ce 0,7 mg \u017celaza i 10 IU witaminy D. Te sk\u0142adniki od\u017cywcze wspieraj\u0105 energi\u0119 i funkcje organizmu, uzupe\u0142niaj\u0105c w\u0142a\u015bciwo\u015bci psychoaktywne. Trufle, utworzone przez sklerocj\u0119, naturalnie przechowuj\u0105 te zwi\u0105zki, zapewniaj\u0105c moc ich \u017cywych, wizualnych efekt\u00f3w. Po\u0142\u0105czenie psilocybiny i \u015bladowych sk\u0142adnik\u00f3w od\u017cywczych tworzy holistyczne do\u015bwiadczenie, wzmacniaj\u0105c percepcj\u0119 sensoryczn\u0105 i emocjonaln\u0105. Spo\u017cywane odpowiedzialnie, oferuj\u0105 co\u015b wi\u0119cej ni\u017c tylko podr\u00f3\u017c, zapewniaj\u0105c niewielkie wsparcie \u017cywieniowe wraz z ich mistycznymi efektami. Ich naturalny sk\u0142ad przemawia do tych, kt\u00f3rzy szukaj\u0105 transformuj\u0105cej podr\u00f3\u017cy, pod warunkiem, \u017ce u\u017cytkownicy szanuj\u0105 moc psilocybiny i przestrzegaj\u0105 bezpiecznych praktyk u\u017cytkowania, aby w pe\u0142ni cieszy\u0107 si\u0119 \u017cyw\u0105, kalejdoskopow\u0105 przygod\u0105, jak\u0105 zapewniaj\u0105 te trufle.<\/p>\n<p><strong>Ostrze\u017cenie<\/strong><br \/>\nPsilocybe Amanitea Magic Truffles zawieraj\u0105 psylocybin\u0119 i psylocyn\u0119, naturalne halucynogeny, kt\u00f3re mog\u0105 znacz\u0105co zmienia\u0107 percepcj\u0119 i wywo\u0142ywa\u0107 \u017cywe halucynacje. Substancje te wymagaj\u0105 ostro\u017cnego stosowania w kontrolowanym \u015brodowisku. Ze wzgl\u0119du na silne dzia\u0142anie nale\u017cy przechowywa\u0107 je poza zasi\u0119giem dzieci. Unikaj ich stosowania, je\u015bli jeste\u015b w ci\u0105\u017cy, masz problemy ze zdrowiem psychicznym lub cierpisz na cukrzyc\u0119 lub wysokie ci\u015bnienie krwi. \u0141\u0105czenie z innymi substancjami zwi\u0119ksza ryzyko. Odpowiedzialna konsumpcja ma kluczowe znaczenie dla bezpiecze\u0144stwa.<\/p>\n<\/div>\n<section><\/section>","protected":false},"excerpt":{"rendered":"<p>Zanurz si\u0119 w hipnotyzuj\u0105cym kr\u00f3lestwie z SugaShrooms - najlepszym wyborem dla poszukiwaczy przyg\u00f3d poszukuj\u0105cych ekscytuj\u0105cej podr\u00f3\u017cy poza wyobra\u017ani\u0119. Te magiczne trufle przenios\u0105 Ci\u0119 do t\u0119tni\u0105cego \u017cyciem, kalejdoskopowego \u015bwiata czar\u00f3w, w kt\u00f3rym ka\u017cda chwila jest zmys\u0142owym karnawa\u0142em. Idealne dla do\u015bwiadczonych psychonaut\u00f3w i odwa\u017cnych nowicjuszy, SugaShrooms obiecuj\u0105 niezapomniane wra\u017cenia, kt\u00f3re sprawi\u0105, \u017ce b\u0119dziesz oczarowany i b\u0119dziesz pragn\u0105\u0142 wi\u0119cej. Poczuj mistycyzm i cudowno\u015b\u0107 SugaShrooms, bramy do \u015bwiata czystej rado\u015bci i eksploracji.<\/p>","protected":false},"featured_media":117919,"template":"","meta":[],"product_brand":[],"product_cat":[516,297,595,395,518,513,515,519,476,514,578],"product_tag":[662],"class_list":{"0":"post-117913","1":"product","2":"type-product","3":"status-publish","4":"has-post-thumbnail","6":"product_cat-magic-truffles","7":"product_cat-all-products","8":"product_cat-mcsmart","9":"product_cat-microdosing","10":"product_cat-mushrooms","11":"product_cat-party","12":"product_cat-shroomshop","13":"product_cat-shroomshop-top-10","14":"product_cat-smartshop","15":"product_cat-smartshop-top-10","16":"product_cat-strongest-magic-truffles","17":"product_tag-shrdeal","18":"product_shipping_class-creditcard-off","20":"first","21":"instock","22":"taxable","23":"shipping-taxable","24":"purchasable","25":"product-type-variable","26":"has-default-attributes"},"_links":{"self":[{"href":"https:\/\/www.tatanka.nl\/pl\/wp-json\/wp\/v2\/product\/117913","targetHints":{"allow":["GET"]}}],"collection":[{"href":"https:\/\/www.tatanka.nl\/pl\/wp-json\/wp\/v2\/product"}],"about":[{"href":"https:\/\/www.tatanka.nl\/pl\/wp-json\/wp\/v2\/types\/product"}],"wp:featuredmedia":[{"embeddable":true,"href":"https:\/\/www.tatanka.nl\/pl\/wp-json\/wp\/v2\/media\/117919"}],"wp:attachment":[{"href":"https:\/\/www.tatanka.nl\/pl\/wp-json\/wp\/v2\/media?parent=117913"}],"wp:term":[{"taxonomy":"product_brand","embeddable":true,"href":"https:\/\/www.tatanka.nl\/pl\/wp-json\/wp\/v2\/product_brand?post=117913"},{"taxonomy":"product_cat","embeddable":true,"href":"https:\/\/www.tatanka.nl\/pl\/wp-json\/wp\/v2\/product_cat?post=117913"},{"taxonomy":"product_tag","embeddable":true,"href":"https:\/\/www.tatanka.nl\/pl\/wp-json\/wp\/v2\/product_tag?post=117913"}],"curies":[{"name":"wp","href":"https:\/\/api.w.org\/{rel}","templated":true}]}}