{"id":118241,"date":"2017-10-09T12:26:50","date_gmt":"2017-10-09T10:26:50","guid":{"rendered":"https:\/\/www.tatanka.nl\/?post_type=product&#038;p=118241"},"modified":"2026-01-30T12:48:28","modified_gmt":"2026-01-30T11:48:28","slug":"mcmicrodose-starterkit","status":"publish","type":"product","link":"https:\/\/www.tatanka.nl\/pl\/mcmicrodose-starterkit\/","title":{"rendered":"McMicrodose Starterkit"},"content":{"rendered":"<h2 dir=\"ltr\" data-pm-slice=\"1 1 []\">Czym s\u0105 zestawy McMicrodose Starter?<\/h2>\n<p dir=\"ltr\">Zestaw McMicrodose Starter to specjalnie zaprojektowany produkt dla os\u00f3b rozpoczynaj\u0105cych przygod\u0119 z mikrodawkowaniem. Ka\u017cdy zestaw zawiera blister z sze\u015bcioma 1-gramowymi porcjami wysokiej jako\u015bci trufli Mexicana, znanych z naturalnej zawarto\u015bci psilocybiny. Trufle te, technicznie nazywane sklerocjami, s\u0105 formowane przez nitki grzybni pod ziemi\u0105 i s\u0105 wybierane ze wzgl\u0119du na ich sta\u0142\u0105 jako\u015b\u0107, co czyni je idealnymi do mikrodawkowania. Microdosing obejmuje przyjmowanie niewielkich, subpercepcyjnych ilo\u015bci psilocybiny w celu zwi\u0119kszenia koncentracji, kreatywno\u015bci i r\u00f3wnowagi emocjonalnej bez intensywnych efekt\u00f3w psychoaktywnych. Zestaw McMicrodose Starter zapewnia przyjazny dla u\u017cytkownika spos\u00f3b do\u015bwiadczania tych korzy\u015bci, oferuj\u0105c wst\u0119pnie odmierzone dawki, kt\u00f3re eliminuj\u0105 potrzeb\u0119 skomplikowanego przygotowania. Przechowywane w blistrze, trufle pozostaj\u0105 \u015bwie\u017ce w lod\u00f3wce, zapewniaj\u0105c moc przy ka\u017cdym u\u017cyciu. Produkt ten jest dostosowany do os\u00f3b, kt\u00f3re s\u0105 ciekawe mikrodawkowania, ale nie s\u0105 pewne, od czego zacz\u0105\u0107, zapewniaj\u0105c bezpieczny i kontrolowany punkt wej\u015bcia. Dla os\u00f3b z wi\u0119kszym do\u015bwiadczeniem zestaw s\u0142u\u017cy jako podstawa przed przej\u015bciem do wi\u0119kszych format\u00f3w, takich jak zestawy 2 \u00d7 5 gram\u00f3w lub 2 \u00d7 10 gram\u00f3w, kt\u00f3re pozwalaj\u0105 na spersonalizowane dozowanie z precyzyjn\u0105 skal\u0105.<\/p>\n<h2 dir=\"ltr\">Historia zestaw\u00f3w McMicrodose Starter<\/h2>\n<p dir=\"ltr\">Zestaw McMicrodose Starter wywodzi si\u0119 z rosn\u0105cego zainteresowania mikrodawkowaniem opartym na psilocybinie, kt\u00f3re zyska\u0142o na popularno\u015bci na pocz\u0105tku 2010 roku. Pocz\u0105tkowo spopularyzowane w spo\u0142eczno\u015bciach technologicznych i kreatywnych, mikrodawkowanie pojawi\u0142o si\u0119 jako spos\u00f3b na zwi\u0119kszenie produktywno\u015bci i jasno\u015bci umys\u0142u. Trufle Mexicana, u\u017cywane w zestawie McMicrodose Starter, maj\u0105 bogat\u0105 histori\u0119 zakorzenion\u0105 w rdzennych kulturach Mexican, gdzie grzyby zawieraj\u0105ce psylocybin\u0119 by\u0142y od wiek\u00f3w wykorzystywane w praktykach duchowych i leczniczych. W przeciwie\u0144stwie do grzyb\u00f3w magicznych, trufle (sklerocja) tworz\u0105 si\u0119 pod ziemi\u0105, co u\u0142atwia ich upraw\u0119 i konserwacj\u0119. Opracowanie zestawu McMicrodose Starter by\u0142o odpowiedzi\u0105 na zapotrzebowanie na dost\u0119pne, wst\u0119pnie odmierzone dawki dla wsp\u00f3\u0142czesnych u\u017cytkownik\u00f3w. Pakuj\u0105c 1-gramowe porcje w blistry, produkt upraszcza proces, usuwaj\u0105c bariery dla pocz\u0105tkuj\u0105cych. Post\u0119py w technikach uprawy zapewni\u0142y, \u017ce trufle Mexicana utrzymuj\u0105 sta\u0142y poziom psilocybiny, zwi\u0119kszaj\u0105c ich niezawodno\u015b\u0107 w mikrodawkowaniu. Dzi\u015b zestaw McMicrodose Starter stanowi pomost mi\u0119dzy staro\u017cytnymi tradycjami a wsp\u00f3\u0142czesnymi trendami wellness, oferuj\u0105c znormalizowany, bezpieczny spos\u00f3b odkrywania mikrodawkowania. Jego wzrost odzwierciedla szersz\u0105 zmian\u0119 kulturow\u0105 w kierunku naturalnych, opartych na ro\u015blinach rozwi\u0105za\u0144 dla dobrego samopoczucia psychicznego i emocjonalnego, czyni\u0105c go podstaw\u0105 dla tych, kt\u00f3rzy szukaj\u0105 subtelnych, ale wp\u0142ywowych ulepsze\u0144 poznawczych.<\/p>\n<h2 dir=\"ltr\">Jak korzysta\u0107 z zestaw\u00f3w McMicrodose Starterkits<\/h2>\n<p dir=\"ltr\">Korzystanie z zestawu McMicrodose Starter jest proste, co czyni go idealnym dla pocz\u0105tkuj\u0105cych. Na pocz\u0105tek ostro\u017cnie odetnij jedn\u0105 1-gramow\u0105 dawk\u0119 z blistra i przechowuj reszt\u0119 w lod\u00f3wce, aby zachowa\u0107 \u015bwie\u017co\u015b\u0107. W przypadku mikrodawkowania nale\u017cy spo\u017cywa\u0107 od 0,5 do 1,5 grama, w zale\u017cno\u015bci od wra\u017cliwo\u015bci i po\u017c\u0105danych efekt\u00f3w. Trufle mo\u017cna przyjmowa\u0107 z wod\u0105 lub wymiesza\u0107 z lekkim \u015bniadaniem w celu \u0142atwiejszego spo\u017cycia. Dok\u0142adne \u017cucie trufli zwi\u0119ksza ich skuteczno\u015b\u0107, poniewa\u017c pomaga w uwalnianiu psilocybiny. Aby uzyska\u0107 optymalne wyniki, nale\u017cy unika\u0107 alkoholu podczas rutynowego mikrodawkowania, poniewa\u017c mo\u017ce on zak\u0142\u00f3ca\u0107 subtelne efekty. Microdosing jest zwykle podawany co kilka dni, zgodnie z harmonogramem, takim jak jeden dzie\u0144, dwa dni przerwy, aby zapobiec wzrostowi tolerancji. Wst\u0119pnie odmierzone dawki zestawu McMicrodose Starter eliminuj\u0105 potrzeb\u0119 stosowania wagi, zapewniaj\u0105c sp\u00f3jno\u015b\u0107. Pocz\u0105tkuj\u0105cy powinni zacz\u0105\u0107 od ni\u017cszej dawki, takiej jak 0,5 grama, aby oceni\u0107 swoj\u0105 reakcj\u0119 przed dostosowaniem. Efekty s\u0105 subtelne, cz\u0119sto opisywane jako poprawa nastroju, skupienia i kreatywno\u015bci bez przyt\u0142aczaj\u0105cych wra\u017ce\u0144. Zawsze spo\u017cywaj w komfortowych warunkach i skonsultuj si\u0119 z lekarzem, je\u015bli nie masz pewno\u015bci co do mikrodawkowania lub masz wcze\u015bniej istniej\u0105ce schorzenia.<\/p>\n<h2 dir=\"ltr\">Sk\u0142adniki zestaw\u00f3w McMicrodose Starter<\/h2>\n<p dir=\"ltr\">Zestaw McMicrodose Starter zawiera jeden kluczowy sk\u0142adnik: wyselekcjonowane trufle Mexicana. Trufle te, lub sklerocja, s\u0105 tworzone przez grzybni\u0119 grzyba Psilocybe Mexicana i s\u0105 bogate w naturaln\u0105 psylocybin\u0119, aktywny zwi\u0105zek odpowiedzialny za ich dzia\u0142anie. Ka\u017cda 1-gramowa dawka w opakowaniu blistrowym jest starannie zbierana, aby zapewni\u0107 sta\u0142\u0105 moc i jako\u015b\u0107, dzi\u0119ki czemu zestaw McMicrodose Starter jest niezawodny do mikrodawkowania. W przeciwie\u0144stwie do zwi\u0105zk\u00f3w syntetycznych, trufle te s\u0105 ca\u0142kowicie naturalne, uprawiane w kontrolowanych \u015brodowiskach w celu optymalizacji zawarto\u015bci psilocybiny. Trufle s\u0105 wolne od dodatk\u00f3w, konserwant\u00f3w i sztucznych sk\u0142adnik\u00f3w, co pozwala zachowa\u0107 ich czysto\u015b\u0107. Zawarta w truflach psylocybina jest przekszta\u0142cana w organizmie w psylocyn\u0119, kt\u00f3ra oddzia\u0142uje z receptorami serotoniny w m\u00f3zgu, wp\u0142ywaj\u0105c na nastr\u00f3j, funkcje poznawcze i samopoczucie emocjonalne. Odmiana Mexicana zosta\u0142a wybrana ze wzgl\u0119du na swoje \u0142agodne, ale skuteczne w\u0142a\u015bciwo\u015bci, dzi\u0119ki czemu nadaje si\u0119 do subtelnych efekt\u00f3w mikrodawkowania. Rygorystyczne procesy selekcji zapewniaj\u0105, \u017ce w sk\u0142adzie znajduj\u0105 si\u0119 wy\u0142\u0105cznie trufle najwy\u017cszej jako\u015bci, zapewniaj\u0105c u\u017cytkownikom bezpieczne i przewidywalne doznania. To jednosk\u0142adnikowe podej\u015bcie podkre\u015bla zaanga\u017cowanie produktu w naturalne samopoczucie, oferuj\u0105c czysty i niezafa\u0142szowany spos\u00f3b odkrywania korzy\u015bci p\u0142yn\u0105cych z mikrodawkowania.<\/p>\n<p dir=\"ltr\"><strong>Ostrze\u017cenie<\/strong><br \/>\nMicrodosing z zestawem McMicrodose Starter nie jest odpowiedni dla ka\u017cdego. Unikaj stosowania, je\u015bli masz mniej ni\u017c 18 lat, jeste\u015b w ci\u0105\u017cy, karmisz piersi\u0105 lub masz histori\u0119 chor\u00f3b psychicznych, takich jak schizofrenia lub choroba afektywna dwubiegunowa. Psilocybina mo\u017ce wchodzi\u0107 w interakcje z niekt\u00f3rymi lekami, zw\u0142aszcza przeciwdepresyjnymi, dlatego przed rozpocz\u0119ciem stosowania nale\u017cy skonsultowa\u0107 si\u0119 z lekarzem. Nie nale\u017cy \u0142\u0105czy\u0107 jej z alkoholem lub narkotykami rekreacyjnymi, poniewa\u017c mo\u017ce to prowadzi\u0107 do nieprzewidywalnych efekt\u00f3w. Przyjmowanie Microdosing powinno odbywa\u0107 si\u0119 w kontrolowanych warunkach, a u\u017cytkownicy powinni unika\u0107 obs\u0142ugiwania ci\u0119\u017ckich maszyn lub prowadzenia pojazd\u00f3w podczas jego stosowania. Je\u015bli wyst\u0105pi dyskomfort lub nieoczekiwane efekty, nale\u017cy przerwa\u0107 stosowanie i zasi\u0119gn\u0105\u0107 porady lekarza. Trufle nale\u017cy przechowywa\u0107 w lod\u00f3wce, w miejscu niedost\u0119pnym dla dzieci i zwierz\u0105t domowych.<\/p>","protected":false},"excerpt":{"rendered":"<p dir=\"ltr\" data-pm-slice=\"1 1 []\">Zestaw McMicrodose Starter oferuje wygodne wprowadzenie do mikrodawkowania z 6x 1-gramowymi dawkami trufli premium. Starannie dobrany ze wzgl\u0119du na zawarto\u015b\u0107 naturalnej psilocybiny, zestaw ten jest idealny dla pocz\u0105tkuj\u0105cych, kt\u00f3rzy chc\u0105 odkry\u0107 korzy\u015bci p\u0142yn\u0105ce z mikrodawkowania w kontrolowany i precyzyjny spos\u00f3b.<\/p>","protected":false},"featured_media":118245,"template":"","meta":[],"product_brand":[],"product_cat":[625,297,577,516,596,595,395,518,513,515,476],"product_tag":[662],"class_list":{"0":"post-118241","1":"product","2":"type-product","3":"status-publish","4":"has-post-thumbnail","6":"product_cat-mcmicrodose","7":"product_cat-all-products","8":"product_cat-beginner-magic-truffles","9":"product_cat-magic-truffles","10":"product_cat-mcmyco","11":"product_cat-mcsmart","12":"product_cat-microdosing","13":"product_cat-mushrooms","14":"product_cat-party","15":"product_cat-shroomshop","16":"product_cat-smartshop","17":"product_tag-shrdeal","18":"product_shipping_class-creditcard-off","20":"first","21":"instock","22":"taxable","23":"shipping-taxable","24":"purchasable","25":"product-type-variable","26":"has-default-attributes"},"_links":{"self":[{"href":"https:\/\/www.tatanka.nl\/pl\/wp-json\/wp\/v2\/product\/118241","targetHints":{"allow":["GET"]}}],"collection":[{"href":"https:\/\/www.tatanka.nl\/pl\/wp-json\/wp\/v2\/product"}],"about":[{"href":"https:\/\/www.tatanka.nl\/pl\/wp-json\/wp\/v2\/types\/product"}],"wp:featuredmedia":[{"embeddable":true,"href":"https:\/\/www.tatanka.nl\/pl\/wp-json\/wp\/v2\/media\/118245"}],"wp:attachment":[{"href":"https:\/\/www.tatanka.nl\/pl\/wp-json\/wp\/v2\/media?parent=118241"}],"wp:term":[{"taxonomy":"product_brand","embeddable":true,"href":"https:\/\/www.tatanka.nl\/pl\/wp-json\/wp\/v2\/product_brand?post=118241"},{"taxonomy":"product_cat","embeddable":true,"href":"https:\/\/www.tatanka.nl\/pl\/wp-json\/wp\/v2\/product_cat?post=118241"},{"taxonomy":"product_tag","embeddable":true,"href":"https:\/\/www.tatanka.nl\/pl\/wp-json\/wp\/v2\/product_tag?post=118241"}],"curies":[{"name":"wp","href":"https:\/\/api.w.org\/{rel}","templated":true}]}}