{"id":118510,"date":"2024-01-26T10:51:44","date_gmt":"2024-01-26T08:51:44","guid":{"rendered":"https:\/\/www.tatanka.nl\/?post_type=product&#038;p=118510"},"modified":"2025-11-04T11:58:49","modified_gmt":"2025-11-04T10:58:49","slug":"microdosing-tea-mcmicrodose-6-grams","status":"publish","type":"product","link":"https:\/\/www.tatanka.nl\/pl\/microdosing-tea-mcmicrodose-6-grams\/","title":{"rendered":"Microdosing Herbata: McMicrodose 6 gram\u00f3w"},"content":{"rendered":"<h2>Czym jest herbata Microdosing - McMicrodose?<\/h2>\n<p>Herbata Microdosing - McMicrodose to delikatna mieszanka 6 gram\u00f3w magicznych trufli i herbaty Shamanita z dodatkiem hibiskusa i lawendy, zapewniaj\u0105ca wspania\u0142e doznania sensoryczne. Zaprojektowana z my\u015bl\u0105 o mikrodawkowaniu, herbata ta oferuje subtelne podniesienie nastroju, skupienia i kreatywno\u015bci bez przyt\u0142aczaj\u0105cych efekt\u00f3w, dzi\u0119ki czemu idealnie nadaje si\u0119 do poprawy codziennej rutyny. Podczas parzenia herbata zmienia kolor z koj\u0105cego niebiesko-zielonego na urzekaj\u0105cy fioletowy, dodaj\u0105c odrobin\u0119 magii do ka\u017cdego \u0142yku. \u0141agodne trufle wspieraj\u0105 klarowno\u015b\u0107 i r\u00f3wnowag\u0119 emocjonaln\u0105, podczas gdy mieszanka zi\u00f3\u0142 wzmacnia smak i relaks. Herbata Microdosing - McMicrodose, idealna dla pocz\u0105tkuj\u0105cych lub os\u00f3b poszukuj\u0105cych delikatnego pobudzenia, doskonale integruje si\u0119 z prac\u0105, kreatywnymi projektami lub chwilami towarzyskimi. \u0141atwa w przygotowaniu, zach\u0119ca u\u017cytkownik\u00f3w do delektowania si\u0119 \u015bwiadomym do\u015bwiadczeniem w dowolnym wygodnym otoczeniu. Ta herbata to co\u015b wi\u0119cej ni\u017c nap\u00f3j; to brama do wzbogaconej \u015bwiadomo\u015bci i dobrego samopoczucia. Zawsze spo\u017cywaj j\u0105 odpowiedzialnie, zaczynaj\u0105c od ma\u0142ej dawki, aby oceni\u0107 efekty, i ciesz si\u0119 czaruj\u0105c\u0105 podr\u00f3\u017c\u0105, kt\u00f3r\u0105 oferuje. Herbata Microdosing - McMicrodose wzbogaca codzienne chwile, wspieraj\u0105c inspiracj\u0119 i wi\u0119\u017a dzi\u0119ki swojemu wyj\u0105tkowemu, aromatycznemu urokowi.<\/p>\n<h2>Historia herbaty Microdosing - McMicrodose<\/h2>\n<p>Herbata Microdosing - McMicrodose wywodzi si\u0119 ze staro\u017cytnego stosowania substancji psychoaktywnych w celu poprawy funkcji poznawczych i emocjonalnych. Magiczne trufle, rdze\u0144 tej herbaty, by\u0142y u\u017cywane od wiek\u00f3w w r\u00f3\u017cnych kulturach w celu promowania jasno\u015bci i duchowego po\u0142\u0105czenia, cz\u0119sto w ma\u0142ych dawkach. Nowoczesny ruch mikrodawkowania, zyskuj\u0105cy na popularno\u015bci w ostatnich dziesi\u0119cioleciach, opiera si\u0119 na tej tradycji, k\u0142ad\u0105c nacisk na psychodeliki w niskich dawkach dla kreatywno\u015bci i dobrego samopoczucia. Herbata Microdosing - McMicrodose \u0142\u0105czy te u\u015bwi\u0119cone tradycj\u0105 trufle z herbat\u0105 Shamanita, zio\u0142ow\u0105 mieszank\u0105 inspirowan\u0105 praktykami szama\u0144skimi, tworz\u0105c wsp\u00f3\u0142czesny produkt. Napar z hibiskusa i lawendy odzwierciedla skupienie si\u0119 na przyjemno\u015bci sensorycznej, dostosowuj\u0105c si\u0119 do rosn\u0105cego zainteresowania psychodelikami skoncentrowanymi na zdrowiu. Herbata ta pojawi\u0142a si\u0119 jako odpowied\u017a na zapotrzebowanie na subtelne, funkcjonalne ulepszenia, kt\u00f3re pasuj\u0105 do intensywnego stylu \u017cycia. Jej wzrost podkre\u015bla zmian\u0119 kulturow\u0105 w kierunku \u015bwiadomego stosowania psychodelik\u00f3w w niskich dawkach w celu rozwoju osobistego i produktywno\u015bci. \u0141\u0105cz\u0105c staro\u017cytn\u0105 m\u0105dro\u015b\u0107 z nowoczesnymi innowacjami, herbata Microdosing - McMicrodose oferuje \u0142agodny, przyst\u0119pny spos\u00f3b odkrywania \u015bwiadomo\u015bci, zach\u0119caj\u0105c u\u017cytkownik\u00f3w do anga\u017cowania si\u0119 w swoje wewn\u0119trzne ja przy jednoczesnym zachowaniu codziennej funkcjonalno\u015bci, a wszystko to w bezpiecznych i aromatycznych ramach.<\/p>\n<h2>Jak u\u017cywa\u0107 herbaty Microdosing - McMicrodose<\/h2>\n<p>Przygotowanie herbaty Magic Microdosing to prosty proces, kt\u00f3ry zwi\u0119ksza og\u00f3lne doznania:<\/p>\n<p>1. Zagotuj 1,5 litra wody w czajniku lub garnku. Gdy woda zacznie wrze\u0107, zdejmij j\u0105 z ognia i pozw\u00f3l jej ostygn\u0105\u0107 przez kilka minut do oko\u0142o 80 stopni Celsjusza. Jest to odpowiednia temperatura dla herbaty Shamanita.<br \/>\n2. Umie\u015b\u0107 torebk\u0119 herbaty Shamanita w czajniczku lub dzbanku. Opcjonalnie dodaj wybran\u0105 dodatkow\u0105 torebk\u0119 herbaty.<br \/>\n3. Ostro\u017cnie zalej gor\u0105c\u0105 wod\u0105 torebk\u0119 herbaty Shamanita w czajniczku lub dzbanku.<br \/>\n4. Pozostaw herbat\u0119 do zaparzenia na oko\u0142o 7 minut. Dok\u0142adny czas parzenia mo\u017ce si\u0119 r\u00f3\u017cni\u0107 w zale\u017cno\u015bci od osobistych preferencji, ale nie nale\u017cy parzy\u0107 zbyt d\u0142ugo, aby herbata nie sta\u0142a si\u0119 zbyt mocna. Je\u015bli masz dodatkow\u0105 torebk\u0119 z herbat\u0105, pami\u0119taj, aby wyj\u0105\u0107 j\u0105 na czas.<br \/>\n5. Wyjmij torebk\u0119 Shamanita z czajniczka lub dzbanka i wyrzu\u0107 j\u0105.<br \/>\n6. Podawaj herbat\u0119 Shamanita na ciep\u0142o w fili\u017cankach lub szklankach.<\/p>\n<h2>Sk\u0142adniki herbaty Microdosing - McMicrodose<\/h2>\n<p>Herbata Microdosing - McMicrodose sk\u0142ada si\u0119 z 6 gram\u00f3w magicznych trufli i herbaty Shamanita, zawieraj\u0105cej zachwycaj\u0105c\u0105 mieszank\u0119 hibiskusa i lawendy. Magiczne trufle, wybrane ze wzgl\u0119du na ich \u0142agodn\u0105 moc, zawieraj\u0105 naturalne zwi\u0105zki, kt\u00f3re subtelnie poprawiaj\u0105 nastr\u00f3j, koncentracj\u0119 i kreatywno\u015b\u0107, idealne do mikrodawkowania. Trufle te s\u0105 uprawiane w celu zapewnienia sta\u0142ej jako\u015bci, zapewniaj\u0105c \u0142agodny efekt, kt\u00f3ry wspiera codzienn\u0105 funkcjonalno\u015b\u0107. Herbata Shamanita, zastrze\u017cona mieszanka zi\u00f3\u0142, zawiera hibiskus o \u017cywym smaku i lawend\u0119 o w\u0142a\u015bciwo\u015bciach uspokajaj\u0105cych, tworz\u0105c koj\u0105ce, aromatyczne doznania. Mieszanka ta wzmacnia dzia\u0142anie trufli, jednocze\u015bnie dodaj\u0105c wizualnie osza\u0142amiaj\u0105c\u0105 zmian\u0119 koloru z niebiesko-zielonego na fioletowy podczas parzenia. Nie stosuje si\u0119 \u017cadnych sztucznych dodatk\u00f3w ani konserwant\u00f3w, zapewniaj\u0105c czysty, naturalny produkt. Synergia mi\u0119dzy truflami i herbat\u0105 zio\u0142ow\u0105 sprzyja zr\u00f3wnowa\u017conemu, podnosz\u0105cemu na duchu do\u015bwiadczeniu, idealnemu dla os\u00f3b poszukuj\u0105cych \u015bwiadomego wzmocnienia. Sk\u0142adniki s\u0105 pozyskiwane z dba\u0142o\u015bci\u0105 o zachowanie \u015bwie\u017co\u015bci i mocy, oferuj\u0105c niezawodn\u0105 i czaruj\u0105c\u0105 herbat\u0119. Herbat\u0119 nale\u017cy przechowywa\u0107 w ch\u0142odnym i suchym miejscu, aby zachowa\u0107 jej jako\u015b\u0107. Herbata Microdosing - McMicrodose zapewnia wyj\u0105tkowy, aromatyczny spos\u00f3b na podniesienie codziennych chwil, wspieraj\u0105c kreatywno\u015b\u0107 i dobre samopoczucie z ka\u017cdym \u0142ykiem.<\/p>\n<p><strong>Ostrze\u017cenie<\/strong><br \/>\nStosowa\u0107 wy\u0142\u0105cznie przez osoby powy\u017cej 18 roku \u017cycia i przechowywa\u0107 w miejscu niedost\u0119pnym dla dzieci. Skonsultuj si\u0119 z lekarzem przed u\u017cyciem, je\u015bli jeste\u015b w ci\u0105\u017cy, karmisz piersi\u0105 lub masz problemy zdrowotne. Unika\u0107 stosowania w przypadku problem\u00f3w z nerkami lub sercem, wysokiego lub niskiego ci\u015bnienia krwi, cukrzycy lub pod wp\u0142ywem lek\u00f3w, alkoholu lub narkotyk\u00f3w. Ten produkt nie jest lekiem. Nie kupowa\u0107, je\u015bli plomba jest uszkodzona.<\/p>","protected":false},"excerpt":{"rendered":"<p dir=\"auto\">Herbata Microdosing - McMicrodose, z 6 gramami magicznych trufli, \u0142\u0105czy hibiskus i lawend\u0119, zapewniaj\u0105c subtelne, podnosz\u0105ce na duchu doznania. Ta czaruj\u0105ca herbata poprawia nastr\u00f3j, koncentracj\u0119 i kreatywno\u015b\u0107, zmieniaj\u0105c codzienn\u0105 rutyn\u0119 dzi\u0119ki hipnotyzuj\u0105cej zmianie koloru z niebiesko-zielonego na g\u0142\u0119boki fiolet.<\/p>","protected":false},"featured_media":128683,"template":"","meta":[],"product_brand":[],"product_cat":[620,297,615,625,515,476],"product_tag":[662],"class_list":{"0":"post-118510","1":"product","2":"type-product","3":"status-publish","4":"has-post-thumbnail","6":"product_cat-shamanita","7":"product_cat-all-products","8":"product_cat-magic-truffle-tea","9":"product_cat-mcmicrodose","10":"product_cat-shroomshop","11":"product_cat-smartshop","12":"product_tag-shrdeal","13":"product_shipping_class-creditcard-off","15":"first","16":"instock","17":"taxable","18":"shipping-taxable","19":"purchasable","20":"product-type-variable","21":"has-default-attributes"},"_links":{"self":[{"href":"https:\/\/www.tatanka.nl\/pl\/wp-json\/wp\/v2\/product\/118510","targetHints":{"allow":["GET"]}}],"collection":[{"href":"https:\/\/www.tatanka.nl\/pl\/wp-json\/wp\/v2\/product"}],"about":[{"href":"https:\/\/www.tatanka.nl\/pl\/wp-json\/wp\/v2\/types\/product"}],"wp:featuredmedia":[{"embeddable":true,"href":"https:\/\/www.tatanka.nl\/pl\/wp-json\/wp\/v2\/media\/128683"}],"wp:attachment":[{"href":"https:\/\/www.tatanka.nl\/pl\/wp-json\/wp\/v2\/media?parent=118510"}],"wp:term":[{"taxonomy":"product_brand","embeddable":true,"href":"https:\/\/www.tatanka.nl\/pl\/wp-json\/wp\/v2\/product_brand?post=118510"},{"taxonomy":"product_cat","embeddable":true,"href":"https:\/\/www.tatanka.nl\/pl\/wp-json\/wp\/v2\/product_cat?post=118510"},{"taxonomy":"product_tag","embeddable":true,"href":"https:\/\/www.tatanka.nl\/pl\/wp-json\/wp\/v2\/product_tag?post=118510"}],"curies":[{"name":"wp","href":"https:\/\/api.w.org\/{rel}","templated":true}]}}