{"id":118517,"date":"2024-01-26T10:52:43","date_gmt":"2024-01-26T08:52:43","guid":{"rendered":"https:\/\/www.tatanka.nl\/?post_type=product&#038;p=118517"},"modified":"2025-11-04T11:58:48","modified_gmt":"2025-11-04T10:58:48","slug":"starter-tea-mexicana-10-grams","status":"publish","type":"product","link":"https:\/\/www.tatanka.nl\/pl\/starter-tea-mexicana-10-grams\/","title":{"rendered":"Starter Herbata: Mexicana 10 gram\u00f3w"},"content":{"rendered":"<h2>Czym jest herbata Starter - Mexicana?<\/h2>\n<p>Starter Tea - Mexicana to starannie opracowana mieszanka 10 gram\u00f3w Mexicana Magic Truffles i Shamanita Tea, przeznaczona dla os\u00f3b pocz\u0105tkuj\u0105cych z psychodelikami lub poszukuj\u0105cych \u0142agodnych dozna\u0144. Herbata ta promuje \u0142agodn\u0105 eufori\u0119 przypominaj\u0105c\u0105 odurzenie, zwi\u0119kszaj\u0105c kreatywno\u015b\u0107, skupienie i r\u00f3wnowag\u0119 emocjonaln\u0105 bez znacz\u0105cej zmiany percepcji. Trufle Mexicana, znane ze swoich \u0142agodnych, ale skutecznych w\u0142a\u015bciwo\u015bci, p\u0142ynnie \u0142\u0105cz\u0105 si\u0119 z herbat\u0105 zio\u0142ow\u0105, tworz\u0105c koj\u0105c\u0105, introspektywn\u0105 podr\u00f3\u017c. Idealna dla pocz\u0105tkuj\u0105cych, herbata Starter - Mexicana wspiera stan spokojnej \u015bwiadomo\u015bci, idealny do artystycznej ekspresji lub medytacji. Herbata jest prosta w przygotowaniu, pozwalaj\u0105c u\u017cytkownikom parzy\u0107 trufle i zio\u0142a w celu uzyskania zr\u00f3wnowa\u017conego efektu. Spo\u017cywana w zrelaksowanym otoczeniu, oferuje bezpieczny spos\u00f3b na odkrywanie wewn\u0119trznych krajobraz\u00f3w przy jednoczesnym zachowaniu jasno\u015bci. Ten produkt to co\u015b wi\u0119cej ni\u017c nap\u00f3j; to zaproszenie do rozwoju osobistego i uwa\u017cnej eksploracji. Zawsze zaczynaj od ma\u0142ej dawki, aby oceni\u0107 efekty, i zapewnij wygodne ustawienie, aby uzyska\u0107 najlepsze wra\u017cenia. Herbata Starter - Mexicana to punkt wyj\u015bcia do harmonijnej, o\u015bwiecaj\u0105cej przygody, kt\u00f3ra piel\u0119gnuje zar\u00f3wno umys\u0142, jak i ducha.<\/p>\n<h2>Historia herbaty Starter - Mexicana<\/h2>\n<p>Dziedzictwo herbaty Starter - Mexicana czerpie ze staro\u017cytnych praktyk stosowania substancji psychoaktywnych w celu rozwoju duchowego i emocjonalnego. Magiczne trufle, takie jak te w tej mieszance, by\u0142y u\u017cywane od wiek\u00f3w w r\u00f3\u017cnych kulturach, cz\u0119sto w ceremoniach maj\u0105cych na celu wspieranie jasno\u015bci i po\u0142\u0105czenia. Odmiana Mexicana, nazwana tak ze wzgl\u0119du na swoje pochodzenie z Meksyku, by\u0142a historycznie ceniona za \u0142agodne dzia\u0142anie, co czyni\u0142o j\u0105 ulubion\u0105 dla pocz\u0105tkuj\u0105cych u\u017cytkownik\u00f3w. Nowoczesna wersja tej herbaty \u0142\u0105czy te tradycyjne trufle z herbat\u0105 Shamanita, mieszank\u0105 zi\u00f3\u0142 inspirowan\u0105 tradycjami szama\u0144skimi, aby wzmocni\u0107 doznania. Po\u0142\u0105czenie to odzwierciedla rosn\u0105ce zainteresowanie psychodelikami dla dobrego samopoczucia i kreatywno\u015bci, \u0142\u0105cz\u0105c staro\u017cytn\u0105 m\u0105dro\u015b\u0107 ze wsp\u00f3\u0142czesnymi innowacjami. Herbata Starter - Mexicana pojawi\u0142a si\u0119 jako odpowied\u017a na zapotrzebowanie na dost\u0119pne, \u0142agodne do\u015bwiadczenia psychodeliczne, kt\u00f3re stawiaj\u0105 na r\u00f3wnowag\u0119 i uwa\u017cno\u015b\u0107. Jej rosn\u0105ca popularno\u015b\u0107 podkre\u015bla zmian\u0119 kulturow\u0105 w kierunku celowego stosowania niskich dawek psychodelik\u00f3w w celu rozwoju osobistego. Oferuj\u0105c \u0142agodn\u0105, ale g\u0142\u0119bok\u0105 podr\u00f3\u017c, herbata ta honoruje swoje historyczne korzenie, zapewniaj\u0105c jednocze\u015bnie nowoczesny, przyst\u0119pny spos\u00f3b odkrywania \u015bwiadomo\u015bci, zach\u0119caj\u0105c u\u017cytkownik\u00f3w do anga\u017cowania si\u0119 w swoje wewn\u0119trzne ja w bezpieczny, refleksyjny spos\u00f3b.<\/p>\n<h2>Jak u\u017cywa\u0107 herbaty Starter - Mexicana<\/h2>\n<p>Przygotowanie herbaty Magic Truffle Starter to prosty proces, kt\u00f3ry zwi\u0119ksza og\u00f3lne doznania:<\/p>\n<p>1. Zagotuj 1,5 litra wody w czajniku lub rondlu. Gdy woda zacznie wrze\u0107, zdejmij j\u0105 z ognia i pozw\u00f3l jej ostygn\u0105\u0107 przez kilka minut do oko\u0142o 80 stopni Celsjusza.<br \/>\n2. Umie\u015b\u0107 torebk\u0119 herbaty Shamanita w czajniczku lub dzbanku.<br \/>\n3. Zmiel lub posiekaj magiczne trufle na ma\u0142e kawa\u0142ki, a nast\u0119pnie nape\u0142nij nimi dostarczon\u0105 pust\u0105 torebk\u0119 herbaty i umie\u015b\u0107 j\u0105 w czajniczku lub dzbanku.<br \/>\n4. Ostro\u017cnie zalej torebki herbaty gor\u0105c\u0105 wod\u0105 w czajniczku lub dzbanku.<br \/>\n5. Pozostaw herbat\u0119 Shamanita do zaparzenia na oko\u0142o 7 minut. Dok\u0142adny czas parzenia mo\u017ce r\u00f3\u017cni\u0107 si\u0119 w zale\u017cno\u015bci od osobistych preferencji. Nast\u0119pnie wyjmij torebk\u0119 z herbat\u0105 Shamanita z czajniczka lub dzbanka.<br \/>\n6. Pozostaw torebk\u0119 z herbat\u0105 Magic Truffles do zaparzenia na 10-15 minut.<br \/>\n7. Po zaparzeniu wyjmij torebk\u0119 herbaty z magicznymi truflami. Mo\u017cesz zje\u015b\u0107 trufle dla dodatkowego wzmocnienia.<br \/>\n8. Podawaj herbat\u0119 Shamanita na ciep\u0142o w fili\u017cankach lub szklankach.<\/p>\n<h2>Sk\u0142adniki herbaty Starter - Mexicana<\/h2>\n<p>Herbata Starter - Mexicana sk\u0142ada si\u0119 z dw\u00f3ch podstawowych sk\u0142adnik\u00f3w: 10 gram\u00f3w magicznych trufli Mexicana i herbaty Shamanita. Trufle Mexicana, starannie wyselekcjonowane ze wzgl\u0119du na ich \u0142agodn\u0105 moc, zawieraj\u0105 naturalne zwi\u0105zki, kt\u00f3re promuj\u0105 kreatywno\u015b\u0107, skupienie i r\u00f3wnowag\u0119 emocjonaln\u0105, oferuj\u0105c delikatny efekt euforyczny. Trufle te s\u0105 uprawiane w celu zapewnienia sta\u0142ej jako\u015bci, dzi\u0119ki czemu s\u0105 idealne dla pocz\u0105tkuj\u0105cych. Herbata Shamanita, zastrze\u017cona mieszanka zi\u00f3\u0142, uzupe\u0142nia trufle, wzmacniaj\u0105c ich dzia\u0142anie i dodaj\u0105c koj\u0105cy, smakowy wymiar. Herbata zawiera sk\u0142adniki ro\u015blinne wybrane w celu promowania relaksu i wzmocnienia podnosz\u0105cych na duchu w\u0142a\u015bciwo\u015bci trufli, tworz\u0105c harmonijne doznania. Nie stosuje si\u0119 \u017cadnych sztucznych dodatk\u00f3w ani konserwant\u00f3w, zapewniaj\u0105c czysty, naturalny produkt. Synergia mi\u0119dzy truflami i herbat\u0105 zio\u0142ow\u0105 sprzyja zr\u00f3wnowa\u017conej podr\u00f3\u017cy, idealnej do introspekcji i ekspresji artystycznej. Sk\u0142adniki s\u0105 pozyskiwane z dba\u0142o\u015bci\u0105 o zachowanie ich mocy i \u015bwie\u017co\u015bci, zapewniaj\u0105c niezawodne i wzbogacaj\u0105ce doznania. Produkt nale\u017cy przechowywa\u0107 w ch\u0142odnym i suchym miejscu, aby zachowa\u0107 jego jako\u015b\u0107. Herbata Starter - Mexicana oferuje \u0142agodny, ale znacz\u0105cy spos\u00f3b odkrywania \u015bwiadomo\u015bci, co czyni j\u0105 wyj\u0105tkowym wyborem dla os\u00f3b poszukuj\u0105cych uwa\u017cnych, psychodelicznych do\u015bwiadcze\u0144 o niskiej intensywno\u015bci.<\/p>\n<p><strong>Ostrze\u017cenie<\/strong><br \/>\nStosowa\u0107 wy\u0142\u0105cznie przez osoby powy\u017cej 18 roku \u017cycia i przechowywa\u0107 w miejscu niedost\u0119pnym dla dzieci. Skonsultuj si\u0119 z lekarzem przed u\u017cyciem, je\u015bli jeste\u015b w ci\u0105\u017cy, karmisz piersi\u0105 lub masz problemy zdrowotne. Unika\u0107 stosowania w przypadku problem\u00f3w z nerkami lub sercem, wysokiego lub niskiego ci\u015bnienia krwi, cukrzycy lub pod wp\u0142ywem lek\u00f3w, alkoholu lub narkotyk\u00f3w. Ten produkt nie jest lekiem. Nie kupowa\u0107, je\u015bli plomba jest uszkodzona.<\/p>","protected":false},"excerpt":{"rendered":"<p dir=\"auto\">Herbata Starter - Mexicana, z 10 gramami Mexicana Magic Truffles i Shamanita Tea, oferuje \u0142agodne wprowadzenie do psychodelicznych do\u015bwiadcze\u0144. Idealna dla pocz\u0105tkuj\u0105cych, mieszanka ta zwi\u0119ksza kreatywno\u015b\u0107, koncentracj\u0119 i r\u00f3wnowag\u0119 emocjonaln\u0105, zapewniaj\u0105c lekk\u0105, euforyczn\u0105 podr\u00f3\u017c w spokojnym otoczeniu.<\/p>","protected":false},"featured_media":118796,"template":"","meta":[],"product_brand":[],"product_cat":[620,297,615,515,476],"product_tag":[662],"class_list":{"0":"post-118517","1":"product","2":"type-product","3":"status-publish","4":"has-post-thumbnail","6":"product_cat-shamanita","7":"product_cat-all-products","8":"product_cat-magic-truffle-tea","9":"product_cat-shroomshop","10":"product_cat-smartshop","11":"product_tag-shrdeal","12":"product_shipping_class-creditcard-off","14":"first","15":"instock","16":"taxable","17":"shipping-taxable","18":"purchasable","19":"product-type-variable","20":"has-default-attributes"},"_links":{"self":[{"href":"https:\/\/www.tatanka.nl\/pl\/wp-json\/wp\/v2\/product\/118517","targetHints":{"allow":["GET"]}}],"collection":[{"href":"https:\/\/www.tatanka.nl\/pl\/wp-json\/wp\/v2\/product"}],"about":[{"href":"https:\/\/www.tatanka.nl\/pl\/wp-json\/wp\/v2\/types\/product"}],"wp:featuredmedia":[{"embeddable":true,"href":"https:\/\/www.tatanka.nl\/pl\/wp-json\/wp\/v2\/media\/118796"}],"wp:attachment":[{"href":"https:\/\/www.tatanka.nl\/pl\/wp-json\/wp\/v2\/media?parent=118517"}],"wp:term":[{"taxonomy":"product_brand","embeddable":true,"href":"https:\/\/www.tatanka.nl\/pl\/wp-json\/wp\/v2\/product_brand?post=118517"},{"taxonomy":"product_cat","embeddable":true,"href":"https:\/\/www.tatanka.nl\/pl\/wp-json\/wp\/v2\/product_cat?post=118517"},{"taxonomy":"product_tag","embeddable":true,"href":"https:\/\/www.tatanka.nl\/pl\/wp-json\/wp\/v2\/product_tag?post=118517"}],"curies":[{"name":"wp","href":"https:\/\/api.w.org\/{rel}","templated":true}]}}