{"id":118541,"date":"2024-01-26T10:53:32","date_gmt":"2024-01-26T08:53:32","guid":{"rendered":"https:\/\/www.tatanka.nl\/?post_type=product&#038;p=118541"},"modified":"2025-11-04T11:58:47","modified_gmt":"2025-11-04T10:58:47","slug":"euphoric-tea-atlantis-15-grams","status":"publish","type":"product","link":"https:\/\/www.tatanka.nl\/pl\/euphoric-tea-atlantis-15-grams\/","title":{"rendered":"Euphoric Herbata: Atlantis 15 gram\u00f3w"},"content":{"rendered":"<h2>Czym jest herbata Atlantis Euphoric?<\/h2>\n<p>Herbata Atlantis Euphoric to zachwycaj\u0105ca mieszanka 15 gram\u00f3w trufli Atlantis Magic Truffles i specjalnie dobranej herbaty zio\u0142owej, zaprojektowanej w celu wywo\u0142ania rado\u015bci i jasno\u015bci umys\u0142u. Ta wyj\u0105tkowa herbata wywo\u0142uje delikatn\u0105 eufori\u0119, podobn\u0105 do lekkiego, radosnego brz\u0119czenia, bez intensywno\u015bci pe\u0142nego psychodelicznego tripu. Magiczne trufle, wybrane ze wzgl\u0119du na ich wysok\u0105 jako\u015b\u0107, poprawiaj\u0105 nastr\u00f3j, koncentracj\u0119 i kreatywno\u015b\u0107, dzi\u0119ki czemu herbata ta jest idealna dla os\u00f3b poszukuj\u0105cych podnosz\u0105cych na duchu, ale uziemionych do\u015bwiadcze\u0144. Herbata zio\u0142owa uzupe\u0142nia trufle, wzmacniaj\u0105c ich radosne dzia\u0142anie, jednocze\u015bnie promuj\u0105c relaks i introspekcj\u0119. Herbata Atlantis Euphoric, idealna do spotka\u0144 towarzyskich lub cichej refleksji, wprowadza w stan b\u0142ogiego zadowolenia, kt\u00f3ry wzbogaca rzeczywisto\u015b\u0107, a nie j\u0105 zniekszta\u0142ca. \u0141atwa w przygotowaniu, zach\u0119ca u\u017cytkownik\u00f3w do delektowania si\u0119 \u015bwiadom\u0105 podr\u00f3\u017c\u0105 w komfortowym otoczeniu. Niezale\u017cnie od tego, czy odkrywasz kreatywne pomys\u0142y, czy po prostu szukasz spokojnej ucieczki, ta herbata oferuje harmonijn\u0105 r\u00f3wnowag\u0119 uniesienia i \u015bwiadomo\u015bci. Zawsze spo\u017cywaj j\u0105 odpowiedzialnie, zaczynaj\u0105c od ma\u0142ej dawki, aby oceni\u0107 efekty, i zapewnij spokojne otoczenie, aby uzyska\u0107 najlepsze wra\u017cenia. Herbata Atlantis Euphoric to brama do radosnej, pouczaj\u0105cej przygody.<\/p>\n<h2>Historia herbaty Atlantis Euphoric<\/h2>\n<p>Korzenie herbaty Atlantis Euphoric tkwi\u0105 w staro\u017cytnym stosowaniu substancji psychoaktywnych w celu wzbogacenia emocjonalnego i duchowego. Magiczne trufle, b\u0119d\u0105ce sercem tej mieszanki, by\u0142y czczone w r\u00f3\u017cnych kulturach od wiek\u00f3w, cz\u0119sto u\u017cywane w rytua\u0142ach maj\u0105cych na celu popraw\u0119 nastroju i wzmocnienie wi\u0119zi. Nowoczesna kreacja tej herbaty czerpie z tego dziedzictwa, \u0142\u0105cz\u0105c u\u015bwi\u0119cone tradycje ze wsp\u00f3\u0142czesnymi praktykami wellness. Atlantis Magic Truffles, wybrane ze wzgl\u0119du na ich zr\u00f3wnowa\u017cone i podnosz\u0105ce na duchu dzia\u0142anie, zosta\u0142y po\u0142\u0105czone z niestandardow\u0105 herbat\u0105 zio\u0142ow\u0105 inspirowan\u0105 szama\u0144skim zio\u0142olecznictwem, aby stworzy\u0107 wyj\u0105tkowy produkt. Po\u0142\u0105czenie to pojawi\u0142o si\u0119 wraz ze wzrostem zainteresowania naturalnymi psychodelikami, szczeg\u00f3lnie ze wzgl\u0119du na ich potencja\u0142 do zwi\u0119kszania kreatywno\u015bci i dobrego samopoczucia emocjonalnego. Formu\u0142a herbaty odzwierciedla starann\u0105 r\u00f3wnowag\u0119, zaprojektowan\u0105 tak, aby dostarcza\u0107 rado\u015bci bez przyt\u0142aczania zmys\u0142\u00f3w. Herbata Atlantis Euphoric reprezentuje nowoczesn\u0105 ewolucj\u0119 tych praktyk, oferuj\u0105c delikatny, ale g\u0142\u0119boki spos\u00f3b na odkrywanie wewn\u0119trznych krajobraz\u00f3w. Jej popularno\u015b\u0107 podkre\u015bla zmian\u0119 kulturow\u0105 w kierunku \u015bwiadomego, celowego stosowania psychodelik\u00f3w do rozwoju osobistego. Poprzez uhonorowanie staro\u017cytnej m\u0105dro\u015bci przy jednoczesnym przyj\u0119ciu innowacji, herbata ta zaprasza u\u017cytkownik\u00f3w do do\u015bwiadczenia tej samej podnosz\u0105cej na duchu jasno\u015bci, kt\u00f3ra inspirowa\u0142a poszukiwaczy na przestrzeni dziej\u00f3w, a wszystko to w bezpiecznych i przyst\u0119pnych ramach.<\/p>\n<h2>Jak korzysta\u0107 z herbaty Atlantis Euphoric<\/h2>\n<p>Przygotowanie herbaty Magic Truffle Euphoric to prosty proces, kt\u00f3ry zwi\u0119ksza og\u00f3lne doznania:<\/p>\n<p>1. Zagotuj 1,5 litra wody w czajniku lub rondlu. Gdy woda zacznie wrze\u0107, zdejmij j\u0105 z ognia i pozw\u00f3l jej ostygn\u0105\u0107 przez kilka minut do oko\u0142o 80 stopni Celsjusza.<br \/>\n2. Umie\u015b\u0107 torebk\u0119 herbaty Shamanita w czajniczku lub dzbanku.<br \/>\n3. Zmiel lub posiekaj magiczne trufle na ma\u0142e kawa\u0142ki, a nast\u0119pnie nape\u0142nij nimi dostarczon\u0105 pust\u0105 torebk\u0119 herbaty i umie\u015b\u0107 j\u0105 w czajniczku lub dzbanku.<br \/>\n4. Ostro\u017cnie zalej torebki herbaty gor\u0105c\u0105 wod\u0105 w czajniczku lub dzbanku.<br \/>\n5. Pozostaw herbat\u0119 Shamanita do zaparzenia na oko\u0142o 7 minut. Dok\u0142adny czas parzenia mo\u017ce r\u00f3\u017cni\u0107 si\u0119 w zale\u017cno\u015bci od osobistych preferencji. Nast\u0119pnie wyjmij torebk\u0119 z herbat\u0105 Shamanita z czajniczka lub dzbanka.<br \/>\n6. Pozostaw torebk\u0119 z herbat\u0105 Magic Truffles do zaparzenia na 10-15 minut.<br \/>\n7. Po zaparzeniu wyjmij torebk\u0119 herbaty z magicznymi truflami. Mo\u017cesz zje\u015b\u0107 trufle dla dodatkowego wzmocnienia.<br \/>\n8. Podawaj herbat\u0119 Shamanita na ciep\u0142o w fili\u017cankach lub szklankach.<\/p>\n<h2>Sk\u0142adniki herbaty Atlantis Euphoric<\/h2>\n<p>Herbata Atlantis Euphoric sk\u0142ada si\u0119 z dw\u00f3ch kluczowych sk\u0142adnik\u00f3w: 15 gram\u00f3w magicznych trufli Atlantis i niestandardowej mieszanki herbat zio\u0142owych. Magiczne trufle, znane ze swoich podnosz\u0105cych na duchu w\u0142a\u015bciwo\u015bci, s\u0105 starannie uprawiane, aby zapewni\u0107 sta\u0142\u0105 jako\u015b\u0107 i moc. Zawieraj\u0105 one naturalne zwi\u0105zki, kt\u00f3re poprawiaj\u0105 nastr\u00f3j, zwi\u0119kszaj\u0105 koncentracj\u0119 i pobudzaj\u0105 kreatywno\u015b\u0107, zapewniaj\u0105c delikatne, euforyczne doznania. Herbata zio\u0142owa, b\u0119d\u0105ca zastrze\u017con\u0105 mieszank\u0105 starannie wyselekcjonowanych ro\u015blin, wzmacnia dzia\u0142anie trufli, jednocze\u015bnie dodaj\u0105c herbacie koj\u0105cego, aromatycznego wymiaru. Mieszanka ta ma na celu promowanie relaksu i wzmacnianie radosnych w\u0142a\u015bciwo\u015bci trufli, tworz\u0105c harmonijn\u0105 r\u00f3wnowag\u0119, kt\u00f3ra wspiera introspekcj\u0119 i jasno\u015b\u0107 emocjonaln\u0105. Do produkcji nie u\u017cyto \u017cadnych sztucznych dodatk\u00f3w ani konserwant\u00f3w, dzi\u0119ki czemu otrzymano czysty, naturalny produkt. Synergia mi\u0119dzy truflami i herbat\u0105 zio\u0142ow\u0105 tworzy wyj\u0105tkowe do\u015bwiadczenie, dzi\u0119ki czemu herbata Atlantis Euphoric jest idealna dla os\u00f3b poszukuj\u0105cych lekkiej, podnosz\u0105cej na duchu podr\u00f3\u017cy. Sk\u0142adniki s\u0105 pozyskiwane z dba\u0142o\u015bci\u0105 o zachowanie ich mocy i jako\u015bci, oferuj\u0105c u\u017cytkownikom niezawodne i wzbogacaj\u0105ce doznania. Produkt nale\u017cy przechowywa\u0107 w ch\u0142odnym i suchym miejscu, aby zachowa\u0107 jego \u015bwie\u017co\u015b\u0107 i skuteczno\u015b\u0107, zapewniaj\u0105c, \u017ce ka\u017cda fili\u017canka zapewni zamierzone b\u0142ogie efekty.<\/p>\n<p><strong>Ostrze\u017cenie<\/strong><br \/>\nStosowa\u0107 wy\u0142\u0105cznie przez osoby powy\u017cej 18 roku \u017cycia i przechowywa\u0107 w miejscu niedost\u0119pnym dla dzieci. Skonsultuj si\u0119 z lekarzem przed u\u017cyciem, je\u015bli jeste\u015b w ci\u0105\u017cy, karmisz piersi\u0105 lub masz problemy zdrowotne. Unika\u0107 stosowania w przypadku problem\u00f3w z nerkami lub sercem, wysokiego lub niskiego ci\u015bnienia krwi, cukrzycy lub pod wp\u0142ywem lek\u00f3w, alkoholu lub narkotyk\u00f3w. Ten produkt nie jest lekiem. Nie kupowa\u0107, je\u015bli plomba jest uszkodzona.<\/p>","protected":false},"excerpt":{"rendered":"<p dir=\"auto\">Herbata Atlantis Euphoric z dodatkiem 15 gram\u00f3w trufli Atlantis Magic Truffles zapewnia radosne, podnosz\u0105ce na duchu doznania. Ta fachowo przygotowana mieszanka promuje eufori\u0119, jasno\u015b\u0107 umys\u0142u i kreatywn\u0105 inspiracj\u0119 bez intensywnych psychodelik\u00f3w, idealna dla os\u00f3b poszukuj\u0105cych lekkiej, b\u0142ogiej podr\u00f3\u017cy w spokojnym otoczeniu.<\/p>","protected":false},"featured_media":118781,"template":"","meta":[],"product_brand":[],"product_cat":[620,297,615,515,476],"product_tag":[662],"class_list":{"0":"post-118541","1":"product","2":"type-product","3":"status-publish","4":"has-post-thumbnail","6":"product_cat-shamanita","7":"product_cat-all-products","8":"product_cat-magic-truffle-tea","9":"product_cat-shroomshop","10":"product_cat-smartshop","11":"product_tag-shrdeal","12":"product_shipping_class-creditcard-off","14":"first","15":"instock","16":"taxable","17":"shipping-taxable","18":"purchasable","19":"product-type-variable","20":"has-default-attributes"},"_links":{"self":[{"href":"https:\/\/www.tatanka.nl\/pl\/wp-json\/wp\/v2\/product\/118541","targetHints":{"allow":["GET"]}}],"collection":[{"href":"https:\/\/www.tatanka.nl\/pl\/wp-json\/wp\/v2\/product"}],"about":[{"href":"https:\/\/www.tatanka.nl\/pl\/wp-json\/wp\/v2\/types\/product"}],"wp:featuredmedia":[{"embeddable":true,"href":"https:\/\/www.tatanka.nl\/pl\/wp-json\/wp\/v2\/media\/118781"}],"wp:attachment":[{"href":"https:\/\/www.tatanka.nl\/pl\/wp-json\/wp\/v2\/media?parent=118541"}],"wp:term":[{"taxonomy":"product_brand","embeddable":true,"href":"https:\/\/www.tatanka.nl\/pl\/wp-json\/wp\/v2\/product_brand?post=118541"},{"taxonomy":"product_cat","embeddable":true,"href":"https:\/\/www.tatanka.nl\/pl\/wp-json\/wp\/v2\/product_cat?post=118541"},{"taxonomy":"product_tag","embeddable":true,"href":"https:\/\/www.tatanka.nl\/pl\/wp-json\/wp\/v2\/product_tag?post=118541"}],"curies":[{"name":"wp","href":"https:\/\/api.w.org\/{rel}","templated":true}]}}