{"id":118547,"date":"2024-01-26T10:54:06","date_gmt":"2024-01-26T08:54:06","guid":{"rendered":"https:\/\/www.tatanka.nl\/?post_type=product&#038;p=118547"},"modified":"2026-01-20T00:48:29","modified_gmt":"2026-01-19T23:48:29","slug":"tripping-tea-dragons-dynamite-20-grams","status":"publish","type":"product","link":"https:\/\/www.tatanka.nl\/pl\/tripping-tea-dragons-dynamite-20-grams\/","title":{"rendered":"Tripping Herbata: Dragon\u2019s Dynamite 20 gram\u00f3w"},"content":{"rendered":"<h2 dir=\"ltr\" data-pm-slice=\"1 1 []\">Czym jest herbata Dragon\u2019s Dynamite Tripping?<\/h2>\n<p dir=\"ltr\">Herbata Dragon\u2019s Dynamite Tripping to silnie psychodeliczna mieszanka \u0142\u0105cz\u0105ca 20 gram\u00f3w magicznych trufli z herbat\u0105 Shamanita, specjalnie wyselekcjonowanym naparem zio\u0142owym. Zaprojektowana z my\u015bl\u0105 o osobach poszukuj\u0105cych g\u0142\u0119bokiego zanurzenia w \u015bwiadomo\u015bci, herbata ta zapewnia \u017cywe halucynacje, zmienione postrzeganie zmys\u0142\u00f3w i czasu oraz intensywne doznania emocjonalne. Magiczne trufle, znane ze swojego silnego dzia\u0142ania, dzia\u0142aj\u0105 synergicznie z herbat\u0105 zio\u0142ow\u0105, wzmacniaj\u0105c podr\u00f3\u017c, wspieraj\u0105c kreatywno\u015b\u0107, introspekcj\u0119 i rozw\u00f3j duchowy. Idealna dla do\u015bwiadczonych u\u017cytkownik\u00f3w, oferuje transformuj\u0105ce do\u015bwiadczenie, gdy jest spo\u017cywana w spokojnym, komfortowym otoczeniu z trze\u017awym przewodnikiem. Herbata jest \u0142atwa w przygotowaniu, dzi\u0119ki czemu u\u017cytkownicy mog\u0105 parzy\u0107 trufle i zio\u0142a, aby uzyska\u0107 zr\u00f3wnowa\u017cony, wci\u0105gaj\u0105cy efekt. Produkt ten jest nie tylko napojem, ale tak\u017ce bram\u0105 do odkrywania g\u0142\u0119bszych sfer umys\u0142u, zach\u0119caj\u0105c do g\u0142\u0119bokich spostrze\u017ce\u0144 i artystycznej ekspresji. Jego starannie opracowana formu\u0142a zapewnia harmonijn\u0105 r\u00f3wnowag\u0119 mi\u0119dzy intensywno\u015bci\u0105 a uwa\u017cno\u015bci\u0105, dzi\u0119ki czemu jest to wyj\u0105tkowa oferta dla tych, kt\u00f3rzy s\u0105 gotowi wyruszy\u0107 w mistyczn\u0105 przygod\u0119. Zawsze przestrzegaj wytycznych dotycz\u0105cych dawkowania, aby zapewni\u0107 bezpieczne i pouczaj\u0105ce do\u015bwiadczenie.<\/p>\n<h2 dir=\"ltr\">Historia herbaty Dragon\u2019s Dynamite Tripping<\/h2>\n<p dir=\"ltr\">Pocz\u0105tki herbaty Dragon\u2019s Dynamite Tripping si\u0119gaj\u0105 staro\u017cytnych tradycji stosowania substancji psychoaktywnych w celu rozwoju duchowego i osobistego. Magiczne trufle, g\u0142\u00f3wny sk\u0142adnik, by\u0142y u\u017cywane przez wieki w r\u00f3\u017cnych kulturach ze wzgl\u0119du na ich w\u0142a\u015bciwo\u015bci zmieniaj\u0105ce umys\u0142, cz\u0119sto w rytua\u0142ach maj\u0105cych na celu po\u0142\u0105czenie si\u0119 z bosko\u015bci\u0105 lub odkrywanie siebie. Nowoczesna formu\u0142a tej herbaty wy\u0142oni\u0142a si\u0119 z odrodzenia zainteresowania psychodelikami w celach terapeutycznych i tw\u00f3rczych. Mieszaj\u0105c te trufle z herbat\u0105 Shamanita, mieszank\u0105 zio\u0142ow\u0105 inspirowan\u0105 praktykami szama\u0144skimi, produkt ten \u0142\u0105czy staro\u017cytn\u0105 m\u0105dro\u015b\u0107 ze wsp\u00f3\u0142czesnymi innowacjami. Trufle s\u0105 uprawiane w celu zmaksymalizowania mocy, podczas gdy herbata wzmacnia ich dzia\u0142anie, tworz\u0105c \u0142agodniejsze, bardziej refleksyjne doznania. Ta fuzja odzwierciedla rosn\u0105ce uznanie dla naturalnych psychodelik\u00f3w w spo\u0142eczno\u015bciach wellness i artystycznych. Herbata Dragon\u2019s Dynamite Tripping stanowi pomost mi\u0119dzy przesz\u0142o\u015bci\u0105 a tera\u017aniejszo\u015bci\u0105, oferuj\u0105c u\u017cytkownikom szans\u0119 na wykorzystanie tej samej transformuj\u0105cej mocy, kt\u00f3ra kierowa\u0142a szamanami i poszukiwaczami od pokole\u0144. Jej rosn\u0105ca popularno\u015b\u0107 podkre\u015bla zmian\u0119 kulturow\u0105 w kierunku przyjmowania psychodelik\u00f3w w celu uwa\u017cno\u015bci i samopoznania, zawsze z naciskiem na bezpieczne, celowe stosowanie.<\/p>\n<h2 dir=\"ltr\">Jak korzysta\u0107 z herbaty Dragon\u2019s Dynamite Tripping<\/h2>\n<p>Przygotowanie herbaty Magic Truffle Tripping to prosty proces, kt\u00f3ry zwi\u0119ksza og\u00f3lne doznania:<\/p>\n<p>1. Zagotuj 1,5 litra wody w czajniku lub rondlu. Gdy woda zacznie wrze\u0107, zdejmij j\u0105 z ognia i pozw\u00f3l jej ostygn\u0105\u0107 przez kilka minut do oko\u0142o 80 stopni Celsjusza.<br \/>\n2. Umie\u015b\u0107 torebk\u0119 herbaty Shamanita w czajniczku lub dzbanku.<br \/>\n3. Zmiel lub posiekaj magiczne trufle na ma\u0142e kawa\u0142ki, a nast\u0119pnie nape\u0142nij nimi dostarczon\u0105 pust\u0105 torebk\u0119 herbaty i umie\u015b\u0107 j\u0105 w czajniczku lub dzbanku.<br \/>\n4. Ostro\u017cnie zalej torebki herbaty gor\u0105c\u0105 wod\u0105 w czajniczku lub dzbanku.<br \/>\n5. Pozostaw herbat\u0119 Shamanita do zaparzenia na oko\u0142o 7 minut. Dok\u0142adny czas parzenia mo\u017ce r\u00f3\u017cni\u0107 si\u0119 w zale\u017cno\u015bci od osobistych preferencji. Nast\u0119pnie wyjmij torebk\u0119 z herbat\u0105 Shamanita z czajniczka lub dzbanka.<br \/>\n6. Pozostaw torebk\u0119 z herbat\u0105 Magic Truffles do zaparzenia na 10-15 minut.<br \/>\n7. Po zaparzeniu wyjmij torebk\u0119 herbaty z magicznymi truflami. Mo\u017cesz zje\u015b\u0107 trufle dla dodatkowego wzmocnienia.<br \/>\n8. Podawaj herbat\u0119 Shamanita na ciep\u0142o w fili\u017cankach lub szklankach.<\/p>\n<h2 dir=\"ltr\">Sk\u0142adniki herbaty Dragon\u2019s Dynamite Tripping<\/h2>\n<p dir=\"ltr\">Herbata Dragon\u2019s Dynamite Tripping sk\u0142ada si\u0119 z dw\u00f3ch podstawowych sk\u0142adnik\u00f3w: 20 gram\u00f3w magicznych trufli i herbaty Shamanita. Magiczne trufle, znane ze swoich silnych zwi\u0105zk\u00f3w psychoaktywnych, s\u0105 starannie uprawiane, aby zapewni\u0107 sta\u0142\u0105 moc i jako\u015b\u0107, zapewniaj\u0105c \u017cywe halucynacje i g\u0142\u0119boki wgl\u0105d emocjonalny. Trufle te zawieraj\u0105 naturalne zwi\u0105zki, kt\u00f3re oddzia\u0142uj\u0105 na m\u00f3zg, zmieniaj\u0105c percepcj\u0119, nastr\u00f3j i \u015bwiadomo\u015b\u0107, dzi\u0119ki czemu s\u0105 idealne dla do\u015bwiadczonych u\u017cytkownik\u00f3w. Herbata Shamanita, zastrze\u017cona mieszanka zi\u00f3\u0142, uzupe\u0142nia trufle, wzmacniaj\u0105c ich dzia\u0142anie i promuj\u0105c \u0142agodniejsz\u0105, bardziej introspektywn\u0105 podr\u00f3\u017c. Herbata ta zawiera starannie wyselekcjonowane zio\u0142a, kt\u00f3re harmonizuj\u0105 z truflami, sprzyjaj\u0105c zr\u00f3wnowa\u017conemu do\u015bwiadczeniu, kt\u00f3re zach\u0119ca do kreatywno\u015bci i duchowego po\u0142\u0105czenia. Po\u0142\u0105czenie tych sk\u0142adnik\u00f3w tworzy efekt synergii, wzmacniaj\u0105c psychodeliczn\u0105 podr\u00f3\u017c, jednocze\u015bnie osadzaj\u0105c j\u0105 w \u015bwiadomych ramach. Herbata nie zawiera sztucznych dodatk\u00f3w ani konserwant\u00f3w, zapewniaj\u0105c naturalne i autentyczne doznania. Precyzyjna formu\u0142a tej herbaty zosta\u0142a zaprojektowana tak, aby wspiera\u0107 u\u017cytkownik\u00f3w w odkrywaniu ich wewn\u0119trznych krajobraz\u00f3w, co czyni j\u0105 wyj\u0105tkow\u0105 ofert\u0105 dla os\u00f3b poszukuj\u0105cych g\u0142\u0119bokiej transformacji. Produkt nale\u017cy zawsze przechowywa\u0107 w ch\u0142odnym i suchym miejscu, aby zachowa\u0107 jego moc.<\/p>\n<p dir=\"ltr\"><strong>Ostrze\u017cenie<\/strong><br \/>\nStosowa\u0107 wy\u0142\u0105cznie przez osoby powy\u017cej 18 roku \u017cycia i przechowywa\u0107 w miejscu niedost\u0119pnym dla dzieci. Skonsultuj si\u0119 z lekarzem przed u\u017cyciem, je\u015bli jeste\u015b w ci\u0105\u017cy, karmisz piersi\u0105 lub masz problemy zdrowotne. Unika\u0107 stosowania w przypadku problem\u00f3w z nerkami lub sercem, wysokiego lub niskiego ci\u015bnienia krwi, cukrzycy lub pod wp\u0142ywem lek\u00f3w, alkoholu lub narkotyk\u00f3w. Ten produkt nie jest lekiem. Nie kupowa\u0107, je\u015bli plomba jest uszkodzona.<\/p>","protected":false},"excerpt":{"rendered":"<p dir=\"auto\">Herbata Dragon\u2019s Dynamite Tripping to pot\u0119\u017cna mieszanka 20 gram\u00f3w magicznych trufli i herbaty Shamanita, stworzona dla do\u015bwiadczonych u\u017cytkownik\u00f3w poszukuj\u0105cych \u017cywych halucynacji i g\u0142\u0119bokiego samopoznania. Ta wyj\u0105tkowa herbata oferuje wci\u0105gaj\u0105c\u0105 psychodeliczn\u0105 podr\u00f3\u017c, zwi\u0119kszaj\u0105c kreatywno\u015b\u0107, g\u0142\u0119bi\u0119 emocjonaln\u0105 i duchow\u0105 eksploracj\u0119 w bezpiecznym, komfortowym otoczeniu z trze\u017awym przewodnikiem.<\/p>","protected":false},"featured_media":118802,"template":"","meta":[],"product_brand":[],"product_cat":[620,297,615,515,476],"product_tag":[662],"class_list":{"0":"post-118547","1":"product","2":"type-product","3":"status-publish","4":"has-post-thumbnail","6":"product_cat-shamanita","7":"product_cat-all-products","8":"product_cat-magic-truffle-tea","9":"product_cat-shroomshop","10":"product_cat-smartshop","11":"product_tag-shrdeal","12":"product_shipping_class-creditcard-off","14":"first","15":"instock","16":"taxable","17":"shipping-taxable","18":"purchasable","19":"product-type-variable","20":"has-default-attributes"},"_links":{"self":[{"href":"https:\/\/www.tatanka.nl\/pl\/wp-json\/wp\/v2\/product\/118547","targetHints":{"allow":["GET"]}}],"collection":[{"href":"https:\/\/www.tatanka.nl\/pl\/wp-json\/wp\/v2\/product"}],"about":[{"href":"https:\/\/www.tatanka.nl\/pl\/wp-json\/wp\/v2\/types\/product"}],"wp:featuredmedia":[{"embeddable":true,"href":"https:\/\/www.tatanka.nl\/pl\/wp-json\/wp\/v2\/media\/118802"}],"wp:attachment":[{"href":"https:\/\/www.tatanka.nl\/pl\/wp-json\/wp\/v2\/media?parent=118547"}],"wp:term":[{"taxonomy":"product_brand","embeddable":true,"href":"https:\/\/www.tatanka.nl\/pl\/wp-json\/wp\/v2\/product_brand?post=118547"},{"taxonomy":"product_cat","embeddable":true,"href":"https:\/\/www.tatanka.nl\/pl\/wp-json\/wp\/v2\/product_cat?post=118547"},{"taxonomy":"product_tag","embeddable":true,"href":"https:\/\/www.tatanka.nl\/pl\/wp-json\/wp\/v2\/product_tag?post=118547"}],"curies":[{"name":"wp","href":"https:\/\/api.w.org\/{rel}","templated":true}]}}