{"id":118553,"date":"2024-01-26T10:55:20","date_gmt":"2024-01-26T08:55:20","guid":{"rendered":"https:\/\/www.tatanka.nl\/?post_type=product&#038;p=118553"},"modified":"2025-11-04T11:58:46","modified_gmt":"2025-11-04T10:58:46","slug":"hero-trip-tea-high-hawaiians-25-grams","status":"publish","type":"product","link":"https:\/\/www.tatanka.nl\/pl\/hero-trip-tea-high-hawaiians-25-grams\/","title":{"rendered":"Hero Trip Herbata: High Hawaiians 25 gram\u00f3w"},"content":{"rendered":"<h2 dir=\"ltr\" data-pm-slice=\"1 1 []\">Czym s\u0105 herbaty High Hawaiians Hero Trip?<\/h2>\n<p dir=\"ltr\">Herbata High Hawaiians Hero Trip to pot\u0119\u017cna psychodeliczna mieszanka stworzona dla do\u015bwiadczonych poszukiwaczy przyg\u00f3d, poszukuj\u0105cych intensywnych, transformuj\u0105cych do\u015bwiadcze\u0144. Ka\u017cda porcja zawiera 25 gram\u00f3w High Hawaiians Magic Truffles, znanych z wywo\u0142ywania \u017cywych halucynacji, g\u0142\u0119bokiego wgl\u0105du i g\u0142\u0119bokiego po\u0142\u0105czenia z wewn\u0119trznym ja. W po\u0142\u0105czeniu z herbat\u0105 Shamanita, starannie dobran\u0105 mieszank\u0105 zi\u00f3\u0142, herbata ta wzmacnia dzia\u0142anie trufli, tworz\u0105c idealne warunki do introspekcji, kreatywno\u015bci i medytacji. Synergia mi\u0119dzy truflami i herbat\u0105 zio\u0142ow\u0105 podnosi poziom podr\u00f3\u017cy, prowadz\u0105c u\u017cytkownik\u00f3w przez zawi\u0142e krajobrazy \u015bwiadomo\u015bci. Ten produkt to nie tylko nap\u00f3j, ale brama do duchowego i emocjonalnego o\u015bwiecenia. Przygotowanie i ostro\u017cno\u015b\u0107 s\u0105 niezb\u0119dne, poniewa\u017c silna dawka jest zarezerwowana dla os\u00f3b z wcze\u015bniejszym do\u015bwiadczeniem w eksploracji psychodelicznej. Herbata oferuje wyj\u0105tkow\u0105 okazj\u0119 do zbadania g\u0142\u0119bi umys\u0142u, jednocze\u015bnie wspieraj\u0105c harmoni\u0119 mi\u0119dzy cia\u0142em a duchem. Aby uzyska\u0107 bezpieczne i wzbogacaj\u0105ce do\u015bwiadczenie, u\u017cytkownicy powinni przestrzega\u0107 wytycznych dotycz\u0105cych dawkowania i zapewni\u0107 komfortowe \u015brodowisko z trze\u017awym przewodnikiem. Herbata High Hawaiians Hero Trip zaprasza do uwolnienia wewn\u0119trznego potencja\u0142u i wyruszenia w podr\u00f3\u017c samopoznania.<\/p>\n<h2 dir=\"ltr\">Historia herbaty High Hawaiians Hero Trip<\/h2>\n<p dir=\"ltr\">Pocz\u0105tki herbaty High Hawaiians Hero Trip si\u0119gaj\u0105 staro\u017cytnych praktyk stosowania substancji psychoaktywnych w celu rozwoju duchowego i osobistego. Magiczne trufle, kluczowy sk\u0142adnik, by\u0142y u\u017cywane przez wieki w r\u00f3\u017cnych kulturach ze wzgl\u0119du na ich w\u0142a\u015bciwo\u015bci zmieniaj\u0105ce umys\u0142. Rdzenni szamani i uzdrowiciele cz\u0119sto w\u0142\u0105czali takie substancje do rytua\u0142\u00f3w, aby po\u0142\u0105czy\u0107 si\u0119 z bosko\u015bci\u0105, uzyska\u0107 wgl\u0105d i wzmocni\u0107 wi\u0119zi spo\u0142eczne. Odmiana High Hawaiians, znana ze swojej mocy, wy\u0142oni\u0142a si\u0119 z nowoczesnych technik uprawy maj\u0105cych na celu wzmocnienie efekt\u00f3w psychodelicznych. W po\u0142\u0105czeniu z herbat\u0105 Shamanita, mieszank\u0105 inspirowan\u0105 tradycyjnym zio\u0142olecznictwem, produkt ten stanowi po\u0142\u0105czenie staro\u017cytnej m\u0105dro\u015bci i wsp\u00f3\u0142czesnych innowacji. Rozw\u00f3j herbaty odzwierciedla rosn\u0105ce zainteresowanie psychodelikami w celach terapeutycznych i tw\u00f3rczych. Wykorzystuj\u0105c moc High Hawaiians Magic Truffles, herbata ta oferuje nowoczesne podej\u015bcie do odwiecznych praktyk, pozwalaj\u0105c u\u017cytkownikom bada\u0107 \u015bwiadomo\u015b\u0107 w kontrolowany, celowy spos\u00f3b. Jej rosn\u0105ca popularno\u015b\u0107 idzie w parze z odnowionym naukowym zainteresowaniem psychodelikami, kt\u00f3re s\u0105 badane pod k\u0105tem ich potencja\u0142u w radzeniu sobie z wyzwaniami zdrowia psychicznego i zwi\u0119kszaniu rozwoju osobistego. Herbata High Hawaiians Hero Trip stanowi pomost mi\u0119dzy tradycj\u0105 a nowoczesno\u015bci\u0105, zapraszaj\u0105c u\u017cytkownik\u00f3w do wzi\u0119cia udzia\u0142u w ponadczasowej podr\u00f3\u017cy do samorealizacji.<\/p>\n<h2 dir=\"ltr\">Jak u\u017cywa\u0107 herbaty High Hawaiians Hero Trip<\/h2>\n<p>Przygotowanie herbaty Magic Truffle Hero Trip to prosty proces, kt\u00f3ry zwi\u0119ksza og\u00f3lne doznania:<\/p>\n<p>1. Zagotuj 1,5 litra wody w czajniku lub rondlu. Gdy woda zacznie wrze\u0107, zdejmij j\u0105 z ognia i pozw\u00f3l jej ostygn\u0105\u0107 przez kilka minut do oko\u0142o 80 stopni Celsjusza.<br \/>\n2. Umie\u015b\u0107 torebk\u0119 herbaty Shamanita w czajniczku lub dzbanku.<br \/>\n3. Zmiel lub posiekaj magiczne trufle na ma\u0142e kawa\u0142ki, a nast\u0119pnie nape\u0142nij nimi dostarczon\u0105 pust\u0105 torebk\u0119 herbaty i umie\u015b\u0107 j\u0105 w czajniczku lub dzbanku.<br \/>\n4. Ostro\u017cnie zalej torebki herbaty gor\u0105c\u0105 wod\u0105 w czajniczku lub dzbanku.<br \/>\n5. Pozostaw herbat\u0119 Shamanita do zaparzenia na oko\u0142o 7 minut. Dok\u0142adny czas parzenia mo\u017ce r\u00f3\u017cni\u0107 si\u0119 w zale\u017cno\u015bci od osobistych preferencji. Nast\u0119pnie wyjmij torebk\u0119 z herbat\u0105 Shamanita z czajniczka lub dzbanka.<br \/>\n6. Pozostaw torebk\u0119 z herbat\u0105 Magic Truffles do zaparzenia na 10-15 minut.<br \/>\n7. Po zaparzeniu wyjmij torebk\u0119 herbaty z magicznymi truflami. Mo\u017cesz zje\u015b\u0107 trufle dla dodatkowego wzmocnienia.<br \/>\n8. Podawaj herbat\u0119 Shamanita na ciep\u0142o w fili\u017cankach lub szklankach.<\/p>\n<h2 dir=\"ltr\">Sk\u0142adniki herbaty High Hawaiians Hero Trip<\/h2>\n<p dir=\"ltr\">Herbata High Hawaiians Hero Trip sk\u0142ada si\u0119 z dw\u00f3ch podstawowych sk\u0142adnik\u00f3w: 25 gram\u00f3w magicznych trufli High Hawaiians i herbaty Shamanita. Trufle, silny szczep sklerocji zawieraj\u0105cych psylocybin\u0119, s\u0105 odpowiedzialne za psychodeliczne dzia\u0142anie herbaty, wywo\u0142uj\u0105c \u017cywe halucynacje i g\u0142\u0119boki wgl\u0105d. Trufle te zosta\u0142y starannie wyselekcjonowane ze wzgl\u0119du na wysok\u0105 zawarto\u015b\u0107 psilocybiny, dzi\u0119ki czemu s\u0105 idealne dla do\u015bwiadczonych u\u017cytkownik\u00f3w poszukuj\u0105cych g\u0142\u0119bokich, transformuj\u0105cych dozna\u0144. Herbata Shamanita, zastrze\u017cona mieszanka zi\u00f3\u0142, uzupe\u0142nia trufle, wzmacniaj\u0105c ich dzia\u0142anie i promuj\u0105c zr\u00f3wnowa\u017con\u0105, introspektywn\u0105 podr\u00f3\u017c. Zio\u0142a wchodz\u0105ce w sk\u0142ad Shamanita Tea zosta\u0142y dobrane w taki spos\u00f3b, by wsp\u00f3\u0142gra\u0107 z truflami, a ich w\u0142a\u015bciwo\u015bci uspokajaj\u0105ce i uziemiaj\u0105ce zapewniaj\u0105 harmonijne doznania. Po\u0142\u0105czenie tych sk\u0142adnik\u00f3w tworzy pot\u0119\u017cny, ale zr\u00f3wnowa\u017cony nap\u00f3j, kt\u00f3ry wspiera emocjonalne i duchowe poszukiwania. Nie zawiera sztucznych dodatk\u00f3w ani konserwant\u00f3w, dzi\u0119ki czemu zachowuje naturaln\u0105 moc trufli i czysto\u015b\u0107 herbaty zio\u0142owej. To minimalistyczne podej\u015bcie zapewnia, \u017ce u\u017cytkownicy otrzymuj\u0105 pe\u0142ne korzy\u015bci z aktywnych sk\u0142adnik\u00f3w, wspieraj\u0105c g\u0142\u0119bokie po\u0142\u0105czenie z samym sob\u0105 i wszech\u015bwiatem. Staranny dob\u00f3r sk\u0142adnik\u00f3w sprawia, \u017ce herbata ta jest wyj\u0105tkowym narz\u0119dziem dla os\u00f3b poszukuj\u0105cych o\u015bwiecenia i rozwoju osobistego.<\/p>\n<p dir=\"ltr\"><strong>Ostrze\u017cenie<\/strong><br \/>\nU\u017cywa\u0107 powy\u017cej 18 lat. Przechowywa\u0107 w miejscu niedost\u0119pnym dla dzieci. Skonsultuj si\u0119 z lekarzem przed u\u017cyciem, je\u015bli jeste\u015b w ci\u0105\u017cy, karmisz piersi\u0105 lub masz problemy zdrowotne. Osoby z problemami z nerkami lub sercem, wysokim lub niskim ci\u015bnieniem krwi, cukrzyc\u0105 lub osoby pod wp\u0142ywem lek\u00f3w, alkoholu lub narkotyk\u00f3w powinny unika\u0107 stosowania. Ten produkt nie jest lekiem. Nie kupowa\u0107, je\u015bli plomba jest uszkodzona.<\/p>","protected":false},"excerpt":{"rendered":"<p dir=\"auto\">Wyrusz w transformuj\u0105c\u0105 podr\u00f3\u017c z herbat\u0105 High Hawaiians Hero Trip, siln\u0105 mieszank\u0105 25 gram\u00f3w High Hawaiians Magic Truffles i Shamanita Tea. Zaprojektowana z my\u015bl\u0105 o do\u015bwiadczonych u\u017cytkownikach, herbata ta odblokowuje \u017cywe halucynacje, g\u0142\u0119boki wgl\u0105d i duchowe o\u015bwiecenie, wspieraj\u0105c g\u0142\u0119bokie po\u0142\u0105czenie z w\u0142asnym wn\u0119trzem.<\/p>","protected":false},"featured_media":118787,"template":"","meta":[],"product_brand":[],"product_cat":[620,297,615,515,476],"product_tag":[662],"class_list":{"0":"post-118553","1":"product","2":"type-product","3":"status-publish","4":"has-post-thumbnail","6":"product_cat-shamanita","7":"product_cat-all-products","8":"product_cat-magic-truffle-tea","9":"product_cat-shroomshop","10":"product_cat-smartshop","11":"product_tag-shrdeal","12":"product_shipping_class-creditcard-off","14":"first","15":"instock","16":"taxable","17":"shipping-taxable","18":"purchasable","19":"product-type-variable","20":"has-default-attributes"},"_links":{"self":[{"href":"https:\/\/www.tatanka.nl\/pl\/wp-json\/wp\/v2\/product\/118553","targetHints":{"allow":["GET"]}}],"collection":[{"href":"https:\/\/www.tatanka.nl\/pl\/wp-json\/wp\/v2\/product"}],"about":[{"href":"https:\/\/www.tatanka.nl\/pl\/wp-json\/wp\/v2\/types\/product"}],"wp:featuredmedia":[{"embeddable":true,"href":"https:\/\/www.tatanka.nl\/pl\/wp-json\/wp\/v2\/media\/118787"}],"wp:attachment":[{"href":"https:\/\/www.tatanka.nl\/pl\/wp-json\/wp\/v2\/media?parent=118553"}],"wp:term":[{"taxonomy":"product_brand","embeddable":true,"href":"https:\/\/www.tatanka.nl\/pl\/wp-json\/wp\/v2\/product_brand?post=118553"},{"taxonomy":"product_cat","embeddable":true,"href":"https:\/\/www.tatanka.nl\/pl\/wp-json\/wp\/v2\/product_cat?post=118553"},{"taxonomy":"product_tag","embeddable":true,"href":"https:\/\/www.tatanka.nl\/pl\/wp-json\/wp\/v2\/product_tag?post=118553"}],"curies":[{"name":"wp","href":"https:\/\/api.w.org\/{rel}","templated":true}]}}