{"id":119445,"date":"2023-10-11T11:19:25","date_gmt":"2023-10-11T10:19:25","guid":{"rendered":"https:\/\/www.tatanka.nl\/?post_type=product&#038;p=119445"},"modified":"2025-06-04T15:41:20","modified_gmt":"2025-06-04T14:41:20","slug":"groove-x","status":"publish","type":"product","link":"https:\/\/www.tatanka.nl\/pl\/groove-x\/","title":{"rendered":"Groove X"},"content":{"rendered":"<h2 data-pm-slice=\"1 1 []\">Czym s\u0105 nasadki Groove X?<\/h2>\n<p>Groove X Caps to profesjonalnie zaprojektowane kapsu\u0142ki, kt\u00f3re poprawiaj\u0105 nastr\u00f3j, energi\u0119 i zaanga\u017cowanie spo\u0142eczne. Kapsu\u0142ki te zawieraj\u0105 pot\u0119\u017cn\u0105 mieszank\u0119 naturalnych sk\u0142adnik\u00f3w, kt\u00f3re wsp\u00f3\u0142pracuj\u0105 ze sob\u0105, tworz\u0105c ekscytuj\u0105cy, podnosz\u0105cy na duchu efekt. Kapsu\u0142ki Groove X s\u0105 idealne dla tych, kt\u00f3rzy kochaj\u0105 taniec, spotkania towarzyskie lub aktywno\u015b\u0107 na imprezach. Niezale\u017cnie od tego, czy jeste\u015b na parkiecie, czy spotykasz si\u0119 z przyjaci\u00f3\u0142mi, te kapsu\u0142ki s\u0105 kluczem do niezapomnianego wieczoru. Formu\u0142a dzia\u0142a szybko, energetyzuj\u0105c zar\u00f3wno cia\u0142o, jak i umys\u0142, u\u0142atwiaj\u0105c wej\u015bcie w rytm imprezy.<\/p>\n<h2>Historia nasadek Groove X<\/h2>\n<p>Kapsu\u0142ki Groove X Caps zosta\u0142y opracowane w celu stworzenia najlepszego suplementu imprezowego. Produkt ten powsta\u0142 w wyniku rosn\u0105cego zapotrzebowania na suplement, kt\u00f3ry m\u00f3g\u0142by poprawi\u0107 imprezow\u0105 atmosfer\u0119 i zjednoczy\u0107 ludzi. Za\u0142o\u017cyciele Groove X starali si\u0119 po\u0142\u0105czy\u0107 najlepsze naturalne sk\u0142adniki znane ze swoich w\u0142a\u015bciwo\u015bci podnosz\u0105cych nastr\u00f3j, energetyzuj\u0105cych i wzmacniaj\u0105cych relacje spo\u0142eczne. Z biegiem czasu Groove X sta\u0142 si\u0119 wyborem dla tych, kt\u00f3rzy chc\u0105 podnie\u015b\u0107 poziom swoich tanecznych i imprezowych do\u015bwiadcze\u0144. Formu\u0142a ewoluowa\u0142a, by zawiera\u0107 pot\u0119\u017cn\u0105 kombinacj\u0119 sk\u0142adnik\u00f3w, takich jak Black Maca, ekstrakt Kanna, kofeina i cynk, zapewniaj\u0105c zr\u00f3wnowa\u017cony i przyjemny efekt podczas ka\u017cdej uroczysto\u015bci. Obecnie kapsu\u0142ki Groove X nadal s\u0105 najlepszym wyborem dla tych, kt\u00f3rzy chc\u0105 uwolni\u0107 swojego wewn\u0119trznego tancerza i utrzyma\u0107 imprez\u0119 przez ca\u0142\u0105 noc.<\/p>\n<h2>Jak u\u017cywa\u0107 nasadek Groove X<\/h2>\n<p>Aby zmaksymalizowa\u0107 efekty dzia\u0142ania Groove X Caps, nale\u017cy przyj\u0105\u0107 jedn\u0105 kapsu\u0142k\u0119 na 30 do 45 minut przed odczuwaniem korzy\u015bci. Kapsu\u0142k\u0119 nale\u017cy po\u0142kn\u0105\u0107, popijaj\u0105c wod\u0105 lub sokiem owocowym w celu zapewnienia optymalnego wch\u0142aniania. Zalecana dzienna dawka to dwie kapsu\u0142ki i nie nale\u017cy przekracza\u0107 tego limitu w ci\u0105gu 24 godzin. Najlepiej jest przyjmowa\u0107 Groove X Caps tylko wtedy, gdy jeste\u015b gotowy do podj\u0119cia aktywno\u015bci spo\u0142ecznej lub fizycznej, takiej jak taniec lub impreza. Dzi\u0119ki odpowiedniemu dobraniu dawki mo\u017cna cieszy\u0107 si\u0119 podnosz\u0105cymi na duchu efektami wtedy, gdy s\u0105 one najbardziej potrzebne. Zawsze u\u017cywaj Groove X Caps odpowiedzialnie i post\u0119puj zgodnie z dostarczonymi instrukcjami, aby zapewni\u0107 bezpieczne i optymalne u\u017cytkowanie.<\/p>\n<h2>Sk\u0142adniki kapsu\u0142ek Groove X Caps<\/h2>\n<p>Kapsu\u0142ki Groove X Caps zawieraj\u0105 siln\u0105 mieszank\u0119 naturalnych sk\u0142adnik\u00f3w zaprojektowanych w celu poprawy wra\u017ce\u0144 z imprezy. Ka\u017cda wegetaria\u0144ska kapsu\u0142ka zawiera:<\/p>\n<ul data-spread=\"false\">\n<li><strong>Black Maca (400 mg):<\/strong> Dobrze znany ekstrakt z korzenia znany ze swoich w\u0142a\u015bciwo\u015bci zwi\u0119kszaj\u0105cych energi\u0119.<\/li>\n<li><strong>Ekstrakt Kanna (200 mg):<\/strong> Wspomaga popraw\u0119 nastroju i samopoczucia psychicznego.<\/li>\n<li><strong>Kofeina (75 mg):<\/strong> Zapewnia szybki i trwa\u0142y zastrzyk energii.<\/li>\n<li><strong>Cynk (10 mg):<\/strong> Pomaga utrzyma\u0107 r\u00f3wnowag\u0119 organizmu i wspiera zdrowy metabolizm.<\/li>\n<\/ul>\n<p>Sk\u0142adniki te dzia\u0142aj\u0105 synergistycznie, poprawiaj\u0105c nastr\u00f3j, zapewniaj\u0105c jasno\u015b\u0107 umys\u0142u i zwi\u0119kszaj\u0105c energi\u0119, zapewniaj\u0105c o\u017cywienie i towarzysko\u015b\u0107 przez ca\u0142\u0105 noc. Starannie wyselekcjonowane sk\u0142adniki zapewniaj\u0105 zr\u00f3wnowa\u017cone, naturalne doznania bez drgawek lub za\u0142ama\u0144 powszechnie kojarzonych z syntetycznymi wzmacniaczami energii.<\/p>\n<p><strong>Ostrze\u017cenie:<\/strong><br \/>\nSuplement diety nie mo\u017ce by\u0107 stosowany jako substytut zr\u00f3\u017cnicowanej diety. Przechowywa\u0107 w miejscu niedost\u0119pnym dla dzieci. Stosowanie dozwolone wy\u0142\u0105cznie dla os\u00f3b w wieku powy\u017cej 18 lat. Nie stosowa\u0107 w po\u0142\u0105czeniu z lekami lub innymi \u015brodkami pobudzaj\u0105cymi, w przypadku wysokiego\/niskiego ci\u015bnienia krwi, chor\u00f3b serca, zaburze\u0144 tarczycy, chor\u00f3b nerek, depresji, nerwowo\u015bci, dolegliwo\u015bci fizycznych i\/lub psychicznych oraz stosowania inhibitor\u00f3w MAO. Nale\u017cy zachowa\u0107 ostro\u017cno\u015b\u0107 w przypadku nadmiernego spo\u017cycia alkoholu. W razie w\u0105tpliwo\u015bci nale\u017cy skonsultowa\u0107 si\u0119 z lekarzem.<\/p>","protected":false},"excerpt":{"rendered":"<p>Poznaj Groove X Funky Dance Caps: Tw\u00f3j bilet do elektryzuj\u0105cych nocy i niepowstrzymanych rytm\u00f3w. Te pe\u0142ne naturalnych sk\u0142adnik\u00f3w kapsu\u0142ki poprawiaj\u0105 nastr\u00f3j, dodaj\u0105 energii do ta\u0144ca i utrzymuj\u0105 rytm przez ca\u0142\u0105 noc. Idealne, by zamieni\u0107 ka\u017cd\u0105 imprez\u0119 w niezapomnian\u0105 taneczn\u0105 ekstrawagancj\u0119. Dzi\u0119ki Groove X mo\u017cesz zab\u0142ysn\u0105\u0107 na parkiecie i sprawi\u0107, \u017ce ka\u017cda chwila b\u0119dzie si\u0119 liczy\u0107. Niech dobre czasy si\u0119 tocz\u0105!<\/p>","protected":false},"featured_media":119447,"template":"","meta":[],"product_brand":[],"product_cat":[535,525,476,532],"product_tag":[],"class_list":{"0":"post-119445","1":"product","2":"type-product","3":"status-publish","4":"has-post-thumbnail","6":"product_cat-dnx","7":"product_cat-party-pills","8":"product_cat-smartshop","9":"product_cat-trippy-pills","10":"product_shipping_class-not-allowed-group-1","12":"first","13":"instock","14":"taxable","15":"shipping-taxable","16":"purchasable","17":"product-type-variable","18":"has-default-attributes"},"_links":{"self":[{"href":"https:\/\/www.tatanka.nl\/pl\/wp-json\/wp\/v2\/product\/119445","targetHints":{"allow":["GET"]}}],"collection":[{"href":"https:\/\/www.tatanka.nl\/pl\/wp-json\/wp\/v2\/product"}],"about":[{"href":"https:\/\/www.tatanka.nl\/pl\/wp-json\/wp\/v2\/types\/product"}],"wp:featuredmedia":[{"embeddable":true,"href":"https:\/\/www.tatanka.nl\/pl\/wp-json\/wp\/v2\/media\/119447"}],"wp:attachment":[{"href":"https:\/\/www.tatanka.nl\/pl\/wp-json\/wp\/v2\/media?parent=119445"}],"wp:term":[{"taxonomy":"product_brand","embeddable":true,"href":"https:\/\/www.tatanka.nl\/pl\/wp-json\/wp\/v2\/product_brand?post=119445"},{"taxonomy":"product_cat","embeddable":true,"href":"https:\/\/www.tatanka.nl\/pl\/wp-json\/wp\/v2\/product_cat?post=119445"},{"taxonomy":"product_tag","embeddable":true,"href":"https:\/\/www.tatanka.nl\/pl\/wp-json\/wp\/v2\/product_tag?post=119445"}],"curies":[{"name":"wp","href":"https:\/\/api.w.org\/{rel}","templated":true}]}}