{"id":119450,"date":"2023-10-11T11:42:16","date_gmt":"2023-10-11T10:42:16","guid":{"rendered":"https:\/\/www.tatanka.nl\/?post_type=product&#038;p=119450"},"modified":"2025-05-20T07:53:19","modified_gmt":"2025-05-20T06:53:19","slug":"smart-x","status":"publish","type":"product","link":"https:\/\/www.tatanka.nl\/pl\/smart-x\/","title":{"rendered":"Smart X"},"content":{"rendered":"<h2 data-pm-slice=\"1 1 []\">Co to jest Smart X?<\/h2>\n<p>Smart X to prze\u0142omowa pigu\u0142ka imprezowa zaprojektowana, aby przenie\u015b\u0107 \u015bwi\u0119towanie na wy\u017cszy poziom. Ka\u017cde opakowanie zawiera sze\u015b\u0107 kapsu\u0142ek, z kt\u00f3rych ka\u017cda zawiera silne naturalne sk\u0142adniki poprawiaj\u0105ce wra\u017cenia z imprezy. Formu\u0142a Smart X sk\u0142ada si\u0119 z trzech r\u00f3\u017cnych rodzaj\u00f3w:<\/p>\n<ul data-spread=\"false\">\n<li><strong>2 Red Speed X Capsules<\/strong> - Zapewnia energi\u0119 turbo<\/li>\n<li><strong>2 R\u00f3\u017cowy Sexy X Capsules<\/strong> - Wywo\u0142uje uczucie euforii<\/li>\n<li><strong>2 Pomara\u0144czowy Party X Capsules<\/strong> - Tworzy ostateczny holenderski klimat imprezy<\/li>\n<\/ul>\n<p>Ka\u017cda kapsu\u0142ka jest starannie opracowana, aby zwi\u0119kszy\u0107 energi\u0119, poprawi\u0107 nastr\u00f3j i promowa\u0107 eufori\u0119, zapewniaj\u0105c \u017cyw\u0105 i przyjemn\u0105 atmosfer\u0119. Smart X oferuje elastyczny spos\u00f3b mieszania i dopasowywania formu\u0142, umo\u017cliwiaj\u0105c u\u017cytkownikom dostosowanie swoich do\u015bwiadcze\u0144 do niezapomnianej nocy. Dzi\u0119ki wystarczaj\u0105cej ilo\u015bci kapsu\u0142ek dla dw\u00f3ch os\u00f3b, jest to idealny dodatek do ka\u017cdej uroczysto\u015bci.<\/p>\n<h2>Historia Smart X<\/h2>\n<p>Smart X zosta\u0142 opracowany, aby zaoferowa\u0107 wyj\u0105tkowe wra\u017cenia imprezowe, kt\u00f3re \u0142\u0105cz\u0105 energi\u0119, eufori\u0119 i zabaw\u0119. Jest to ewolucja linii tabletek imprezowych DNX, kt\u00f3ra od lat cieszy si\u0119 popularno\u015bci\u0105 w\u015br\u00f3d imprezowicz\u00f3w. Szeroko zakrojone badania i eksperymenty doprowadzi\u0142y do idealnego po\u0142\u0105czenia Speed X, Sexy X i Party X, co zaowocowa\u0142o ulepszon\u0105 formu\u0142\u0105 imprezow\u0105.<\/p>\n<p>Historia produktu jest zakorzeniona w pragnieniu zapewnienia konsumentom bezpiecznego, przyjemnego i skutecznego suplementu. Jego naturalne sk\u0142adniki zosta\u0142y starannie dobrane, aby zwi\u0119kszy\u0107 zar\u00f3wno energi\u0119 fizyczn\u0105, jak i dobre samopoczucie psychiczne. Z biegiem czasu Smart X sta\u0142 si\u0119 preferowanym wyborem w\u015br\u00f3d entuzjast\u00f3w imprez poszukuj\u0105cych wysokiej jako\u015bci pigu\u0142ki, kt\u00f3ra zapewnia zr\u00f3wnowa\u017con\u0105 mieszank\u0119 podniecenia i energii.<\/p>\n<h2>Jak korzysta\u0107 z Smart X<\/h2>\n<p>Stosowanie Smart X jest proste i skuteczne. Aby osi\u0105gn\u0105\u0107 najlepsze wyniki, nale\u017cy przyjmowa\u0107 preferowan\u0105 kombinacj\u0119 kapsu\u0142ek na 30 do 45 minut przed rozpocz\u0119ciem dzia\u0142ania, popijaj\u0105c wod\u0105 lub sokiem owocowym. Zalecana dzienna dawka to trzy kapsu\u0142ki, a przekraczanie tego limitu nie jest zalecane.<\/p>\n<p>Smart X oferuje elastyczno\u015b\u0107 u\u017cytkowania, umo\u017cliwiaj\u0105c u\u017cytkownikom mieszanie r\u00f3\u017cnych kapsu\u0142ek w celu dostosowania ich wra\u017ce\u0144. Na przyk\u0142ad:<\/p>\n<ul data-spread=\"false\">\n<li><strong>Po\u0142\u0105czenie r\u00f3\u017cowego Sexy X i czerwonego Speed X<\/strong> - Tworzy zr\u00f3wnowa\u017con\u0105 mieszank\u0119 energii i euforii<\/li>\n<li><strong>Mieszanie wszystkich trzech kapsu\u0142ek<\/strong> - Zapewnia intensywne doznania, idealne na hardcorow\u0105 imprez\u0119<\/li>\n<\/ul>\n<p>Nowi u\u017cytkownicy powinni zacz\u0105\u0107 od ni\u017cszej dawki i dostosowa\u0107 j\u0105 do osobistych preferencji. Zawsze s\u0142uchaj swojego cia\u0142a i spo\u017cywaj odpowiedzialnie.<\/p>\n<h2>Sk\u0142adniki Smart X<\/h2>\n<p>Smart X zawiera starannie wyselekcjonowan\u0105 mieszank\u0119 sk\u0142adnik\u00f3w znanych ze swojej zdolno\u015bci do poprawy wra\u017ce\u0144 z imprezy. Ka\u017cda kapsu\u0142ka zawiera unikaln\u0105 kombinacj\u0119:<\/p>\n<ul data-spread=\"false\">\n<li><strong>Red Speed X Capsule:<\/strong> DL-fenyloalanina, Eviodiamine, kofeina, Citrus Aurantium - zapewnia silny zastrzyk energii.<\/li>\n<li><strong>R\u00f3\u017cowy Sexy X Kapsu\u0142a:<\/strong> Damiana, GABA, Ginkgo Biloba, ekstrakt Kanna, Passion Flower - Wspomaga eufori\u0119, relaks i jasno\u015b\u0107 umys\u0142u.<\/li>\n<li><strong>Kapsu\u0142a Orange Party X:<\/strong> Ekstrakt Black Maca, Kanna, cynk - poprawia nastr\u00f3j i wytrzyma\u0142o\u015b\u0107<\/li>\n<\/ul>\n<p>Te naturalne sk\u0142adniki s\u0105 mieszane w precyzyjnych proporcjach, aby zapewni\u0107 zr\u00f3wnowa\u017cone i skuteczne do\u015bwiadczenie. Smart X zosta\u0142 opracowany z dba\u0142o\u015bci\u0105 o zapewnienie sp\u00f3jnych i silnych rezultat\u00f3w, pozwalaj\u0105c u\u017cytkownikom cieszy\u0107 si\u0119 imprez\u0105 bez obaw o jako\u015b\u0107 i bezpiecze\u0144stwo.<\/p>\n<p><strong>Ostrze\u017cenie:<\/strong><br \/>\nSuplement diety nie mo\u017ce by\u0107 stosowany jako substytut zr\u00f3\u017cnicowanej diety. Przechowywa\u0107 w miejscu niedost\u0119pnym dla dzieci. Stosowanie dozwolone wy\u0142\u0105cznie dla os\u00f3b w wieku powy\u017cej 18 lat. Nie stosowa\u0107 w po\u0142\u0105czeniu z lekami lub innymi \u015brodkami pobudzaj\u0105cymi, w przypadku wysokiego\/niskiego ci\u015bnienia krwi, chor\u00f3b serca, zaburze\u0144 tarczycy, chor\u00f3b nerek, depresji, nerwowo\u015bci, dolegliwo\u015bci fizycznych i\/lub psychicznych oraz stosowania inhibitor\u00f3w MAO. Nale\u017cy zachowa\u0107 ostro\u017cno\u015b\u0107 w przypadku nadmiernego spo\u017cycia alkoholu. W razie w\u0105tpliwo\u015bci nale\u017cy skonsultowa\u0107 si\u0119 z lekarzem.<\/p>","protected":false},"excerpt":{"rendered":"<p>Uwolnij najlepsze imprezowe doznania dzi\u0119ki Smart X! Ta rewolucyjna pigu\u0142ka imprezowa \u0142\u0105czy energi\u0119, eufori\u0119 i niezr\u00f3wnane doznania imprezowe w jednej magicznej mieszance sze\u015bciu naturalnych kapsu\u0142ek. Niezale\u017cnie od tego, czy szukasz turbodo\u0142adowanej energii, euforycznych dozna\u0144 zmys\u0142owych, czy prawdziwego holenderskiego klimatu Party, Smart X ma to wszystko. Idealny do dzielenia si\u0119 z przyjacielem lub partnerem, ten zestaw daje swobod\u0119 mieszania i dopasowywania do idealnej kombinacji imprezowej. Zdecyduj si\u0119 na Hardcore Sex Party, \u0142\u0105cz\u0105c r\u00f3\u017cowy, czerwony i pomara\u0144czowy i do\u015bwiadcz najwy\u017cszej przyjemno\u015bci. Dzi\u0119ki Smart X ka\u017cda impreza jest niezapomnian\u0105 przygod\u0105. Mieszaj, dopasowuj i ciesz si\u0119 Smart X - Twoim biletem do nieko\u0144cz\u0105cej si\u0119 imprezowej rado\u015bci!<\/p>","protected":false},"featured_media":119454,"template":"","meta":[],"product_brand":[],"product_cat":[535,525,476,532],"product_tag":[],"class_list":{"0":"post-119450","1":"product","2":"type-product","3":"status-publish","4":"has-post-thumbnail","6":"product_cat-dnx","7":"product_cat-party-pills","8":"product_cat-smartshop","9":"product_cat-trippy-pills","11":"first","12":"instock","13":"taxable","14":"shipping-taxable","15":"purchasable","16":"product-type-variable","17":"has-default-attributes"},"_links":{"self":[{"href":"https:\/\/www.tatanka.nl\/pl\/wp-json\/wp\/v2\/product\/119450","targetHints":{"allow":["GET"]}}],"collection":[{"href":"https:\/\/www.tatanka.nl\/pl\/wp-json\/wp\/v2\/product"}],"about":[{"href":"https:\/\/www.tatanka.nl\/pl\/wp-json\/wp\/v2\/types\/product"}],"wp:featuredmedia":[{"embeddable":true,"href":"https:\/\/www.tatanka.nl\/pl\/wp-json\/wp\/v2\/media\/119454"}],"wp:attachment":[{"href":"https:\/\/www.tatanka.nl\/pl\/wp-json\/wp\/v2\/media?parent=119450"}],"wp:term":[{"taxonomy":"product_brand","embeddable":true,"href":"https:\/\/www.tatanka.nl\/pl\/wp-json\/wp\/v2\/product_brand?post=119450"},{"taxonomy":"product_cat","embeddable":true,"href":"https:\/\/www.tatanka.nl\/pl\/wp-json\/wp\/v2\/product_cat?post=119450"},{"taxonomy":"product_tag","embeddable":true,"href":"https:\/\/www.tatanka.nl\/pl\/wp-json\/wp\/v2\/product_tag?post=119450"}],"curies":[{"name":"wp","href":"https:\/\/api.w.org\/{rel}","templated":true}]}}