{"id":125379,"date":"2024-10-22T11:39:09","date_gmt":"2024-10-22T10:39:09","guid":{"rendered":"https:\/\/www.tatanka.nl\/?post_type=product&#038;p=125379"},"modified":"2026-01-14T12:49:25","modified_gmt":"2026-01-14T11:49:25","slug":"marshmallow-shrooms-grow-kit","status":"publish","type":"product","link":"https:\/\/www.tatanka.nl\/pl\/marshmallow-shrooms-grow-kit\/","title":{"rendered":"Marshmallow Zestaw do uprawy grzyb\u00f3w"},"content":{"rendered":"<h2 dir=\"ltr\" data-pm-slice=\"1 1 []\">Czym s\u0105 grzyby Marshmallow?<\/h2>\n<p dir=\"ltr\">Marshmallow Shrooms to unikalny hybrydowy wariant cubensis stworzony przez McSmart, zaprojektowany z my\u015bl\u0105 o niezr\u00f3wnanych psychodelicznych doznaniach. Te magiczne grzyby wyr\u00f3\u017cniaj\u0105 si\u0119 solidnym rozmiarem i silnym dzia\u0142aniem, zyskuj\u0105c przydomek \"wi\u0119kszy, grubszy, lepszy\". Zestaw All-in-One GrowKit sprawia, \u017ce uprawa jest dost\u0119pna, zawieraj\u0105c wszystko, co potrzebne do wyhodowania w\u0142asnych grzyb\u00f3w Marshmallow w domu. Wystarczy woda i proste instrukcje, aby wyhodowa\u0107 te grzyby, kt\u00f3re zapewni\u0105 \u017cywe efekty wizualne i g\u0142\u0119boko wci\u0105gaj\u0105c\u0105 podr\u00f3\u017c. Zazwyczaj zestaw daje oko\u0142o 400-500 gram\u00f3w w pierwszym rzucie, przy czym mo\u017cliwe s\u0105 nawet trzy zbiory. Przechowywany w temperaturze 2-4\u00b0C zestaw zachowuje \u017cywotno\u015b\u0107 przez oko\u0142o sze\u015b\u0107 miesi\u0119cy, zapewniaj\u0105c d\u0142ugotrwa\u0142y potencja\u0142 dla hodowc\u00f3w domowych. Hybrydowy charakter grzyb\u00f3w Marshmallow zwi\u0119ksza ich intensywno\u015b\u0107, czyni\u0105c je ulubionymi dla os\u00f3b poszukuj\u0105cych psychodelicznej podr\u00f3\u017cy na wy\u017cszym poziomie. \u0141atwo\u015b\u0107 uprawy i uderzaj\u0105ce efekty sprawiaj\u0105, \u017ce s\u0105 one idealne zar\u00f3wno dla pocz\u0105tkuj\u0105cych, jak i do\u015bwiadczonych hodowc\u00f3w, kt\u00f3rzy chc\u0105 odkry\u0107 naprawd\u0119 wyj\u0105tkow\u0105 odmian\u0119.<\/p>\n<h2 dir=\"ltr\">Historia grzyb\u00f3w Marshmallow<\/h2>\n<p dir=\"ltr\">Rozw\u00f3j Marshmallow Shrooms stanowi kamie\u0144 milowy w ewolucji magicznych grzyb\u00f3w. Stworzony przez McSmart, ten hybrydowy szczep cubensis wy\u0142oni\u0142 si\u0119 po latach selektywnej hodowli w celu po\u0142\u0105czenia najlepszych cech r\u00f3\u017cnych odmian cubensis. Celem by\u0142o stworzenie grzyba, kt\u00f3ry zapewnia zar\u00f3wno wysok\u0105 moc, jak i znaczne plony, atrakcyjne dla wsp\u00f3\u0142czesnych hodowc\u00f3w. W przeciwie\u0144stwie do tradycyjnych odmian, grzyby Marshmallow zosta\u0142y zaprojektowane tak, aby produkowa\u0107 wi\u0119ksze, g\u0119stsze owocniki, co skutkuje ich charakterystycznym wygl\u0105dem \"pianki\". Ta innowacja odzwierciedla post\u0119p w mikologii, gdzie hodowcy starali si\u0119 zwi\u0119kszy\u0107 psychodeliczne doznania, jednocze\u015bnie upraszczaj\u0105c upraw\u0119. Wprowadzenie zestawu All-in-One GrowKit jeszcze bardziej zdemokratyzowa\u0142o dost\u0119p, umo\u017cliwiaj\u0105c ka\u017cdemu upraw\u0119 tych niezwyk\u0142ych grzyb\u00f3w w domu. Dzi\u015b grzyby Marshmallow s\u0105 znane jako oferta limitowana, uosabiaj\u0105ca najnowocze\u015bniejsz\u0105 upraw\u0119 grzyb\u00f3w magicznych. Ich unikalny hybrydowy sk\u0142ad zapewnia sp\u00f3jne, pot\u0119\u017cne doznania, wyr\u00f3\u017cniaj\u0105c je w \u015bwiecie psychodelik\u00f3w i ugruntowuj\u0105c ich miejsce w ci\u0105g\u0142ej eksploracji grzyb\u00f3w zmieniaj\u0105cych \u015bwiadomo\u015b\u0107.<\/p>\n<h2 dir=\"ltr\">Jak u\u017cywa\u0107 grzyb\u00f3w Marshmallow<\/h2>\n<p dir=\"ltr\">Uprawa grzyb\u00f3w Marshmallow jest prosta dzi\u0119ki do\u0142\u0105czonemu zestawowi All-in-One GrowKit. Zacznij od umycia r\u0105k i zewn\u0119trznej cz\u0119\u015bci zestawu, a nast\u0119pnie zdejmij pokryw\u0119 i zanurz zestaw w letniej wodzie (20\u00b0C) na pi\u0119\u0107 minut. Spu\u015b\u0107 wod\u0119, umie\u015b\u0107 zestaw w dostarczonej torbie i dodaj 200-250 ml letniej wody. Zamknij torb\u0119 spinaczami i przechowuj j\u0105 w pomieszczeniu o temperaturze 20-25\u00b0C, z dala od bezpo\u015bredniego \u015bwiat\u0142a s\u0142onecznego lub \u017ar\u00f3de\u0142 ciep\u0142a. Utrzymuj wysoki poziom wilgotno\u015bci i CO2 do momentu pojawienia si\u0119 g\u0142\u00f3wek (wczesnych formacji grzyb\u00f3w), co mo\u017ce zaj\u0105\u0107 10-20 dni. Gdy pojawi\u0105 si\u0119 g\u0142\u00f3wki, nale\u017cy codziennie wietrzy\u0107 torb\u0119 i lekko spryskiwa\u0107 zestaw. Zbierz grzyby tu\u017c przed p\u0119kni\u0119ciem zas\u0142ony pod kapeluszem, delikatnie je przekr\u0119caj\u0105c i wyci\u0105gaj\u0105c. W przypadku dodatkowych zbior\u00f3w nale\u017cy powt\u00f3rzy\u0107 proces namaczania i uprawy. Metoda ta zapewnia optymalny wzrost i wielokrotne zbiory, dzi\u0119ki czemu Marshmallow Shrooms to ekscytuj\u0105cy projekt dla domowych hodowc\u00f3w poszukuj\u0105cych silnych, satysfakcjonuj\u0105cych do\u015bwiadcze\u0144.<\/p>\n<h2 dir=\"ltr\">Sk\u0142adniki Marshmallow Shrooms<\/h2>\n<p dir=\"ltr\">G\u0142\u00f3wnym \"sk\u0142adnikiem\" Marshmallow Shrooms jest Psilocybe Qubit, hybrydowy szczep cubensis dost\u0119pny wy\u0142\u0105cznie w McSmart. Zestaw All-in-One GrowKit zawiera pod\u0142o\u017ce zoptymalizowane pod k\u0105tem tego szczepu, wst\u0119pnie zaszczepione grzybni\u0105 w celu przyspieszenia wzrostu. Zestaw zawiera r\u00f3wnie\u017c worek do uprawy z filtrami powietrza i dwoma spinaczami do uszczelniania, eliminuj\u0105c potrzeb\u0119 stosowania dodatkowych materia\u0142\u00f3w. Pod\u0142o\u017ce to bogata w sk\u0142adniki od\u017cywcze mieszanka zaprojektowana w celu wspierania rozwoju du\u017cych, silnych grzyb\u00f3w, zapewniaj\u0105ca wysokie plony rz\u0119du 400-500 gram\u00f3w w idealnych warunkach. Naturalnie wyst\u0119puj\u0105ce zwi\u0105zki w grzybach Marshmallow, takie jak psylocybina i psylocyna, s\u0105 odpowiedzialne za ich psychodeliczne dzia\u0142anie. Psylocybina przekszta\u0142ca si\u0119 w organizmie w psylocyn\u0119, wp\u0142ywaj\u0105c na receptory serotoniny w celu wywo\u0142ania \u017cywych halucynacji i zmienionych stan\u00f3w \u015bwiadomo\u015bci. Nie stosuje si\u0119 \u017cadnych zewn\u0119trznych dodatk\u00f3w ani chemikali\u00f3w, zachowuj\u0105c naturaln\u0105 czysto\u015b\u0107 grzyb\u00f3w. Ta starannie dobrana konfiguracja pozwala hodowcom skupi\u0107 si\u0119 na uprawie, podczas gdy zestaw zapewnia wszystkie niezb\u0119dne elementy do udanych zbior\u00f3w.<\/p>\n<p dir=\"ltr\"><strong>Ostrze\u017cenie<\/strong><br \/>\nMarshmallow Grzyby zawieraj\u0105 psylocybin\u0119 i psylocyn\u0119, naturalne halucynogeny, kt\u00f3re mog\u0105 wywo\u0142ywa\u0107 silne efekty zmieniaj\u0105ce \u015bwiadomo\u015b\u0107. Substancje te mog\u0105 powodowa\u0107 intensywne halucynacje i nale\u017cy podchodzi\u0107 do nich z ostro\u017cno\u015bci\u0105. Grzyby Marshmallow nale\u017cy zawsze przechowywa\u0107 w miejscu niedost\u0119pnym dla dzieci ze wzgl\u0119du na ich silne w\u0142a\u015bciwo\u015bci psychoaktywne. Skonsultuj si\u0119 z profesjonalist\u0105, je\u015bli nie masz pewno\u015bci co do ich dzia\u0142ania lub bezpiecznego u\u017cytkowania.<\/p>","protected":false},"excerpt":{"rendered":"<p>Marshmallow Shrooms, limitowana edycja hybrydy cubensis od McSmart, oferuje niezwyk\u0142\u0105 psychodeliczn\u0105 podr\u00f3\u017c. Dzi\u0119ki wi\u0119kszemu rozmiarowi i zwi\u0119kszonej mocy, grzyby te zapewniaj\u0105 intensywn\u0105 i wizualnie urzekaj\u0105c\u0105 podr\u00f3\u017c. Zestaw do uprawy o pojemno\u015bci 1200 cm3 daje \u015brednio 500 gram\u00f3w, co czyni je zar\u00f3wno silnymi, jak i produktywnymi. Je\u015bli szukasz silniejszych, bardziej wci\u0105gaj\u0105cych wra\u017ce\u0144, grzyby Marshmallow z limitowanej edycji s\u0105 idealnym wyborem na niezapomnian\u0105 przygod\u0119.<\/p>","protected":false},"featured_media":125384,"template":"","meta":[],"product_brand":[],"product_cat":[539,297,595,515,519,476,593],"product_tag":[662],"class_list":{"0":"post-125379","1":"product","2":"type-product","3":"status-publish","4":"has-post-thumbnail","6":"product_cat-magic-mushroom-grow-kits","7":"product_cat-all-products","8":"product_cat-mcsmart","9":"product_cat-shroomshop","10":"product_cat-shroomshop-top-10","11":"product_cat-smartshop","12":"product_cat-strongest-magic-mushroom-grow-kits","13":"product_tag-shrdeal","14":"product_shipping_class-creditcard-off","16":"first","17":"instock","18":"taxable","19":"shipping-taxable","20":"purchasable","21":"product-type-variable","22":"has-default-attributes"},"_links":{"self":[{"href":"https:\/\/www.tatanka.nl\/pl\/wp-json\/wp\/v2\/product\/125379","targetHints":{"allow":["GET"]}}],"collection":[{"href":"https:\/\/www.tatanka.nl\/pl\/wp-json\/wp\/v2\/product"}],"about":[{"href":"https:\/\/www.tatanka.nl\/pl\/wp-json\/wp\/v2\/types\/product"}],"wp:featuredmedia":[{"embeddable":true,"href":"https:\/\/www.tatanka.nl\/pl\/wp-json\/wp\/v2\/media\/125384"}],"wp:attachment":[{"href":"https:\/\/www.tatanka.nl\/pl\/wp-json\/wp\/v2\/media?parent=125379"}],"wp:term":[{"taxonomy":"product_brand","embeddable":true,"href":"https:\/\/www.tatanka.nl\/pl\/wp-json\/wp\/v2\/product_brand?post=125379"},{"taxonomy":"product_cat","embeddable":true,"href":"https:\/\/www.tatanka.nl\/pl\/wp-json\/wp\/v2\/product_cat?post=125379"},{"taxonomy":"product_tag","embeddable":true,"href":"https:\/\/www.tatanka.nl\/pl\/wp-json\/wp\/v2\/product_tag?post=125379"}],"curies":[{"name":"wp","href":"https:\/\/api.w.org\/{rel}","templated":true}]}}