{"id":126705,"date":"2024-12-06T09:10:31","date_gmt":"2024-12-06T08:10:31","guid":{"rendered":"https:\/\/www.tatanka.nl\/?post_type=product&#038;p=126705"},"modified":"2025-10-31T10:24:00","modified_gmt":"2025-10-31T09:24:00","slug":"microdose-synergy-capsules","status":"publish","type":"product","link":"https:\/\/www.tatanka.nl\/pl\/microdose-synergy-capsules\/","title":{"rendered":"Kapsu\u0142ki Microdose Synergy"},"content":{"rendered":"<h2>Czym s\u0105 Microdose Synergy Capsules?<\/h2>\n<p>Kapsu\u0142ki Microdose Synergy to innowacyjne suplementy zaprojektowane w celu zmaksymalizowania korzy\u015bci p\u0142yn\u0105cych z mikrodawkowania. \u0141\u0105cz\u0105 w sobie pot\u0119\u017cne sk\u0142adniki, w tym grzyb Lion\u2019s Mane, niacyn\u0119 (witamin\u0119 B3), ekstrakt z rozmarynu i witamin\u0119 C, tworz\u0105c synergi\u0119, kt\u00f3ra wspiera funkcje poznawcze, energi\u0119 i jasno\u015b\u0107 umys\u0142u.<\/p>\n<p>Lion\u2019s Mane, znany jako \"naturalny pokarm dla m\u00f3zgu\", promuje produkcj\u0119 czynnik\u00f3w wzrostu nerw\u00f3w, niezb\u0119dnych dla zdrowia kom\u00f3rek m\u00f3zgowych. Niacyna poprawia przep\u0142yw krwi, zapewniaj\u0105c skuteczne wch\u0142anianie sk\u0142adnik\u00f3w od\u017cywczych, a witamina C i ekstrakt z rozmarynu zapewniaj\u0105 wsparcie antyoksydacyjne i metaboliczne. Kapsu\u0142ki te s\u0105 szczeg\u00f3lnie skuteczne w po\u0142\u0105czeniu z procedurami mikrodawkowania, pomagaj\u0105c osi\u0105gn\u0105\u0107 optymalne skupienie, kreatywno\u015b\u0107 i dobre samopoczucie.<\/p>\n<p>Ka\u017cda butelka zawiera 60 kapsu\u0142ek, zapewniaj\u0105c prosty i wygodny spos\u00f3b na w\u0142\u0105czenie tych korzy\u015bci do codziennego \u017cycia.<\/p>\n<h2>Historia sk\u0142adnik\u00f3w Microdose Synergy<\/h2>\n<p>Sk\u0142adniki kapsu\u0142ek Microdose Synergy maj\u0105 g\u0142\u0119bokie korzenie w tradycyjnej medycynie i wsp\u00f3\u0142czesnej nauce. Grzyby Lion\u2019s Mane s\u0105 od wiek\u00f3w stosowane w kulturach wschodnioazjatyckich w celu wspierania zdrowia i witalno\u015bci m\u00f3zgu. Badania naukowe sugeruj\u0105, \u017ce stymuluj\u0105 one produkcj\u0119 czynnika wzrostu nerw\u00f3w, kluczowego dla naprawy i utrzymania neuron\u00f3w.<\/p>\n<p>Niacyna, odkryta na pocz\u0105tku XX wieku, jest niezb\u0119dnym sk\u0142adnikiem od\u017cywczym dla metabolizmu energetycznego i zdrowia sk\u00f3ry. Tradycyjnie pozyskiwana z \u017cywno\u015bci, takiej jak zbo\u017ca i ro\u015bliny str\u0105czkowe, odgrywa kluczow\u0105 rol\u0119 w syntezie bia\u0142ek i naprawie kom\u00f3rkowej. Rozmaryn, zio\u0142o pochodz\u0105ce z basenu Morza \u015ar\u00f3dziemnego, jest znany ze swojej zdolno\u015bci do poprawy pami\u0119ci i kr\u0105\u017cenia, podczas gdy w\u0142a\u015bciwo\u015bci przeciwutleniaj\u0105ce witaminy C s\u0105 znane na ca\u0142ym \u015bwiecie od dziesi\u0119cioleci.<\/p>\n<p>Dzi\u0119ki po\u0142\u0105czeniu tych sprawdzonych sk\u0142adnik\u00f3w, kapsu\u0142ki Microdose Synergy oferuj\u0105 nowoczesne podej\u015bcie do poprawy funkcji poznawczych i zdrowia fizycznego.<\/p>\n<h2>Jak korzysta\u0107 z Microdose Synergy Capsules<\/h2>\n<p>Aby w pe\u0142ni do\u015bwiadczy\u0107 korzy\u015bci p\u0142yn\u0105cych ze stosowania kapsu\u0142ek Microdose Synergy, nale\u017cy przestrzega\u0107 ustrukturyzowanej rutyny:<\/p>\n<p><strong>Dzie\u0144 1-4: Dni Microdosing<\/strong><\/p>\n<ul>\n<li>Przyjmowa\u0107 rano od 0,5 do 1,5 grama \u015bwie\u017cych magicznych trufli.<\/li>\n<li>Dodaj 1-2 kapsu\u0142ki Microdose Synergy, aby wzmocni\u0107 efekty.<\/li>\n<\/ul>\n<p><strong>Dzie\u0144 5-7: Dni inne ni\u017c Microdosing<\/strong><\/p>\n<ul>\n<li>Pomi\u0144 trufle, ale opcjonalnie we\u017a 1-2 kapsu\u0142ki rano.<\/li>\n<\/ul>\n<p><strong>Cykl:<\/strong> Powtarzaj t\u0119 procedur\u0119 przez cztery tygodnie, aby uzyska\u0107 optymalne wyniki.<\/p>\n<p>Kapsu\u0142ki nadaj\u0105 si\u0119 do stosowania z mikrodawkowaniem lub bez niego. Po\u0142\u0105czenie ich z McMicrodose Truffles wzmacnia jednak ich synergistyczne dzia\u0142anie. Kapsu\u0142ki nale\u017cy zawsze przyjmowa\u0107 rano, popijaj\u0105c wod\u0105, aby zapewni\u0107 sobie energi\u0119 i koncentracj\u0119 przez ca\u0142y dzie\u0144.<\/p>\n<h2>Sk\u0142adniki Microdose Synergy Capsules<\/h2>\n<p>Ka\u017cda kapsu\u0142ka Microdose Synergy zawiera:<\/p>\n<ul>\n<li><strong>300 mg organicznego ekstraktu Lion\u2019s Mane:<\/strong> Poprawia funkcje poznawcze i zdrowie neuron\u00f3w.<\/li>\n<li><strong>50 mg niacyny (witamina B3):<\/strong> Poprawia metabolizm energetyczny i wch\u0142anianie sk\u0142adnik\u00f3w od\u017cywczych.<\/li>\n<li><strong>25 mg ekstraktu z rozmarynu:<\/strong> Wspomaga kr\u0105\u017cenie i trawienie.<\/li>\n<li><strong>25 mg kwasu askorbinowego (witamina C):<\/strong> Chroni kom\u00f3rki przed stresem oksydacyjnym i wspomaga odporno\u015b\u0107.<\/li>\n<\/ul>\n<p>Sk\u0142adniki te zosta\u0142y starannie dobrane, aby wsp\u00f3\u0142dzia\u0142a\u0107, promuj\u0105c zdrowie m\u00f3zgu, poprawiaj\u0105c koncentracj\u0119 i zapewniaj\u0105c ochron\u0119 antyoksydacyjn\u0105.<\/p>\n<p><strong>Ostrze\u017cenie<\/strong><br \/>\nKapsu\u0142ki Microdose Synergy s\u0105 suplementami diety i nie powinny zast\u0119powa\u0107 zr\u00f3wnowa\u017conej diety ani zdrowego stylu \u017cycia. Nie nale\u017cy przekracza\u0107 zalecanej dawki. Przechowywa\u0107 w miejscu niedost\u0119pnym dla dzieci. Skonsultuj si\u0119 z lekarzem przed u\u017cyciem, je\u015bli jeste\u015b w ci\u0105\u017cy, karmisz piersi\u0105 lub cierpisz na schorzenia. Wysokie dawki niacyny mog\u0105 powodowa\u0107 tymczasowe \"uderzenia gor\u0105ca\", nieszkodliwe uczucie ciep\u0142a lub mrowienia.<\/p>","protected":false},"excerpt":{"rendered":"<p>Wzmocnij swoj\u0105 przygod\u0119 z mikrodawkowaniem dzi\u0119ki kapsu\u0142kom Microdose Synergy! Suplementy te, zawieraj\u0105ce Lion\u2019s Mane, niacyn\u0119, ekstrakt z rozmarynu i witamin\u0119 C, wspieraj\u0105 zdrowie m\u00f3zgu, poziom energii i og\u00f3lne samopoczucie, jednocze\u015bnie wzmacniaj\u0105c efekty mikrodawkowania.<\/p>","protected":false},"featured_media":134861,"template":"","meta":[],"product_brand":[],"product_cat":[596,475,521,523,395,515,476],"product_tag":[662],"class_list":{"0":"post-126705","1":"product","2":"type-product","3":"status-publish","4":"has-post-thumbnail","6":"product_cat-mcmyco","7":"product_cat-healthshop","8":"product_cat-medicinal-mushrooms","9":"product_cat-medicinal-mushrooms-supplements","10":"product_cat-microdosing","11":"product_cat-shroomshop","12":"product_cat-smartshop","13":"product_tag-shrdeal","15":"first","16":"instock","17":"taxable","18":"shipping-taxable","19":"purchasable","20":"product-type-variable","21":"has-default-attributes"},"_links":{"self":[{"href":"https:\/\/www.tatanka.nl\/pl\/wp-json\/wp\/v2\/product\/126705","targetHints":{"allow":["GET"]}}],"collection":[{"href":"https:\/\/www.tatanka.nl\/pl\/wp-json\/wp\/v2\/product"}],"about":[{"href":"https:\/\/www.tatanka.nl\/pl\/wp-json\/wp\/v2\/types\/product"}],"wp:featuredmedia":[{"embeddable":true,"href":"https:\/\/www.tatanka.nl\/pl\/wp-json\/wp\/v2\/media\/134861"}],"wp:attachment":[{"href":"https:\/\/www.tatanka.nl\/pl\/wp-json\/wp\/v2\/media?parent=126705"}],"wp:term":[{"taxonomy":"product_brand","embeddable":true,"href":"https:\/\/www.tatanka.nl\/pl\/wp-json\/wp\/v2\/product_brand?post=126705"},{"taxonomy":"product_cat","embeddable":true,"href":"https:\/\/www.tatanka.nl\/pl\/wp-json\/wp\/v2\/product_cat?post=126705"},{"taxonomy":"product_tag","embeddable":true,"href":"https:\/\/www.tatanka.nl\/pl\/wp-json\/wp\/v2\/product_tag?post=126705"}],"curies":[{"name":"wp","href":"https:\/\/api.w.org\/{rel}","templated":true}]}}