{"id":126711,"date":"2024-12-06T09:27:54","date_gmt":"2024-12-06T08:27:54","guid":{"rendered":"https:\/\/www.tatanka.nl\/?post_type=product&#038;p=126711"},"modified":"2025-10-31T09:59:17","modified_gmt":"2025-10-31T08:59:17","slug":"tremella-fuciformis-extract-capsules","status":"publish","type":"product","link":"https:\/\/www.tatanka.nl\/pl\/tremella-fuciformis-extract-capsules\/","title":{"rendered":"Kapsu\u0142ki z ekstraktem z Tremella Fuciformis"},"content":{"rendered":"<h2>Co to jest Tremella Fuciformis?<\/h2>\n<p>Tremella Fuciformis, potocznie nazywany \"grzybem srebrnego ucha\", jest bardzo cenionym grzybem znanym ze swojej zdolno\u015bci do wspierania uk\u0142adu odporno\u015bciowego i promowania zdrowej, nawil\u017conej sk\u00f3ry. Wyst\u0119puj\u0105cy w klimacie tropikalnym grzyb ten jest bogaty w przeciwutleniacze i polisacharydy, co czyni go cennym dodatkiem do ka\u017cdej rutyny odnowy biologicznej.<\/p>\n<p>Kapsu\u0142ki McMyco Tremella Fuciformis oferuj\u0105 skoncentrowan\u0105 dawk\u0119 tego dobroczynnego grzyba, ekstrahowanego wy\u0142\u0105cznie z owocnika, aby zapewni\u0107 maksymaln\u0105 moc. Wzbogacony o witamin\u0119 C i cynk, suplement wspomaga r\u00f3wnie\u017c produkcj\u0119 energii i wzmacnia naturalne mechanizmy obronne organizmu. Ka\u017cda kapsu\u0142ka zosta\u0142a zaprojektowana tak, aby zapewni\u0107 wygodny i skuteczny spos\u00f3b na do\u015bwiadczenie prozdrowotnych w\u0142a\u015bciwo\u015bci tego niezwyk\u0142ego grzyba.<\/p>\n<hr \/>\n<h2>Historia Tremella Fuciformis<\/h2>\n<p>Tremella Fuciformis ma d\u0142ug\u0105 histori\u0119 zakorzenion\u0105 w tradycyjnej medycynie, szczeg\u00f3lnie w Azji Wschodniej, gdzie od wiek\u00f3w by\u0142a stosowana jako \u015brodek poprawiaj\u0105cy urod\u0119 i tonik zdrowotny. Staro\u017cytne teksty cz\u0119sto okre\u015bla\u0142y go jako \"grzyb nie\u015bmiertelno\u015bci\" ze wzgl\u0119du na jego postrzegane w\u0142a\u015bciwo\u015bci przeciwstarzeniowe.<\/p>\n<p>W przesz\u0142o\u015bci by\u0142 ulubie\u0144cem szlachty ze wzgl\u0119du na jego zdolno\u015b\u0107 do poprawy elastyczno\u015bci sk\u00f3ry i zatrzymywania wilgoci. Jej uprawa rozpocz\u0119\u0142a si\u0119 w Chinach i Japonii i rozprzestrzeni\u0142a si\u0119 na ca\u0142ym \u015bwiecie, gdy jej korzy\u015bci zdrowotne sta\u0142y si\u0119 szerzej znane. Dzi\u015b Tremella Fuciformis nadal jest symbolem naturalnego pi\u0119kna i dobrego samopoczucia, \u0142\u0105cz\u0105c staro\u017cytne tradycje z nowoczesn\u0105 nauk\u0105, aby zaspokoi\u0107 potrzeby wsp\u00f3\u0142czesnego stylu \u017cycia.<\/p>\n<hr \/>\n<h2>Jak stosowa\u0107 Tremella Fuciformis<\/h2>\n<p>W\u0142\u0105czenie Tremella Fuciformis do codziennej rutyny jest proste. Zalecana dawka to dwie kapsu\u0142ki dziennie, przyjmowane z wod\u0105 podczas posi\u0142k\u00f3w w celu zapewnienia optymalnego wch\u0142aniania.<\/p>\n<p>Ta rutyna u\u0142atwia wsparcie uk\u0142adu odporno\u015bciowego i utrzymanie zdrowej sk\u00f3ry. Dla tych, kt\u00f3rzy szukaj\u0105 dodatkowych korzy\u015bci, po\u0142\u0105czenie Tremella Fuciformis z innymi grzybami leczniczymi z McMyco mo\u017ce zapewni\u0107 efekt synergii. Konsekwentne stosowanie jest kluczem do osi\u0105gni\u0119cia najlepszych rezultat\u00f3w. Niezale\u017cnie od tego, czy chcesz zwi\u0119kszy\u0107 energi\u0119, poprawi\u0107 zdrowie sk\u00f3ry, czy te\u017c wesprze\u0107 og\u00f3lne samopoczucie, suplement ten doskonale wpisuje si\u0119 w zr\u00f3wnowa\u017cony styl \u017cycia.<\/p>\n<hr \/>\n<h2>Sk\u0142adniki Tremella Fuciformis<\/h2>\n<p>Ka\u017cda wega\u0144ska kapsu\u0142ka Tremella Fuciformis by McMyco zawiera 400 mg organicznego ekstraktu pochodz\u0105cego z owocnika grzyba. Ten ekstrakt o pe\u0142nym spektrum dzia\u0142ania jest uzyskiwany przy u\u017cyciu technik ekstrakcji wod\u0105 i etanolem, dzi\u0119ki czemu zachowuje silne zwi\u0105zki bioaktywne, w tym polisacharydy 30%.<\/p>\n<p>Dodatkowo formu\u0142a zosta\u0142a wzbogacona o 15 mg witaminy C i 10 mg cynku na kapsu\u0142k\u0119, kt\u00f3re odgrywaj\u0105 kluczow\u0105 rol\u0119 we wspieraniu uk\u0142adu odporno\u015bciowego i zmniejszaniu zm\u0119czenia. Naturalne substancje pomocnicze, takie jak cytrynian magnezu i dwutlenek krzemu, s\u0105 stosowane w celu zapewnienia, \u017ce kapsu\u0142ki s\u0105 wolne od sztucznych dodatk\u00f3w, dzi\u0119ki czemu s\u0105 odpowiednie dla wegan.<\/p>\n<hr \/>\n<p><strong>Ostrze\u017cenie:<\/strong><br \/>\nTremella Fuciformis by McMyco jest suplementem diety i powinien by\u0107 stosowany jako taki. Nie nale\u017cy przekracza\u0107 zalecanej dziennej dawki. Przechowywa\u0107 w miejscu niedost\u0119pnym dla dzieci. Skonsultuj si\u0119 z lekarzem przed u\u017cyciem, je\u015bli jeste\u015b w ci\u0105\u017cy, karmisz piersi\u0105 lub masz jakiekolwiek schorzenia.<\/p>","protected":false},"excerpt":{"rendered":"<p>Tremella Fuciformis by McMyco to wysokiej jako\u015bci suplement diety, kt\u00f3ry \u0142\u0105czy w sobie zalety \"grzyba srebrnego ucha\" z witamin\u0105 C i cynkiem. Znany ze swoich w\u0142a\u015bciwo\u015bci wzmacniaj\u0105cych odporno\u015b\u0107 i wspieraj\u0105cych sk\u00f3r\u0119, ten przyjazny dla wegan suplement jest idealny do poprawy og\u00f3lnego samopoczucia.<\/p>","protected":false},"featured_media":134858,"template":"","meta":[],"product_brand":[],"product_cat":[596,297,475,521,523,395,515,476],"product_tag":[662],"class_list":{"0":"post-126711","1":"product","2":"type-product","3":"status-publish","4":"has-post-thumbnail","6":"product_cat-mcmyco","7":"product_cat-all-products","8":"product_cat-healthshop","9":"product_cat-medicinal-mushrooms","10":"product_cat-medicinal-mushrooms-supplements","11":"product_cat-microdosing","12":"product_cat-shroomshop","13":"product_cat-smartshop","14":"product_tag-shrdeal","16":"first","17":"instock","18":"taxable","19":"shipping-taxable","20":"purchasable","21":"product-type-variable","22":"has-default-attributes"},"_links":{"self":[{"href":"https:\/\/www.tatanka.nl\/pl\/wp-json\/wp\/v2\/product\/126711","targetHints":{"allow":["GET"]}}],"collection":[{"href":"https:\/\/www.tatanka.nl\/pl\/wp-json\/wp\/v2\/product"}],"about":[{"href":"https:\/\/www.tatanka.nl\/pl\/wp-json\/wp\/v2\/types\/product"}],"wp:featuredmedia":[{"embeddable":true,"href":"https:\/\/www.tatanka.nl\/pl\/wp-json\/wp\/v2\/media\/134858"}],"wp:attachment":[{"href":"https:\/\/www.tatanka.nl\/pl\/wp-json\/wp\/v2\/media?parent=126711"}],"wp:term":[{"taxonomy":"product_brand","embeddable":true,"href":"https:\/\/www.tatanka.nl\/pl\/wp-json\/wp\/v2\/product_brand?post=126711"},{"taxonomy":"product_cat","embeddable":true,"href":"https:\/\/www.tatanka.nl\/pl\/wp-json\/wp\/v2\/product_cat?post=126711"},{"taxonomy":"product_tag","embeddable":true,"href":"https:\/\/www.tatanka.nl\/pl\/wp-json\/wp\/v2\/product_tag?post=126711"}],"curies":[{"name":"wp","href":"https:\/\/api.w.org\/{rel}","templated":true}]}}