{"id":126714,"date":"2024-12-06T09:38:48","date_gmt":"2024-12-06T08:38:48","guid":{"rendered":"https:\/\/www.tatanka.nl\/?post_type=product&#038;p=126714"},"modified":"2025-05-20T07:42:59","modified_gmt":"2025-05-20T06:42:59","slug":"cola-nut","status":"publish","type":"product","link":"https:\/\/www.tatanka.nl\/pl\/cola-nut\/","title":{"rendered":"Cola Nut"},"content":{"rendered":"<h2>Co to jest Cola Nut?<\/h2>\n<p>Cola Nut to naturalny produkt pozyskiwany z nasion ro\u015bliny Cola Nitida, powszechnie znanej jako Kolanoot. Ta tropikalna ro\u015blina, kt\u00f3ra mo\u017ce dorasta\u0107 do 20 metr\u00f3w wysoko\u015bci, pochodzi z r\u00f3\u017cnych tropikalnych las\u00f3w deszczowych w Afryce. Nasiona tej ro\u015bliny zawieraj\u0105 kofein\u0119, dobrze znany \u015brodek pobudzaj\u0105cy, kt\u00f3ry mo\u017ce zwi\u0119kszy\u0107 poziom energii i poprawi\u0107 jasno\u015b\u0107 umys\u0142u. Cola Nut by\u0142 u\u017cywany od wiek\u00f3w w tradycyjnej medycynie do zwalczania zm\u0119czenia, zwi\u0119kszania koncentracji, a nawet promowania euforii w niekt\u00f3rych przypadkach.<\/p>\n<p>Pobudzaj\u0105ce w\u0142a\u015bciwo\u015bci Cola Nut wynikaj\u0105 z naturalnie wyst\u0119puj\u0105cej kofeiny, kt\u00f3ra jest t\u0105 sam\u0105 substancj\u0105, kt\u00f3r\u0105 mo\u017cna znale\u017a\u0107 w kawie i herbacie. Sprawia to, \u017ce Cola Nut jest doskona\u0142ym wyborem dla os\u00f3b poszukuj\u0105cych alternatywy dla tradycyjnych napoj\u00f3w zawieraj\u0105cych kofein\u0119. Niezale\u017cnie od tego, czy potrzebujesz popo\u0142udniowego pobudzenia, czy te\u017c chcesz zwi\u0119kszy\u0107 wydajno\u015b\u0107 treningu, Cola Nut mo\u017ce zapewni\u0107 naturalny, trwa\u0142y zastrzyk energii bez za\u0142amania, kt\u00f3re cz\u0119sto nast\u0119puje po spo\u017cyciu kofeiny.<\/p>\n<p>Opr\u00f3cz dzia\u0142ania energetyzuj\u0105cego, uwa\u017ca si\u0119, \u017ce Cola Nut ma r\u00f3wnie\u017c korzystny wp\u0142yw na kontrol\u0119 masy cia\u0142a. Jego w\u0142a\u015bciwo\u015bci pobudzaj\u0105ce mog\u0105 pom\u00f3c poprawi\u0107 metabolizm, t\u0142umi\u0107 apetyt i wspomaga\u0107 trawienie, co mo\u017ce u\u0142atwi\u0107 utrzymanie zdrowej wagi.<\/p>\n<h2>Historia Cola Nut<\/h2>\n<p>Cola Nut ma bogat\u0105 histori\u0119, kt\u00f3ra si\u0119ga wiek\u00f3w wstecz w Afryce, gdzie by\u0142a u\u017cywana zar\u00f3wno do cel\u00f3w leczniczych, jak i kulturowych. Ro\u015blina Cola Nitida jest g\u0142\u0119boko zakorzeniona w tradycjach wielu afryka\u0144skich plemion. Od pokole\u0144 nasiona Cola Nut by\u0142y \u017cute w celu zwi\u0119kszenia energii i zmniejszenia zm\u0119czenia podczas d\u0142ugich podr\u00f3\u017cy lub forsownych zaj\u0119\u0107. W niekt\u00f3rych kulturach afryka\u0144skich nasiona Cola Nut by\u0142y r\u00f3wnie\u017c u\u017cywane jako ofiary lub prezenty dla uhonorowania go\u015bci i wyra\u017cenia szacunku.<\/p>\n<p>Skojarzenie ro\u015bliny z energi\u0105 i witalno\u015bci\u0105 sprawi\u0142o, \u017ce sta\u0142a si\u0119 ona cennym zasobem w tych spo\u0142eczno\u015bciach. Nie min\u0119\u0142o wiele czasu, zanim Cola Nut trafi\u0142 na globalny rynek, zw\u0142aszcza w postaci kluczowego sk\u0142adnika s\u0142ynnego napoju bezalkoholowego Coca-Cola. Pierwotnie Cola Nut by\u0142 u\u017cywany jako g\u0142\u00f3wne \u017ar\u00f3d\u0142o kofeiny w formule, dzi\u0119ki czemu nap\u00f3j zyska\u0142 swoj\u0105 nazw\u0119. Z czasem syntetyczna kofeina zast\u0105pi\u0142a Cola Nut, ale dziedzictwo ro\u015bliny jako naturalnego stymulanta pozostaje nienaruszone.<\/p>\n<p>Dzi\u015b Cola Nut jest nadal znany ze swoich stymuluj\u0105cych i pobudzaj\u0105cych w\u0142a\u015bciwo\u015bci. Znalaz\u0142 on zastosowanie w nowoczesnych produktach zdrowotnych i wellness, oferuj\u0105c ca\u0142kowicie naturaln\u0105 alternatyw\u0119 dla syntetycznych wzmacniaczy energii.<\/p>\n<h2>Jak korzysta\u0107 z Cola Nut<\/h2>\n<p>Aby jak najlepiej wykorzysta\u0107 Cola Nut, zaleca si\u0119 spo\u017cywanie go z umiarem. Sugerowana dawka to 1 gram dziennie, kt\u00f3r\u0105 mo\u017cna przyjmowa\u0107 w ramach codziennej rutyny. Mo\u017cesz doda\u0107 Cola Nut do koktajli, shake'\u00f3w lub innych napoj\u00f3w lub po prostu przyjmowa\u0107 go jako suplement.<\/p>\n<p>Poniewa\u017c Cola Nut zawiera kofein\u0119, wa\u017cne jest, aby pami\u0119ta\u0107 o og\u00f3lnym spo\u017cyciu kofeiny, aby unikn\u0105\u0107 nadmiernego pobudzenia. W przypadku os\u00f3b wra\u017cliwych na kofein\u0119 zaleca si\u0119 rozpocz\u0119cie od ni\u017cszej dawki w celu oceny tolerancji. Cola Nut mo\u017ce by\u0107 r\u00f3wnie\u017c stosowany przed treningiem w celu zwi\u0119kszenia wytrzyma\u0142o\u015bci i koncentracji, zapewniaj\u0105c energi\u0119 potrzebn\u0105 do intensywnych sesji treningowych.<\/p>\n<p>Cola Nut to wszechstronny produkt, kt\u00f3ry mo\u017cna zintegrowa\u0107 z r\u00f3\u017cnymi schematami zdrowotnymi, niezale\u017cnie od tego, czy szukasz naturalnego zastrzyku energii, jasno\u015bci umys\u0142u, czy nawet pomocy w odchudzaniu. Dzi\u0119ki naturalnym, przyjaznym dla wegan sk\u0142adnikom, Cola Nut jest doskona\u0142ym dodatkiem do ka\u017cdej rutyny odnowy biologicznej.<\/p>\n<h2>Sk\u0142adniki Cola Nut<\/h2>\n<p>Cola Nut zawiera pojedynczy, pot\u0119\u017cny sk\u0142adnik: Cola Nitida. Sk\u0142adnik ten pochodzi z nasion ro\u015bliny Cola Nitida, kt\u00f3ra pochodzi z tropikalnych las\u00f3w deszczowych Afryki. Nasiona tej ro\u015bliny s\u0105 naturalnie bogate w kofein\u0119, kluczowy zwi\u0105zek aktywny, kt\u00f3ry nadaje Cola Nut dzia\u0142anie pobudzaj\u0105ce.<\/p>\n<p>Kofeina dzia\u0142a poprzez stymulacj\u0119 o\u015brodkowego uk\u0142adu nerwowego, co mo\u017ce zwi\u0119kszy\u0107 czujno\u015b\u0107, poprawi\u0107 koncentracj\u0119 i zmniejszy\u0107 zm\u0119czenie. Opr\u00f3cz kofeiny, Cola Nut mo\u017ce r\u00f3wnie\u017c zawiera\u0107 inne zwi\u0105zki \u015bladowe, kt\u00f3re przyczyniaj\u0105 si\u0119 do jego w\u0142a\u015bciwo\u015bci energetyzuj\u0105cych. Naturalne \u017ar\u00f3d\u0142o kofeiny w Cola Nut sprawia, \u017ce jest to preferowana opcja dla tych, kt\u00f3rzy chc\u0105 unikn\u0105\u0107 syntetycznych stymulant\u00f3w wyst\u0119puj\u0105cych w niekt\u00f3rych napojach energetycznych i suplementach.<\/p>\n<p>Cola Nut od Indian Elements jest 100% naturalny i wega\u0144ski, dzi\u0119ki czemu nie zawiera \u017cadnych sztucznych dodatk\u00f3w ani konserwant\u00f3w. To sprawia, \u017ce jest to \u015bwietna opcja dla os\u00f3b, kt\u00f3re priorytetowo traktuj\u0105 czyste i zr\u00f3wnowa\u017cone sk\u0142adniki w swoich produktach wellness.<\/p>\n<p><strong>Ostrze\u017cenie<\/strong><br \/>\nCola Nut jest przeznaczony do u\u017cytku przez osoby doros\u0142e w wieku powy\u017cej 18 lat. Lek nale\u017cy przechowywa\u0107 w miejscu niedost\u0119pnym dla dzieci. Produkt nie powinien by\u0107 stosowany w po\u0142\u0105czeniu z inhibitorami MAO. Nie jest zalecany dla os\u00f3b z problemami z nerkami lub sercem, wysokim lub niskim ci\u015bnieniem krwi, cukrzyc\u0105 lub os\u00f3b pod wp\u0142ywem lek\u00f3w, narkotyk\u00f3w lub alkoholu. Przed zastosowaniem Cola Nut nale\u017cy zawsze skonsultowa\u0107 si\u0119 z lekarzem, je\u015bli istniej\u0105 jakiekolwiek obawy dotycz\u0105ce stanu zdrowia. Jest to suplement diety i powinien by\u0107 stosowany jako cz\u0119\u015b\u0107 zbilansowanej diety. Nie kupowa\u0107, je\u015bli opakowanie jest uszkodzone.<\/p>","protected":false},"excerpt":{"rendered":"<p>Indian Elements Cola Nut to naturalny wzmacniacz energii pozyskiwany z nasion ro\u015bliny Cola Nitida. Ten pot\u0119\u017cny sk\u0142adnik zapewnia kofeinowy zastrzyk energii, kt\u00f3ry poprawia koncentracj\u0119, zmniejsza zm\u0119czenie, a nawet wspomaga odchudzanie. Znany ze swojego stymuluj\u0105cego dzia\u0142ania, Cola Nut mo\u017ce da\u0107 ci ten dodatkowy impuls, gdy najbardziej go potrzebujesz, a wszystko to przy zachowaniu naturalno\u015bci i wega\u0144sko\u015bci.<\/p>","protected":false},"featured_media":126717,"template":"","meta":[],"product_brand":[],"product_cat":[597,297,477,476],"product_tag":[],"class_list":{"0":"post-126714","1":"product","2":"type-product","3":"status-publish","4":"has-post-thumbnail","6":"product_cat-indian-elements","7":"product_cat-all-products","8":"product_cat-herbs","9":"product_cat-smartshop","11":"first","12":"instock","13":"taxable","14":"shipping-taxable","15":"purchasable","16":"product-type-variable","17":"has-default-attributes"},"_links":{"self":[{"href":"https:\/\/www.tatanka.nl\/pl\/wp-json\/wp\/v2\/product\/126714","targetHints":{"allow":["GET"]}}],"collection":[{"href":"https:\/\/www.tatanka.nl\/pl\/wp-json\/wp\/v2\/product"}],"about":[{"href":"https:\/\/www.tatanka.nl\/pl\/wp-json\/wp\/v2\/types\/product"}],"wp:featuredmedia":[{"embeddable":true,"href":"https:\/\/www.tatanka.nl\/pl\/wp-json\/wp\/v2\/media\/126717"}],"wp:attachment":[{"href":"https:\/\/www.tatanka.nl\/pl\/wp-json\/wp\/v2\/media?parent=126714"}],"wp:term":[{"taxonomy":"product_brand","embeddable":true,"href":"https:\/\/www.tatanka.nl\/pl\/wp-json\/wp\/v2\/product_brand?post=126714"},{"taxonomy":"product_cat","embeddable":true,"href":"https:\/\/www.tatanka.nl\/pl\/wp-json\/wp\/v2\/product_cat?post=126714"},{"taxonomy":"product_tag","embeddable":true,"href":"https:\/\/www.tatanka.nl\/pl\/wp-json\/wp\/v2\/product_tag?post=126714"}],"curies":[{"name":"wp","href":"https:\/\/api.w.org\/{rel}","templated":true}]}}