{"id":126719,"date":"2024-12-06T09:49:15","date_gmt":"2024-12-06T08:49:15","guid":{"rendered":"https:\/\/www.tatanka.nl\/?post_type=product&#038;p=126719"},"modified":"2025-03-05T16:25:36","modified_gmt":"2025-03-05T15:25:36","slug":"cola-nut-capsules-2","status":"publish","type":"product","link":"https:\/\/www.tatanka.nl\/pl\/cola-nut-capsules-2\/","title":{"rendered":"Kapsu\u0142ki Cola Nut"},"content":{"rendered":"<h2>Czym s\u0105 Cola Nut Capsules?<\/h2>\n<p>Kapsu\u0142ki Cola Nut to naturalny suplement wykonany z nasion ro\u015bliny Cola Nitida, znanej r\u00f3wnie\u017c jako Kolanoot. Ro\u015blina ta jest spokrewniona z kakao i mo\u017ce dorasta\u0107 do 20 metr\u00f3w wysoko\u015bci w tropikalnych lasach deszczowych Afryki. Nasiona ro\u015bliny Cola Nitida s\u0105 bogate w kofein\u0119, kt\u00f3ra zapewnia energetyzuj\u0105ce dzia\u0142anie kapsu\u0142ek Cola Nut. Podobnie jak kofeina zawarta w kawie, ten naturalny \u015brodek pobudzaj\u0105cy mo\u017ce pom\u00f3c zwalczy\u0107 zm\u0119czenie i zwi\u0119kszy\u0107 czujno\u015b\u0107 umys\u0142ow\u0105.<\/p>\n<p>Kapsu\u0142ki zosta\u0142y zaprojektowane tak, aby zapewni\u0107 wygodn\u0105 i kontrolowan\u0105 dawk\u0119 Cola Nut. Ka\u017cda kapsu\u0142ka zawiera siln\u0105 ilo\u015b\u0107 aktywnych zwi\u0105zk\u00f3w z Cola Nitida, oferuj\u0105c czysty, naturalny zastrzyk energii bez potrzeby spo\u017cywania s\u0142odkich napoj\u00f3w energetycznych. Efekty dzia\u0142ania Cola Nut obejmuj\u0105 zwi\u0119kszon\u0105 koncentracj\u0119, zwi\u0119kszon\u0105 wytrzyma\u0142o\u015b\u0107 i zmniejszenie uczucia zm\u0119czenia. Niezale\u017cnie od tego, czy potrzebujesz do\u0142adowania psychicznego, czy wsparcia w utrzymaniu czujno\u015bci podczas codziennych czynno\u015bci, kapsu\u0142ki Cola Nut mog\u0105 by\u0107 pomocnym dodatkiem do rutyny dobrego samopoczucia.<\/p>\n<h2>Historia Cola Nut<\/h2>\n<p>Historia Cola Nut si\u0119ga wiek\u00f3w wstecz w Afryce, gdzie by\u0142a ona istotn\u0105 cz\u0119\u015bci\u0105 kultury i praktyk leczniczych. Nasiona ro\u015bliny Cola Nitida by\u0142y tradycyjnie \u017cute przez plemiona afryka\u0144skie w celu zwi\u0119kszenia poziomu energii podczas d\u0142ugich podr\u00f3\u017cy lub uci\u0105\u017cliwych zada\u0144. Ceniono je za zdolno\u015b\u0107 do zwi\u0119kszania wytrzyma\u0142o\u015bci i koncentracji, co czyni\u0142o je niezb\u0119dnym zasobem naturalnym w tych spo\u0142eczno\u015bciach.<\/p>\n<p>Globalna popularno\u015b\u0107 Cola Nut wzros\u0142a, gdy sta\u0142 si\u0119 on g\u0142\u00f3wnym \u017ar\u00f3d\u0142em kofeiny w kultowym napoju Coca-Cola. Przez wiele lat Cola Nut by\u0142 u\u017cywany w oryginalnej formule, przyczyniaj\u0105c si\u0119 do energetyzuj\u0105cych w\u0142a\u015bciwo\u015bci napoju. Chocia\u017c syntetyczna kofeina ostatecznie zast\u0105pi\u0142a Cola Nut w wi\u0119kszo\u015bci nowoczesnych napoj\u00f3w bezalkoholowych, dziedzictwo tego naturalnego stymulanta przetrwa\u0142o i pozostaje kluczowym sk\u0142adnikiem r\u00f3\u017cnych produkt\u00f3w zdrowotnych.<\/p>\n<p>Energetyzuj\u0105ce w\u0142a\u015bciwo\u015bci Cola Nut sprawi\u0142y, \u017ce sta\u0142 si\u0119 on popularnym sk\u0142adnikiem suplement\u00f3w zio\u0142owych na ca\u0142ym \u015bwiecie. Jego zdolno\u015b\u0107 do stymulowania i poprawy koncentracji sprawia, \u017ce jest on popularny w\u015br\u00f3d os\u00f3b poszukuj\u0105cych naturalnych alternatyw dla syntetycznych produkt\u00f3w energetycznych.<\/p>\n<h2>Jak korzysta\u0107 z Cola Nut Capsules<\/h2>\n<p>Aby w pe\u0142ni wykorzysta\u0107 kapsu\u0142ki Cola Nut, nale\u017cy przyjmowa\u0107 dwie kapsu\u0142ki popijaj\u0105c szklank\u0105 wody raz dziennie. Zaleca si\u0119 spo\u017cywanie kapsu\u0142ek Cola Nut rano lub wczesnym popo\u0142udniem, aby unikn\u0105\u0107 zak\u0142\u00f3cenia snu z powodu zawarto\u015bci kofeiny. To proste dawkowanie pozwala cieszy\u0107 si\u0119 efektami zwi\u0119kszaj\u0105cymi energi\u0119 bez nadmiernego spo\u017cycia kofeiny.<\/p>\n<p>Je\u015bli dopiero zaczynasz stosowa\u0107 Cola Nut lub jeste\u015b wra\u017cliwy na kofein\u0119, zacznij od ni\u017cszej dawki i oce\u0144 reakcj\u0119 swojego organizmu. Jak w przypadku ka\u017cdego suplementu, kluczowa jest konsekwencja. Aby uzyska\u0107 optymalne rezultaty, w\u0142\u0105cz kapsu\u0142ki Cola Nut do codziennej rutyny, aby poprawi\u0107 koncentracj\u0119 i utrzyma\u0107 energi\u0119 przez ca\u0142y dzie\u0144.<\/p>\n<p>Opr\u00f3cz zwi\u0119kszenia energii, kapsu\u0142ki Cola Nut mog\u0105 wspomaga\u0107 odchudzanie. Zawarto\u015b\u0107 kofeiny mo\u017ce pom\u00f3c w zwi\u0119kszeniu metabolizmu i t\u0142umieniu apetytu, u\u0142atwiaj\u0105c utrzymanie cel\u00f3w zwi\u0105zanych z kontrol\u0105 wagi. Aby uzyska\u0107 najlepsze rezultaty, nale\u017cy uzupe\u0142ni\u0107 kapsu\u0142ki zbilansowan\u0105 diet\u0105 i regularnymi \u0107wiczeniami.<\/p>\n<h2>Sk\u0142adniki Cola Nut Capsules<\/h2>\n<p>Ka\u017cda kapsu\u0142ka Cola Nut zawiera pojedynczy, silny sk\u0142adnik: Cola Nitida. Sk\u0142adnik ten pochodzi z nasion ro\u015bliny Cola Nitida, kt\u00f3ra pochodzi z tropikalnej Afryki. Nasiona s\u0105 naturalnie bogate w kofein\u0119, kt\u00f3ra jest g\u0142\u00f3wnym zwi\u0105zkiem aktywnym odpowiedzialnym za energetyzuj\u0105ce dzia\u0142anie Cola Nut.<\/p>\n<p>Kofeina dzia\u0142a poprzez stymulacj\u0119 o\u015brodkowego uk\u0142adu nerwowego, poprawiaj\u0105c jasno\u015b\u0107 umys\u0142u i zwi\u0119kszaj\u0105c czujno\u015b\u0107. Dodatkowo, Cola Nut mo\u017ce zawiera\u0107 inne korzystne zwi\u0105zki, kt\u00f3re przyczyniaj\u0105 si\u0119 do jego w\u0142a\u015bciwo\u015bci zwi\u0119kszaj\u0105cych energi\u0119 i wspomagaj\u0105cych metabolizm. Sprawia to, \u017ce Cola Nut jest idealn\u0105 alternatyw\u0105 dla syntetycznych stymulant\u00f3w znajduj\u0105cych si\u0119 w wielu napojach energetycznych.<\/p>\n<p>Kapsu\u0142ki Indian Elements Cola Nut s\u0105 naturalne, wega\u0144skie i nie zawieraj\u0105 sztucznych dodatk\u00f3w ani konserwant\u00f3w. Gwarantuje to, \u017ce otrzymujesz czysty, wysokiej jako\u015bci produkt, kt\u00f3ry jest zgodny z czystym i zdrowym stylem \u017cycia.<\/p>\n<p><strong>Ostrze\u017cenie<\/strong><br \/>\nKapsu\u0142ki Cola Nut s\u0105 przeznaczone dla os\u00f3b doros\u0142ych w wieku powy\u017cej 18 lat. Przechowywa\u0107 w miejscu niedost\u0119pnym dla dzieci. Preparatu Cola Nut nie nale\u017cy stosowa\u0107 w po\u0142\u0105czeniu z inhibitorami MAO. Osoby z problemami z nerkami lub sercem, wysokim lub niskim ci\u015bnieniem krwi, cukrzyc\u0105 lub osoby pod wp\u0142ywem lek\u00f3w, narkotyk\u00f3w lub alkoholu powinny unika\u0107 stosowania Cola Nut. Przed rozpocz\u0119ciem stosowania jakiegokolwiek nowego suplementu nale\u017cy zawsze skonsultowa\u0107 si\u0119 z lekarzem. Ten produkt jest suplementem diety i powinien by\u0107 stosowany jako cz\u0119\u015b\u0107 zbilansowanej diety. Nie kupowa\u0107, je\u015bli plomba jest uszkodzona.<\/p>","protected":false},"excerpt":{"rendered":"<p>Indian Elements Cola Nut Capsules zapewnia naturalny zastrzyk energii dzi\u0119ki kofeinie zawartej w ro\u015blinie Cola Nitida. Suplement ten pomaga poprawi\u0107 koncentracj\u0119, zwalczy\u0107 zm\u0119czenie, a nawet wspomaga odchudzanie. Dzi\u0119ki swoim w\u0142a\u015bciwo\u015bciom energetyzuj\u0105cym, Cola Nut oferuje naturalny i przyjazny dla wegan spos\u00f3b na zwi\u0119kszenie codziennej wydajno\u015bci.<\/p>","protected":false},"featured_media":126722,"template":"","meta":[],"product_brand":[],"product_cat":[597,297,477,476],"product_tag":[],"class_list":{"0":"post-126719","1":"product","2":"type-product","3":"status-publish","4":"has-post-thumbnail","6":"product_cat-indian-elements","7":"product_cat-all-products","8":"product_cat-herbs","9":"product_cat-smartshop","11":"first","12":"instock","13":"taxable","14":"shipping-taxable","15":"purchasable","16":"product-type-variable","17":"has-default-attributes"},"_links":{"self":[{"href":"https:\/\/www.tatanka.nl\/pl\/wp-json\/wp\/v2\/product\/126719","targetHints":{"allow":["GET"]}}],"collection":[{"href":"https:\/\/www.tatanka.nl\/pl\/wp-json\/wp\/v2\/product"}],"about":[{"href":"https:\/\/www.tatanka.nl\/pl\/wp-json\/wp\/v2\/types\/product"}],"wp:featuredmedia":[{"embeddable":true,"href":"https:\/\/www.tatanka.nl\/pl\/wp-json\/wp\/v2\/media\/126722"}],"wp:attachment":[{"href":"https:\/\/www.tatanka.nl\/pl\/wp-json\/wp\/v2\/media?parent=126719"}],"wp:term":[{"taxonomy":"product_brand","embeddable":true,"href":"https:\/\/www.tatanka.nl\/pl\/wp-json\/wp\/v2\/product_brand?post=126719"},{"taxonomy":"product_cat","embeddable":true,"href":"https:\/\/www.tatanka.nl\/pl\/wp-json\/wp\/v2\/product_cat?post=126719"},{"taxonomy":"product_tag","embeddable":true,"href":"https:\/\/www.tatanka.nl\/pl\/wp-json\/wp\/v2\/product_tag?post=126719"}],"curies":[{"name":"wp","href":"https:\/\/api.w.org\/{rel}","templated":true}]}}