{"id":126724,"date":"2024-12-06T09:55:37","date_gmt":"2024-12-06T08:55:37","guid":{"rendered":"https:\/\/www.tatanka.nl\/?post_type=product&#038;p=126724"},"modified":"2025-03-05T16:25:18","modified_gmt":"2025-03-05T15:25:18","slug":"guarana-capsules","status":"publish","type":"product","link":"https:\/\/www.tatanka.nl\/pl\/guarana-capsules\/","title":{"rendered":"Kapsu\u0142ki guarany"},"content":{"rendered":"<h2>Czym s\u0105 Guarana Capsules?<\/h2>\n<p>Guarana Capsules z Indian Elements to naturalny suplement energetyczny pozyskiwany z nasion ro\u015bliny Paullinia Cupana. Pochodz\u0105ca z amazo\u0144skich las\u00f3w deszczowych ro\u015blina jest od wiek\u00f3w wykorzystywana przez rdzenne plemiona ze wzgl\u0119du na swoje w\u0142a\u015bciwo\u015bci pobudzaj\u0105ce. Nasiona guarany zawieraj\u0105 wysokie st\u0119\u017cenie kofeiny - do 4-6 razy wi\u0119cej ni\u017c kawa - dzi\u0119ki czemu s\u0105 skutecznym i d\u0142ugotrwa\u0142ym wzmacniaczem energii.<\/p>\n<p>W przeciwie\u0144stwie do kawy, w kt\u00f3rej kofeina jest szybko wch\u0142aniana, kofeina zawarta w guaranie jest stopniowo uwalniana do krwiobiegu. Pozwala to na utrzymanie sta\u0142ego poziomu energii i zmniejsza ryzyko za\u0142amania energetycznego, kt\u00f3re cz\u0119sto wyst\u0119puje po spo\u017cyciu kawy. Kapsu\u0142ki s\u0105 wygodnym sposobem na wykorzystanie mocy guarany i mog\u0105 wspiera\u0107 zar\u00f3wno sprawno\u015b\u0107 umys\u0142ow\u0105, jak i fizyczn\u0105. Niezale\u017cnie od tego, czy chcesz zachowa\u0107 czujno\u015b\u0107 podczas d\u0142ugich godzin pracy, czy potrzebujesz dodatkowej energii podczas aktywno\u015bci fizycznej, Indian Elements Guarana Capsules oferuje naturalne i zr\u00f3wnowa\u017cone rozwi\u0105zanie.<\/p>\n<h2>Historia guarany<\/h2>\n<p>Guarana ma bogat\u0105 histori\u0119 zakorzenion\u0105 w kulturze rdzennych plemion zamieszkuj\u0105cych amazo\u0144skie lasy deszczowe. Przez wieki spo\u0142eczno\u015bci te wykorzystywa\u0142y nasiona ro\u015bliny Paullinia Cupana do cel\u00f3w leczniczych i ceremonialnych. Guarana jest uwa\u017cana przez niekt\u00f3re plemiona za tak wa\u017cn\u0105, \u017ce ma symboliczne i kulturowe znaczenie w ich codziennym \u017cyciu. Tradycyjnie by\u0142a u\u017cywana jako \u015brodek pobudzaj\u0105cy pomagaj\u0105cy w polowaniach lub dzia\u0142aniach wojennych, pomagaj\u0105c poprawi\u0107 koncentracj\u0119, energi\u0119 i wytrzyma\u0142o\u015b\u0107.<\/p>\n<p>Energetyzuj\u0105ce w\u0142a\u015bciwo\u015bci guarany sprawi\u0142y, \u017ce sta\u0142a si\u0119 ona cennym zasobem dla tych plemion, kt\u00f3re polega\u0142y na niej, aby utrzyma\u0107 poziom energii podczas wymagaj\u0105cych fizycznie zada\u0144. Z czasem guarana sta\u0142a si\u0119 bardziej rozpoznawalna poza swoim rodzimym regionem, ostatecznie trafiaj\u0105c na rynek globalny. Obecnie jest popularnym sk\u0142adnikiem napoj\u00f3w energetycznych, suplement\u00f3w i produkt\u00f3w odchudzaj\u0105cych, dzi\u0119ki swojej zdolno\u015bci do zapewnienia naturalnego i trwa\u0142ego zastrzyku energii.<\/p>\n<h2>Jak korzysta\u0107 z Guarana Capsules<\/h2>\n<p>Aby cieszy\u0107 si\u0119 korzy\u015bciami p\u0142yn\u0105cymi z Guarany, nale\u017cy przyjmowa\u0107 jedn\u0105 kapsu\u0142k\u0119 popijaj\u0105c szklank\u0105 wody w ramach codziennej rutyny. Zaleca si\u0119 spo\u017cywanie kapsu\u0142ki rano lub wczesnym popo\u0142udniem, aby unikn\u0105\u0107 potencjalnych zak\u0142\u00f3ce\u0144 snu ze wzgl\u0119du na zawarto\u015b\u0107 kofeiny. Stopniowe uwalnianie kofeiny z ro\u015bliny guarany oznacza, \u017ce jej energetyzuj\u0105ce dzia\u0142anie b\u0119dzie trwa\u0107 d\u0142u\u017cej, bez szybkiego za\u0142amania, kt\u00f3re cz\u0119sto towarzyszy kawie lub napojom energetycznym.<\/p>\n<p>Je\u015bli jeste\u015b wra\u017cliwy na kofein\u0119 lub nigdy wcze\u015bniej nie pr\u00f3bowa\u0142e\u015b guarany, zaleca si\u0119 rozpocz\u0119cie od mniejszej dawki i obserwowanie reakcji organizmu. Guarana jest znana z poprawy jasno\u015bci umys\u0142u, skupienia i wydajno\u015bci fizycznej, co czyni j\u0105 doskona\u0142ym wyborem dla sportowc\u00f3w, student\u00f3w lub ka\u017cdego, kto potrzebuje zastrzyku energii podczas d\u0142ugich dni pracy.<\/p>\n<p>Opr\u00f3cz zwi\u0119kszania energii, guarana mo\u017ce r\u00f3wnie\u017c pomaga\u0107 w kontrolowaniu masy cia\u0142a, poniewa\u017c ma \u0142agodne w\u0142a\u015bciwo\u015bci hamuj\u0105ce apetyt i zawiera zdrowe przeciwutleniacze. Sprawia to, \u017ce jest to popularny suplement w\u015br\u00f3d os\u00f3b, kt\u00f3re chc\u0105 wspiera\u0107 swoj\u0105 diet\u0119 i cele fitness.<\/p>\n<h2>Sk\u0142adniki Guarana Capsules<\/h2>\n<p>G\u0142\u00f3wnym sk\u0142adnikiem Indian Elements Guarana Capsules jest Paullinia Cupana, naukowa nazwa ro\u015bliny guarana. Nasiona tej ro\u015bliny s\u0105 wype\u0142nione kofein\u0105, kt\u00f3ra jest kluczowym zwi\u0105zkiem aktywnym odpowiedzialnym za jej energetyzuj\u0105ce dzia\u0142anie. Guarana zawiera 4-6 razy wi\u0119cej kofeiny ni\u017c kawa, co czyni j\u0105 jednym z najsilniejszych naturalnych \u017ar\u00f3de\u0142 tego stymulanta.<\/p>\n<p>Opr\u00f3cz kofeiny, nasiona guarany zawieraj\u0105 r\u00f3wnie\u017c korzystne przeciwutleniacze, kt\u00f3re przyczyniaj\u0105 si\u0119 do og\u00f3lnych korzy\u015bci zdrowotnych suplementu. Przeciwutleniacze te mog\u0105 pom\u00f3c w zwalczaniu stresu oksydacyjnego i wspiera\u0107 og\u00f3lne samopoczucie. Naturalny sk\u0142ad guarany zapewnia zr\u00f3wnowa\u017cony i trwa\u0142y zastrzyk energii, bez gwa\u0142townych skok\u00f3w i za\u0142ama\u0144, kt\u00f3re cz\u0119sto towarzysz\u0105 syntetycznym stymulantom.<\/p>\n<p>Indian Elements Guarana Capsules s\u0105 100% naturalne, wega\u0144skie i wolne od jakichkolwiek sztucznych dodatk\u00f3w. Gwarantuje to, \u017ce otrzymujesz wysokiej jako\u015bci, czysty produkt, kt\u00f3ry wspiera zdrowy styl \u017cycia.<\/p>\n<p><strong>Ostrze\u017cenie<\/strong><br \/>\nKapsu\u0142ki z guaran\u0105 s\u0105 przeznaczone dla os\u00f3b doros\u0142ych w wieku powy\u017cej 18 lat. Przechowywa\u0107 w miejscu niedost\u0119pnym dla dzieci. Nie zaleca si\u0119 stosowania guarany u os\u00f3b z chorobami serca. Zawsze nale\u017cy skonsultowa\u0107 si\u0119 z lekarzem przed rozpocz\u0119ciem stosowania jakiegokolwiek nowego suplementu, zw\u0142aszcza w przypadku jakichkolwiek podstawowych problem\u00f3w zdrowotnych. Jest to suplement diety i powinien by\u0107 stosowany jako cz\u0119\u015b\u0107 zbilansowanej diety. Nie kupowa\u0107, je\u015bli opakowanie jest uszkodzone.<\/p>","protected":false},"excerpt":{"rendered":"<p>Indian Elements Guarana Capsules zapewnia naturalny zastrzyk energii dzi\u0119ki wysokiej zawarto\u015bci kofeiny w ro\u015blinie Paullinia Cupana. Idealne dla os\u00f3b poszukuj\u0105cych zwi\u0119kszonej energii, skupienia i motywacji, kapsu\u0142ki te s\u0105 preferowane przez sportowc\u00f3w, student\u00f3w i ka\u017cdego, kto potrzebuje psychicznego lub fizycznego pobudzenia.<\/p>","protected":false},"featured_media":126727,"template":"","meta":[],"product_brand":[],"product_cat":[597,297,477,476],"product_tag":[],"class_list":{"0":"post-126724","1":"product","2":"type-product","3":"status-publish","4":"has-post-thumbnail","6":"product_cat-indian-elements","7":"product_cat-all-products","8":"product_cat-herbs","9":"product_cat-smartshop","11":"first","12":"instock","13":"taxable","14":"shipping-taxable","15":"purchasable","16":"product-type-variable","17":"has-default-attributes"},"_links":{"self":[{"href":"https:\/\/www.tatanka.nl\/pl\/wp-json\/wp\/v2\/product\/126724","targetHints":{"allow":["GET"]}}],"collection":[{"href":"https:\/\/www.tatanka.nl\/pl\/wp-json\/wp\/v2\/product"}],"about":[{"href":"https:\/\/www.tatanka.nl\/pl\/wp-json\/wp\/v2\/types\/product"}],"wp:featuredmedia":[{"embeddable":true,"href":"https:\/\/www.tatanka.nl\/pl\/wp-json\/wp\/v2\/media\/126727"}],"wp:attachment":[{"href":"https:\/\/www.tatanka.nl\/pl\/wp-json\/wp\/v2\/media?parent=126724"}],"wp:term":[{"taxonomy":"product_brand","embeddable":true,"href":"https:\/\/www.tatanka.nl\/pl\/wp-json\/wp\/v2\/product_brand?post=126724"},{"taxonomy":"product_cat","embeddable":true,"href":"https:\/\/www.tatanka.nl\/pl\/wp-json\/wp\/v2\/product_cat?post=126724"},{"taxonomy":"product_tag","embeddable":true,"href":"https:\/\/www.tatanka.nl\/pl\/wp-json\/wp\/v2\/product_tag?post=126724"}],"curies":[{"name":"wp","href":"https:\/\/api.w.org\/{rel}","templated":true}]}}