{"id":126729,"date":"2024-12-06T10:00:16","date_gmt":"2024-12-06T09:00:16","guid":{"rendered":"https:\/\/www.tatanka.nl\/?post_type=product&#038;p=126729"},"modified":"2025-01-29T14:02:50","modified_gmt":"2025-01-29T13:02:50","slug":"guarana","status":"publish","type":"product","link":"https:\/\/www.tatanka.nl\/pl\/guarana\/","title":{"rendered":"Guarana"},"content":{"rendered":"<h2>Czym jest guarana?<\/h2>\n<p>Guarana (Paullinia Cupana) to tropikalna ro\u015blina pn\u0105ca pochodz\u0105ca z regionu Amazonii, w szczeg\u00f3lno\u015bci z Brazylii. Jej ma\u0142e, czerwono-br\u0105zowe jagody i nasiona by\u0142y u\u017cywane przez rdzenne plemiona od wiek\u00f3w, nie tylko jako \u017ar\u00f3d\u0142o po\u017cywienia, ale tak\u017ce ze wzgl\u0119du na ich w\u0142a\u015bciwo\u015bci energetyzuj\u0105ce. Dla tych plemion guarana jest wa\u017cnym symbolem kulturowym, cz\u0119sto postrzeganym jako niezb\u0119dny dla ich stylu \u017cycia. Znana ze swoich silnych w\u0142a\u015bciwo\u015bci pobudzaj\u0105cych, guarana by\u0142a historycznie wykorzystywana podczas polowa\u0144 i dzia\u0142a\u0144 wojennych ze wzgl\u0119du na jej zdolno\u015b\u0107 do zwi\u0119kszania energii i czujno\u015bci.<\/p>\n<p>Najbardziej godn\u0105 uwagi cech\u0105 Guarany jest wysoka zawarto\u015b\u0107 kofeiny, kt\u00f3ra jest od 4 do 6 razy wy\u017csza ni\u017c w kawie. W przeciwie\u0144stwie do kawy, kt\u00f3ra zapewnia szybki przyp\u0142yw kofeiny, Guarana uwalnia j\u0105 stopniowo, co skutkuje bardziej zr\u00f3wnowa\u017conym poziomem energii bez gwa\u0142townego za\u0142amania. Sprawia to, \u017ce Guarana jest idealnym naturalnym suplementem dla os\u00f3b poszukuj\u0105cych sta\u0142ego, d\u0142ugotrwa\u0142ego zastrzyku energii. Efekty dzia\u0142ania guarany s\u0105 najbardziej korzystne przy regularnym stosowaniu, wspieraj\u0105c og\u00f3ln\u0105 witalno\u015b\u0107 i zwi\u0119kszaj\u0105c zar\u00f3wno sprawno\u015b\u0107 umys\u0142ow\u0105, jak i fizyczn\u0105.<\/p>\n<hr \/>\n<h2>Historia guarany<\/h2>\n<p>Guarana ma g\u0142\u0119boko zakorzenion\u0105 histori\u0119 w Amazonii, gdzie rdzenne plemiona od wiek\u00f3w polegaj\u0105 na tej ro\u015blinie. Wykorzystuj\u0105 j\u0105 ze wzgl\u0119du na jej w\u0142a\u015bciwo\u015bci pobudzaj\u0105ce, kt\u00f3re s\u0105 szczeg\u00f3lnie pomocne podczas wypraw \u0142owieckich lub przygotowa\u0144 do bitwy. Jagody ro\u015bliny, kt\u00f3re zawieraj\u0105 wysoki poziom kofeiny, s\u0105 cz\u0119sto mielone na proszek lub mieszane z wod\u0105 w celu stworzenia napoj\u00f3w energetyzuj\u0105cych.<\/p>\n<p>Dla wielu plemion guarana ma znaczenie kulturowe i jest integraln\u0105 cz\u0119\u015bci\u0105 ich przetrwania i tradycji. Z czasem wiedza o jej zaletach rozprzestrzeni\u0142a si\u0119, a Guarana ostatecznie zyska\u0142a popularno\u015b\u0107 poza Amazoni\u0105. W dzisiejszych czasach guarana jest szeroko stosowana w napojach energetycznych, suplementach diety i produktach odchudzaj\u0105cych ze wzgl\u0119du na jej naturaln\u0105 zdolno\u015b\u0107 do poprawy energii i koncentracji. Indian Elements Guarana przenosi t\u0119 wielowiekow\u0105 tradycj\u0119 do wsp\u00f3\u0142czesnego \u015bwiata, oferuj\u0105c naturalny i skuteczny wzmacniacz energii.<\/p>\n<hr \/>\n<h2>Jak stosowa\u0107 guaran\u0119<\/h2>\n<p>Zalecana dawka Indian Elements Guarana wynosi 1 gram dziennie, co sprawia, \u017ce jest to \u0142atwy i wygodny spos\u00f3b na w\u0142\u0105czenie tego dodaj\u0105cego energii zio\u0142a do codziennej rutyny. Wystarczy wymiesza\u0107 proszek z napojem, smoothie lub koktajlem. Dzi\u0119ki stopniowemu uwalnianiu kofeiny, efekty dzia\u0142ania Guarany utrzymuj\u0105 si\u0119 przez ca\u0142y dzie\u0144, zapewniaj\u0105c sta\u0142y wzrost energii, skupienia i jasno\u015bci umys\u0142u.<\/p>\n<p>Guarana mo\u017ce by\u0107 przyjmowana o dowolnej porze, ale najlepiej stosowa\u0107 j\u0105 rano lub wczesnym popo\u0142udniem, aby unikn\u0105\u0107 zak\u0142\u00f3cenia harmonogramu snu. Mo\u017ce by\u0107 szczeg\u00f3lnie przydatna dla os\u00f3b potrzebuj\u0105cych zastrzyku energii podczas d\u0142ugich sesji pracy lub nauki, poniewa\u017c pomaga utrzyma\u0107 koncentracj\u0119 i produktywno\u015b\u0107. W przypadku sportowc\u00f3w, guarana mo\u017ce wspiera\u0107 lepsze wyniki poprzez popraw\u0119 wytrzyma\u0142o\u015bci fizycznej i zmniejszenie zm\u0119czenia podczas intensywnych \u0107wicze\u0144 fizycznych.<\/p>\n<hr \/>\n<h2>Sk\u0142adniki guarany<\/h2>\n<p>Jedynym sk\u0142adnikiem Indian Elements Guarana s\u0105 nasiona ro\u015bliny Paullinia Cupana. Nasiona te s\u0105 mielone na drobny proszek, zachowuj\u0105c wszystkie naturalne korzy\u015bci zio\u0142a. Guarana jest znana z wysokiego st\u0119\u017cenia kofeiny, a tak\u017ce innych korzystnych zwi\u0105zk\u00f3w, takich jak przeciwutleniacze, kt\u00f3re wspieraj\u0105 og\u00f3lny stan zdrowia i dobre samopoczucie.<\/p>\n<p>Ponadto guarana ma \u0142agodne w\u0142a\u015bciwo\u015bci hamuj\u0105ce apetyt, dzi\u0119ki czemu jest popularnym wyborem dla os\u00f3b, kt\u00f3re chc\u0105 kontrolowa\u0107 swoj\u0105 wag\u0119. Zawarte w niej przeciwutleniacze pomagaj\u0105 zwalcza\u0107 stres oksydacyjny w organizmie, przyczyniaj\u0105c si\u0119 do og\u00f3lnej witalno\u015bci. Kofeina zawarta w guaranie w po\u0142\u0105czeniu z innymi naturalnymi zwi\u0105zkami sprawia, \u017ce jest to silny, ca\u0142kowicie naturalny suplement zwi\u0119kszaj\u0105cy energi\u0119, koncentracj\u0119 i wytrzyma\u0142o\u015b\u0107.<\/p>\n<hr \/>\n<p><strong>Ostrze\u017cenie:<\/strong><br \/>\nStosowa\u0107 wy\u0142\u0105cznie po uko\u0144czeniu 18 roku \u017cycia. Przechowywa\u0107 w miejscu niedost\u0119pnym dla dzieci. Guarana nie jest zalecana dla os\u00f3b z chorobami serca. Ten produkt jest suplementem diety i powinien by\u0107 stosowany jako taki. Nie kupowa\u0107, je\u015bli plomba jest uszkodzona.<\/p>","protected":false},"excerpt":{"rendered":"<p>Guarana by Indian Elements to naturalny wzmacniacz energii, idealny dla tych, kt\u00f3rzy potrzebuj\u0105 dodatkowego zastrzyku energii w ci\u0105gu dnia. Dzi\u0119ki wysokiej zawarto\u015bci kofeiny, to pot\u0119\u017cne zio\u0142o pomaga poprawi\u0107 zar\u00f3wno wydajno\u015b\u0107 fizyczn\u0105, jak i psychiczn\u0105, dzi\u0119ki czemu jest popularne w\u015br\u00f3d sportowc\u00f3w, student\u00f3w i pracownik\u00f3w nocnych zmian. Dzi\u0119ki dziennej zalecanej dawce wynosz\u0105cej zaledwie 1 gram, zapewnia d\u0142ugotrwa\u0142\u0105 energi\u0119, zwi\u0119kszon\u0105 koncentracj\u0119 i motywacj\u0119.<\/p>","protected":false},"featured_media":126732,"template":"","meta":[],"product_brand":[],"product_cat":[597,297,477,476],"product_tag":[],"class_list":{"0":"post-126729","1":"product","2":"type-product","3":"status-publish","4":"has-post-thumbnail","6":"product_cat-indian-elements","7":"product_cat-all-products","8":"product_cat-herbs","9":"product_cat-smartshop","11":"first","12":"instock","13":"taxable","14":"shipping-taxable","15":"purchasable","16":"product-type-variable","17":"has-default-attributes"},"_links":{"self":[{"href":"https:\/\/www.tatanka.nl\/pl\/wp-json\/wp\/v2\/product\/126729","targetHints":{"allow":["GET"]}}],"collection":[{"href":"https:\/\/www.tatanka.nl\/pl\/wp-json\/wp\/v2\/product"}],"about":[{"href":"https:\/\/www.tatanka.nl\/pl\/wp-json\/wp\/v2\/types\/product"}],"wp:featuredmedia":[{"embeddable":true,"href":"https:\/\/www.tatanka.nl\/pl\/wp-json\/wp\/v2\/media\/126732"}],"wp:attachment":[{"href":"https:\/\/www.tatanka.nl\/pl\/wp-json\/wp\/v2\/media?parent=126729"}],"wp:term":[{"taxonomy":"product_brand","embeddable":true,"href":"https:\/\/www.tatanka.nl\/pl\/wp-json\/wp\/v2\/product_brand?post=126729"},{"taxonomy":"product_cat","embeddable":true,"href":"https:\/\/www.tatanka.nl\/pl\/wp-json\/wp\/v2\/product_cat?post=126729"},{"taxonomy":"product_tag","embeddable":true,"href":"https:\/\/www.tatanka.nl\/pl\/wp-json\/wp\/v2\/product_tag?post=126729"}],"curies":[{"name":"wp","href":"https:\/\/api.w.org\/{rel}","templated":true}]}}