{"id":126743,"date":"2024-12-06T11:16:36","date_gmt":"2024-12-06T10:16:36","guid":{"rendered":"https:\/\/www.tatanka.nl\/?post_type=product&#038;p=126743"},"modified":"2025-03-05T16:24:02","modified_gmt":"2025-03-05T15:24:02","slug":"creatine","status":"publish","type":"product","link":"https:\/\/www.tatanka.nl\/pl\/creatine\/","title":{"rendered":"Kreatyna"},"content":{"rendered":"<h2>Czym jest monohydrat kreatyny Capsules?<\/h2>\n<p>Fit4Seasons Creatine Monohydrate Capsules to wygodny spos\u00f3b na w\u0142\u0105czenie kreatyny do rutyny fitness. Kreatyna jest naturalnie wyst\u0119puj\u0105cym zwi\u0105zkiem znajduj\u0105cym si\u0119 w kom\u00f3rkach mi\u0119\u015bniowych i odgrywa istotn\u0105 rol\u0119 w wytwarzaniu energii podczas kr\u00f3tkich serii \u0107wicze\u0144 o wysokiej intensywno\u015bci. Ka\u017cda kapsu\u0142ka zawiera 750 mg monohydratu kreatyny, najbardziej przebadanej i powszechnie stosowanej formy kreatyny.<\/p>\n<p>Kreatyna jest popularna w\u015br\u00f3d sportowc\u00f3w i entuzjast\u00f3w fitnessu, poniewa\u017c mo\u017ce zwi\u0119ksza\u0107 wydolno\u015b\u0107 fizyczn\u0105, szczeg\u00f3lnie w przypadku \u0107wicze\u0144 eksplozywnych, takich jak podnoszenie ci\u0119\u017car\u00f3w, sprint i trening interwa\u0142owy o wysokiej intensywno\u015bci (HIIT). Dzi\u0119ki suplementacji kreatyn\u0105 sportowcy mog\u0105 do\u015bwiadczy\u0107 poprawy si\u0142y, mocy i wytrzyma\u0142o\u015bci podczas kr\u00f3tkotrwa\u0142ych, intensywnych trening\u00f3w. Te wega\u0144skie kapsu\u0142ki zapewniaj\u0105 \u0142atwy i skuteczny spos\u00f3b na dodanie kreatyny do codziennej rutyny bez konieczno\u015bci stosowania proszk\u00f3w lub koktajli.<\/p>\n<p>Monohydrat kreatyny Fit4Seasons Capsules zosta\u0142 zaprojektowany, aby wspiera\u0107 Twoje cele treningowe i pom\u00f3c Ci osi\u0105gn\u0105\u0107 szczytow\u0105 wydajno\u015b\u0107. S\u0105 odpowiednie dla sportowc\u00f3w na wszystkich poziomach zaawansowania, kt\u00f3rzy szukaj\u0105 naturalnego i skutecznego sposobu na zwi\u0119kszenie swojej wydolno\u015bci fizycznej.<\/p>\n<hr \/>\n<h2>Historia kreatyny<\/h2>\n<p>Kreatyna jest stosowana od dziesi\u0119cioleci jako suplement wspomagaj\u0105cy wyniki sportowe. Odkryta na pocz\u0105tku XIX wieku przez francuskiego chemika Michela Eug\u00e8ne'a Chevreula, kreatyna zosta\u0142a zidentyfikowana jako substancja naturalnie wyst\u0119puj\u0105ca w tkance mi\u0119\u015bniowej. Jednak dopiero w latach 90. ubieg\u0142ego wieku kreatyna sta\u0142a si\u0119 powszechnie uznawana za substancj\u0119 zwi\u0119kszaj\u0105c\u0105 wydajno\u015b\u0107, szczeg\u00f3lnie w dziedzinie sportu i fitnessu.<\/p>\n<p>Na pocz\u0105tku suplementacja kreatyn\u0105 by\u0142a dost\u0119pna g\u0142\u00f3wnie w postaci proszku, ale z czasem opracowano wygodniejsze metody dostarczania, takie jak kapsu\u0142ki, aby u\u0142atwi\u0107 suplementacj\u0119 sportowcom. Badania naukowe wykaza\u0142y, \u017ce monohydrat kreatyny mo\u017ce zwi\u0119ksza\u0107 mas\u0119 mi\u0119\u015bniow\u0105, si\u0142\u0119 i wydajno\u015b\u0107 \u0107wicze\u0144, zw\u0142aszcza podczas trening\u00f3w o wysokiej intensywno\u015bci. W rezultacie kreatyna sta\u0142a si\u0119 jednym z najlepiej przebadanych i najpopularniejszych suplement\u00f3w na \u015bwiecie, stosowanym zar\u00f3wno przez profesjonalnych sportowc\u00f3w, jak i zwyk\u0142ych bywalc\u00f3w si\u0142owni.<\/p>\n<p>Obecnie kreatyna jest powszechnie stosowana w od\u017cywkach dla sportowc\u00f3w ze wzgl\u0119du na jej dobrze udokumentowane korzy\u015bci dla kr\u00f3tkotrwa\u0142ych, wybuchowych \u0107wicze\u0144 i jej zdolno\u015b\u0107 do pomagania sportowcom w skuteczniejszej regeneracji mi\u0119dzy seriami lub treningami.<\/p>\n<hr \/>\n<h2>Jak stosowa\u0107 monohydrat kreatyny Capsules?<\/h2>\n<p>Fit4Seasons Creatine Monohydrate Capsules s\u0105 proste w u\u017cyciu. Zalecana dawka to 1 kapsu\u0142ka, przyjmowana dwa razy dziennie, najlepiej po posi\u0142ku, popijaj\u0105c szklank\u0105 wody. Zapewnia to optymalne wch\u0142anianie kreatyny i minimalizuje ryzyko dyskomfortu trawiennego.<\/p>\n<p>Aby uzyska\u0107 najlepsze wyniki, wa\u017cne jest, aby zachowa\u0107 sp\u00f3jno\u015b\u0107 z przyjmowaniem kreatyny. Wielu sportowc\u00f3w decyduje si\u0119 na przyjmowanie kapsu\u0142ek o okre\u015blonych porach w ci\u0105gu dnia, na przyk\u0142ad po treningu lub z posi\u0142kiem, aby wspom\u00f3c wch\u0142anianie. Podczas gdy niekt\u00f3re osoby mog\u0105 do\u015bwiadczy\u0107 natychmiastowych korzy\u015bci z kreatyny, inni mog\u0105 potrzebowa\u0107 kilku dni lub tygodni, aby zauwa\u017cy\u0107 zauwa\u017calne zmiany w wydajno\u015bci.<\/p>\n<p>Wa\u017cne jest r\u00f3wnie\u017c utrzymanie odpowiedniego nawodnienia podczas przyjmowania suplement\u00f3w kreatyny, poniewa\u017c mo\u017ce to zwi\u0119kszy\u0107 retencj\u0119 wody w mi\u0119\u015bniach. Jak zawsze, skonsultuj si\u0119 z lekarzem przed rozpocz\u0119ciem przyjmowania jakiegokolwiek nowego suplementu, zw\u0142aszcza je\u015bli jeste\u015b w ci\u0105\u017cy, karmisz piersi\u0105 lub masz jakiekolwiek schorzenia.<\/p>\n<hr \/>\n<h2>Sk\u0142adniki monohydratu kreatyny Capsules<\/h2>\n<p>Ka\u017cda kapsu\u0142ka Fit4Seasons Creatine Monohydrate zawiera 750 mg czystego monohydratu kreatyny, kt\u00f3ry jest najlepiej przebadan\u0105 i najskuteczniejsz\u0105 form\u0105 kreatyny. Kreatyna jest zwi\u0105zkiem naturalnie wyst\u0119puj\u0105cym w organizmie, g\u0142\u00f3wnie w kom\u00f3rkach mi\u0119\u015bniowych, i odgrywa kluczow\u0105 rol\u0119 w produkcji energii podczas kr\u00f3tkich serii intensywnej aktywno\u015bci fizycznej.<\/p>\n<p>Przyjmowana jako suplement, kreatyna pomaga uzupe\u0142ni\u0107 zapasy ATP (adenozynotr\u00f3jfosforanu), waluty energetycznej kom\u00f3rek. To z kolei przyczynia si\u0119 do zwi\u0119kszenia si\u0142y, mocy i wytrzyma\u0142o\u015bci podczas \u0107wicze\u0144 o wysokiej intensywno\u015bci, takich jak podnoszenie ci\u0119\u017car\u00f3w, sprint i inne eksplozywne ruchy.<\/p>\n<p>Kapsu\u0142ki 100% s\u0105 wega\u0144skie, dzi\u0119ki czemu nadaj\u0105 si\u0119 do diety ro\u015blinnej. S\u0105 wolne od sztucznych dodatk\u00f3w, konserwant\u00f3w i glutenu, oferuj\u0105c czysty i naturalny spos\u00f3b wspierania cel\u00f3w fitness. Dzi\u0119ki monohydratowi kreatyny Fit4Seasons Capsules mo\u017cesz zasili\u0107 swoje cia\u0142o czystym i silnym \u017ar\u00f3d\u0142em kreatyny, aby poprawi\u0107 wyniki sportowe i regeneracj\u0119.<\/p>\n<hr \/>\n<p><strong>Ostrze\u017cenia<\/strong><\/p>\n<ul>\n<li>Przechowywa\u0107 w miejscu niedost\u0119pnym dla dzieci.<\/li>\n<li>Skonsultuj si\u0119 z lekarzem przed u\u017cyciem, je\u015bli jeste\u015b w ci\u0105\u017cy, karmisz piersi\u0105 lub masz jakiekolwiek schorzenia.<\/li>\n<li>Przechowywa\u0107 w ch\u0142odnym, suchym miejscu, z dala od bezpo\u015bredniego \u015bwiat\u0142a s\u0142onecznego, w temperaturze pokojowej.<\/li>\n<li>Ten produkt nie zast\u0119puje zr\u00f3wnowa\u017conej diety i powinien by\u0107 stosowany jako cz\u0119\u015b\u0107 zdrowego stylu \u017cycia.<\/li>\n<\/ul>","protected":false},"excerpt":{"rendered":"<p>Fit4Seasons Creatine Monohydrate Capsules zosta\u0142 zaprojektowany, aby pom\u00f3c sportowcom poprawi\u0107 ich wydajno\u015b\u0107 podczas kr\u00f3tkich, intensywnych trening\u00f3w. Ka\u017cda przyjazna dla wegan kapsu\u0142ka zawiera 750 mg czystego monohydratu kreatyny, znanego ze zwi\u0119kszania energii i si\u0142y podczas aktywno\u015bci takich jak podnoszenie ci\u0119\u017car\u00f3w.<\/p>","protected":false},"featured_media":126746,"template":"","meta":[],"product_brand":[],"product_cat":[598,297,475,482],"product_tag":[],"class_list":{"0":"post-126743","1":"product","2":"type-product","3":"status-publish","4":"has-post-thumbnail","6":"product_cat-fit4seasons","7":"product_cat-all-products","8":"product_cat-healthshop","9":"product_cat-vitamins","11":"first","12":"instock","13":"taxable","14":"shipping-taxable","15":"purchasable","16":"product-type-variable","17":"has-default-attributes"},"_links":{"self":[{"href":"https:\/\/www.tatanka.nl\/pl\/wp-json\/wp\/v2\/product\/126743","targetHints":{"allow":["GET"]}}],"collection":[{"href":"https:\/\/www.tatanka.nl\/pl\/wp-json\/wp\/v2\/product"}],"about":[{"href":"https:\/\/www.tatanka.nl\/pl\/wp-json\/wp\/v2\/types\/product"}],"wp:featuredmedia":[{"embeddable":true,"href":"https:\/\/www.tatanka.nl\/pl\/wp-json\/wp\/v2\/media\/126746"}],"wp:attachment":[{"href":"https:\/\/www.tatanka.nl\/pl\/wp-json\/wp\/v2\/media?parent=126743"}],"wp:term":[{"taxonomy":"product_brand","embeddable":true,"href":"https:\/\/www.tatanka.nl\/pl\/wp-json\/wp\/v2\/product_brand?post=126743"},{"taxonomy":"product_cat","embeddable":true,"href":"https:\/\/www.tatanka.nl\/pl\/wp-json\/wp\/v2\/product_cat?post=126743"},{"taxonomy":"product_tag","embeddable":true,"href":"https:\/\/www.tatanka.nl\/pl\/wp-json\/wp\/v2\/product_tag?post=126743"}],"curies":[{"name":"wp","href":"https:\/\/api.w.org\/{rel}","templated":true}]}}