{"id":126747,"date":"2024-12-06T11:25:42","date_gmt":"2024-12-06T10:25:42","guid":{"rendered":"https:\/\/www.tatanka.nl\/?post_type=product&#038;p=126747"},"modified":"2025-03-05T16:23:48","modified_gmt":"2025-03-05T15:23:48","slug":"energetic-fatblocker","status":"publish","type":"product","link":"https:\/\/www.tatanka.nl\/pl\/energetic-fatblocker\/","title":{"rendered":"Energetic Fatblocker"},"content":{"rendered":"<h2>Czym jest Energetic Fatblocker?<\/h2>\n<p>Energetic Fatblocker to suplement diety stworzony w celu wspomagania odchudzania poprzez blokowanie wch\u0142aniania t\u0142uszczu i wspomaganie spalania istniej\u0105cego t\u0142uszczu. Dzia\u0142a jak zapora ogniowa lub skaner antywirusowy dla organizmu, zmniejszaj\u0105c wch\u0142anianie t\u0142uszczu i zwi\u0119kszaj\u0105c jego metabolizm. Produkt ten jest pe\u0142en silnych naturalnych sk\u0142adnik\u00f3w, w tym Camelia Sinensis, Chitosan i Garcinia, znanych ze swoich w\u0142a\u015bciwo\u015bci spalaj\u0105cych t\u0142uszcz i hamuj\u0105cych apetyt. Idealny dla ka\u017cdego, kto chce schudn\u0105\u0107 lub utrzyma\u0107 zdrowy sk\u0142ad cia\u0142a, Energetic Fatblocker mo\u017ce by\u0107 pot\u0119\u017cnym narz\u0119dziem, gdy jest stosowany wraz ze zr\u00f3wnowa\u017con\u0105 diet\u0105 i regularnymi \u0107wiczeniami.<\/p>\n<p>Formu\u0142a zosta\u0142a specjalnie opracowana, aby zapewni\u0107 zauwa\u017calne wyniki odchudzania przy jednoczesnym zwi\u0119kszeniu poziomu energii. Ka\u017cda wega\u0144ska kapsu\u0142ka jest \u0142atwa do za\u017cycia, dzi\u0119ki czemu stanowi wygodny dodatek do codziennej rutyny. Skuteczno\u015b\u0107 produktu mo\u017cna zwi\u0119kszy\u0107 w po\u0142\u0105czeniu z innymi suplementami uzupe\u0142niaj\u0105cymi. Przy regularnym stosowaniu Energetic Fatblocker wspiera naturalne procesy zachodz\u0105ce w organizmie, pomagaj\u0105c skuteczniej osi\u0105ga\u0107 cele zwi\u0105zane z odchudzaniem.<\/p>\n<hr \/>\n<h2>Historia Energetic Fatblocker<\/h2>\n<p>Energetic Fatblocker zosta\u0142 opracowany z wizj\u0105 stworzenia naturalnego, skutecznego rozwi\u0105zania do kontroli wagi. \u0141\u0105cz\u0105c tradycyjne sk\u0142adniki z nowoczesn\u0105 nauk\u0105, suplement ten odzwierciedla rosn\u0105ce zapotrzebowanie na ro\u015blinne, skuteczne rozwi\u0105zania w zakresie spalania t\u0142uszczu. Kluczowe sk\u0142adniki Energetic Fatblocker s\u0105 od dawna stosowane w zio\u0142olecznictwie ze wzgl\u0119du na ich zdolno\u015b\u0107 do promowania metabolizmu i spalania t\u0142uszczu. Camelia Sinensis, na przyk\u0142ad, jest znana od wiek\u00f3w ze swoich korzy\u015bci zdrowotnych, podczas gdy Garcinia i Chitosan sta\u0142y si\u0119 popularne ze wzgl\u0119du na swoje w\u0142a\u015bciwo\u015bci blokuj\u0105ce t\u0142uszcz.<\/p>\n<p>Dzi\u0119ki badaniom i wsp\u00f3\u0142pracy z ekspertami w dziedzinie \u017cywienia i odchudzania narodzi\u0142 si\u0119 Energetic Fatblocker. Produkt \u0142\u0105czy te staro\u017cytne sk\u0142adniki ze wsp\u00f3\u0142czesn\u0105 wiedz\u0105 na temat odchudzania, aby stworzy\u0107 produkt, kt\u00f3ry dzia\u0142a skutecznie w dzisiejszym szybko zmieniaj\u0105cym si\u0119 \u015bwiecie. Koncentruj\u0105c si\u0119 na czysto\u015bci i sile dzia\u0142ania, Energetic Fatblocker jest przyjazny dla wegan, dzi\u0119ki czemu spe\u0142nia potrzeby szerokiego grona konsument\u00f3w. Produkt ten zosta\u0142 zaprojektowany jako godna zaufania i skuteczna pomoc w d\u0105\u017ceniu do zdrowszej masy cia\u0142a.<\/p>\n<hr \/>\n<h2>Jak stosowa\u0107 Energetic Fatblocker<\/h2>\n<p>Aby osi\u0105gn\u0105\u0107 najlepsze wyniki z Energetic Fatblocker, zaleca si\u0119 przyjmowanie 2 do 3 kapsu\u0142ek oko\u0142o 45 minut przed po\u017c\u0105danym efektem, popijaj\u0105c wod\u0105. Nie nale\u017cy przekracza\u0107 maksymalnej dawki 4 kapsu\u0142ek dziennie. Ta dawka jest idealna do stymulowania metabolizmu t\u0142uszcz\u00f3w i optymalizacji proces\u00f3w spalania t\u0142uszczu w organizmie.<\/p>\n<p>Dla tych, kt\u00f3rzy dopiero zaczynaj\u0105 stosowa\u0107 suplementy spalaj\u0105ce t\u0142uszcz, najlepszym rozwi\u0105zaniem mo\u017ce by\u0107 rozpocz\u0119cie od ni\u017cszej dawki 2 kapsu\u0142ek, a nast\u0119pnie stopniowe zwi\u0119kszanie do 3 kapsu\u0142ek. Wa\u017cne jest, aby stosowa\u0107 Energetic Fatblocker konsekwentnie, aby zobaczy\u0107 pe\u0142ne korzy\u015bci. Aby uzyska\u0107 optymalne wyniki, nale\u017cy po\u0142\u0105czy\u0107 ten produkt ze zdrow\u0105 diet\u0105 i rutyn\u0105 \u0107wicze\u0144. Formu\u0142a dzia\u0142a najlepiej, gdy organizm aktywnie anga\u017cuje si\u0119 w aktywno\u015b\u0107 fizyczn\u0105, umo\u017cliwiaj\u0105c maksymalne spalanie t\u0142uszczu i wydatkowanie energii.<\/p>\n<p>Ponadto nale\u017cy pami\u0119ta\u0107, \u017ce suplementy diety dzia\u0142aj\u0105 najlepiej, gdy s\u0105 w\u0142\u0105czone do dobrze zbilansowanego stylu \u017cycia. Energetic Fatblocker powinien by\u0107 postrzegany jako pomocny dodatek do planu odchudzania, a nie zamiennik odpowiedniej diety lub \u0107wicze\u0144.<\/p>\n<hr \/>\n<h2>Sk\u0142adniki Energetic Fatblocker<\/h2>\n<p>Energetic Fatblocker zawiera siln\u0105 mieszank\u0119 naturalnych sk\u0142adnik\u00f3w, z kt\u00f3rych ka\u017cdy zosta\u0142 wybrany ze wzgl\u0119du na ich zdolno\u015b\u0107 do wspomagania kontroli wagi i metabolizmu t\u0142uszcz\u00f3w. Sk\u0142adniki te obejmuj\u0105:<\/p>\n<ul>\n<li><strong>Camelia Sinensis (ekstrakt z zielonej herbaty)<\/strong>: Znana ze swoich w\u0142a\u015bciwo\u015bci przeciwutleniaj\u0105cych, Camelia Sinensis wspomaga r\u00f3wnie\u017c utlenianie t\u0142uszczu i pomaga przyspieszy\u0107 metabolizm.<\/li>\n<li><strong>Chitozan<\/strong>: Naturalny b\u0142onnik, kt\u00f3ry pomaga blokowa\u0107 wch\u0142anianie t\u0142uszczu w uk\u0142adzie pokarmowym, zmniejszaj\u0105c ilo\u015b\u0107 t\u0142uszczu, kt\u00f3ry organizm mo\u017ce przechowywa\u0107.<\/li>\n<li><strong>Cola Nitida<\/strong>: Ekstrakt z orzech\u00f3w kola, kt\u00f3ry zwi\u0119ksza poziom energii i wspomaga spalanie t\u0142uszczu.<\/li>\n<li><strong>Paullinia Cupana (Guarana)<\/strong>: Naturalny \u015brodek pobudzaj\u0105cy, kt\u00f3ry zwi\u0119ksza metabolizm i pomaga t\u0142umi\u0107 apetyt.<\/li>\n<li><strong>Citrus Paradise (Grejpfrut)<\/strong>: Ekstrakt z grejpfruta, znany ze swoich w\u0142a\u015bciwo\u015bci spalaj\u0105cych t\u0142uszcz, pomaga zwi\u0119kszy\u0107 metabolizm i zmniejszy\u0107 magazynowanie t\u0142uszczu.<\/li>\n<li><strong>Garcinia<\/strong>: Owoc tropikalny, kt\u00f3ry jest popularny ze wzgl\u0119du na swoj\u0105 zdolno\u015b\u0107 do blokowania produkcji t\u0142uszczu i t\u0142umienia apetytu.<\/li>\n<li><strong>Salix Alda Cortex<\/strong>: Znany ze swoich w\u0142a\u015bciwo\u015bci przeciwutleniaj\u0105cych i przeciwzapalnych, mo\u017ce wspiera\u0107 og\u00f3lny stan zdrowia podczas odchudzania.<\/li>\n<\/ul>\n<p>Ka\u017cdy z tych sk\u0142adnik\u00f3w odgrywa kluczow\u0105 rol\u0119 we wspieraniu utraty tkanki t\u0142uszczowej i poprawie og\u00f3lnego samopoczucia, dzi\u0119ki czemu Energetic Fatblocker jest skutecznym i naturalnym wyborem do kontroli wagi.<\/p>\n<hr \/>\n<p><strong>Ostrze\u017cenie<\/strong><br \/>\nPrzechowywa\u0107 w miejscu niedost\u0119pnym dla dzieci. Skonsultuj si\u0119 z lekarzem przed u\u017cyciem, je\u015bli jeste\u015b w ci\u0105\u017cy, karmisz piersi\u0105 lub masz jakiekolwiek w\u0105tpliwo\u015bci zdrowotne. Ten produkt nie zast\u0119puje zbilansowanej diety i powinien by\u0107 stosowany jako cz\u0119\u015b\u0107 zdrowego stylu \u017cycia. Przechowywa\u0107 w temperaturze pokojowej w ciemnym miejscu.<\/p>","protected":false},"excerpt":{"rendered":"<p>Energetic Fatblocker to naturalny suplement zaprojektowany w celu zmniejszenia wch\u0142aniania t\u0142uszczu i promowania jego spalania. Zawiera mieszank\u0119 silnych sk\u0142adnik\u00f3w, dzi\u0119ki czemu wspomaga odchudzanie i zwi\u0119ksza poziom energii. Dzi\u0119ki 100 wega\u0144skim kapsu\u0142kom w butelce, stanowi \u0142atwe rozwi\u0105zanie dla os\u00f3b pragn\u0105cych osi\u0105gn\u0105\u0107 szczuplejsz\u0105 sylwetk\u0119.<\/p>","protected":false},"featured_media":126750,"template":"","meta":[],"product_brand":[],"product_cat":[598,297,475,480],"product_tag":[],"class_list":{"0":"post-126747","1":"product","2":"type-product","3":"status-publish","4":"has-post-thumbnail","6":"product_cat-fit4seasons","7":"product_cat-all-products","8":"product_cat-healthshop","9":"product_cat-supplements","11":"first","12":"instock","13":"taxable","14":"shipping-taxable","15":"purchasable","16":"product-type-variable","17":"has-default-attributes"},"_links":{"self":[{"href":"https:\/\/www.tatanka.nl\/pl\/wp-json\/wp\/v2\/product\/126747","targetHints":{"allow":["GET"]}}],"collection":[{"href":"https:\/\/www.tatanka.nl\/pl\/wp-json\/wp\/v2\/product"}],"about":[{"href":"https:\/\/www.tatanka.nl\/pl\/wp-json\/wp\/v2\/types\/product"}],"wp:featuredmedia":[{"embeddable":true,"href":"https:\/\/www.tatanka.nl\/pl\/wp-json\/wp\/v2\/media\/126750"}],"wp:attachment":[{"href":"https:\/\/www.tatanka.nl\/pl\/wp-json\/wp\/v2\/media?parent=126747"}],"wp:term":[{"taxonomy":"product_brand","embeddable":true,"href":"https:\/\/www.tatanka.nl\/pl\/wp-json\/wp\/v2\/product_brand?post=126747"},{"taxonomy":"product_cat","embeddable":true,"href":"https:\/\/www.tatanka.nl\/pl\/wp-json\/wp\/v2\/product_cat?post=126747"},{"taxonomy":"product_tag","embeddable":true,"href":"https:\/\/www.tatanka.nl\/pl\/wp-json\/wp\/v2\/product_tag?post=126747"}],"curies":[{"name":"wp","href":"https:\/\/api.w.org\/{rel}","templated":true}]}}