{"id":126751,"date":"2024-12-06T11:35:11","date_gmt":"2024-12-06T10:35:11","guid":{"rendered":"https:\/\/www.tatanka.nl\/?post_type=product&#038;p=126751"},"modified":"2025-05-20T07:41:54","modified_gmt":"2025-05-20T06:41:54","slug":"thermo-energetic-fatburner","status":"publish","type":"product","link":"https:\/\/www.tatanka.nl\/pl\/thermo-energetic-fatburner\/","title":{"rendered":"Spalacz t\u0142uszczu Thermo Energetic"},"content":{"rendered":"<h2>Czym jest Energetic Fatburner?<\/h2>\n<p>Energetic Fatburner to naturalny suplement diety opracowany w celu przyspieszenia utraty tkanki t\u0142uszczowej poprzez przyspieszenie metabolizmu i zmniejszenie g\u0142odu. Ka\u017cda kapsu\u0142ka zawiera pot\u0119\u017cn\u0105 kombinacj\u0119 organicznych sk\u0142adnik\u00f3w, takich jak kora wierzby, kofeina, aurantium cytrusowe i witamina B12. Sk\u0142adniki te dzia\u0142aj\u0105 synergistycznie, wspieraj\u0105c odchudzanie poprzez zwi\u0119kszanie poziomu energii i zach\u0119canie organizmu do spalania wi\u0119kszej ilo\u015bci t\u0142uszczu. Formu\u0142a pomaga r\u00f3wnie\u017c kontrolowa\u0107 apetyt, u\u0142atwiaj\u0105c trzymanie si\u0119 diety i zmniejszaj\u0105c spo\u017cycie kalorii. Dzi\u0119ki maksymalnej zalecanej dawce 4 kapsu\u0142ek dziennie, Energetic Fatburner mo\u017ce by\u0107 prze\u0142omem w rutynie spalania t\u0142uszczu.<\/p>\n<h2>Historia Energetic Fatburner<\/h2>\n<p>Koncepcja spalaczy t\u0142uszczu istnieje od wielu lat, a r\u00f3\u017cne suplementy trafiaj\u0105 na rynek, twierdz\u0105c, \u017ce pomagaj\u0105 w utracie wagi. Jednak Energetic Fatburner firmy Fit 4 Seasons wyr\u00f3\u017cnia si\u0119 zastosowaniem organicznych sk\u0142adnik\u00f3w 100% i sprawdzon\u0105 formu\u0142\u0105 zaprojektowan\u0105 w celu zwi\u0119kszenia metabolizmu i wspomagania utraty t\u0142uszczu bez skutk\u00f3w ubocznych. Z biegiem lat firma Fit 4 Seasons udoskonali\u0142a swoje podej\u015bcie, zapewniaj\u0105c, \u017ce w jej suplementach stosowane s\u0105 wy\u0142\u0105cznie sk\u0142adniki najwy\u017cszej jako\u015bci. Unikalna mieszanka naturalnych ekstrakt\u00f3w i witamin w Energetic Fatburner sprawi\u0142a, \u017ce jest to jeden z najlepiej sprzedaj\u0105cych si\u0119 produkt\u00f3w spalaj\u0105cych t\u0142uszcz na rynku, a u\u017cytkownicy zg\u0142aszaj\u0105 znaczn\u0105 popraw\u0119 poziomu energii, kontroli apetytu i utraty wagi.<\/p>\n<h2>Jak stosowa\u0107 Energetic Fatburner<\/h2>\n<p>Aby do\u015bwiadczy\u0107 pe\u0142nych korzy\u015bci Energetic Fatburner, nale\u017cy za\u017cy\u0107 2 lub 3 kapsu\u0142ki 45 minut przed po\u017c\u0105danym efektem, popijaj\u0105c wod\u0105. Aby uzyska\u0107 najlepsze wyniki, zalecana dawka nie powinna przekracza\u0107 4 kapsu\u0142ek dziennie. Suplement ten dzia\u0142a najlepiej w po\u0142\u0105czeniu ze zdrow\u0105 diet\u0105 i regularnymi \u0107wiczeniami. Zwi\u0119kszaj\u0105c metabolizm i zmniejszaj\u0105c apetyt, Energetic Fatburner pomaga skuteczniej spala\u0107 t\u0142uszcz przy jednoczesnym zachowaniu masy mi\u0119\u015bniowej. Pami\u0119taj, aby pozosta\u0107 nawodnionym i skonsultowa\u0107 si\u0119 z lekarzem, je\u015bli masz jakiekolwiek w\u0105tpliwo\u015bci zdrowotne, zw\u0142aszcza je\u015bli jeste\u015b w ci\u0105\u017cy, karmisz piersi\u0105 lub masz istniej\u0105ce schorzenia.<\/p>\n<h2>Sk\u0142adniki Energetic Fatburner<\/h2>\n<p>Energetic Fatburner zawiera starannie dobrane sk\u0142adniki, kt\u00f3re wsp\u00f3\u0142pracuj\u0105 ze sob\u0105, aby zapewni\u0107 optymalne spalanie t\u0142uszczu. Kluczowe sk\u0142adniki obejmuj\u0105:<\/p>\n<ul>\n<li><strong>Ekstrakt z kory wierzby<\/strong> (300 mg): Znany ze swoich naturalnych w\u0142a\u015bciwo\u015bci przeciwb\u00f3lowych, pomaga r\u00f3wnie\u017c zmniejszy\u0107 stan zapalny i wspomaga metabolizm.<\/li>\n<li><strong>Kofeina (160 mg)<\/strong>: Dobrze znany \u015brodek pobudzaj\u0105cy, kt\u00f3ry zwi\u0119ksza energi\u0119, wspomaga utlenianie t\u0142uszczu i hamuje apetyt.<\/li>\n<li><strong>Citrus Aurantium (16 mg synefryny)<\/strong>: Naturalny zwi\u0105zek, kt\u00f3ry wspomaga metabolizm t\u0142uszcz\u00f3w i wzmacnia efekty ich spalania.<\/li>\n<li><strong>Witamina B12 (0,01 mg)<\/strong>: Niezb\u0119dny do produkcji energii i utrzymania zdrowego metabolizmu.<\/li>\n<li><strong>Niacyna (5 mg)<\/strong>: Wspomaga przekszta\u0142canie \u017cywno\u015bci w energi\u0119 i promuje zdrowy poziom cholesterolu.<\/li>\n<li><strong>Chlorek chromu (0,05 mg)<\/strong>: Pomaga regulowa\u0107 poziom cukru we krwi i wspiera zdrow\u0105 utrat\u0119 wagi.<\/li>\n<\/ul>\n<p>Ka\u017cda kapsu\u0142ka zapewnia starannie zbilansowan\u0105 dawk\u0119 tych sk\u0142adnik\u00f3w, aby zapewni\u0107 skuteczne spalanie t\u0142uszczu i zwi\u0119kszenie energii.<\/p>\n<p><strong>Ostrze\u017cenie:<\/strong> Przechowywa\u0107 w miejscu niedost\u0119pnym dla dzieci. Skonsultuj si\u0119 z lekarzem przed u\u017cyciem, je\u015bli jeste\u015b w ci\u0105\u017cy, karmisz piersi\u0105 lub masz jakiekolwiek schorzenia. Nie jest to suplement diety i powinien by\u0107 stosowany jako taki. Przechowywa\u0107 w temperaturze pokojowej w ciemnym miejscu.<\/p>\n<p>Energetic Fatburner jest idealnym towarzyszem dla os\u00f3b poszukuj\u0105cych naturalnego i skutecznego sposobu na utrat\u0119 wagi, zwi\u0119kszenie energii i popraw\u0119 og\u00f3lnego stanu zdrowia. Niezale\u017cnie od tego, czy zaczynasz swoj\u0105 przygod\u0119 z fitnessem, czy te\u017c chcesz poprawi\u0107 swoj\u0105 obecn\u0105 rutyn\u0119, ten spalacz t\u0142uszczu jest idealnym dodatkiem, kt\u00f3ry pomo\u017ce Ci osi\u0105gn\u0105\u0107 Twoje cele.<\/p>","protected":false},"excerpt":{"rendered":"<p>Energetic Fatburner to pot\u0119\u017cny, naturalny \u015brodek wspomagaj\u0105cy odchudzanie, zaprojektowany w celu przyspieszenia metabolizmu, zwi\u0119kszenia poziomu energii i promowania spalania t\u0142uszczu bez powodowania niepo\u017c\u0105danych skutk\u00f3w ubocznych. Dzi\u0119ki zawarto\u015bci 100% organicznych sk\u0142adnik\u00f3w, takich jak ekstrakt z kory wierzby, kofeina i witamina B12, suplement ten jest idealnym wsparciem dla os\u00f3b, kt\u00f3re chc\u0105 spala\u0107 t\u0142uszcz i t\u0142umi\u0107 apetyt w zdrowy spos\u00f3b. Niezale\u017cnie od tego, czy pr\u00f3bujesz zrzuci\u0107 zb\u0119dne kilogramy, czy te\u017c poprawi\u0107 swoj\u0105 kondycj\u0119 fizyczn\u0105, Energetic Fatburner pomo\u017ce Ci z \u0142atwo\u015bci\u0105 osi\u0105gn\u0105\u0107 widoczne rezultaty.<\/p>","protected":false},"featured_media":126753,"template":"","meta":[],"product_brand":[],"product_cat":[598,297,475],"product_tag":[],"class_list":{"0":"post-126751","1":"product","2":"type-product","3":"status-publish","4":"has-post-thumbnail","6":"product_cat-fit4seasons","7":"product_cat-all-products","8":"product_cat-healthshop","10":"first","11":"instock","12":"taxable","13":"shipping-taxable","14":"purchasable","15":"product-type-variable","16":"has-default-attributes"},"_links":{"self":[{"href":"https:\/\/www.tatanka.nl\/pl\/wp-json\/wp\/v2\/product\/126751","targetHints":{"allow":["GET"]}}],"collection":[{"href":"https:\/\/www.tatanka.nl\/pl\/wp-json\/wp\/v2\/product"}],"about":[{"href":"https:\/\/www.tatanka.nl\/pl\/wp-json\/wp\/v2\/types\/product"}],"wp:featuredmedia":[{"embeddable":true,"href":"https:\/\/www.tatanka.nl\/pl\/wp-json\/wp\/v2\/media\/126753"}],"wp:attachment":[{"href":"https:\/\/www.tatanka.nl\/pl\/wp-json\/wp\/v2\/media?parent=126751"}],"wp:term":[{"taxonomy":"product_brand","embeddable":true,"href":"https:\/\/www.tatanka.nl\/pl\/wp-json\/wp\/v2\/product_brand?post=126751"},{"taxonomy":"product_cat","embeddable":true,"href":"https:\/\/www.tatanka.nl\/pl\/wp-json\/wp\/v2\/product_cat?post=126751"},{"taxonomy":"product_tag","embeddable":true,"href":"https:\/\/www.tatanka.nl\/pl\/wp-json\/wp\/v2\/product_tag?post=126751"}],"curies":[{"name":"wp","href":"https:\/\/api.w.org\/{rel}","templated":true}]}}