{"id":126754,"date":"2024-12-06T11:41:44","date_gmt":"2024-12-06T10:41:44","guid":{"rendered":"https:\/\/www.tatanka.nl\/?post_type=product&#038;p=126754"},"modified":"2025-07-11T12:48:38","modified_gmt":"2025-07-11T11:48:38","slug":"pine-pollen","status":"publish","type":"product","link":"https:\/\/www.tatanka.nl\/pl\/pine-pollen\/","title":{"rendered":"Py\u0142ek sosnowy"},"content":{"rendered":"<h2>Czym s\u0105 tabletki z py\u0142kiem sosny?<\/h2>\n<p>Pine Pollen Tablets to naturalny suplement diety wykonany z organicznego proszku py\u0142ku sosnowego 90% w po\u0142\u0105czeniu z proszkiem maltodekstryny 10%. Tabletki te s\u0105 bogatym \u017ar\u00f3d\u0142em bio-identycznych fito-androgen\u00f3w, takich jak DHEA, androsteron i testosteron, kt\u00f3re s\u0105 niezb\u0119dne do utrzymania zdrowego poziomu hormon\u00f3w u m\u0119\u017cczyzn. Znany ze swojego subtelnego \u017c\u00f3\u0142tego koloru i s\u0142odkiego smaku, py\u0142ek sosnowy jest stosowany od wiek\u00f3w ze wzgl\u0119du na r\u00f3\u017cne korzy\u015bci zdrowotne. Regularne przyjmowanie tabletek Pine Pollen Tablets mo\u017ce dostarczy\u0107 niezb\u0119dnych sk\u0142adnik\u00f3w od\u017cywczych, kt\u00f3re wspieraj\u0105 m\u0119sk\u0105 p\u0142odno\u015b\u0107, zwi\u0119kszaj\u0105 libido i poprawiaj\u0105 og\u00f3ln\u0105 witalno\u015b\u0107 fizyczn\u0105 i psychiczn\u0105.<\/p>\n<p>Unikalny sk\u0142ad py\u0142ku sosnowego sprawia, \u017ce jest to jeden z najsilniejszych naturalnych suplement\u00f3w wspomagaj\u0105cych m\u0119skie zdrowie, poniewa\u017c dzia\u0142a on w celu zwi\u0119kszenia poziomu energii, poprawy funkcji odporno\u015bciowych, a nawet z\u0142agodzenia objaw\u00f3w b\u00f3lu staw\u00f3w, takich jak zapalenie staw\u00f3w. Naturalne zwi\u0105zki zawarte w py\u0142ku sosnowym sprawiaj\u0105, \u017ce jest to wszechstronny suplement odpowiedni dla os\u00f3b pragn\u0105cych w naturalny spos\u00f3b poprawi\u0107 swoje zdrowie.<\/p>\n<h2>Historia tabletek z py\u0142kiem sosny<\/h2>\n<p>Py\u0142ek sosnowy jest stosowany w medycynie tradycyjnej od wiek\u00f3w, szczeg\u00f3lnie w kulturach azjatyckich, ze wzgl\u0119du na swoje w\u0142a\u015bciwo\u015bci prozdrowotne. Koncepcja stosowania py\u0142ku sosnowego jako suplementu opiera si\u0119 na wysokim st\u0119\u017ceniu naturalnie wyst\u0119puj\u0105cego testosteronu i innych niezb\u0119dnych sk\u0142adnik\u00f3w od\u017cywczych, kt\u00f3re promuj\u0105 m\u0119skie zdrowie. W dzisiejszych czasach tabletki Pine Pollen zyska\u0142y popularno\u015b\u0107 jako naturalny \u015brodek dla m\u0119\u017cczyzn pragn\u0105cych zwi\u0119kszy\u0107 swoj\u0105 witalno\u015b\u0107 i wesprze\u0107 poziom hormon\u00f3w.<\/p>\n<p>W przesz\u0142o\u015bci py\u0142ek sosnowy by\u0142 ceniony za jego zdolno\u015b\u0107 do wzmacniania organizmu, poprawy wytrzyma\u0142o\u015bci fizycznej i promowania m\u0142odzie\u0144czej energii. Zosta\u0142 r\u00f3wnie\u017c doceniony za swoje w\u0142a\u015bciwo\u015bci przeciwutleniaj\u0105ce, kt\u00f3re pomagaj\u0105 zwalcza\u0107 skutki starzenia si\u0119 i poprawiaj\u0105 og\u00f3lne samopoczucie. Formu\u0142a tabletek Pine Pollen Tablets ewoluowa\u0142a, aby zapewni\u0107 wygodny i skuteczny spos\u00f3b na wykorzystanie mocy py\u0142ku sosnowego w wysoce biodost\u0119pnej formie, dzi\u0119ki czemu \u0142atwiej ni\u017c kiedykolwiek do\u015bwiadczy\u0107 jego korzy\u015bci zdrowotnych.<\/p>\n<h2>Jak stosowa\u0107 tabletki z py\u0142kiem sosny<\/h2>\n<p>Aby osi\u0105gn\u0105\u0107 najlepsze rezultaty, zaleca si\u0119 przyjmowanie 1-2 tabletek py\u0142ku sosnowego trzy razy dziennie, najlepiej podczas posi\u0142k\u00f3w i popijaj\u0105c szklank\u0105 wody. Taka dawka zapewnia, \u017ce organizm mo\u017ce skutecznie wch\u0142ania\u0107 sk\u0142adniki od\u017cywcze z tabletek przez ca\u0142y dzie\u0144, wspieraj\u0105c r\u00f3wnowag\u0119 hormonaln\u0105, p\u0142odno\u015b\u0107 i poziom energii. Suplement mo\u017ce by\u0107 stosowany w spos\u00f3b ci\u0105g\u0142y w ramach codziennej rutyny odnowy biologicznej.<\/p>\n<p>Tabletki z py\u0142kiem sosny s\u0105 szczeg\u00f3lnie korzystne dla m\u0119\u017cczyzn do\u015bwiadczaj\u0105cych objaw\u00f3w zwi\u0105zanych z brakiem r\u00f3wnowagi hormonalnej, niskim poziomem energii lub obni\u017conym libido. Regularne przyjmowanie tych tabletek mo\u017ce wspom\u00f3c poziom testosteronu, poprawi\u0107 wytrzyma\u0142o\u015b\u0107 fizyczn\u0105 i zwi\u0119kszy\u0107 koncentracj\u0119 umys\u0142ow\u0105. Zawsze przestrzegaj zalecanego dawkowania i skonsultuj si\u0119 z lekarzem przed u\u017cyciem, zw\u0142aszcza je\u015bli masz istniej\u0105ce obawy zdrowotne, jeste\u015b w ci\u0105\u017cy lub karmisz piersi\u0105.<\/p>\n<h2>Sk\u0142adniki tabletek z py\u0142kiem sosny<\/h2>\n<p>Ka\u017cda tabletka py\u0142ku sosnowego jest wykonana z organicznego proszku py\u0142ku sosnowego 90%, kt\u00f3ry zawiera szerok\u0105 gam\u0119 biodost\u0119pnych sk\u0142adnik\u00f3w od\u017cywczych. Nale\u017c\u0105 do nich witaminy, minera\u0142y, przeciwutleniacze i fitoandrogeny, takie jak DHEA, androsteron i testosteron. Zwi\u0105zki te s\u0105 naturalnie identyczne z ludzkimi hormonami, dzi\u0119ki czemu Pine Pollen jest wysoce skutecznym suplementem wspieraj\u0105cym m\u0119skie zdrowie. Maltodekstryna w proszku 10% s\u0142u\u017cy jako spoiwo pomagaj\u0105ce stworzy\u0107 form\u0119 tabletki.<\/p>\n<p>Py\u0142ek sosnowy jest znany ze swojej zdolno\u015bci do promowania zdrowego poziomu testosteronu, zwi\u0119kszania p\u0142odno\u015bci i zwi\u0119kszania m\u0119skiego libido. Zawiera r\u00f3wnie\u017c niezb\u0119dne witaminy i minera\u0142y, kt\u00f3re wspieraj\u0105 og\u00f3lny stan zdrowia, w tym witamin\u0119 A, witaminy z grupy B i niezb\u0119dne aminokwasy. Ponadto, przeciwutleniacze obecne w py\u0142ku sosnowym pomagaj\u0105 zmniejszy\u0107 stan zapalny, wspieraj\u0105 funkcje odporno\u015bciowe i chroni\u0105 przed stresem oksydacyjnym, dzi\u0119ki czemu s\u0105 doskona\u0142ym dodatkiem do zdrowego stylu \u017cycia.<\/p>\n<p><strong>Ostrze\u017cenie:<\/strong> Przechowywa\u0107 w miejscu niedost\u0119pnym dla dzieci. Skonsultuj si\u0119 z lekarzem przed u\u017cyciem, je\u015bli jeste\u015b w ci\u0105\u017cy, karmisz piersi\u0105 lub masz jakiekolwiek schorzenia. Przechowywa\u0107 w temperaturze pokojowej w ciemnym miejscu.<\/p>","protected":false},"excerpt":{"rendered":"<p>Tabletki Pine Pollen to pot\u0119\u017cny naturalny suplement zawieraj\u0105cy ponad 200 biodost\u0119pnych sk\u0142adnik\u00f3w od\u017cywczych, w tym witaminy, minera\u0142y, przeciwutleniacze i fitoandrogeny. Znany ze swojej zdolno\u015bci do wspierania m\u0119skiego zdrowia, py\u0142ek sosnowy jest doskona\u0142ym \u017ar\u00f3d\u0142em testosteronu i mo\u017ce pom\u00f3c zwi\u0119kszy\u0107 p\u0142odno\u015b\u0107, poprawi\u0107 libido, a nawet promowa\u0107 zdrowie staw\u00f3w. Suplement ten jest idealny dla m\u0119\u017cczyzn pragn\u0105cych w naturalny spos\u00f3b poprawi\u0107 swoje samopoczucie fizyczne i psychiczne.<\/p>","protected":false},"featured_media":126756,"template":"","meta":[],"product_brand":[],"product_cat":[598,297,475,482],"product_tag":[],"class_list":{"0":"post-126754","1":"product","2":"type-product","3":"status-publish","4":"has-post-thumbnail","6":"product_cat-fit4seasons","7":"product_cat-all-products","8":"product_cat-healthshop","9":"product_cat-vitamins","11":"first","12":"instock","13":"taxable","14":"shipping-taxable","15":"purchasable","16":"product-type-variable","17":"has-default-attributes"},"_links":{"self":[{"href":"https:\/\/www.tatanka.nl\/pl\/wp-json\/wp\/v2\/product\/126754","targetHints":{"allow":["GET"]}}],"collection":[{"href":"https:\/\/www.tatanka.nl\/pl\/wp-json\/wp\/v2\/product"}],"about":[{"href":"https:\/\/www.tatanka.nl\/pl\/wp-json\/wp\/v2\/types\/product"}],"wp:featuredmedia":[{"embeddable":true,"href":"https:\/\/www.tatanka.nl\/pl\/wp-json\/wp\/v2\/media\/126756"}],"wp:attachment":[{"href":"https:\/\/www.tatanka.nl\/pl\/wp-json\/wp\/v2\/media?parent=126754"}],"wp:term":[{"taxonomy":"product_brand","embeddable":true,"href":"https:\/\/www.tatanka.nl\/pl\/wp-json\/wp\/v2\/product_brand?post=126754"},{"taxonomy":"product_cat","embeddable":true,"href":"https:\/\/www.tatanka.nl\/pl\/wp-json\/wp\/v2\/product_cat?post=126754"},{"taxonomy":"product_tag","embeddable":true,"href":"https:\/\/www.tatanka.nl\/pl\/wp-json\/wp\/v2\/product_tag?post=126754"}],"curies":[{"name":"wp","href":"https:\/\/api.w.org\/{rel}","templated":true}]}}